{"id":241200,"date":"2021-08-31T15:11:15","date_gmt":"2021-08-31T14:11:15","guid":{"rendered":"https:\/\/effectus.com.hr\/nastavnici-i-suradnici\/"},"modified":"2026-02-27T12:04:53","modified_gmt":"2026-02-27T11:04:53","slug":"lecturers-and-associates","status":"publish","type":"page","link":"https:\/\/effectus.com.hr\/en\/lecturers-and-associates\/","title":{"rendered":"Lecturers and associates"},"content":{"rendered":"<p>[et_pb_section fb_built=&#8221;1&#8243; disabled_on=&#8221;off|off|off&#8221; _builder_version=&#8221;4.16&#8243; _module_preset=&#8221;default&#8221; background_color=&#8221;#777a7e&#8221; background_image=&#8221;https:\/\/effectus.com.hr\/wp-content\/uploads\/2021\/09\/shutterstock_1896527446-Copy.jpg&#8221; background_size=&#8221;initial&#8221; background_position=&#8221;center_left&#8221; custom_margin_tablet=&#8221;&#8221; custom_margin_phone=&#8221;-50px||||false|false&#8221; custom_margin_last_edited=&#8221;on|phone&#8221; custom_padding=&#8221;20px||20px||true|false&#8221; saved_tabs=&#8221;all&#8221; global_colors_info=&#8221;{}&#8221;][et_pb_row _builder_version=&#8221;4.16&#8243; _module_preset=&#8221;default&#8221; max_width=&#8221;1170px&#8221; custom_padding=&#8221;31px|||||&#8221; global_colors_info=&#8221;{}&#8221;][et_pb_column type=&#8221;4_4&#8243; _builder_version=&#8221;4.16&#8243; _module_preset=&#8221;default&#8221; global_colors_info=&#8221;{}&#8221;][et_pb_text _builder_version=&#8221;4.16&#8243; _module_preset=&#8221;default&#8221; text_text_color=&#8221;#FFFFFF&#8221; text_font_size=&#8221;45px&#8221; global_colors_info=&#8221;{}&#8221;]<\/p>\n<p style=\"text-align: center;\">Lecturers and associates<\/p>\n<p>[\/et_pb_text][\/et_pb_column][\/et_pb_row][\/et_pb_section][et_pb_section fb_built=&#8221;1&#8243; module_class=&#8221;eff-novosti&#8221; _builder_version=&#8221;4.16&#8243; global_colors_info=&#8221;{}&#8221;][et_pb_row _builder_version=&#8221;4.16&#8243; _module_preset=&#8221;default&#8221; global_colors_info=&#8221;{}&#8221;][et_pb_column type=&#8221;4_4&#8243; _builder_version=&#8221;4.16&#8243; _module_preset=&#8221;default&#8221; global_colors_info=&#8221;{}&#8221;][et_pb_text _builder_version=&#8221;4.25.1&#8243; _module_preset=&#8221;default&#8221; text_text_color=&#8221;#0C71C3&#8243; text_font_size=&#8221;16px&#8221; global_colors_info=&#8221;{}&#8221;]<\/p>\n<p>Click on the lecturer to view their courses, expertise, and CV.<\/p>\n<p>[\/et_pb_text][\/et_pb_column][\/et_pb_row][et_pb_row column_structure=&#8221;1_3,1_3,1_3&#8243; module_class=&#8221;eff-nastavnici-list&#8221; _builder_version=&#8221;4.16&#8243; _module_preset=&#8221;default&#8221; global_colors_info=&#8221;{}&#8221;][et_pb_column type=&#8221;1_3&#8243; _builder_version=&#8221;4.16&#8243; _module_preset=&#8221;default&#8221; global_colors_info=&#8221;{}&#8221;][et_pb_text _builder_version=&#8221;4.25.1&#8243; _module_preset=&#8221;default&#8221; hover_enabled=&#8221;0&#8243; global_colors_info=&#8221;{}&#8221; link_text_color__hover_enabled=&#8221;on|hover&#8221; link_text_color__hover=&#8221;#0C71C3&#8243; sticky_enabled=&#8221;0&#8243;]<\/p>\n<p data-start=\"0\" data-end=\"100\"><a href=\"https:\/\/effectus.com.hr\/en\/robert-kopal\/\">Assoc. Prof. Robert Kopal, <\/a><a href=\"https:\/\/effectus.com.hr\/en\/robert-kopal\/\">Ph.D.<\/a><\/p>\n<p><a href=\"https:\/\/effectus.com.hr\/en\/duro-horvat\/\">Assoc. Prof. \u0110uro Horvat, <\/a><a href=\"https:\/\/effectus.com.hr\/en\/duro-horvat\/\">Ph.D.<\/a><\/p>\n<p data-start=\"0\" data-end=\"100\"><a href=\"https:\/\/effectus.com.hr\/en\/doc-dr-sc-ante-orlovic\/\">Assoc. Prof. Ante Orlovi\u0107, <\/a><a href=\"https:\/\/effectus.com.hr\/en\/doc-dr-sc-ante-orlovic\/\">Ph.D. <\/a><\/p>\n<p data-start=\"102\" data-end=\"398\"><a href=\"https:\/\/effectus.com.hr\/en\/darija-ivandic-vidovic\/\">Asst. Prof. Darija Ivandi\u0107 Vidovi\u0107, <\/a><a href=\"https:\/\/effectus.com.hr\/en\/darija-ivandic-vidovic\/\">Ph.D. <\/a><\/p>\n<p data-start=\"102\" data-end=\"398\"><a href=\"https:\/\/effectus.com.hr\/en\/aljosa-sestanovic\/\">Asst. Prof. Aljo\u0161a \u0160estanovi\u0107,<\/a><a href=\"https:\/\/effectus.com.hr\/en\/aljosa-sestanovic\/\"> Ph.D.,\u00a0<\/a><a href=\"https:\/\/effectus.com.hr\/en\/aljosa-sestanovic\/\"> CFA<\/a><\/p>\n<p data-start=\"102\" data-end=\"398\"><a href=\"https:\/\/effectus.com.hr\/en\/ivana-rukavina\/\">Asst. Prof. Ivana Rukavina, <\/a><a href=\"https:\/\/effectus.com.hr\/en\/ivana-rukavina\/\">Ph.D. <\/a><\/p>\n<p data-start=\"102\" data-end=\"398\"><a href=\"https:\/\/effectus.com.hr\/en\/vjeran-buselic\/\">Asst. Prof. Vjeran Bu\u0161eli\u0107, <\/a><a href=\"https:\/\/effectus.com.hr\/en\/vjeran-buselic\/\">Ph.D. <\/a><\/p>\n<p data-start=\"102\" data-end=\"398\"><a href=\"https:\/\/effectus.com.hr\/en\/doc-dr-sc-maja-kolega\/\">Asst. Prof. Maja Kolega, <\/a><a href=\"https:\/\/effectus.com.hr\/en\/doc-dr-sc-maja-kolega\/\">Ph.D. <\/a><\/p>\n<p data-start=\"102\" data-end=\"398\"><a href=\"https:\/\/effectus.com.hr\/en\/mirko-talajic\/\">Asst. Prof.\u00a0 Mirko Talaji\u0107, <\/a><a href=\"https:\/\/effectus.com.hr\/en\/mirko-talajic\/\">Ph.D.<\/a><\/p>\n<p data-start=\"102\" data-end=\"398\">Assoc. Prof. Katarina Ba\u010di\u0107, PhD<\/p>\n<p data-start=\"102\" data-end=\"398\"><a href=\"https:\/\/effectus.com.hr\/en\/mladen-vedris\/\">Mladen Vedri\u0161, <\/a><a href=\"https:\/\/effectus.com.hr\/en\/mladen-vedris\/\">Ph.D. <\/a><\/p>\n<p data-start=\"102\" data-end=\"398\"><a href=\"https:\/\/effectus.com.hr\/en\/bojan-tomic\/\">Bojan Tomi\u0107, <\/a><a href=\"https:\/\/effectus.com.hr\/en\/bojan-tomic\/\">Ph.D. <\/a><\/p>\n<p data-start=\"102\" data-end=\"398\"><a href=\"https:\/\/effectus.com.hr\/en\/duska-sarin\/\">Du\u0161ka \u0160arin, <\/a><a href=\"https:\/\/effectus.com.hr\/en\/duska-sarin\/\">Ph.D. <\/a><\/p>\n<p data-start=\"102\" data-end=\"398\"><a href=\"https:\/\/effectus.com.hr\/en\/natalia-tutek\/\">Natalia Tutek, <\/a><a href=\"https:\/\/effectus.com.hr\/en\/natalia-tutek\/\">Ph.D. <\/a><\/p>\n<p data-start=\"102\" data-end=\"398\"><a href=\"https:\/\/effectus.com.hr\/en\/petar-pierre-matek\/\">Petar-Pierre Matek, <\/a><a href=\"https:\/\/effectus.com.hr\/en\/petar-pierre-matek\/\">Ph.D.<\/a><\/p>\n<p data-start=\"102\" data-end=\"398\"><a href=\"https:\/\/effectus.com.hr\/en\/danijela-pongrac\/\">Danijela Pongrac, PhD<\/a><\/p>\n<p data-start=\"102\" data-end=\"398\"><a href=\"https:\/\/effectus.com.hr\/en\/roman-domovic\/\">Roman Domovi\u0107, Ph.D.<\/a><\/p>\n<p data-start=\"102\" data-end=\"398\"><a href=\"https:\/\/effectus.com.hr\/en\/vedran-ceranic\/\">Vedran Cerani\u0107, <\/a><a href=\"https:\/\/effectus.com.hr\/en\/vedran-ceranic\/\">Ph.D.<\/a><\/p>\n<p data-start=\"102\" data-end=\"398\"><a href=\"https:\/\/effectus.com.hr\/en\/marija-milicevic-mag-iur\/\">Marija Mili\u010devi\u0107, Ph.D.<\/a><\/p>\n<p data-start=\"102\" data-end=\"398\">[\/et_pb_text][\/et_pb_column][et_pb_column type=&#8221;1_3&#8243; _builder_version=&#8221;4.16&#8243; _module_preset=&#8221;default&#8221; global_colors_info=&#8221;{}&#8221;][et_pb_text _builder_version=&#8221;4.25.1&#8243; _module_preset=&#8221;default&#8221; hover_enabled=&#8221;0&#8243; global_colors_info=&#8221;{}&#8221; link_text_color__hover=&#8221;#0C71C3&#8243; link_text_color__hover_enabled=&#8221;on|hover&#8221; sticky_enabled=&#8221;0&#8243;]<\/p>\n<p data-start=\"400\" data-end=\"811\"><a href=\"https:\/\/effectus.com.hr\/en\/visnja-juric\/\">Vi\u0161nja Juri\u0107<\/a>, <a href=\"https:\/\/effectus.com.hr\/en\/visnja-juric\/\">Ph.D.<\/a><\/p>\n<p data-start=\"400\" data-end=\"811\"><a href=\"https:\/\/effectus.com.hr\/en\/sanja-gutic-martincic\/\">Sanja Guti\u0107 Martin\u010di\u0107, <\/a><a href=\"https:\/\/effectus.com.hr\/en\/sanja-gutic-martincic\/\">Ph.D.<\/a><\/p>\n<p data-start=\"400\" data-end=\"811\"><a href=\"https:\/\/effectus.com.hr\/en\/darija-korkut\/\">Darija Korkut, Ph.D.<\/a><\/p>\n<p data-start=\"400\" data-end=\"811\"><a href=\"https:\/\/effectus.com.hr\/en\/lecturers-and-associates\/miroslav-grgurek\/\">Miroslav Gregurek, <\/a><a href=\"https:\/\/effectus.com.hr\/en\/lecturers-and-associates\/miroslav-grgurek\/\">Ph.D. <\/a><\/p>\n<p data-start=\"400\" data-end=\"811\"><a href=\"https:\/\/effectus.com.hr\/en\/zlatko-hodak\/\">Zlatko Hodak, <\/a><a href=\"https:\/\/effectus.com.hr\/en\/zlatko-hodak\/\">Ph.D. <\/a><\/p>\n<p data-start=\"400\" data-end=\"811\"><a href=\"https:\/\/effectus.com.hr\/en\/dr-sc-zeljka-zavisic\/\">\u017deljka Zavi\u0161i\u0107, <\/a><a href=\"https:\/\/effectus.com.hr\/en\/dr-sc-zeljka-zavisic\/\">Ph.D. <\/a><\/p>\n<p data-start=\"400\" data-end=\"811\"><a href=\"https:\/\/effectus.com.hr\/en\/jelena-uzelac\/\">Jelena Uzelac, <\/a><a href=\"https:\/\/effectus.com.hr\/en\/jelena-uzelac\/\">Ph.D. <\/a><\/p>\n<p data-start=\"400\" data-end=\"811\"><a href=\"https:\/\/effectus.com.hr\/en\/dr-sc-tatjana-tos\/\">Tajana To\u0161, <\/a><a href=\"https:\/\/effectus.com.hr\/en\/dr-sc-tatjana-tos\/\">Ph.D. <\/a><\/p>\n<p data-start=\"400\" data-end=\"811\"><a href=\"https:\/\/effectus.com.hr\/en\/dr-sc-ivan-zilic\/\">Ivan \u017dili\u0107, <\/a><a href=\"https:\/\/effectus.com.hr\/en\/dr-sc-ivan-zilic\/\">Ph.D. <\/a><\/p>\n<p data-start=\"400\" data-end=\"811\"><a href=\"https:\/\/effectus.com.hr\/en\/ljiljana-skendrovic\/\">Ljiljana Skendrovi\u0107, <\/a><a href=\"https:\/\/effectus.com.hr\/en\/ljiljana-skendrovic\/\">M.Sc.<\/a><\/p>\n<p data-start=\"400\" data-end=\"811\"><a href=\"https:\/\/effectus.com.hr\/en\/miljenko-javorovic\/\">Miljenko Javorovi\u0107, <\/a><a href=\"https:\/\/effectus.com.hr\/en\/miljenko-javorovic\/\">M.Sc. <\/a><\/p>\n<p data-start=\"400\" data-end=\"811\"><a href=\"https:\/\/effectus.com.hr\/en\/mirjana-mahovic-komljenovic\/\">Mirjana Mahovi\u0107 Komljenovi\u0107, <\/a><a href=\"https:\/\/effectus.com.hr\/en\/mirjana-mahovic-komljenovic\/\">M.Sc. <\/a><\/p>\n<p data-start=\"400\" data-end=\"811\"><a href=\"https:\/\/effectus.com.hr\/en\/mladen-ilic\/\">Mladen Ili\u0107, <\/a><a href=\"https:\/\/effectus.com.hr\/en\/mladen-ilic\/\">M.Sc. <\/a><\/p>\n<p data-start=\"400\" data-end=\"811\"><a href=\"https:\/\/effectus.com.hr\/en\/hrvoje-patajac\/\">Hrvoje Patajac, <\/a><a href=\"https:\/\/effectus.com.hr\/en\/hrvoje-patajac\/\">M.Sc.<\/a><\/p>\n<p data-start=\"400\" data-end=\"811\">Zrinski Pelaji\u0107, M.Sc.<\/p>\n<p data-start=\"1022\" data-end=\"1055\"><a href=\"https:\/\/effectus.com.hr\/en\/ratka-jurkovic\/\">Ratka Jurkovi\u0107, Univ. Mag. Oec.<\/a><\/p>\n<p data-start=\"1057\" data-end=\"1411\"><a href=\"https:\/\/effectus.com.hr\/en\/helena-popovic-petrusic\/\">Helena Popovi\u0107 Petru\u0161i\u0107, M.Sc. Oec., M.A. Int. Rel. &amp; Dipl.<\/a><\/p>\n<p data-start=\"1057\" data-end=\"1411\">Martina Golubar, LL.M., M.Econ.<\/p>\n<p data-start=\"1057\" data-end=\"1411\">[\/et_pb_text][\/et_pb_column][et_pb_column type=&#8221;1_3&#8243; _builder_version=&#8221;4.16&#8243; _module_preset=&#8221;default&#8221; global_colors_info=&#8221;{}&#8221;][et_pb_text _builder_version=&#8221;4.25.1&#8243; _module_preset=&#8221;default&#8221; hover_enabled=&#8221;0&#8243; global_colors_info=&#8221;{}&#8221; link_text_color__hover=&#8221;#0C71C3&#8243; link_text_color__hover_enabled=&#8221;on|hover&#8221; sticky_enabled=&#8221;0&#8243;]<\/p>\n<p data-start=\"1057\" data-end=\"1411\"><a href=\"https:\/\/effectus.com.hr\/en\/danijel-lukovic-mr-spec-oec\/\">Danijel Lukovi\u0107, M.Sc. Spec. Oec.<\/a><\/p>\n<p data-start=\"1057\" data-end=\"1411\"><a href=\"https:\/\/effectus.com.hr\/en\/marica-javorovic\/\">Marica Javorovi\u0107, M.Sc. Oec.<\/a><\/p>\n<p data-start=\"1057\" data-end=\"1411\"><a href=\"https:\/\/effectus.com.hr\/en\/blazenka-deanovic\/\">Bla\u017eenka Deanovi\u0107, M.Sc. Oec.<\/a><\/p>\n<p data-start=\"1057\" data-end=\"1411\"><a href=\"https:\/\/effectus.com.hr\/en\/ivona-javorovic-mag-oec\/\">Ivona Javorovi\u0107, M.Sc. Oec.<\/a><\/p>\n<p data-start=\"1057\" data-end=\"1411\"><a href=\"https:\/\/effectus.com.hr\/en\/sinisa-urosev-mag-math\/\">Sini\u0161a Uro\u0161ev, M.Sc. Math.<\/a><\/p>\n<p data-start=\"1057\" data-end=\"1411\"><a href=\"https:\/\/effectus.com.hr\/en\/ivan-galek\/\">Ivan Galek, Univ. Spec. Oec.<\/a><\/p>\n<p data-start=\"1413\" data-end=\"1579\"><a href=\"https:\/\/effectus.com.hr\/en\/maja-janach\/\">Maja Janach, B.Sc. Oec.<\/a><\/p>\n<p data-start=\"1413\" data-end=\"1579\"><a href=\"https:\/\/effectus.com.hr\/en\/vjeran-malenica-dipl-iur\/\">Vjeran Malenica, B.A. Law<\/a><\/p>\n<p data-start=\"1413\" data-end=\"1579\"><a href=\"https:\/\/effectus.com.hr\/en\/nikolina-bacurin-dipl-oec\/\">Nikolina Ba\u010durin, B.Sc. Oec.<\/a><\/p>\n<p data-start=\"1413\" data-end=\"1579\"><a href=\"https:\/\/effectus.com.hr\/en\/ivana-vitovski-dipl-oec\/\">Ivana Vitovski, B.Sc. Oec.<\/a><\/p>\n<p data-start=\"1413\" data-end=\"1579\"><a href=\"https:\/\/effectus.com.hr\/en\/jasminka-lulic-stipetic\/\">Jasminka Luli\u0107 Stipeti\u0107, B.Sc. Oec.<\/a><\/p>\n<p data-start=\"1413\" data-end=\"1579\"><a href=\"https:\/\/effectus.com.hr\/en\/jasna-kropf\/\">Jasna Kropf, LL.B.<\/a><\/p>\n<p data-start=\"1413\" data-end=\"1579\"><a href=\"https:\/\/effectus.com.hr\/en\/milan-stipic\/\">Milan Stipi\u0107, LL.B.<\/a><\/p>\n<p data-start=\"1581\" data-end=\"1711\" data-is-last-node=\"\" data-is-only-node=\"\"><a href=\"https:\/\/effectus.com.hr\/en\/mirjana-bautovic\/\">Mirjana Bautovi\u0107, Prof.<\/a><\/p>\n<p data-start=\"1581\" data-end=\"1711\" data-is-last-node=\"\" data-is-only-node=\"\"><a href=\"https:\/\/effectus.com.hr\/en\/lecturers-and-associates\/ana-uzelac\/\">Ana Uzelac, M.Ed. Phys.<\/a><\/p>\n<p data-start=\"1581\" data-end=\"1711\" data-is-last-node=\"\" data-is-only-node=\"\"><a href=\"https:\/\/effectus.com.hr\/en\/domagoj-poljak-str-spec-oec\/\">Domagoj Poljak, M.Sc. Oec.<\/a><\/p>\n<p>&nbsp;<\/p>\n<p>[\/et_pb_text][\/et_pb_column][\/et_pb_row][\/et_pb_section]<\/p>\n","protected":false},"excerpt":{"rendered":"<p>Lecturers and associatesClick on the lecturer to view their courses, expertise, and CV.Assoc. Prof. Robert Kopal, Ph.D. Assoc. Prof. \u0110uro Horvat, Ph.D. Assoc. Prof. Ante Orlovi\u0107, Ph.D. Asst. Prof. Darija Ivandi\u0107 Vidovi\u0107, Ph.D. Asst. Prof. Aljo\u0161a \u0160estanovi\u0107, Ph.D.,\u00a0 CFA Asst. Prof. Ivana Rukavina, Ph.D. Asst. Prof. Vjeran Bu\u0161eli\u0107, Ph.D. Asst. Prof. Maja Kolega, Ph.D. Asst. [&hellip;]<\/p>\n","protected":false},"author":12,"featured_media":0,"parent":0,"menu_order":0,"comment_status":"closed","ping_status":"closed","template":"","meta":{"_et_pb_use_builder":"on","_et_pb_old_content":"","_et_gb_content_width":"","footnotes":""},"yoast_head":"<!-- This site is optimized with the Yoast SEO plugin v22.7 - https:\/\/yoast.com\/wordpress\/plugins\/seo\/ -->\n<title>Lecturers and associates - EFFECTUS veleu\u010dili\u0161te<\/title>\n<meta name=\"robots\" content=\"index, follow, max-snippet:-1, max-image-preview:large, max-video-preview:-1\" \/>\n<link rel=\"canonical\" href=\"https:\/\/effectus.com.hr\/en\/lecturers-and-associates\/\" \/>\n<meta property=\"og:locale\" content=\"en_US\" \/>\n<meta property=\"og:type\" content=\"article\" \/>\n<meta property=\"og:title\" content=\"Lecturers and associates - EFFECTUS veleu\u010dili\u0161te\" \/>\n<meta property=\"og:description\" content=\"Lecturers and associatesClick on the lecturer to view their courses, expertise, and CV.Assoc. Prof. Robert Kopal, Ph.D. Assoc. Prof. \u0110uro Horvat, Ph.D. Assoc. Prof. Ante Orlovi\u0107, Ph.D. Asst. Prof. Darija Ivandi\u0107 Vidovi\u0107, Ph.D. Asst. Prof. Aljo\u0161a \u0160estanovi\u0107, Ph.D.,\u00a0 CFA Asst. Prof. Ivana Rukavina, Ph.D. Asst. Prof. Vjeran Bu\u0161eli\u0107, Ph.D. Asst. Prof. Maja Kolega, Ph.D. Asst. [&hellip;]\" \/>\n<meta property=\"og:url\" content=\"https:\/\/effectus.com.hr\/en\/lecturers-and-associates\/\" \/>\n<meta property=\"og:site_name\" content=\"EFFECTUS veleu\u010dili\u0161te\" \/>\n<meta property=\"article:modified_time\" content=\"2026-02-27T11:04:53+00:00\" \/>\n<meta name=\"twitter:card\" content=\"summary_large_image\" \/>\n<meta name=\"twitter:label1\" content=\"Est. reading time\" \/>\n\t<meta name=\"twitter:data1\" content=\"2 minutes\" \/>\n<script type=\"application\/ld+json\" class=\"yoast-schema-graph\">{\"@context\":\"https:\/\/schema.org\",\"@graph\":[{\"@type\":\"WebPage\",\"@id\":\"https:\/\/effectus.com.hr\/en\/lecturers-and-associates\/\",\"url\":\"https:\/\/effectus.com.hr\/en\/lecturers-and-associates\/\",\"name\":\"Lecturers and associates - EFFECTUS veleu\u010dili\u0161te\",\"isPartOf\":{\"@id\":\"https:\/\/effectus.com.hr\/#website\"},\"datePublished\":\"2021-08-31T14:11:15+00:00\",\"dateModified\":\"2026-02-27T11:04:53+00:00\",\"breadcrumb\":{\"@id\":\"https:\/\/effectus.com.hr\/en\/lecturers-and-associates\/#breadcrumb\"},\"inLanguage\":\"en-US\",\"potentialAction\":[{\"@type\":\"ReadAction\",\"target\":[\"https:\/\/effectus.com.hr\/en\/lecturers-and-associates\/\"]}]},{\"@type\":\"BreadcrumbList\",\"@id\":\"https:\/\/effectus.com.hr\/en\/lecturers-and-associates\/#breadcrumb\",\"itemListElement\":[{\"@type\":\"ListItem\",\"position\":1,\"name\":\"Po\u010detna\",\"item\":\"https:\/\/effectus.com.hr\/en\/\"},{\"@type\":\"ListItem\",\"position\":2,\"name\":\"Lecturers and associates\"}]},{\"@type\":\"WebSite\",\"@id\":\"https:\/\/effectus.com.hr\/#website\",\"url\":\"https:\/\/effectus.com.hr\/\",\"name\":\"EFFECTUS veleu\u010dili\u0161te\",\"description\":\"\",\"potentialAction\":[{\"@type\":\"SearchAction\",\"target\":{\"@type\":\"EntryPoint\",\"urlTemplate\":\"https:\/\/effectus.com.hr\/?s={search_term_string}\"},\"query-input\":\"required name=search_term_string\"}],\"inLanguage\":\"en-US\"}]}<\/script>\n<!-- \/ Yoast SEO plugin. -->","yoast_head_json":{"title":"Lecturers and associates - EFFECTUS veleu\u010dili\u0161te","robots":{"index":"index","follow":"follow","max-snippet":"max-snippet:-1","max-image-preview":"max-image-preview:large","max-video-preview":"max-video-preview:-1"},"canonical":"https:\/\/effectus.com.hr\/en\/lecturers-and-associates\/","og_locale":"en_US","og_type":"article","og_title":"Lecturers and associates - EFFECTUS veleu\u010dili\u0161te","og_description":"Lecturers and associatesClick on the lecturer to view their courses, expertise, and CV.Assoc. Prof. Robert Kopal, Ph.D. Assoc. Prof. \u0110uro Horvat, Ph.D. Assoc. Prof. Ante Orlovi\u0107, Ph.D. Asst. Prof. Darija Ivandi\u0107 Vidovi\u0107, Ph.D. Asst. Prof. Aljo\u0161a \u0160estanovi\u0107, Ph.D.,\u00a0 CFA Asst. Prof. Ivana Rukavina, Ph.D. Asst. Prof. Vjeran Bu\u0161eli\u0107, Ph.D. Asst. Prof. Maja Kolega, Ph.D. Asst. [&hellip;]","og_url":"https:\/\/effectus.com.hr\/en\/lecturers-and-associates\/","og_site_name":"EFFECTUS veleu\u010dili\u0161te","article_modified_time":"2026-02-27T11:04:53+00:00","twitter_card":"summary_large_image","twitter_misc":{"Est. reading time":"2 minutes"},"schema":{"@context":"https:\/\/schema.org","@graph":[{"@type":"WebPage","@id":"https:\/\/effectus.com.hr\/en\/lecturers-and-associates\/","url":"https:\/\/effectus.com.hr\/en\/lecturers-and-associates\/","name":"Lecturers and associates - EFFECTUS veleu\u010dili\u0161te","isPartOf":{"@id":"https:\/\/effectus.com.hr\/#website"},"datePublished":"2021-08-31T14:11:15+00:00","dateModified":"2026-02-27T11:04:53+00:00","breadcrumb":{"@id":"https:\/\/effectus.com.hr\/en\/lecturers-and-associates\/#breadcrumb"},"inLanguage":"en-US","potentialAction":[{"@type":"ReadAction","target":["https:\/\/effectus.com.hr\/en\/lecturers-and-associates\/"]}]},{"@type":"BreadcrumbList","@id":"https:\/\/effectus.com.hr\/en\/lecturers-and-associates\/#breadcrumb","itemListElement":[{"@type":"ListItem","position":1,"name":"Po\u010detna","item":"https:\/\/effectus.com.hr\/en\/"},{"@type":"ListItem","position":2,"name":"Lecturers and associates"}]},{"@type":"WebSite","@id":"https:\/\/effectus.com.hr\/#website","url":"https:\/\/effectus.com.hr\/","name":"EFFECTUS veleu\u010dili\u0161te","description":"","potentialAction":[{"@type":"SearchAction","target":{"@type":"EntryPoint","urlTemplate":"https:\/\/effectus.com.hr\/?s={search_term_string}"},"query-input":"required name=search_term_string"}],"inLanguage":"en-US"}]}},"_links":{"self":[{"href":"https:\/\/effectus.com.hr\/en\/wp-json\/wp\/v2\/pages\/241200"}],"collection":[{"href":"https:\/\/effectus.com.hr\/en\/wp-json\/wp\/v2\/pages"}],"about":[{"href":"https:\/\/effectus.com.hr\/en\/wp-json\/wp\/v2\/types\/page"}],"author":[{"embeddable":true,"href":"https:\/\/effectus.com.hr\/en\/wp-json\/wp\/v2\/users\/12"}],"replies":[{"embeddable":true,"href":"https:\/\/effectus.com.hr\/en\/wp-json\/wp\/v2\/comments?post=241200"}],"version-history":[{"count":115,"href":"https:\/\/effectus.com.hr\/en\/wp-json\/wp\/v2\/pages\/241200\/revisions"}],"predecessor-version":[{"id":264556,"href":"https:\/\/effectus.com.hr\/en\/wp-json\/wp\/v2\/pages\/241200\/revisions\/264556"}],"wp:attachment":[{"href":"https:\/\/effectus.com.hr\/en\/wp-json\/wp\/v2\/media?parent=241200"}],"curies":[{"name":"wp","href":"https:\/\/api.w.org\/{rel}","templated":true}]}}