{"id":241222,"date":"2021-08-31T09:24:39","date_gmt":"2021-08-31T08:24:39","guid":{"rendered":"https:\/\/effectus.com.hr\/duro-horvat\/"},"modified":"2025-04-10T10:59:34","modified_gmt":"2025-04-10T09:59:34","slug":"duro-horvat","status":"publish","type":"page","link":"https:\/\/effectus.com.hr\/en\/duro-horvat\/","title":{"rendered":"\u0110uro Horvat"},"content":{"rendered":"<p>[et_pb_section fb_built=&#8221;1&#8243; disabled_on=&#8221;off|off|off&#8221; module_class=&#8221;eff-nastavnici-naslov&#8221; _builder_version=&#8221;4.16&#8243; _module_preset=&#8221;default&#8221; background_color=&#8221;#777a7e&#8221; background_image=&#8221;https:\/\/effectus.com.hr\/wp-content\/uploads\/2015\/12\/novosti-.head_stock-photo-visual-contents-concept-social-networking-service-streaming-video-global-communication-network-1896527446.jpg&#8221; custom_padding=&#8221;20px||20px||true|false&#8221; saved_tabs=&#8221;all&#8221; global_colors_info=&#8221;{}&#8221;][et_pb_row _builder_version=&#8221;4.16&#8243; _module_preset=&#8221;default&#8221; max_width=&#8221;1170px&#8221; global_colors_info=&#8221;{}&#8221;][et_pb_column type=&#8221;4_4&#8243; _builder_version=&#8221;4.16&#8243; _module_preset=&#8221;default&#8221; global_colors_info=&#8221;{}&#8221;][et_pb_text admin_label=&#8221;Novosti&#8221; _builder_version=&#8221;4.25.1&#8243; _module_preset=&#8221;default&#8221; text_text_color=&#8221;#FFFFFF&#8221; text_font_size=&#8221;43px&#8221; header_text_color=&#8221;#FFFFFF&#8221; header_font_size=&#8221;52px&#8221; header_4_text_color=&#8221;#FFFFFF&#8221; header_4_font_size=&#8221;23px&#8221; global_colors_info=&#8221;{}&#8221;]<\/p>\n<h1>Lecturers<\/h1>\n<p>[\/et_pb_text][\/et_pb_column][\/et_pb_row][\/et_pb_section][et_pb_section fb_built=&#8221;1&#8243; module_class=&#8221;eff-nastavnici&#8221; _builder_version=&#8221;4.16&#8243; global_colors_info=&#8221;{}&#8221;][et_pb_row column_structure=&#8221;2_5,3_5&#8243; _builder_version=&#8221;4.16&#8243; _module_preset=&#8221;default&#8221; max_width=&#8221;1170px&#8221; global_colors_info=&#8221;{}&#8221;][et_pb_column type=&#8221;2_5&#8243; _builder_version=&#8221;4.16&#8243; _module_preset=&#8221;default&#8221; global_colors_info=&#8221;{}&#8221;][et_pb_image src=&#8221;https:\/\/effectus.com.hr\/wp-content\/uploads\/2021\/08\/Duro-Horvat.jpg&#8221; title_text=&#8221;\u0110uro-Horvat&#8221; _builder_version=&#8221;4.16&#8243; _module_preset=&#8221;default&#8221; width=&#8221;100%&#8221; global_colors_info=&#8221;{}&#8221;][\/et_pb_image][et_pb_text disabled_on=&#8221;on|on|on&#8221; _builder_version=&#8221;4.16&#8243; _module_preset=&#8221;default&#8221; text_font_size=&#8221;16px&#8221; text_line_height=&#8221;1.8em&#8221; header_3_font=&#8221;|700|||||||&#8221; header_3_text_color=&#8221;#0065b3&#8243; header_3_font_size=&#8221;34px&#8221; custom_margin=&#8221;||19px|||&#8221; disabled=&#8221;on&#8221; global_colors_info=&#8221;{}&#8221;]<\/p>\n<h3>\u0110uro Horvat<\/h3>\n<p>[\/et_pb_text][et_pb_blurb title=&#8221;dhorvat@effectus.com.hr&#8221; use_icon=&#8221;on&#8221; font_icon=&#8221;&#xe076;||divi||400&#8243; icon_color=&#8221;#0065b3&#8243; icon_placement=&#8221;left&#8221; _builder_version=&#8221;4.25.1&#8243; _module_preset=&#8221;default&#8221; header_text_color=&#8221;#0065b3&#8243; header_font_size=&#8221;16px&#8221; header_line_height=&#8221;2.2em&#8221; custom_margin=&#8221;||12px|||&#8221; link_option_url=&#8221;mailto:dhorvat@effectus.com.hr&#8221; custom_css_blurb_content=&#8221;padding-left: 11px !important;&#8221; locked=&#8221;off&#8221; global_colors_info=&#8221;{}&#8221;][\/et_pb_blurb][et_pb_blurb title=&#8221;Linkedin&#8221; use_icon=&#8221;on&#8221; font_icon=&#8221;&#xe09d;||divi||400&#8243; icon_color=&#8221;#0065b3&#8243; icon_placement=&#8221;left&#8221; _builder_version=&#8221;4.16&#8243; _module_preset=&#8221;default&#8221; header_text_color=&#8221;#0065b3&#8243; header_font_size=&#8221;16px&#8221; header_line_height=&#8221;2.2em&#8221; custom_margin=&#8221;||11px|||&#8221; link_option_url=&#8221;https:\/\/www.linkedin.com\/in\/horvat-%C4%91uro-743342106\/&#8221; custom_css_blurb_content=&#8221;padding-left: 11px !important;&#8221; locked=&#8221;off&#8221; global_colors_info=&#8221;{}&#8221;][\/et_pb_blurb][et_pb_blurb title=&#8221;CroRIS ID&#8221; use_icon=&#8221;on&#8221; font_icon=&#8221;&#xf47f;||fa||900&#8243; icon_color=&#8221;#0065b3&#8243; icon_placement=&#8221;left&#8221; _builder_version=&#8221;4.25.1&#8243; _module_preset=&#8221;default&#8221; header_text_color=&#8221;#0065b3&#8243; header_font_size=&#8221;16px&#8221; header_line_height=&#8221;2.2em&#8221; custom_margin=&#8221;||14px|||&#8221; link_option_url=&#8221;https:\/\/www.croris.hr\/osobe\/profil\/2167&#8243; custom_css_blurb_content=&#8221;padding-left: 11px !important;&#8221; locked=&#8221;off&#8221; global_colors_info=&#8221;{}&#8221;][\/et_pb_blurb][et_pb_blurb title=&#8221;Google Scholar&#8221; use_icon=&#8221;on&#8221; font_icon=&#8221;&#xf501;||fa||900&#8243; icon_color=&#8221;#0065b3&#8243; icon_placement=&#8221;left&#8221; _builder_version=&#8221;4.25.1&#8243; _module_preset=&#8221;default&#8221; header_text_color=&#8221;#0065b3&#8243; header_font_size=&#8221;16px&#8221; header_line_height=&#8221;2.2em&#8221; custom_margin=&#8221;||46px|||&#8221; link_option_url=&#8221;https:\/\/scholar.google.hr\/citations?hl=hr&#038;user=z_PezaAAAAAJ&#8221; custom_css_blurb_content=&#8221;padding-left: 11px !important;&#8221; locked=&#8221;off&#8221; global_colors_info=&#8221;{}&#8221;][\/et_pb_blurb][et_pb_divider show_divider=&#8221;off&#8221; _builder_version=&#8221;4.16&#8243; _module_preset=&#8221;default&#8221; global_colors_info=&#8221;{}&#8221;][\/et_pb_divider][et_pb_text _builder_version=&#8221;4.25.1&#8243; _module_preset=&#8221;default&#8221; text_font_size=&#8221;16px&#8221; text_line_height=&#8221;1.8em&#8221; header_3_font=&#8221;|700|||||||&#8221; header_3_text_color=&#8221;#0065b3&#8243; header_3_font_size=&#8221;34px&#8221; custom_margin=&#8221;||19px|||&#8221; global_colors_info=&#8221;{}&#8221;]<\/p>\n<h3>Courses<\/h3>\n<p>[\/et_pb_text][et_pb_blurb title=&#8221;Entrepreneurship and Innovation&#8221; use_icon=&#8221;on&#8221; font_icon=&#8221;&#x69;||divi||400&#8243; icon_color=&#8221;#0065b3&#8243; icon_placement=&#8221;left&#8221; _builder_version=&#8221;4.25.1&#8243; _module_preset=&#8221;default&#8221; header_text_color=&#8221;#333333&#8243; header_font_size=&#8221;16px&#8221; header_line_height=&#8221;1.5em&#8221; custom_margin=&#8221;||12px|||&#8221; link_option_url=&#8221;https:\/\/effectus.com.hr\/wp-content\/uploads\/2025\/04\/Entrepreneurship-and-Innovation.pdf&#8221; custom_css_blurb_content=&#8221;padding-left: 11px !important;&#8221; global_colors_info=&#8221;{}&#8221;][\/et_pb_blurb][et_pb_blurb title=&#8221;Entrepreneurship and Innovation&#8221; use_icon=&#8221;on&#8221; font_icon=&#8221;&#x69;||divi||400&#8243; icon_color=&#8221;#0065b3&#8243; icon_placement=&#8221;left&#8221; _builder_version=&#8221;4.25.1&#8243; _module_preset=&#8221;default&#8221; header_text_color=&#8221;#333333&#8243; header_font_size=&#8221;16px&#8221; header_line_height=&#8221;1.5em&#8221; custom_margin=&#8221;||12px|||&#8221; link_option_url=&#8221;https:\/\/effectus.com.hr\/wp-content\/uploads\/2025\/02\/Entrepreneurship-and-Innovation-1.pdf&#8221; custom_css_blurb_content=&#8221;padding-left: 11px !important;&#8221; global_colors_info=&#8221;{}&#8221;][\/et_pb_blurb][et_pb_blurb title=&#8221;Strategic Management&#8221; use_icon=&#8221;on&#8221; font_icon=&#8221;&#x69;||divi||400&#8243; icon_color=&#8221;#0065b3&#8243; icon_placement=&#8221;left&#8221; _builder_version=&#8221;4.25.1&#8243; _module_preset=&#8221;default&#8221; header_text_color=&#8221;#333333&#8243; header_font_size=&#8221;16px&#8221; header_line_height=&#8221;1.5em&#8221; custom_margin=&#8221;||12px|||&#8221; link_option_url=&#8221;https:\/\/effectus.com.hr\/wp-content\/uploads\/2025\/04\/Strategic-Management.pdf&#8221; custom_css_blurb_content=&#8221;padding-left: 11px !important;&#8221; global_colors_info=&#8221;{}&#8221;][\/et_pb_blurb][et_pb_blurb title=&#8221;Labor Market and Employment&#8221; use_icon=&#8221;on&#8221; font_icon=&#8221;&#x69;||divi||400&#8243; icon_color=&#8221;#0065b3&#8243; icon_placement=&#8221;left&#8221; _builder_version=&#8221;4.25.1&#8243; _module_preset=&#8221;default&#8221; header_text_color=&#8221;#333333&#8243; header_font_size=&#8221;16px&#8221; header_line_height=&#8221;1.5em&#8221; custom_margin=&#8221;||12px|||&#8221; hover_enabled=&#8221;0&#8243; custom_css_blurb_content=&#8221;padding-left: 11px !important;&#8221; global_colors_info=&#8221;{}&#8221; link_option_url=&#8221;https:\/\/effectus.com.hr\/wp-content\/uploads\/2025\/04\/The-Labor-and-Employment.pdf&#8221; sticky_enabled=&#8221;0&#8243;][\/et_pb_blurb][\/et_pb_column][et_pb_column type=&#8221;3_5&#8243; _builder_version=&#8221;4.16&#8243; _module_preset=&#8221;default&#8221; global_colors_info=&#8221;{}&#8221;][et_pb_text _builder_version=&#8221;4.25.1&#8243; _module_preset=&#8221;default&#8221; text_font_size=&#8221;16px&#8221; text_line_height=&#8221;1.8em&#8221; header_3_font=&#8221;|700|||||||&#8221; header_3_text_color=&#8221;#0065b3&#8243; header_3_font_size=&#8221;34px&#8221; header_4_font=&#8221;|700|||||||&#8221; header_4_text_color=&#8221;#0065b3&#8243; header_4_font_size=&#8221;25px&#8221; custom_margin=&#8221;||2px|||&#8221; global_colors_info=&#8221;{}&#8221;]<\/p>\n<h3>Assoc. Prof. \u0110uro Horvat, Ph.D.<\/h3>\n<p>[\/et_pb_text][et_pb_text _builder_version=&#8221;4.25.1&#8243; _module_preset=&#8221;default&#8221; text_font=&#8221;||on||||||&#8221; text_font_size=&#8221;16px&#8221; text_line_height=&#8221;1.6em&#8221; custom_margin=&#8221;||-2px|||&#8221; global_colors_info=&#8221;{}&#8221;]<\/p>\n<p><em>Professor of Professional Studies in Permanent Title<\/em><\/p>\n<p><em>Research Associate<\/em><\/p>\n<p><em>Scientific Researcher ID: 245344<\/em><\/p>\n<p>&nbsp;<\/p>\n<p>[\/et_pb_text][et_pb_text _builder_version=&#8221;4.25.1&#8243; _module_preset=&#8221;default&#8221; text_font_size=&#8221;16px&#8221; text_line_height=&#8221;1.8em&#8221; header_3_font=&#8221;|700|||||||&#8221; header_3_text_color=&#8221;#0065b3&#8243; header_3_font_size=&#8221;34px&#8221; global_colors_info=&#8221;{}&#8221;]<\/p>\n<p data-start=\"138\" data-end=\"516\">Professional and Scientific Experience: He earned his PhD in Economics at the Faculty of Economics in Osijek, focusing on the topic\u00a0<strong data-start=\"230\" data-end=\"261\">\u201cMarketing of Added Value.\u201d<\/strong>\u00a0Throughout his career, he has held various managerial positions and performed complex and responsible tasks in multiple business entities. He served as\u00a0<strong data-start=\"414\" data-end=\"459\">Chief Executive Officer from 2015 to 2021<\/strong>\u00a0and\u00a0<strong data-start=\"464\" data-end=\"513\">Dean at EFFECTUS University from 2021 to 2023<\/strong>.<\/p>\n<p data-start=\"518\" data-end=\"803\">His primary professional orientation in management includes\u00a0<strong data-start=\"578\" data-end=\"723\">strategic planning and execution, organizational restructuring, designing new organizational forms, and managing change and crisis situations<\/strong>. He also analyzes various processes and phenomena of modern economic reality.<\/p>\n<p data-start=\"805\" data-end=\"1176\">He is a\u00a0<strong data-start=\"813\" data-end=\"864\">full professor at EFFECTUS University in Zagreb<\/strong>\u00a0and a\u00a0<strong data-start=\"871\" data-end=\"943\">permanent court expert in the field of marketing and market research<\/strong>. In 2017, he completed a\u00a0<strong data-start=\"969\" data-end=\"1043\">Pedagogical-Psychological and Didactic-Methodological Training (PPDMI)<\/strong>. He was appointed\u00a0<strong data-start=\"1062\" data-end=\"1131\">Assistant Professor at the Faculty of Economics in Osijek in 2016<\/strong>\u00a0and\u00a0<strong data-start=\"1136\" data-end=\"1173\">Full Professor in 2023 at IUT-BiH<\/strong>.<\/p>\n<p data-start=\"1178\" data-end=\"1570\">He has participated as a researcher in several\u00a0<strong data-start=\"1225\" data-end=\"1261\">scientific and research projects<\/strong>. As part of his academic and professional collaboration, he has lectured at multiple faculties and higher education institutions as an external associate and guest lecturer. He is the\u00a0<strong data-start=\"1446\" data-end=\"1498\">Head of Lifelong Learning at EFFECTUS University<\/strong>\u00a0and the\u00a0<strong data-start=\"1507\" data-end=\"1553\">creator of multiple programs and workshops<\/strong>\u00a0in this field.<\/p>\n<p data-start=\"1572\" data-end=\"1863\">He is the\u00a0<strong data-start=\"1582\" data-end=\"1657\">author and co-author of 94 scientific papers and 39 professional papers<\/strong>, as well as numerous\u00a0<strong data-start=\"1679\" data-end=\"1697\">study programs<\/strong>\u00a0in marketing, management, entrepreneurship, new organizational forms (clusters), wine marketing and markets, and business competitiveness and process optimization.<\/p>\n<p data-start=\"1865\" data-end=\"2173\">Throughout his extensive career, he has led or collaborated on various projects. He has\u00a0<strong data-start=\"1953\" data-end=\"1984\">published twelve (12) books<\/strong>\u00a0as an author, co-author, or editor. He has participated in numerous national and international conferences, with his research published in conference proceedings and scientific journals.<\/p>\n<p data-start=\"2175\" data-end=\"2545\">He is a member of\u00a0<strong data-start=\"2193\" data-end=\"2249\">prestigious scientific and professional associations<\/strong>\u00a0and program committees and has received multiple awards for his work. He was one of the\u00a0<strong data-start=\"2338\" data-end=\"2418\">founders of the Croatian National Association of Winemakers and Vine Growers<\/strong>, serving as its first president and an active participant in the\u00a0<strong data-start=\"2484\" data-end=\"2521\">\u201cVina Croatia\u201d and \u201cVina Mosaica\u201d<\/strong>\u00a0branding initiatives.<\/p>\n<p>[\/et_pb_text][\/et_pb_column][\/et_pb_row][\/et_pb_section]<\/p>\n","protected":false},"excerpt":{"rendered":"<p>Lecturers\u0110uro HorvatCoursesAssoc. Prof. \u0110uro Horvat, Ph.D.Professor of Professional Studies in Permanent Title Research Associate Scientific Researcher ID: 245344 &nbsp;Professional and Scientific Experience: He earned his PhD in Economics at the Faculty of Economics in Osijek, focusing on the topic\u00a0\u201cMarketing of Added Value.\u201d\u00a0Throughout his career, he has held various managerial positions and performed complex and responsible [&hellip;]<\/p>\n","protected":false},"author":12,"featured_media":0,"parent":0,"menu_order":0,"comment_status":"closed","ping_status":"closed","template":"","meta":{"_et_pb_use_builder":"on","_et_pb_old_content":"","_et_gb_content_width":"","footnotes":""},"yoast_head":"<!-- This site is optimized with the Yoast SEO plugin v22.7 - https:\/\/yoast.com\/wordpress\/plugins\/seo\/ -->\n<title>\u0110uro Horvat - EFFECTUS veleu\u010dili\u0161te<\/title>\n<meta name=\"robots\" content=\"index, follow, max-snippet:-1, max-image-preview:large, max-video-preview:-1\" \/>\n<link rel=\"canonical\" href=\"https:\/\/effectus.com.hr\/en\/duro-horvat\/\" \/>\n<meta property=\"og:locale\" content=\"en_US\" \/>\n<meta property=\"og:type\" content=\"article\" \/>\n<meta property=\"og:title\" content=\"\u0110uro Horvat - EFFECTUS veleu\u010dili\u0161te\" \/>\n<meta property=\"og:description\" content=\"Lecturers\u0110uro HorvatCoursesAssoc. Prof. \u0110uro Horvat, Ph.D.Professor of Professional Studies in Permanent Title Research Associate Scientific Researcher ID: 245344 &nbsp;Professional and Scientific Experience: He earned his PhD in Economics at the Faculty of Economics in Osijek, focusing on the topic\u00a0\u201cMarketing of Added Value.\u201d\u00a0Throughout his career, he has held various managerial positions and performed complex and responsible [&hellip;]\" \/>\n<meta property=\"og:url\" content=\"https:\/\/effectus.com.hr\/en\/duro-horvat\/\" \/>\n<meta property=\"og:site_name\" content=\"EFFECTUS veleu\u010dili\u0161te\" \/>\n<meta property=\"article:modified_time\" content=\"2025-04-10T09:59:34+00:00\" \/>\n<meta name=\"twitter:card\" content=\"summary_large_image\" \/>\n<meta name=\"twitter:label1\" content=\"Est. reading time\" \/>\n\t<meta name=\"twitter:data1\" content=\"3 minutes\" \/>\n<script type=\"application\/ld+json\" class=\"yoast-schema-graph\">{\"@context\":\"https:\/\/schema.org\",\"@graph\":[{\"@type\":\"WebPage\",\"@id\":\"https:\/\/effectus.com.hr\/en\/duro-horvat\/\",\"url\":\"https:\/\/effectus.com.hr\/en\/duro-horvat\/\",\"name\":\"\u0110uro Horvat - EFFECTUS veleu\u010dili\u0161te\",\"isPartOf\":{\"@id\":\"https:\/\/effectus.com.hr\/#website\"},\"datePublished\":\"2021-08-31T08:24:39+00:00\",\"dateModified\":\"2025-04-10T09:59:34+00:00\",\"breadcrumb\":{\"@id\":\"https:\/\/effectus.com.hr\/en\/duro-horvat\/#breadcrumb\"},\"inLanguage\":\"en-US\",\"potentialAction\":[{\"@type\":\"ReadAction\",\"target\":[\"https:\/\/effectus.com.hr\/en\/duro-horvat\/\"]}]},{\"@type\":\"BreadcrumbList\",\"@id\":\"https:\/\/effectus.com.hr\/en\/duro-horvat\/#breadcrumb\",\"itemListElement\":[{\"@type\":\"ListItem\",\"position\":1,\"name\":\"Po\u010detna\",\"item\":\"https:\/\/effectus.com.hr\/en\/\"},{\"@type\":\"ListItem\",\"position\":2,\"name\":\"\u0110uro Horvat\"}]},{\"@type\":\"WebSite\",\"@id\":\"https:\/\/effectus.com.hr\/#website\",\"url\":\"https:\/\/effectus.com.hr\/\",\"name\":\"EFFECTUS veleu\u010dili\u0161te\",\"description\":\"\",\"potentialAction\":[{\"@type\":\"SearchAction\",\"target\":{\"@type\":\"EntryPoint\",\"urlTemplate\":\"https:\/\/effectus.com.hr\/?s={search_term_string}\"},\"query-input\":\"required name=search_term_string\"}],\"inLanguage\":\"en-US\"}]}<\/script>\n<!-- \/ Yoast SEO plugin. -->","yoast_head_json":{"title":"\u0110uro Horvat - EFFECTUS veleu\u010dili\u0161te","robots":{"index":"index","follow":"follow","max-snippet":"max-snippet:-1","max-image-preview":"max-image-preview:large","max-video-preview":"max-video-preview:-1"},"canonical":"https:\/\/effectus.com.hr\/en\/duro-horvat\/","og_locale":"en_US","og_type":"article","og_title":"\u0110uro Horvat - EFFECTUS veleu\u010dili\u0161te","og_description":"Lecturers\u0110uro HorvatCoursesAssoc. Prof. \u0110uro Horvat, Ph.D.Professor of Professional Studies in Permanent Title Research Associate Scientific Researcher ID: 245344 &nbsp;Professional and Scientific Experience: He earned his PhD in Economics at the Faculty of Economics in Osijek, focusing on the topic\u00a0\u201cMarketing of Added Value.\u201d\u00a0Throughout his career, he has held various managerial positions and performed complex and responsible [&hellip;]","og_url":"https:\/\/effectus.com.hr\/en\/duro-horvat\/","og_site_name":"EFFECTUS veleu\u010dili\u0161te","article_modified_time":"2025-04-10T09:59:34+00:00","twitter_card":"summary_large_image","twitter_misc":{"Est. reading time":"3 minutes"},"schema":{"@context":"https:\/\/schema.org","@graph":[{"@type":"WebPage","@id":"https:\/\/effectus.com.hr\/en\/duro-horvat\/","url":"https:\/\/effectus.com.hr\/en\/duro-horvat\/","name":"\u0110uro Horvat - EFFECTUS veleu\u010dili\u0161te","isPartOf":{"@id":"https:\/\/effectus.com.hr\/#website"},"datePublished":"2021-08-31T08:24:39+00:00","dateModified":"2025-04-10T09:59:34+00:00","breadcrumb":{"@id":"https:\/\/effectus.com.hr\/en\/duro-horvat\/#breadcrumb"},"inLanguage":"en-US","potentialAction":[{"@type":"ReadAction","target":["https:\/\/effectus.com.hr\/en\/duro-horvat\/"]}]},{"@type":"BreadcrumbList","@id":"https:\/\/effectus.com.hr\/en\/duro-horvat\/#breadcrumb","itemListElement":[{"@type":"ListItem","position":1,"name":"Po\u010detna","item":"https:\/\/effectus.com.hr\/en\/"},{"@type":"ListItem","position":2,"name":"\u0110uro Horvat"}]},{"@type":"WebSite","@id":"https:\/\/effectus.com.hr\/#website","url":"https:\/\/effectus.com.hr\/","name":"EFFECTUS veleu\u010dili\u0161te","description":"","potentialAction":[{"@type":"SearchAction","target":{"@type":"EntryPoint","urlTemplate":"https:\/\/effectus.com.hr\/?s={search_term_string}"},"query-input":"required name=search_term_string"}],"inLanguage":"en-US"}]}},"_links":{"self":[{"href":"https:\/\/effectus.com.hr\/en\/wp-json\/wp\/v2\/pages\/241222"}],"collection":[{"href":"https:\/\/effectus.com.hr\/en\/wp-json\/wp\/v2\/pages"}],"about":[{"href":"https:\/\/effectus.com.hr\/en\/wp-json\/wp\/v2\/types\/page"}],"author":[{"embeddable":true,"href":"https:\/\/effectus.com.hr\/en\/wp-json\/wp\/v2\/users\/12"}],"replies":[{"embeddable":true,"href":"https:\/\/effectus.com.hr\/en\/wp-json\/wp\/v2\/comments?post=241222"}],"version-history":[{"count":13,"href":"https:\/\/effectus.com.hr\/en\/wp-json\/wp\/v2\/pages\/241222\/revisions"}],"predecessor-version":[{"id":260707,"href":"https:\/\/effectus.com.hr\/en\/wp-json\/wp\/v2\/pages\/241222\/revisions\/260707"}],"wp:attachment":[{"href":"https:\/\/effectus.com.hr\/en\/wp-json\/wp\/v2\/media?parent=241222"}],"curies":[{"name":"wp","href":"https:\/\/api.w.org\/{rel}","templated":true}]}}