{"id":241263,"date":"2025-03-10T13:37:41","date_gmt":"2025-03-10T12:37:41","guid":{"rendered":"https:\/\/effectus.com.hr\/?page_id=241263"},"modified":"2025-04-10T10:15:20","modified_gmt":"2025-04-10T09:15:20","slug":"doc-dr-sc-ante-orlovic","status":"publish","type":"page","link":"https:\/\/effectus.com.hr\/en\/doc-dr-sc-ante-orlovic\/","title":{"rendered":"doc. dr. sc. Ante Orlovi\u0107"},"content":{"rendered":"<p>[et_pb_section fb_built=&#8221;1&#8243; disabled_on=&#8221;off|off|off&#8221; module_class=&#8221;eff-nastavnici-naslov&#8221; _builder_version=&#8221;4.16&#8243; _module_preset=&#8221;default&#8221; background_color=&#8221;#777a7e&#8221; background_image=&#8221;https:\/\/effectus.com.hr\/wp-content\/uploads\/2015\/12\/novosti-.head_stock-photo-visual-contents-concept-social-networking-service-streaming-video-global-communication-network-1896527446.jpg&#8221; custom_padding=&#8221;20px||20px||true|false&#8221; saved_tabs=&#8221;all&#8221; global_colors_info=&#8221;{}&#8221;][et_pb_row _builder_version=&#8221;4.16&#8243; _module_preset=&#8221;default&#8221; max_width=&#8221;1170px&#8221; global_colors_info=&#8221;{}&#8221;][et_pb_column type=&#8221;4_4&#8243; _builder_version=&#8221;4.16&#8243; _module_preset=&#8221;default&#8221; global_colors_info=&#8221;{}&#8221;][et_pb_text admin_label=&#8221;Novosti&#8221; _builder_version=&#8221;4.16&#8243; _module_preset=&#8221;default&#8221; text_text_color=&#8221;#FFFFFF&#8221; text_font_size=&#8221;43px&#8221; header_text_color=&#8221;#FFFFFF&#8221; header_font_size=&#8221;52px&#8221; header_4_text_color=&#8221;#FFFFFF&#8221; header_4_font_size=&#8221;23px&#8221; global_colors_info=&#8221;{}&#8221;]<\/p>\n<h1>Lecturers<\/h1>\n<p>[\/et_pb_text][\/et_pb_column][\/et_pb_row][\/et_pb_section][et_pb_section fb_built=&#8221;1&#8243; module_class=&#8221;eff-nastavnici&#8221; _builder_version=&#8221;4.16&#8243; global_colors_info=&#8221;{}&#8221;][et_pb_row column_structure=&#8221;2_5,3_5&#8243; _builder_version=&#8221;4.16&#8243; _module_preset=&#8221;default&#8221; max_width=&#8221;1170px&#8221; global_colors_info=&#8221;{}&#8221;][et_pb_column type=&#8221;2_5&#8243; _builder_version=&#8221;4.16&#8243; _module_preset=&#8221;default&#8221; global_colors_info=&#8221;{}&#8221;][et_pb_image src=&#8221;https:\/\/effectus.com.hr\/wp-content\/uploads\/2025\/03\/ante-orlovic.png&#8221; title_text=&#8221;ante-orlovic&#8221; _builder_version=&#8221;4.25.1&#8243; _module_preset=&#8221;default&#8221; width=&#8221;100%&#8221; global_colors_info=&#8221;{}&#8221;][\/et_pb_image][et_pb_text disabled_on=&#8221;on|on|on&#8221; _builder_version=&#8221;4.25.1&#8243; _module_preset=&#8221;default&#8221; text_font_size=&#8221;16px&#8221; text_line_height=&#8221;1.8em&#8221; header_3_font=&#8221;|700|||||||&#8221; header_3_text_color=&#8221;#0065b3&#8243; header_3_font_size=&#8221;34px&#8221; custom_margin=&#8221;||19px|||&#8221; disabled=&#8221;on&#8221; global_colors_info=&#8221;{}&#8221;]<\/p>\n<div class=\"gdlr-core-pbf-element\">\n<div class=\"gdlr-core-title-item gdlr-core-item-pdb clearfix gdlr-core-left-align gdlr-core-title-item-caption-bottom gdlr-core-item-pdlr\">\n<div class=\"gdlr-core-title-item-title-wrap clearfix\">\n<h1 class=\"kingster-page-title\">Ante Orlovi\u0107<\/h1>\n<\/div>\n<\/div>\n<\/div>\n<p>[\/et_pb_text][et_pb_blurb title=&#8221;orlovic.ante@gmail.com&#8221; use_icon=&#8221;on&#8221; font_icon=&#8221;&#xe076;||divi||400&#8243; icon_color=&#8221;#0065b3&#8243; icon_placement=&#8221;left&#8221; _builder_version=&#8221;4.25.1&#8243; _module_preset=&#8221;default&#8221; header_text_color=&#8221;#0065b3&#8243; header_font_size=&#8221;16px&#8221; header_line_height=&#8221;2.2em&#8221; custom_margin=&#8221;||12px|||&#8221; custom_css_blurb_content=&#8221;padding-left: 11px !important;&#8221; global_colors_info=&#8221;{}&#8221;][\/et_pb_blurb][et_pb_blurb title=&#8221;CroRIS ID&#8221; use_icon=&#8221;on&#8221; font_icon=&#8221;&#xf47f;||fa||900&#8243; icon_color=&#8221;#0065b3&#8243; icon_placement=&#8221;left&#8221; _builder_version=&#8221;4.25.1&#8243; _module_preset=&#8221;default&#8221; header_text_color=&#8221;#0065b3&#8243; header_font_size=&#8221;16px&#8221; header_line_height=&#8221;2.2em&#8221; custom_margin=&#8221;||12px|||&#8221; link_option_url=&#8221;https:\/\/www.croris.hr\/osobe\/profil\/30723&#8243; custom_css_blurb_content=&#8221;padding-left: 11px !important;&#8221; global_colors_info=&#8221;{}&#8221;][\/et_pb_blurb][et_pb_blurb title=&#8221;Google Scholar&#8221; use_icon=&#8221;on&#8221; font_icon=&#8221;&#xf501;||fa||900&#8243; icon_color=&#8221;#0065b3&#8243; icon_placement=&#8221;left&#8221; _builder_version=&#8221;4.25.1&#8243; _module_preset=&#8221;default&#8221; header_text_color=&#8221;#0065b3&#8243; header_font_size=&#8221;16px&#8221; header_line_height=&#8221;2.2em&#8221; custom_margin=&#8221;||12px|||&#8221; link_option_url=&#8221;https:\/\/scholar.google.hr\/citations?user=5jh9XWYAAAAJ&#038;hl=hr&#038;oi=ao&#8221; custom_css_blurb_content=&#8221;padding-left: 11px !important;&#8221; global_colors_info=&#8221;{}&#8221;][\/et_pb_blurb][et_pb_divider show_divider=&#8221;off&#8221; _builder_version=&#8221;4.16&#8243; _module_preset=&#8221;default&#8221; global_colors_info=&#8221;{}&#8221;][\/et_pb_divider][et_pb_text _builder_version=&#8221;4.16&#8243; _module_preset=&#8221;default&#8221; text_font_size=&#8221;16px&#8221; text_line_height=&#8221;1.8em&#8221; header_3_font=&#8221;|700|||||||&#8221; header_3_text_color=&#8221;#0065b3&#8243; header_3_font_size=&#8221;34px&#8221; custom_margin=&#8221;||19px|||&#8221; global_colors_info=&#8221;{}&#8221;]<\/p>\n<h3>Courses<\/h3>\n<p>[\/et_pb_text][et_pb_blurb title=&#8221;Economic Criminal Law&#8221; use_icon=&#8221;on&#8221; font_icon=&#8221;&#x69;||divi||400&#8243; icon_color=&#8221;#0065b3&#8243; icon_placement=&#8221;left&#8221; _builder_version=&#8221;4.25.1&#8243; _module_preset=&#8221;default&#8221; header_text_color=&#8221;#333333&#8243; header_font_size=&#8221;16px&#8221; header_line_height=&#8221;1.5em&#8221; custom_margin=&#8221;||12px|||&#8221; hover_enabled=&#8221;0&#8243; custom_css_blurb_content=&#8221;padding-left: 11px !important;&#8221; global_colors_info=&#8221;{}&#8221; link_option_url=&#8221;https:\/\/effectus.com.hr\/wp-content\/uploads\/2025\/04\/Economic-Criminal-Law-1.pdf&#8221; sticky_enabled=&#8221;0&#8243;][\/et_pb_blurb][\/et_pb_column][et_pb_column type=&#8221;3_5&#8243; _builder_version=&#8221;4.16&#8243; _module_preset=&#8221;default&#8221; global_colors_info=&#8221;{}&#8221;][et_pb_text _builder_version=&#8221;4.25.1&#8243; _module_preset=&#8221;default&#8221; text_font_size=&#8221;16px&#8221; text_line_height=&#8221;1.8em&#8221; header_3_font=&#8221;|700|||||||&#8221; header_3_text_color=&#8221;#0065b3&#8243; header_3_font_size=&#8221;34px&#8221; header_4_font=&#8221;|700|||||||&#8221; header_4_text_color=&#8221;#0065b3&#8243; header_4_font_size=&#8221;25px&#8221; custom_margin=&#8221;||2px|||&#8221; global_colors_info=&#8221;{}&#8221;]<\/p>\n<h1 class=\"kingster-page-title\">Assoc. Prof. Ante Orlovi\u0107, Ph.D.<\/h1>\n<p>[\/et_pb_text][et_pb_text _builder_version=&#8221;4.25.1&#8243; _module_preset=&#8221;default&#8221; text_font=&#8221;||on||||||&#8221; text_font_size=&#8221;16px&#8221; text_line_height=&#8221;1.6em&#8221; custom_margin=&#8221;||-2px|||&#8221; global_colors_info=&#8221;{}&#8221;]<\/p>\n<p><em>Associate Professor<\/em><\/p>\n<p>[\/et_pb_text][et_pb_text _builder_version=&#8221;4.25.1&#8243; _module_preset=&#8221;default&#8221; global_colors_info=&#8221;{}&#8221;]<\/p>\n<h3 data-start=\"88\" data-end=\"136\">\u00a0<\/h3>\n<p data-start=\"0\" data-end=\"60\"><strong data-start=\"0\" data-end=\"58\">Born in 1970 in Osijek. Educated in Osijek and Zagreb.<\/strong><\/p>\n<p data-start=\"0\" data-end=\"60\">\n<h5 data-start=\"62\" data-end=\"82\"><strong data-start=\"66\" data-end=\"80\">Education:<\/strong><\/h5>\n<ul data-start=\"83\" data-end=\"619\">\n<li data-start=\"83\" data-end=\"245\"><strong data-start=\"85\" data-end=\"113\">Doctor of Science (2012)<\/strong> \u2013 Faculty of Economics, Osijek, scientific field: Social Sciences, branch: Economics, specialization: Organization and Management<\/li>\n<li data-start=\"246\" data-end=\"363\"><strong data-start=\"248\" data-end=\"276\">Master of Science (1998)<\/strong> \u2013 Faculty of Economics, Zagreb, scientific field: Social Sciences, branch: Economics<\/li>\n<li data-start=\"364\" data-end=\"431\"><strong data-start=\"366\" data-end=\"398\">Bachelor of Economics (1996)<\/strong> \u2013 Faculty of Economics, Osijek<\/li>\n<li data-start=\"432\" data-end=\"495\"><strong data-start=\"434\" data-end=\"468\">Bachelor of Criminology (1995)<\/strong> \u2013 Police Academy, Zagreb<\/li>\n<li data-start=\"496\" data-end=\"551\"><strong data-start=\"498\" data-end=\"518\">Economist (1993)<\/strong> \u2013 Faculty of Economics, Osijek<\/li>\n<li data-start=\"552\" data-end=\"619\"><strong data-start=\"554\" data-end=\"578\">Criminologist (1993)<\/strong> \u2013 Faculty of Criminal Sciences, Zagreb<\/li>\n<\/ul>\n<h5 data-start=\"621\" data-end=\"653\">\u00a0<\/h5>\n<h5 data-start=\"621\" data-end=\"653\"><strong data-start=\"625\" data-end=\"651\">Academic Appointments:<\/strong><\/h5>\n<ul data-start=\"654\" data-end=\"2800\">\n<li data-start=\"654\" data-end=\"757\"><strong data-start=\"656\" data-end=\"686\">Associate Professor (2023)<\/strong> \u2013 University of Split, Social Sciences, Security and Defense Studies<\/li>\n<li data-start=\"758\" data-end=\"900\"><strong data-start=\"760\" data-end=\"790\">Assistant Professor (2021)<\/strong> \u2013 University of Zagreb, Faculty of Graphic Arts, Social Sciences, Economics (March 3, 2021 \u2013 March 3, 2026)<\/li>\n<li data-start=\"901\" data-end=\"1036\"><strong data-start=\"903\" data-end=\"941\">Permanent College Professor (2019)<\/strong> \u2013 Police Academy, Zagreb, Social Sciences, Security and Defense Studies (since July 5, 2019)<\/li>\n<li data-start=\"1037\" data-end=\"1156\"><strong data-start=\"1039\" data-end=\"1067\">College Professor (2019)<\/strong> \u2013 Police Academy, Zagreb, Social Sciences, Economics (March 26, 2019 \u2013 March 26, 2024)<\/li>\n<li data-start=\"1157\" data-end=\"1325\"><strong data-start=\"1159\" data-end=\"1190\">Scientific Associate (2018)<\/strong> \u2013 National Council for Science, Higher Education and Technological Development, Social Sciences \u2013 Economics (since December 6, 2018)<\/li>\n<li data-start=\"1326\" data-end=\"1504\"><strong data-start=\"1328\" data-end=\"1358\">Assistant Professor (2017)<\/strong> \u2013 University of Split, Department of Forensic Sciences, Social Sciences, Security and Defense Studies (September 12, 2017 \u2013 September 12, 2022)<\/li>\n<li data-start=\"1505\" data-end=\"1745\"><strong data-start=\"1507\" data-end=\"1538\">Scientific Associate (2017)<\/strong> \u2013 National Council for Science, Higher Education and Technological Development, Social Sciences \u2013 Political Science, Sociology, Demography, Social Work, Security, and Defense Studies (since June 27, 2017)<\/li>\n<li data-start=\"1746\" data-end=\"1871\"><strong data-start=\"1748\" data-end=\"1774\">Senior Lecturer (2015)<\/strong> \u2013 Police Academy, Zagreb, Social Sciences, Economics (September 25, 2015 \u2013 September 25, 2020)<\/li>\n<li data-start=\"1872\" data-end=\"2010\"><strong data-start=\"1874\" data-end=\"1902\">College Professor (2014)<\/strong> \u2013 Police Academy, Zagreb, Social Sciences, Security and Defense Studies (April 29, 2014 \u2013 April 29, 2019)<\/li>\n<li data-start=\"2011\" data-end=\"2206\"><strong data-start=\"2013\" data-end=\"2039\">Senior Lecturer (2012)<\/strong> \u2013 University of Split, Department of Forensic Sciences, Social Sciences, Security and Defense Studies, Chair of Security and National Security (since July 16, 2012)<\/li>\n<li data-start=\"2207\" data-end=\"2350\"><strong data-start=\"2209\" data-end=\"2228\">Lecturer (2011)<\/strong> \u2013 Police Academy, Zagreb, Social Sciences, Economics, Organization and Management (December 6, 2011 \u2013 December 6, 2016)<\/li>\n<li data-start=\"2351\" data-end=\"2491\"><strong data-start=\"2353\" data-end=\"2379\">Senior Lecturer (2009)<\/strong> \u2013 Police Academy, Zagreb, Social Sciences, Security and Defense Studies (December 9, 2009 \u2013 December 9, 2014)<\/li>\n<li data-start=\"2492\" data-end=\"2599\"><strong data-start=\"2494\" data-end=\"2513\">Lecturer (2005)<\/strong> \u2013 Libertas Business School, Zagreb, Social Sciences, Economics (since May 20, 2005)<\/li>\n<li data-start=\"2600\" data-end=\"2800\"><strong data-start=\"2602\" data-end=\"2630\">College Assistant (2002)<\/strong> \u2013 University of Split, University Center for Professional Studies, Zagreb Teaching Center, Social Sciences, Economics, Entrepreneurship Economics (since June 27, 2002)<\/li>\n<\/ul>\n<h5 data-start=\"2802\" data-end=\"2832\">\u00a0<\/h5>\n<h5 data-start=\"2802\" data-end=\"2832\"><strong data-start=\"2806\" data-end=\"2830\">Professional Career:<\/strong><\/h5>\n<ul data-start=\"2833\" data-end=\"3638\">\n<li data-start=\"2833\" data-end=\"2892\"><strong data-start=\"2835\" data-end=\"2848\">2017\u20132021<\/strong> \u2013 Professor at the Police Academy, Zagreb<\/li>\n<li data-start=\"2893\" data-end=\"3008\"><strong data-start=\"2895\" data-end=\"2908\">2016\u20132017<\/strong> \u2013 Assistant Chief of Police \u2013 Head of the Criminal Police Directorate, General Police Directorate<\/li>\n<li data-start=\"3009\" data-end=\"3141\"><strong data-start=\"3011\" data-end=\"3019\">2016<\/strong> \u2013 Head of the National Police Office for Combating Corruption and Organized Crime (PNUSKOK), General Police Directorate<\/li>\n<li data-start=\"3142\" data-end=\"3201\"><strong data-start=\"3144\" data-end=\"3157\">2014\u20132016<\/strong> \u2013 Professor at the Police Academy, Zagreb<\/li>\n<li data-start=\"3202\" data-end=\"3267\"><strong data-start=\"3204\" data-end=\"3217\">2009\u20132014<\/strong> \u2013 Senior Lecturer at the Police Academy, Zagreb<\/li>\n<li data-start=\"3268\" data-end=\"3372\"><strong data-start=\"3270\" data-end=\"3283\">2006\u20132009<\/strong> \u2013 Head of the Department for Economic Crime and Corruption, General Police Directorate<\/li>\n<li data-start=\"3373\" data-end=\"3456\"><strong data-start=\"3375\" data-end=\"3388\">2004\u20132006<\/strong> \u2013 Head of the Economic Crime Department, Zagreb Police Department<\/li>\n<li data-start=\"3457\" data-end=\"3542\"><strong data-start=\"3459\" data-end=\"3472\">2000\u20132004<\/strong> \u2013 Team Leader \u2013 Economic Crime Department, Zagreb Police Department<\/li>\n<li data-start=\"3543\" data-end=\"3638\"><strong data-start=\"3545\" data-end=\"3558\">1996\u20132000<\/strong> \u2013 Criminal Investigator \u2013 Economic Crime Department, Zagreb Police Department<\/li>\n<\/ul>\n<h5 data-start=\"3640\" data-end=\"3674\">\u00a0<\/h5>\n<h5 data-start=\"3640\" data-end=\"3674\"><strong data-start=\"3644\" data-end=\"3672\">Awards and Recognitions:<\/strong><\/h5>\n<ul data-start=\"3675\" data-end=\"4828\" data-is-only-node=\"\" data-is-last-node=\"\">\n<li data-start=\"3675\" data-end=\"3879\"><strong data-start=\"3677\" data-end=\"3685\">2007<\/strong> \u2013 Ministry of the Interior of the Republic of Croatia, Zagreb.\n<ul data-start=\"3753\" data-end=\"3879\">\n<li data-start=\"3753\" data-end=\"3879\">Minister\u2019s Decision: Annual Award for Exceptional Professionalism in Criminal Investigation within the Operation &#8220;Maestro&#8221;<\/li>\n<\/ul>\n<\/li>\n<li data-start=\"3880\" data-end=\"4122\"><strong data-start=\"3882\" data-end=\"3890\">2013<\/strong> \u2013 HUMS \u2013 Croatian Association of Security Managers, Zagreb.\n<ul data-start=\"3955\" data-end=\"4122\">\n<li data-start=\"3955\" data-end=\"3988\">Croatian Grand Security Award<\/li>\n<li data-start=\"3991\" data-end=\"4045\">Book <em data-start=\"3998\" data-end=\"4043\">&#8220;Economic Crime in the Republic of Croatia&#8221;<\/em><\/li>\n<li data-start=\"4048\" data-end=\"4122\">Award for the Best Domestic Professional Book in the Field of Security<\/li>\n<\/ul>\n<\/li>\n<li data-start=\"4123\" data-end=\"4336\"><strong data-start=\"4125\" data-end=\"4133\">2013<\/strong> \u2013 Ministry of Science, Education, and Sports, Zagreb.\n<ul data-start=\"4192\" data-end=\"4336\">\n<li data-start=\"4192\" data-end=\"4246\">Book <em data-start=\"4199\" data-end=\"4244\">&#8220;Economic Crime in the Republic of Croatia&#8221;<\/em><\/li>\n<li data-start=\"4249\" data-end=\"4336\">Decision on Financial Support for Printing a Scientific Book or University Textbook<\/li>\n<\/ul>\n<\/li>\n<li data-start=\"4337\" data-end=\"4636\"><strong data-start=\"4339\" data-end=\"4347\">2016<\/strong> \u2013 HUMS \u2013 Croatian Association of Security Managers, Zagreb.\n<ul data-start=\"4412\" data-end=\"4636\">\n<li data-start=\"4412\" data-end=\"4445\">Croatian Grand Security Award<\/li>\n<li data-start=\"4448\" data-end=\"4559\">Book <em data-start=\"4455\" data-end=\"4557\">&#8220;Economic Criminology \u2013 Introduction to the Criminal Investigation of Economic Crime and Corruption&#8221;<\/em><\/li>\n<li data-start=\"4562\" data-end=\"4636\">Award for the Best Domestic Professional Book in the Field of Security<\/li>\n<\/ul>\n<\/li>\n<li data-start=\"4637\" data-end=\"4828\" data-is-last-node=\"\"><strong data-start=\"4639\" data-end=\"4647\">2019<\/strong> \u2013 Ministry of Science and Education, Zagreb.\n<ul data-start=\"4697\" data-end=\"4828\" data-is-last-node=\"\">\n<li data-start=\"4697\" data-end=\"4738\">Book <em data-start=\"4704\" data-end=\"4736\">&#8220;Fiscal System &amp; Fiscal Crime&#8221;<\/em><\/li>\n<li data-start=\"4741\" data-end=\"4828\" data-is-last-node=\"\">Decision on Financial Support for Printing a Scientific Book or University Textbook<\/li>\n<\/ul>\n<\/li>\n<\/ul>\n<p>[\/et_pb_text][\/et_pb_column][\/et_pb_row][\/et_pb_section]<\/p>\n","protected":false},"excerpt":{"rendered":"<p>Lecturers Ante Orlovi\u0107 CoursesAssoc. Prof. Ante Orlovi\u0107, Ph.D.Associate Professor\u00a0 Born in 1970 in Osijek. Educated in Osijek and Zagreb. Education: Doctor of Science (2012) \u2013 Faculty of Economics, Osijek, scientific field: Social Sciences, branch: Economics, specialization: Organization and Management Master of Science (1998) \u2013 Faculty of Economics, Zagreb, scientific field: Social Sciences, branch: Economics Bachelor [&hellip;]<\/p>\n","protected":false},"author":11,"featured_media":0,"parent":0,"menu_order":0,"comment_status":"closed","ping_status":"closed","template":"","meta":{"_et_pb_use_builder":"on","_et_pb_old_content":"","_et_gb_content_width":"","footnotes":""},"yoast_head":"<!-- This site is optimized with the Yoast SEO plugin v22.7 - https:\/\/yoast.com\/wordpress\/plugins\/seo\/ -->\n<title>doc. dr. sc. Ante Orlovi\u0107 - EFFECTUS veleu\u010dili\u0161te<\/title>\n<meta name=\"robots\" content=\"index, follow, max-snippet:-1, max-image-preview:large, max-video-preview:-1\" \/>\n<link rel=\"canonical\" href=\"https:\/\/effectus.com.hr\/en\/doc-dr-sc-ante-orlovic\/\" \/>\n<meta property=\"og:locale\" content=\"en_US\" \/>\n<meta property=\"og:type\" content=\"article\" \/>\n<meta property=\"og:title\" content=\"doc. dr. sc. Ante Orlovi\u0107 - EFFECTUS veleu\u010dili\u0161te\" \/>\n<meta property=\"og:description\" content=\"Lecturers Ante Orlovi\u0107 CoursesAssoc. Prof. Ante Orlovi\u0107, Ph.D.Associate Professor\u00a0 Born in 1970 in Osijek. Educated in Osijek and Zagreb. Education: Doctor of Science (2012) \u2013 Faculty of Economics, Osijek, scientific field: Social Sciences, branch: Economics, specialization: Organization and Management Master of Science (1998) \u2013 Faculty of Economics, Zagreb, scientific field: Social Sciences, branch: Economics Bachelor [&hellip;]\" \/>\n<meta property=\"og:url\" content=\"https:\/\/effectus.com.hr\/en\/doc-dr-sc-ante-orlovic\/\" \/>\n<meta property=\"og:site_name\" content=\"EFFECTUS veleu\u010dili\u0161te\" \/>\n<meta property=\"article:modified_time\" content=\"2025-04-10T09:15:20+00:00\" \/>\n<meta name=\"twitter:card\" content=\"summary_large_image\" \/>\n<meta name=\"twitter:label1\" content=\"Est. reading time\" \/>\n\t<meta name=\"twitter:data1\" content=\"4 minutes\" \/>\n<script type=\"application\/ld+json\" class=\"yoast-schema-graph\">{\"@context\":\"https:\/\/schema.org\",\"@graph\":[{\"@type\":\"WebPage\",\"@id\":\"https:\/\/effectus.com.hr\/en\/doc-dr-sc-ante-orlovic\/\",\"url\":\"https:\/\/effectus.com.hr\/en\/doc-dr-sc-ante-orlovic\/\",\"name\":\"doc. dr. sc. Ante Orlovi\u0107 - EFFECTUS veleu\u010dili\u0161te\",\"isPartOf\":{\"@id\":\"https:\/\/effectus.com.hr\/#website\"},\"datePublished\":\"2025-03-10T12:37:41+00:00\",\"dateModified\":\"2025-04-10T09:15:20+00:00\",\"breadcrumb\":{\"@id\":\"https:\/\/effectus.com.hr\/en\/doc-dr-sc-ante-orlovic\/#breadcrumb\"},\"inLanguage\":\"en-US\",\"potentialAction\":[{\"@type\":\"ReadAction\",\"target\":[\"https:\/\/effectus.com.hr\/en\/doc-dr-sc-ante-orlovic\/\"]}]},{\"@type\":\"BreadcrumbList\",\"@id\":\"https:\/\/effectus.com.hr\/en\/doc-dr-sc-ante-orlovic\/#breadcrumb\",\"itemListElement\":[{\"@type\":\"ListItem\",\"position\":1,\"name\":\"Po\u010detna\",\"item\":\"https:\/\/effectus.com.hr\/en\/\"},{\"@type\":\"ListItem\",\"position\":2,\"name\":\"doc. dr. sc. Ante Orlovi\u0107\"}]},{\"@type\":\"WebSite\",\"@id\":\"https:\/\/effectus.com.hr\/#website\",\"url\":\"https:\/\/effectus.com.hr\/\",\"name\":\"EFFECTUS veleu\u010dili\u0161te\",\"description\":\"\",\"potentialAction\":[{\"@type\":\"SearchAction\",\"target\":{\"@type\":\"EntryPoint\",\"urlTemplate\":\"https:\/\/effectus.com.hr\/?s={search_term_string}\"},\"query-input\":\"required name=search_term_string\"}],\"inLanguage\":\"en-US\"}]}<\/script>\n<!-- \/ Yoast SEO plugin. -->","yoast_head_json":{"title":"doc. dr. sc. Ante Orlovi\u0107 - EFFECTUS veleu\u010dili\u0161te","robots":{"index":"index","follow":"follow","max-snippet":"max-snippet:-1","max-image-preview":"max-image-preview:large","max-video-preview":"max-video-preview:-1"},"canonical":"https:\/\/effectus.com.hr\/en\/doc-dr-sc-ante-orlovic\/","og_locale":"en_US","og_type":"article","og_title":"doc. dr. sc. Ante Orlovi\u0107 - EFFECTUS veleu\u010dili\u0161te","og_description":"Lecturers Ante Orlovi\u0107 CoursesAssoc. Prof. Ante Orlovi\u0107, Ph.D.Associate Professor\u00a0 Born in 1970 in Osijek. Educated in Osijek and Zagreb. Education: Doctor of Science (2012) \u2013 Faculty of Economics, Osijek, scientific field: Social Sciences, branch: Economics, specialization: Organization and Management Master of Science (1998) \u2013 Faculty of Economics, Zagreb, scientific field: Social Sciences, branch: Economics Bachelor [&hellip;]","og_url":"https:\/\/effectus.com.hr\/en\/doc-dr-sc-ante-orlovic\/","og_site_name":"EFFECTUS veleu\u010dili\u0161te","article_modified_time":"2025-04-10T09:15:20+00:00","twitter_card":"summary_large_image","twitter_misc":{"Est. reading time":"4 minutes"},"schema":{"@context":"https:\/\/schema.org","@graph":[{"@type":"WebPage","@id":"https:\/\/effectus.com.hr\/en\/doc-dr-sc-ante-orlovic\/","url":"https:\/\/effectus.com.hr\/en\/doc-dr-sc-ante-orlovic\/","name":"doc. dr. sc. Ante Orlovi\u0107 - EFFECTUS veleu\u010dili\u0161te","isPartOf":{"@id":"https:\/\/effectus.com.hr\/#website"},"datePublished":"2025-03-10T12:37:41+00:00","dateModified":"2025-04-10T09:15:20+00:00","breadcrumb":{"@id":"https:\/\/effectus.com.hr\/en\/doc-dr-sc-ante-orlovic\/#breadcrumb"},"inLanguage":"en-US","potentialAction":[{"@type":"ReadAction","target":["https:\/\/effectus.com.hr\/en\/doc-dr-sc-ante-orlovic\/"]}]},{"@type":"BreadcrumbList","@id":"https:\/\/effectus.com.hr\/en\/doc-dr-sc-ante-orlovic\/#breadcrumb","itemListElement":[{"@type":"ListItem","position":1,"name":"Po\u010detna","item":"https:\/\/effectus.com.hr\/en\/"},{"@type":"ListItem","position":2,"name":"doc. dr. sc. Ante Orlovi\u0107"}]},{"@type":"WebSite","@id":"https:\/\/effectus.com.hr\/#website","url":"https:\/\/effectus.com.hr\/","name":"EFFECTUS veleu\u010dili\u0161te","description":"","potentialAction":[{"@type":"SearchAction","target":{"@type":"EntryPoint","urlTemplate":"https:\/\/effectus.com.hr\/?s={search_term_string}"},"query-input":"required name=search_term_string"}],"inLanguage":"en-US"}]}},"_links":{"self":[{"href":"https:\/\/effectus.com.hr\/en\/wp-json\/wp\/v2\/pages\/241263"}],"collection":[{"href":"https:\/\/effectus.com.hr\/en\/wp-json\/wp\/v2\/pages"}],"about":[{"href":"https:\/\/effectus.com.hr\/en\/wp-json\/wp\/v2\/types\/page"}],"author":[{"embeddable":true,"href":"https:\/\/effectus.com.hr\/en\/wp-json\/wp\/v2\/users\/11"}],"replies":[{"embeddable":true,"href":"https:\/\/effectus.com.hr\/en\/wp-json\/wp\/v2\/comments?post=241263"}],"version-history":[{"count":8,"href":"https:\/\/effectus.com.hr\/en\/wp-json\/wp\/v2\/pages\/241263\/revisions"}],"predecessor-version":[{"id":260634,"href":"https:\/\/effectus.com.hr\/en\/wp-json\/wp\/v2\/pages\/241263\/revisions\/260634"}],"wp:attachment":[{"href":"https:\/\/effectus.com.hr\/en\/wp-json\/wp\/v2\/media?parent=241263"}],"curies":[{"name":"wp","href":"https:\/\/api.w.org\/{rel}","templated":true}]}}