{"id":241417,"date":"2021-08-31T10:29:39","date_gmt":"2021-08-31T09:29:39","guid":{"rendered":"https:\/\/effectus.com.hr\/petar-pierre-matek\/"},"modified":"2025-04-10T10:14:01","modified_gmt":"2025-04-10T09:14:01","slug":"petar-pierre-matek","status":"publish","type":"page","link":"https:\/\/effectus.com.hr\/en\/petar-pierre-matek\/","title":{"rendered":"Petar-Pierre Matek"},"content":{"rendered":"<p>[et_pb_section fb_built=&#8221;1&#8243; disabled_on=&#8221;off|off|off&#8221; module_class=&#8221;eff-nastavnici-naslov&#8221; _builder_version=&#8221;4.16&#8243; _module_preset=&#8221;default&#8221; background_color=&#8221;#777a7e&#8221; background_image=&#8221;https:\/\/effectus.com.hr\/wp-content\/uploads\/2015\/12\/novosti-.head_stock-photo-visual-contents-concept-social-networking-service-streaming-video-global-communication-network-1896527446.jpg&#8221; custom_padding=&#8221;20px||20px||true|false&#8221; saved_tabs=&#8221;all&#8221; global_colors_info=&#8221;{}&#8221;][et_pb_row _builder_version=&#8221;4.16&#8243; _module_preset=&#8221;default&#8221; max_width=&#8221;1170px&#8221; global_colors_info=&#8221;{}&#8221;][et_pb_column type=&#8221;4_4&#8243; _builder_version=&#8221;4.16&#8243; _module_preset=&#8221;default&#8221; global_colors_info=&#8221;{}&#8221;][et_pb_text admin_label=&#8221;Novosti&#8221; _builder_version=&#8221;4.25.1&#8243; _module_preset=&#8221;default&#8221; text_text_color=&#8221;#FFFFFF&#8221; text_font_size=&#8221;43px&#8221; header_text_color=&#8221;#FFFFFF&#8221; header_font_size=&#8221;52px&#8221; header_4_text_color=&#8221;#FFFFFF&#8221; header_4_font_size=&#8221;23px&#8221; global_colors_info=&#8221;{}&#8221;]<\/p>\n<h1>Lecturers<\/h1>\n<p>[\/et_pb_text][\/et_pb_column][\/et_pb_row][\/et_pb_section][et_pb_section fb_built=&#8221;1&#8243; module_class=&#8221;eff-nastavnici&#8221; _builder_version=&#8221;4.16&#8243; global_colors_info=&#8221;{}&#8221;][et_pb_row column_structure=&#8221;2_5,3_5&#8243; _builder_version=&#8221;4.16&#8243; _module_preset=&#8221;default&#8221; max_width=&#8221;1170px&#8221; global_colors_info=&#8221;{}&#8221;][et_pb_column type=&#8221;2_5&#8243; _builder_version=&#8221;4.16&#8243; _module_preset=&#8221;default&#8221; global_colors_info=&#8221;{}&#8221;][et_pb_image src=&#8221;https:\/\/effectus.com.hr\/wp-content\/uploads\/2021\/08\/Petar-Pierre-Matek.jpg&#8221; title_text=&#8221;Petar-Pierre-Matek&#8221; _builder_version=&#8221;4.16&#8243; _module_preset=&#8221;default&#8221; width=&#8221;100%&#8221; global_colors_info=&#8221;{}&#8221;][\/et_pb_image][et_pb_text disabled_on=&#8221;on|on|on&#8221; _builder_version=&#8221;4.16&#8243; _module_preset=&#8221;default&#8221; text_font_size=&#8221;16px&#8221; text_line_height=&#8221;1.8em&#8221; header_3_font=&#8221;|700|||||||&#8221; header_3_text_color=&#8221;#0065b3&#8243; header_3_font_size=&#8221;34px&#8221; custom_margin=&#8221;||19px|||&#8221; disabled=&#8221;on&#8221; global_colors_info=&#8221;{}&#8221;]<\/p>\n<h3 class=\"gdlr-core-personnel-info-item-title\">Petar-Pierre Matek<\/h3>\n<p>[\/et_pb_text][et_pb_blurb title=&#8221;pierre.matek@gmail.com&#8221; use_icon=&#8221;on&#8221; font_icon=&#8221;&#xe076;||divi||400&#8243; icon_color=&#8221;#0065b3&#8243; icon_placement=&#8221;left&#8221; _builder_version=&#8221;4.16&#8243; _module_preset=&#8221;default&#8221; header_text_color=&#8221;#0065b3&#8243; header_font_size=&#8221;16px&#8221; header_line_height=&#8221;2.2em&#8221; custom_margin=&#8221;||12px|||&#8221; link_option_url=&#8221;mailto:pierre.matek@gmail.com&#8221; custom_css_blurb_content=&#8221;padding-left: 11px !important;&#8221; global_colors_info=&#8221;{}&#8221;][\/et_pb_blurb][et_pb_blurb title=&#8221;CroRIS ID&#8221; use_icon=&#8221;on&#8221; font_icon=&#8221;&#xf47f;||fa||900&#8243; icon_color=&#8221;#0065b3&#8243; icon_placement=&#8221;left&#8221; _builder_version=&#8221;4.25.1&#8243; _module_preset=&#8221;default&#8221; header_text_color=&#8221;#0065b3&#8243; header_font_size=&#8221;16px&#8221; header_line_height=&#8221;2.2em&#8221; custom_margin=&#8221;||12px|||&#8221; link_option_url=&#8221;https:\/\/www.croris.hr\/osobe\/profil\/31551&#8243; custom_css_blurb_content=&#8221;padding-left: 11px !important;&#8221; global_colors_info=&#8221;{}&#8221;][\/et_pb_blurb][et_pb_blurb title=&#8221;Google Scholar&#8221; use_icon=&#8221;on&#8221; font_icon=&#8221;&#xf501;||fa||900&#8243; icon_color=&#8221;#0065b3&#8243; icon_placement=&#8221;left&#8221; _builder_version=&#8221;4.25.1&#8243; _module_preset=&#8221;default&#8221; header_text_color=&#8221;#0065b3&#8243; header_font_size=&#8221;16px&#8221; header_line_height=&#8221;2.2em&#8221; custom_margin=&#8221;||12px|||&#8221; link_option_url=&#8221;https:\/\/scholar.google.hr\/citations?hl=hr&#038;user=AHDBHT4AAAAJ&#8221; custom_css_blurb_content=&#8221;padding-left: 11px !important;&#8221; global_colors_info=&#8221;{}&#8221;][\/et_pb_blurb][et_pb_text _builder_version=&#8221;4.25.1&#8243; _module_preset=&#8221;default&#8221; text_font_size=&#8221;16px&#8221; text_line_height=&#8221;1.8em&#8221; header_3_font=&#8221;|700|||||||&#8221; header_3_text_color=&#8221;#0065b3&#8243; header_3_font_size=&#8221;34px&#8221; custom_margin=&#8221;||19px|||&#8221; global_colors_info=&#8221;{}&#8221;]<\/p>\n<h3>Courses<\/h3>\n<p>[\/et_pb_text][et_pb_blurb title=&#8221;The Legal Framework of Financial Institutions&#8221; use_icon=&#8221;on&#8221; font_icon=&#8221;&#x69;||divi||400&#8243; icon_color=&#8221;#0065b3&#8243; icon_placement=&#8221;left&#8221; _builder_version=&#8221;4.25.1&#8243; _module_preset=&#8221;default&#8221; header_text_color=&#8221;#333333&#8243; header_font_size=&#8221;16px&#8221; header_line_height=&#8221;1.5em&#8221; custom_margin=&#8221;||12px|||&#8221; link_option_url=&#8221;https:\/\/effectus.com.hr\/wp-content\/uploads\/2025\/04\/The-Legal-Framework-of-Financial-Institutions-.pdf&#8221; hover_enabled=&#8221;0&#8243; custom_css_blurb_content=&#8221;padding-left: 11px !important;&#8221; global_colors_info=&#8221;{}&#8221; sticky_enabled=&#8221;0&#8243;][\/et_pb_blurb][\/et_pb_column][et_pb_column type=&#8221;3_5&#8243; _builder_version=&#8221;4.16&#8243; _module_preset=&#8221;default&#8221; global_colors_info=&#8221;{}&#8221;][et_pb_text _builder_version=&#8221;4.25.1&#8243; _module_preset=&#8221;default&#8221; text_font_size=&#8221;16px&#8221; text_line_height=&#8221;1.8em&#8221; header_3_font=&#8221;|700|||||||&#8221; header_3_text_color=&#8221;#0065b3&#8243; header_3_font_size=&#8221;34px&#8221; header_4_font=&#8221;|700|||||||&#8221; header_4_text_color=&#8221;#0065b3&#8243; header_4_font_size=&#8221;25px&#8221; custom_margin=&#8221;||2px|||&#8221; global_colors_info=&#8221;{}&#8221;]<\/p>\n<h3 class=\"gdlr-core-personnel-info-item-title\">Petar-Pierre Matek, Ph.D.<\/h3>\n<p>[\/et_pb_text][et_pb_text _builder_version=&#8221;4.25.1&#8243; _module_preset=&#8221;default&#8221; text_font=&#8221;||on||||||&#8221; text_font_size=&#8221;16px&#8221; text_line_height=&#8221;1.6em&#8221; custom_margin=&#8221;||-2px|||&#8221; global_colors_info=&#8221;{}&#8221;]<\/p>\n<p data-pm-slice=\"1 1 []\"><em>Professor of professional studies<\/em><\/p>\n<p>[\/et_pb_text][et_pb_text _builder_version=&#8221;4.25.1&#8243; _module_preset=&#8221;default&#8221; text_font_size=&#8221;16px&#8221; text_line_height=&#8221;1.8em&#8221; header_3_font=&#8221;|700|||||||&#8221; header_3_text_color=&#8221;#0065b3&#8243; header_3_font_size=&#8221;34px&#8221; global_colors_info=&#8221;{}&#8221;]<\/p>\n<div class=\"flex max-w-full flex-col flex-grow\">\n<div class=\"min-h-8 text-message relative flex w-full flex-col items-end gap-2 whitespace-normal break-words text-start [.text-message+&amp;]:mt-5\" dir=\"auto\" data-message-author-role=\"assistant\" data-message-id=\"ef4e93bb-9985-4022-ba64-7473e4d7aefc\" data-message-model-slug=\"gpt-4o\">\n<div class=\"flex w-full flex-col gap-1 empty:hidden first:pt-[3px]\">\n<div class=\"markdown prose w-full break-words dark:prose-invert light\">\n<p data-start=\"30\" data-end=\"805\">\n<p class=\"\" data-start=\"30\" data-end=\"805\"><strong data-start=\"30\" data-end=\"91\">Graduated from the Faculty of Economics in Zagreb in 1996<\/strong> with a focus on Business Economics &#8211; Finance. <strong data-start=\"138\" data-end=\"166\">Earned a Master&#8217;s degree<\/strong> in International Finance from <strong data-start=\"197\" data-end=\"239\">Louis Pasteur University in Strasbourg<\/strong> in 1997. He obtained a <strong data-start=\"263\" data-end=\"277\">PhD in Law<\/strong> from the <strong data-start=\"287\" data-end=\"332\">European Faculty of Law (Nova University)<\/strong> in <strong data-start=\"336\" data-end=\"362\">Nova Gorica (Slovenia)<\/strong>. Throughout his career, he has continuously engaged in professional development. He obtained the right to use the <strong data-start=\"477\" data-end=\"490\" data-is-only-node=\"\">CFA title<\/strong> from the <strong data-start=\"500\" data-end=\"523\">CFA Institute (USA)<\/strong> in 2001. In the same year, he obtained the <strong data-start=\"567\" data-end=\"599\">Pension Fund Manager license<\/strong> from <strong data-start=\"605\" data-end=\"615\">Hagene<\/strong>. In 2003, he received the <strong data-start=\"642\" data-end=\"672\">Investment Advisor license<\/strong> from the <strong data-start=\"682\" data-end=\"707\">Securities Commission<\/strong>, and in 2009, he obtained the right to use the <strong data-start=\"755\" data-end=\"769\">CIPM title<\/strong>, also from the <strong data-start=\"785\" data-end=\"802\">CFA Institute<\/strong>.<\/p>\n<p class=\"\" data-start=\"807\" data-end=\"1661\">He started working in <strong data-start=\"829\" data-end=\"837\">1998<\/strong> at the <strong data-start=\"845\" data-end=\"871\">Croatian National Bank<\/strong>, where he was involved in managing foreign exchange reserves. In <strong data-start=\"937\" data-end=\"945\">2000<\/strong>, he moved to <strong data-start=\"959\" data-end=\"978\">Zagreba\u010dka Bank<\/strong>, where he worked on establishing investment and pension funds. In <strong data-start=\"1045\" data-end=\"1053\">2002<\/strong>, he joined the investment management company <strong data-start=\"1099\" data-end=\"1112\">ZB Invest<\/strong> within the <strong data-start=\"1124\" data-end=\"1149\">Zagreba\u010dka Bank Group<\/strong>, where he held various management positions until 2012. From <strong data-start=\"1211\" data-end=\"1227\">2012 to 2018<\/strong>, he served as the <strong data-start=\"1246\" data-end=\"1283\">President of the Management Board<\/strong> of the <strong data-start=\"1291\" data-end=\"1349\">Croatian Financial Services Supervisory Agency (HANFA)<\/strong>. Since <strong data-start=\"1357\" data-end=\"1365\">2018<\/strong>, he has been working as an independent consultant on numerous capital market development and regulation projects across <strong data-start=\"1486\" data-end=\"1514\">Europe, Asia, and Africa<\/strong>. Since <strong data-start=\"1522\" data-end=\"1530\">2019<\/strong>, he has been employed as a board member at <strong data-start=\"1574\" data-end=\"1611\">Feelsgood Capital Partners d.o.o.<\/strong>, a company managing alternative investment funds.<\/p>\n<p class=\"\" data-start=\"1663\" data-end=\"2081\">Since <strong data-start=\"1669\" data-end=\"1677\">2014<\/strong>, he has been a lecturer at the <strong data-start=\"1709\" data-end=\"1774\">EFFECTUS Entrepreneurial Study \u2013 Higher Education Institution<\/strong>, initially as a <strong data-start=\"1791\" data-end=\"1803\">Lecturer<\/strong>, and since <strong data-start=\"1815\" data-end=\"1823\">2019<\/strong>, as a <strong data-start=\"1830\" data-end=\"1849\">Senior Lecturer<\/strong>. From <strong data-start=\"1856\" data-end=\"1894\">January 24, 2019, to July 14, 2021<\/strong>, he was employed as a permanent staff member at <strong data-start=\"1943\" data-end=\"2008\">EFFECTUS Entrepreneurial Study \u2013 Higher Education Institution<\/strong>, and since then, he has been participating as an <strong data-start=\"2058\" data-end=\"2080\">external associate<\/strong>.<\/p>\n<p class=\"\" data-start=\"2083\" data-end=\"2131\"><strong data-start=\"2083\" data-end=\"2131\">List of works published in the last 5 years:<\/strong><\/p>\n<ol>\n<li data-start=\"2083\" data-end=\"2131\">Matek, Petar-Pierre; Pali\u0107, Svjetlana, <em data-start=\"2174\" data-end=\"2219\">Efficiency of Anti-Money Laundering Systems<\/em> \/\/ FIP &#8211; Finance and Law (Zagreb), X (2022), 1; 75-101, ISSN: 1849-241X<\/li>\n<li data-start=\"2083\" data-end=\"2131\">Matek, Petar-Pierre; \u0160estanovi\u0107, Aljo\u0161a; Dumbovi\u0107, Klara, <em data-start=\"2353\" data-end=\"2443\">Government Bond Market Development \u2013 Case of Bosnia and Herzegovina, Croatia, and Serbia<\/em> \/\/ FIP &#8211; Finance and Law (Zagreb), XI (2023), 1; 31-50, ISSN: 1849-241X<\/li>\n<li data-start=\"2083\" data-end=\"2131\">Matek, Petar-Pierre; Javorovi\u0107, Ivona; Dumbovi\u0107, Klara, <em data-start=\"2575\" data-end=\"2627\">Choosing the Optimal Method for Start-up Valuation<\/em> \/\/ Accounting and Management, XXIV (2023), 1; 229-248, ISSN: 2939-1938<\/li>\n<li data-start=\"2083\" data-end=\"2131\">Matek, Petar-Pierre; Gali\u0107, Ma\u0161a, <em data-start=\"2736\" data-end=\"2861\">The Impact of Designated Market-Makers on Liquidity in Frontier Markets: Evidence from Zagreb and Ljubljana Stock Exchanges<\/em> \/\/ Proceedings of the Faculty of Economics in Rijeka: Journal for Economic Theory and Practice, 42 (2024), 1; 95-121. doi: 10.18045\/zbefri.2024.1.95<\/li>\n<li data-start=\"2083\" data-end=\"2131\">Matek, Petar-Pierre; Poljak, Domagoj; Tomi\u0107, Bojan, <em data-start=\"3066\" data-end=\"3109\">EU Regulation of the Crypto Market \u2013 MiCA<\/em> \/\/ FIP \u2013 Finance and Law (Zagreb), XII (2024), 2; 77-98<\/li>\n<li data-start=\"2083\" data-end=\"2131\">Matek, Petar-Pierre; \u0160poljar, Marko, <em data-start=\"3206\" data-end=\"3282\">Bank Resolution Regulation and its Effectiveness: A Case Study of Sberbank<\/em> \/\/ FIP \u2013 Finance and Law (Zagreb), XII (2024), 2; 9-31<\/li>\n<\/ol>\n<\/div>\n<\/div>\n<\/div>\n<\/div>\n<p>[\/et_pb_text][\/et_pb_column][\/et_pb_row][\/et_pb_section]<\/p>\n","protected":false},"excerpt":{"rendered":"<p>LecturersPetar-Pierre MatekCoursesPetar-Pierre Matek, Ph.D.Professor of professional studies Graduated from the Faculty of Economics in Zagreb in 1996 with a focus on Business Economics &#8211; Finance. Earned a Master&#8217;s degree in International Finance from Louis Pasteur University in Strasbourg in 1997. He obtained a PhD in Law from the European Faculty of Law (Nova University) in [&hellip;]<\/p>\n","protected":false},"author":12,"featured_media":0,"parent":0,"menu_order":0,"comment_status":"closed","ping_status":"closed","template":"","meta":{"_et_pb_use_builder":"on","_et_pb_old_content":"","_et_gb_content_width":"","footnotes":""},"yoast_head":"<!-- This site is optimized with the Yoast SEO plugin v22.7 - https:\/\/yoast.com\/wordpress\/plugins\/seo\/ -->\n<title>Petar-Pierre Matek - EFFECTUS veleu\u010dili\u0161te<\/title>\n<meta name=\"robots\" content=\"index, follow, max-snippet:-1, max-image-preview:large, max-video-preview:-1\" \/>\n<link rel=\"canonical\" href=\"https:\/\/effectus.com.hr\/en\/petar-pierre-matek\/\" \/>\n<meta property=\"og:locale\" content=\"en_US\" \/>\n<meta property=\"og:type\" content=\"article\" \/>\n<meta property=\"og:title\" content=\"Petar-Pierre Matek - EFFECTUS veleu\u010dili\u0161te\" \/>\n<meta property=\"og:description\" content=\"LecturersPetar-Pierre MatekCoursesPetar-Pierre Matek, Ph.D.Professor of professional studies Graduated from the Faculty of Economics in Zagreb in 1996 with a focus on Business Economics - Finance. Earned a Master&#039;s degree in International Finance from Louis Pasteur University in Strasbourg in 1997. He obtained a PhD in Law from the European Faculty of Law (Nova University) in [&hellip;]\" \/>\n<meta property=\"og:url\" content=\"https:\/\/effectus.com.hr\/en\/petar-pierre-matek\/\" \/>\n<meta property=\"og:site_name\" content=\"EFFECTUS veleu\u010dili\u0161te\" \/>\n<meta property=\"article:modified_time\" content=\"2025-04-10T09:14:01+00:00\" \/>\n<meta name=\"twitter:card\" content=\"summary_large_image\" \/>\n<meta name=\"twitter:label1\" content=\"Est. reading time\" \/>\n\t<meta name=\"twitter:data1\" content=\"3 minutes\" \/>\n<script type=\"application\/ld+json\" class=\"yoast-schema-graph\">{\"@context\":\"https:\/\/schema.org\",\"@graph\":[{\"@type\":\"WebPage\",\"@id\":\"https:\/\/effectus.com.hr\/en\/petar-pierre-matek\/\",\"url\":\"https:\/\/effectus.com.hr\/en\/petar-pierre-matek\/\",\"name\":\"Petar-Pierre Matek - EFFECTUS veleu\u010dili\u0161te\",\"isPartOf\":{\"@id\":\"https:\/\/effectus.com.hr\/#website\"},\"datePublished\":\"2021-08-31T09:29:39+00:00\",\"dateModified\":\"2025-04-10T09:14:01+00:00\",\"breadcrumb\":{\"@id\":\"https:\/\/effectus.com.hr\/en\/petar-pierre-matek\/#breadcrumb\"},\"inLanguage\":\"en-US\",\"potentialAction\":[{\"@type\":\"ReadAction\",\"target\":[\"https:\/\/effectus.com.hr\/en\/petar-pierre-matek\/\"]}]},{\"@type\":\"BreadcrumbList\",\"@id\":\"https:\/\/effectus.com.hr\/en\/petar-pierre-matek\/#breadcrumb\",\"itemListElement\":[{\"@type\":\"ListItem\",\"position\":1,\"name\":\"Po\u010detna\",\"item\":\"https:\/\/effectus.com.hr\/en\/\"},{\"@type\":\"ListItem\",\"position\":2,\"name\":\"Petar-Pierre Matek\"}]},{\"@type\":\"WebSite\",\"@id\":\"https:\/\/effectus.com.hr\/#website\",\"url\":\"https:\/\/effectus.com.hr\/\",\"name\":\"EFFECTUS veleu\u010dili\u0161te\",\"description\":\"\",\"potentialAction\":[{\"@type\":\"SearchAction\",\"target\":{\"@type\":\"EntryPoint\",\"urlTemplate\":\"https:\/\/effectus.com.hr\/?s={search_term_string}\"},\"query-input\":\"required name=search_term_string\"}],\"inLanguage\":\"en-US\"}]}<\/script>\n<!-- \/ Yoast SEO plugin. -->","yoast_head_json":{"title":"Petar-Pierre Matek - EFFECTUS veleu\u010dili\u0161te","robots":{"index":"index","follow":"follow","max-snippet":"max-snippet:-1","max-image-preview":"max-image-preview:large","max-video-preview":"max-video-preview:-1"},"canonical":"https:\/\/effectus.com.hr\/en\/petar-pierre-matek\/","og_locale":"en_US","og_type":"article","og_title":"Petar-Pierre Matek - EFFECTUS veleu\u010dili\u0161te","og_description":"LecturersPetar-Pierre MatekCoursesPetar-Pierre Matek, Ph.D.Professor of professional studies Graduated from the Faculty of Economics in Zagreb in 1996 with a focus on Business Economics - Finance. Earned a Master's degree in International Finance from Louis Pasteur University in Strasbourg in 1997. He obtained a PhD in Law from the European Faculty of Law (Nova University) in [&hellip;]","og_url":"https:\/\/effectus.com.hr\/en\/petar-pierre-matek\/","og_site_name":"EFFECTUS veleu\u010dili\u0161te","article_modified_time":"2025-04-10T09:14:01+00:00","twitter_card":"summary_large_image","twitter_misc":{"Est. reading time":"3 minutes"},"schema":{"@context":"https:\/\/schema.org","@graph":[{"@type":"WebPage","@id":"https:\/\/effectus.com.hr\/en\/petar-pierre-matek\/","url":"https:\/\/effectus.com.hr\/en\/petar-pierre-matek\/","name":"Petar-Pierre Matek - EFFECTUS veleu\u010dili\u0161te","isPartOf":{"@id":"https:\/\/effectus.com.hr\/#website"},"datePublished":"2021-08-31T09:29:39+00:00","dateModified":"2025-04-10T09:14:01+00:00","breadcrumb":{"@id":"https:\/\/effectus.com.hr\/en\/petar-pierre-matek\/#breadcrumb"},"inLanguage":"en-US","potentialAction":[{"@type":"ReadAction","target":["https:\/\/effectus.com.hr\/en\/petar-pierre-matek\/"]}]},{"@type":"BreadcrumbList","@id":"https:\/\/effectus.com.hr\/en\/petar-pierre-matek\/#breadcrumb","itemListElement":[{"@type":"ListItem","position":1,"name":"Po\u010detna","item":"https:\/\/effectus.com.hr\/en\/"},{"@type":"ListItem","position":2,"name":"Petar-Pierre Matek"}]},{"@type":"WebSite","@id":"https:\/\/effectus.com.hr\/#website","url":"https:\/\/effectus.com.hr\/","name":"EFFECTUS veleu\u010dili\u0161te","description":"","potentialAction":[{"@type":"SearchAction","target":{"@type":"EntryPoint","urlTemplate":"https:\/\/effectus.com.hr\/?s={search_term_string}"},"query-input":"required name=search_term_string"}],"inLanguage":"en-US"}]}},"_links":{"self":[{"href":"https:\/\/effectus.com.hr\/en\/wp-json\/wp\/v2\/pages\/241417"}],"collection":[{"href":"https:\/\/effectus.com.hr\/en\/wp-json\/wp\/v2\/pages"}],"about":[{"href":"https:\/\/effectus.com.hr\/en\/wp-json\/wp\/v2\/types\/page"}],"author":[{"embeddable":true,"href":"https:\/\/effectus.com.hr\/en\/wp-json\/wp\/v2\/users\/12"}],"replies":[{"embeddable":true,"href":"https:\/\/effectus.com.hr\/en\/wp-json\/wp\/v2\/comments?post=241417"}],"version-history":[{"count":10,"href":"https:\/\/effectus.com.hr\/en\/wp-json\/wp\/v2\/pages\/241417\/revisions"}],"predecessor-version":[{"id":260631,"href":"https:\/\/effectus.com.hr\/en\/wp-json\/wp\/v2\/pages\/241417\/revisions\/260631"}],"wp:attachment":[{"href":"https:\/\/effectus.com.hr\/en\/wp-json\/wp\/v2\/media?parent=241417"}],"curies":[{"name":"wp","href":"https:\/\/api.w.org\/{rel}","templated":true}]}}