{"id":241627,"date":"2021-08-31T09:28:28","date_gmt":"2021-08-31T08:28:28","guid":{"rendered":"https:\/\/effectus.com.hr\/mladen-ilic\/"},"modified":"2025-04-09T15:17:19","modified_gmt":"2025-04-09T14:17:19","slug":"mladen-ilic","status":"publish","type":"page","link":"https:\/\/effectus.com.hr\/en\/mladen-ilic\/","title":{"rendered":"Mladen Ili\u0107"},"content":{"rendered":"<p>[et_pb_section fb_built=&#8221;1&#8243; disabled_on=&#8221;off|off|off&#8221; module_class=&#8221;eff-nastavnici-naslov&#8221; _builder_version=&#8221;4.16&#8243; _module_preset=&#8221;default&#8221; background_color=&#8221;#777a7e&#8221; background_image=&#8221;https:\/\/effectus.com.hr\/wp-content\/uploads\/2015\/12\/novosti-.head_stock-photo-visual-contents-concept-social-networking-service-streaming-video-global-communication-network-1896527446.jpg&#8221; custom_padding=&#8221;20px||20px||true|false&#8221; saved_tabs=&#8221;all&#8221; global_colors_info=&#8221;{}&#8221;][et_pb_row _builder_version=&#8221;4.16&#8243; _module_preset=&#8221;default&#8221; max_width=&#8221;1170px&#8221; global_colors_info=&#8221;{}&#8221;][et_pb_column type=&#8221;4_4&#8243; _builder_version=&#8221;4.16&#8243; _module_preset=&#8221;default&#8221; global_colors_info=&#8221;{}&#8221;][et_pb_text admin_label=&#8221;Novosti&#8221; _builder_version=&#8221;4.25.1&#8243; _module_preset=&#8221;default&#8221; text_text_color=&#8221;#FFFFFF&#8221; text_font_size=&#8221;43px&#8221; header_text_color=&#8221;#FFFFFF&#8221; header_font_size=&#8221;52px&#8221; header_4_text_color=&#8221;#FFFFFF&#8221; header_4_font_size=&#8221;23px&#8221; global_colors_info=&#8221;{}&#8221;]<\/p>\n<h1>Lecturers<\/h1>\n<p>[\/et_pb_text][\/et_pb_column][\/et_pb_row][\/et_pb_section][et_pb_section fb_built=&#8221;1&#8243; module_class=&#8221;eff-nastavnici&#8221; _builder_version=&#8221;4.16&#8243; global_colors_info=&#8221;{}&#8221;][et_pb_row column_structure=&#8221;2_5,3_5&#8243; _builder_version=&#8221;4.16&#8243; _module_preset=&#8221;default&#8221; max_width=&#8221;1170px&#8221; global_colors_info=&#8221;{}&#8221;][et_pb_column type=&#8221;2_5&#8243; _builder_version=&#8221;4.16&#8243; _module_preset=&#8221;default&#8221; global_colors_info=&#8221;{}&#8221;][et_pb_image src=&#8221;https:\/\/effectus.com.hr\/wp-content\/uploads\/2021\/08\/ilic.jpg&#8221; title_text=&#8221;ili\u0107&#8221; _builder_version=&#8221;4.16&#8243; _module_preset=&#8221;default&#8221; width=&#8221;100%&#8221; global_colors_info=&#8221;{}&#8221;][\/et_pb_image][et_pb_text disabled_on=&#8221;on|on|on&#8221; _builder_version=&#8221;4.16&#8243; _module_preset=&#8221;default&#8221; text_font_size=&#8221;16px&#8221; text_line_height=&#8221;1.8em&#8221; header_3_font=&#8221;|700|||||||&#8221; header_3_text_color=&#8221;#0065b3&#8243; header_3_font_size=&#8221;34px&#8221; custom_margin=&#8221;||19px|||&#8221; disabled=&#8221;on&#8221; global_colors_info=&#8221;{}&#8221;]<\/p>\n<div class=\"gdlr-core-pbf-element\">\n<div class=\"gdlr-core-title-item gdlr-core-item-pdb clearfix gdlr-core-left-align gdlr-core-title-item-caption-bottom gdlr-core-item-pdlr\">\n<div class=\"gdlr-core-title-item-title-wrap clearfix\">\n<h3 class=\"gdlr-core-personnel-list-title\"><a href=\"https:\/\/effectus.com.hr\/visoko\/nastavnici\/mladen-ilic\/\">Mladen Ili\u0107<\/a><\/h3>\n<\/div>\n<\/div>\n<\/div>\n<p>[\/et_pb_text][et_pb_blurb title=&#8221;mladen.ilic@gmail.com&#8221; use_icon=&#8221;on&#8221; font_icon=&#8221;&#xe076;||divi||400&#8243; icon_color=&#8221;#0065b3&#8243; icon_placement=&#8221;left&#8221; _builder_version=&#8221;4.16&#8243; _module_preset=&#8221;default&#8221; header_text_color=&#8221;#0065b3&#8243; header_font_size=&#8221;16px&#8221; header_line_height=&#8221;2.2em&#8221; custom_margin=&#8221;||12px|||&#8221; link_option_url=&#8221;mailto:mladen.ilic@gmail.com&#8221; custom_css_blurb_content=&#8221;padding-left: 11px !important;&#8221; global_colors_info=&#8221;{}&#8221;][\/et_pb_blurb][et_pb_blurb title=&#8221;CroRIS ID&#8221; use_icon=&#8221;on&#8221; font_icon=&#8221;&#xf47f;||fa||900&#8243; icon_color=&#8221;#0065b3&#8243; icon_placement=&#8221;left&#8221; _builder_version=&#8221;4.25.1&#8243; _module_preset=&#8221;default&#8221; header_text_color=&#8221;#0065b3&#8243; header_font_size=&#8221;16px&#8221; header_line_height=&#8221;2.2em&#8221; custom_margin=&#8221;||12px|||&#8221; link_option_url=&#8221;https:\/\/www.croris.hr\/osobe\/profil\/27378&#8243; custom_css_blurb_content=&#8221;padding-left: 11px !important;&#8221; global_colors_info=&#8221;{}&#8221;][\/et_pb_blurb][et_pb_text _builder_version=&#8221;4.25.1&#8243; _module_preset=&#8221;default&#8221; text_font_size=&#8221;16px&#8221; text_line_height=&#8221;1.8em&#8221; header_3_font=&#8221;|700|||||||&#8221; header_3_text_color=&#8221;#0065b3&#8243; header_3_font_size=&#8221;34px&#8221; custom_margin=&#8221;||19px|||&#8221; global_colors_info=&#8221;{}&#8221;]<\/p>\n<h3>Courses<\/h3>\n<p>[\/et_pb_text][et_pb_blurb title=&#8221;Public Sector Business Activity&#8221; use_icon=&#8221;on&#8221; font_icon=&#8221;&#x69;||divi||400&#8243; icon_color=&#8221;#0065b3&#8243; icon_placement=&#8221;left&#8221; _builder_version=&#8221;4.25.1&#8243; _module_preset=&#8221;default&#8221; header_text_color=&#8221;#333333&#8243; header_font_size=&#8221;16px&#8221; header_line_height=&#8221;1.5em&#8221; custom_margin=&#8221;||12px|||&#8221; link_option_url=&#8221;https:\/\/effectus.com.hr\/wp-content\/uploads\/2025\/04\/Public-Sector-Business-Activity.pdf&#8221; hover_enabled=&#8221;0&#8243; custom_css_blurb_content=&#8221;padding-left: 11px !important;&#8221; global_colors_info=&#8221;{}&#8221; sticky_enabled=&#8221;0&#8243;][\/et_pb_blurb][\/et_pb_column][et_pb_column type=&#8221;3_5&#8243; _builder_version=&#8221;4.16&#8243; _module_preset=&#8221;default&#8221; global_colors_info=&#8221;{}&#8221;][et_pb_text _builder_version=&#8221;4.25.1&#8243; _module_preset=&#8221;default&#8221; text_font_size=&#8221;16px&#8221; text_line_height=&#8221;1.8em&#8221; header_3_font=&#8221;|700|||||||&#8221; header_3_text_color=&#8221;#0065b3&#8243; header_3_font_size=&#8221;34px&#8221; header_4_font=&#8221;|700|||||||&#8221; header_4_text_color=&#8221;#0065b3&#8243; header_4_font_size=&#8221;25px&#8221; custom_margin=&#8221;||2px|||&#8221; global_colors_info=&#8221;{}&#8221;]<\/p>\n<h3 class=\"gdlr-core-personnel-list-title\">Mladen Ili\u0107, M.Sc.<\/h3>\n<p>[\/et_pb_text][et_pb_text _builder_version=&#8221;4.25.1&#8243; _module_preset=&#8221;default&#8221; text_font=&#8221;||on||||||&#8221; text_font_size=&#8221;16px&#8221; text_line_height=&#8221;1.6em&#8221; custom_margin=&#8221;||-2px|||&#8221; global_colors_info=&#8221;{}&#8221;]<\/p>\n<p>Senior Lecturer<\/p>\n<p>[\/et_pb_text][et_pb_text _builder_version=&#8221;4.25.1&#8243; _module_preset=&#8221;default&#8221; text_font_size=&#8221;16px&#8221; text_line_height=&#8221;1.8em&#8221; header_3_font=&#8221;|700|||||||&#8221; header_3_text_color=&#8221;#0065b3&#8243; header_3_font_size=&#8221;34px&#8221; custom_padding=&#8221;|||2px||&#8221; global_colors_info=&#8221;{}&#8221;]<\/p>\n<p class=\"\" data-start=\"23\" data-end=\"200\">Born on February 7, 1958, in Zagreb, he graduated from the <em data-start=\"82\" data-end=\"112\">Faculty of Political Science<\/em> and obtained a master&#8217;s degree from the <em data-start=\"153\" data-end=\"197\">Faculty of Economics, University of Zagreb<\/em>.<\/p>\n<p class=\"\" data-start=\"202\" data-end=\"343\">He works at the <em data-start=\"218\" data-end=\"258\">Ministry of Justice and Administration<\/em>, in the <em data-start=\"267\" data-end=\"304\">Department for Ethics and Integrity<\/em>, as a <em data-start=\"311\" data-end=\"340\">Senior Advisor \u2013 Specialist<\/em>.<\/p>\n<p class=\"\" data-start=\"345\" data-end=\"632\">He has participated in numerous national and international conferences and symposiums and is the author and co-author of papers in the fields of adult education, the Croatian Qualifications Framework, and entrepreneurship education, which have been published in conference proceedings.<\/p>\n<p class=\"\" data-start=\"634\" data-end=\"708\">He has attended several significant conferences and seminars, including:<\/p>\n<p class=\"\" data-start=\"710\" data-end=\"1578\">\u2013 The <em data-start=\"716\" data-end=\"803\">22nd International Scientific and Professional Conference &#8220;Accounting and Management&#8221;<\/em>, where he co-authored a paper on <em data-start=\"837\" data-end=\"927\">&#8220;The Application of Teaching Functions and Competencies in Distance Learning Conditions&#8221;<\/em>. The paper was published in the <em data-start=\"960\" data-end=\"1006\">Proceedings, Volume II \u2013 Professional Papers<\/em>.<br data-start=\"1007\" data-end=\"1010\" \/>\u2013 <em data-start=\"1012\" data-end=\"1097\">Workshop on the Application of Tools and Ethical Standards in Public Administration<\/em><br data-start=\"1097\" data-end=\"1100\" \/>\u2013 <em data-start=\"1102\" data-end=\"1143\">Train the Trainer: Competence-Based HRM<\/em><br data-start=\"1143\" data-end=\"1146\" \/>\u2013 <em data-start=\"1148\" data-end=\"1199\">Zagreb: &#8220;\u00c9thique et int\u00e9grit\u00e9 des fonctionnaires&#8221;<\/em><br data-start=\"1199\" data-end=\"1202\" \/>\u2013 <em data-start=\"1204\" data-end=\"1271\">China \u2013 Public Administration for Civil Servants of Middle Europe<\/em><br data-start=\"1271\" data-end=\"1274\" \/>\u2013 <em data-start=\"1276\" data-end=\"1340\">2012 \u2013 ReSPA &#8220;Evaluation of Policies in Public Administration&#8221;<\/em><br data-start=\"1340\" data-end=\"1343\" \/>\u2013 <em data-start=\"1345\" data-end=\"1480\">2011 \u2013 dbb Akademie Bonn, Danilovgrad (Montenegro): &#8220;Workshop on Training Civil Servants on Anti-Corruption in Public Administration&#8221;<\/em><br data-start=\"1480\" data-end=\"1483\" \/>\u2013 <em data-start=\"1485\" data-end=\"1576\">June 22-25, T\u00dcV Rheinland, dbb Akademie: Seminar on Anti-Corruption \u2013 &#8220;Integrity Manager&#8221;<\/em><\/p>\n<p class=\"\" data-start=\"1580\" data-end=\"1709\">He is also a <em data-start=\"1593\" data-end=\"1637\">member of the State Examination Commission<\/em> for the <em data-start=\"1646\" data-end=\"1671\">State Professional Exam<\/em> in the field of the <em data-start=\"1692\" data-end=\"1708\">European Union<\/em>.<\/p>\n<p><span data-ccp-props=\"{&quot;201341983&quot;:0,&quot;335551550&quot;:6,&quot;335551620&quot;:6,&quot;335559739&quot;:200,&quot;335559740&quot;:276}\">\u00a0<\/span><\/p>\n<p>[\/et_pb_text][\/et_pb_column][\/et_pb_row][\/et_pb_section]<\/p>\n","protected":false},"excerpt":{"rendered":"<p>Lecturers Mladen Ili\u0107 CoursesMladen Ili\u0107, M.Sc.Senior LecturerBorn on February 7, 1958, in Zagreb, he graduated from the Faculty of Political Science and obtained a master&#8217;s degree from the Faculty of Economics, University of Zagreb. He works at the Ministry of Justice and Administration, in the Department for Ethics and Integrity, as a Senior Advisor \u2013 [&hellip;]<\/p>\n","protected":false},"author":12,"featured_media":0,"parent":0,"menu_order":0,"comment_status":"closed","ping_status":"closed","template":"","meta":{"_et_pb_use_builder":"on","_et_pb_old_content":"","_et_gb_content_width":"","footnotes":""},"yoast_head":"<!-- This site is optimized with the Yoast SEO plugin v22.7 - https:\/\/yoast.com\/wordpress\/plugins\/seo\/ -->\n<title>Mladen Ili\u0107 - EFFECTUS veleu\u010dili\u0161te<\/title>\n<meta name=\"robots\" content=\"index, follow, max-snippet:-1, max-image-preview:large, max-video-preview:-1\" \/>\n<link rel=\"canonical\" href=\"https:\/\/effectus.com.hr\/en\/mladen-ilic\/\" \/>\n<meta property=\"og:locale\" content=\"en_US\" \/>\n<meta property=\"og:type\" content=\"article\" \/>\n<meta property=\"og:title\" content=\"Mladen Ili\u0107 - EFFECTUS veleu\u010dili\u0161te\" \/>\n<meta property=\"og:description\" content=\"Lecturers Mladen Ili\u0107 CoursesMladen Ili\u0107, M.Sc.Senior LecturerBorn on February 7, 1958, in Zagreb, he graduated from the Faculty of Political Science and obtained a master&#039;s degree from the Faculty of Economics, University of Zagreb. He works at the Ministry of Justice and Administration, in the Department for Ethics and Integrity, as a Senior Advisor \u2013 [&hellip;]\" \/>\n<meta property=\"og:url\" content=\"https:\/\/effectus.com.hr\/en\/mladen-ilic\/\" \/>\n<meta property=\"og:site_name\" content=\"EFFECTUS veleu\u010dili\u0161te\" \/>\n<meta property=\"article:modified_time\" content=\"2025-04-09T14:17:19+00:00\" \/>\n<meta name=\"twitter:card\" content=\"summary_large_image\" \/>\n<meta name=\"twitter:label1\" content=\"Est. reading time\" \/>\n\t<meta name=\"twitter:data1\" content=\"2 minutes\" \/>\n<script type=\"application\/ld+json\" class=\"yoast-schema-graph\">{\"@context\":\"https:\/\/schema.org\",\"@graph\":[{\"@type\":\"WebPage\",\"@id\":\"https:\/\/effectus.com.hr\/en\/mladen-ilic\/\",\"url\":\"https:\/\/effectus.com.hr\/en\/mladen-ilic\/\",\"name\":\"Mladen Ili\u0107 - EFFECTUS veleu\u010dili\u0161te\",\"isPartOf\":{\"@id\":\"https:\/\/effectus.com.hr\/#website\"},\"datePublished\":\"2021-08-31T08:28:28+00:00\",\"dateModified\":\"2025-04-09T14:17:19+00:00\",\"breadcrumb\":{\"@id\":\"https:\/\/effectus.com.hr\/en\/mladen-ilic\/#breadcrumb\"},\"inLanguage\":\"en-US\",\"potentialAction\":[{\"@type\":\"ReadAction\",\"target\":[\"https:\/\/effectus.com.hr\/en\/mladen-ilic\/\"]}]},{\"@type\":\"BreadcrumbList\",\"@id\":\"https:\/\/effectus.com.hr\/en\/mladen-ilic\/#breadcrumb\",\"itemListElement\":[{\"@type\":\"ListItem\",\"position\":1,\"name\":\"Po\u010detna\",\"item\":\"https:\/\/effectus.com.hr\/en\/\"},{\"@type\":\"ListItem\",\"position\":2,\"name\":\"Mladen Ili\u0107\"}]},{\"@type\":\"WebSite\",\"@id\":\"https:\/\/effectus.com.hr\/#website\",\"url\":\"https:\/\/effectus.com.hr\/\",\"name\":\"EFFECTUS veleu\u010dili\u0161te\",\"description\":\"\",\"potentialAction\":[{\"@type\":\"SearchAction\",\"target\":{\"@type\":\"EntryPoint\",\"urlTemplate\":\"https:\/\/effectus.com.hr\/?s={search_term_string}\"},\"query-input\":\"required name=search_term_string\"}],\"inLanguage\":\"en-US\"}]}<\/script>\n<!-- \/ Yoast SEO plugin. -->","yoast_head_json":{"title":"Mladen Ili\u0107 - EFFECTUS veleu\u010dili\u0161te","robots":{"index":"index","follow":"follow","max-snippet":"max-snippet:-1","max-image-preview":"max-image-preview:large","max-video-preview":"max-video-preview:-1"},"canonical":"https:\/\/effectus.com.hr\/en\/mladen-ilic\/","og_locale":"en_US","og_type":"article","og_title":"Mladen Ili\u0107 - EFFECTUS veleu\u010dili\u0161te","og_description":"Lecturers Mladen Ili\u0107 CoursesMladen Ili\u0107, M.Sc.Senior LecturerBorn on February 7, 1958, in Zagreb, he graduated from the Faculty of Political Science and obtained a master's degree from the Faculty of Economics, University of Zagreb. He works at the Ministry of Justice and Administration, in the Department for Ethics and Integrity, as a Senior Advisor \u2013 [&hellip;]","og_url":"https:\/\/effectus.com.hr\/en\/mladen-ilic\/","og_site_name":"EFFECTUS veleu\u010dili\u0161te","article_modified_time":"2025-04-09T14:17:19+00:00","twitter_card":"summary_large_image","twitter_misc":{"Est. reading time":"2 minutes"},"schema":{"@context":"https:\/\/schema.org","@graph":[{"@type":"WebPage","@id":"https:\/\/effectus.com.hr\/en\/mladen-ilic\/","url":"https:\/\/effectus.com.hr\/en\/mladen-ilic\/","name":"Mladen Ili\u0107 - EFFECTUS veleu\u010dili\u0161te","isPartOf":{"@id":"https:\/\/effectus.com.hr\/#website"},"datePublished":"2021-08-31T08:28:28+00:00","dateModified":"2025-04-09T14:17:19+00:00","breadcrumb":{"@id":"https:\/\/effectus.com.hr\/en\/mladen-ilic\/#breadcrumb"},"inLanguage":"en-US","potentialAction":[{"@type":"ReadAction","target":["https:\/\/effectus.com.hr\/en\/mladen-ilic\/"]}]},{"@type":"BreadcrumbList","@id":"https:\/\/effectus.com.hr\/en\/mladen-ilic\/#breadcrumb","itemListElement":[{"@type":"ListItem","position":1,"name":"Po\u010detna","item":"https:\/\/effectus.com.hr\/en\/"},{"@type":"ListItem","position":2,"name":"Mladen Ili\u0107"}]},{"@type":"WebSite","@id":"https:\/\/effectus.com.hr\/#website","url":"https:\/\/effectus.com.hr\/","name":"EFFECTUS veleu\u010dili\u0161te","description":"","potentialAction":[{"@type":"SearchAction","target":{"@type":"EntryPoint","urlTemplate":"https:\/\/effectus.com.hr\/?s={search_term_string}"},"query-input":"required name=search_term_string"}],"inLanguage":"en-US"}]}},"_links":{"self":[{"href":"https:\/\/effectus.com.hr\/en\/wp-json\/wp\/v2\/pages\/241627"}],"collection":[{"href":"https:\/\/effectus.com.hr\/en\/wp-json\/wp\/v2\/pages"}],"about":[{"href":"https:\/\/effectus.com.hr\/en\/wp-json\/wp\/v2\/types\/page"}],"author":[{"embeddable":true,"href":"https:\/\/effectus.com.hr\/en\/wp-json\/wp\/v2\/users\/12"}],"replies":[{"embeddable":true,"href":"https:\/\/effectus.com.hr\/en\/wp-json\/wp\/v2\/comments?post=241627"}],"version-history":[{"count":5,"href":"https:\/\/effectus.com.hr\/en\/wp-json\/wp\/v2\/pages\/241627\/revisions"}],"predecessor-version":[{"id":260482,"href":"https:\/\/effectus.com.hr\/en\/wp-json\/wp\/v2\/pages\/241627\/revisions\/260482"}],"wp:attachment":[{"href":"https:\/\/effectus.com.hr\/en\/wp-json\/wp\/v2\/media?parent=241627"}],"curies":[{"name":"wp","href":"https:\/\/api.w.org\/{rel}","templated":true}]}}