{"id":241628,"date":"2021-09-01T12:10:49","date_gmt":"2021-09-01T11:10:49","guid":{"rendered":"https:\/\/effectus.com.hr\/ratka-jurkovic\/"},"modified":"2025-09-25T13:35:27","modified_gmt":"2025-09-25T12:35:27","slug":"ratka-jurkovic","status":"publish","type":"page","link":"https:\/\/effectus.com.hr\/en\/ratka-jurkovic\/","title":{"rendered":"Ratka Jurkovi\u0107"},"content":{"rendered":"<p>[et_pb_section fb_built=&#8221;1&#8243; disabled_on=&#8221;off|off|off&#8221; module_class=&#8221;eff-nastavnici-naslov&#8221; _builder_version=&#8221;4.16&#8243; _module_preset=&#8221;default&#8221; background_color=&#8221;#777a7e&#8221; background_image=&#8221;https:\/\/effectus.com.hr\/wp-content\/uploads\/2015\/12\/novosti-.head_stock-photo-visual-contents-concept-social-networking-service-streaming-video-global-communication-network-1896527446.jpg&#8221; custom_padding=&#8221;20px||20px||true|false&#8221; saved_tabs=&#8221;all&#8221; global_colors_info=&#8221;{}&#8221;][et_pb_row _builder_version=&#8221;4.16&#8243; _module_preset=&#8221;default&#8221; max_width=&#8221;1170px&#8221; global_colors_info=&#8221;{}&#8221;][et_pb_column type=&#8221;4_4&#8243; _builder_version=&#8221;4.16&#8243; _module_preset=&#8221;default&#8221; global_colors_info=&#8221;{}&#8221;][et_pb_text admin_label=&#8221;Novosti&#8221; _builder_version=&#8221;4.25.1&#8243; _module_preset=&#8221;default&#8221; text_text_color=&#8221;#FFFFFF&#8221; text_font_size=&#8221;43px&#8221; header_text_color=&#8221;#FFFFFF&#8221; header_font_size=&#8221;52px&#8221; header_4_text_color=&#8221;#FFFFFF&#8221; header_4_font_size=&#8221;23px&#8221; global_colors_info=&#8221;{}&#8221;]<\/p>\n<h1>Lecturers<\/h1>\n<p>[\/et_pb_text][\/et_pb_column][\/et_pb_row][\/et_pb_section][et_pb_section fb_built=&#8221;1&#8243; module_class=&#8221;eff-nastavnici&#8221; _builder_version=&#8221;4.16&#8243; global_colors_info=&#8221;{}&#8221;][et_pb_row column_structure=&#8221;1_3,1_3,1_3&#8243; _builder_version=&#8221;4.16&#8243; _module_preset=&#8221;default&#8221; max_width=&#8221;1170px&#8221; min_height=&#8221;300.9px&#8221; custom_padding=&#8221;22px|||||&#8221; global_colors_info=&#8221;{}&#8221;][et_pb_column type=&#8221;1_3&#8243; _builder_version=&#8221;4.16&#8243; _module_preset=&#8221;default&#8221; global_colors_info=&#8221;{}&#8221;][et_pb_text disabled_on=&#8221;on|on|on&#8221; _builder_version=&#8221;4.16&#8243; _module_preset=&#8221;default&#8221; text_font_size=&#8221;16px&#8221; text_line_height=&#8221;1.8em&#8221; header_3_font=&#8221;|700|||||||&#8221; header_3_text_color=&#8221;#0065b3&#8243; header_3_font_size=&#8221;34px&#8221; custom_margin=&#8221;||19px|||&#8221; disabled=&#8221;on&#8221; global_colors_info=&#8221;{}&#8221;]<\/p>\n<div class=\"gdlr-core-pbf-element\">\n<div class=\"gdlr-core-title-item gdlr-core-item-pdb clearfix gdlr-core-left-align gdlr-core-title-item-caption-bottom gdlr-core-item-pdlr\">\n<div class=\"gdlr-core-title-item-title-wrap clearfix\">\n<h3 class=\"gdlr-core-title-item-title gdlr-core-skin-title \">Ratka Jurkovi\u0107<\/h3>\n<\/div>\n<\/div>\n<\/div>\n<p>[\/et_pb_text][et_pb_image src=&#8221;https:\/\/effectus.com.hr\/wp-content\/uploads\/2021\/12\/IMG_0530.jpg&#8221; title_text=&#8221;IMG_0530&#8243; _builder_version=&#8221;4.16&#8243; _module_preset=&#8221;default&#8221; global_colors_info=&#8221;{}&#8221;][\/et_pb_image][et_pb_blurb title=&#8221;ratka@svanconsulting.com&#8221; use_icon=&#8221;on&#8221; font_icon=&#8221;&#xe076;||divi||400&#8243; icon_color=&#8221;#0065b3&#8243; icon_placement=&#8221;left&#8221; _builder_version=&#8221;4.16&#8243; _module_preset=&#8221;default&#8221; header_text_color=&#8221;#0065b3&#8243; header_font_size=&#8221;16px&#8221; header_line_height=&#8221;2.2em&#8221; custom_margin=&#8221;||12px|||&#8221; link_option_url=&#8221;mailto:ratka@svanconsulting.com&#8221; custom_css_blurb_content=&#8221;padding-left: 11px !important;&#8221; global_colors_info=&#8221;{}&#8221;][\/et_pb_blurb][et_pb_blurb title=&#8221;CroRIS ID&#8221; use_icon=&#8221;on&#8221; font_icon=&#8221;&#xf47f;||fa||900&#8243; icon_color=&#8221;#0065b3&#8243; icon_placement=&#8221;left&#8221; _builder_version=&#8221;4.25.1&#8243; _module_preset=&#8221;default&#8221; header_text_color=&#8221;#0065b3&#8243; header_font_size=&#8221;16px&#8221; header_line_height=&#8221;2.2em&#8221; custom_margin=&#8221;||12px|||&#8221; link_option_url=&#8221;https:\/\/www.croris.hr\/osobe\/profil\/34629&#8243; custom_css_blurb_content=&#8221;padding-left: 11px !important;&#8221; global_colors_info=&#8221;{}&#8221;][\/et_pb_blurb][et_pb_blurb title=&#8221;Google Scholar&#8221; use_icon=&#8221;on&#8221; font_icon=&#8221;&#xf501;||fa||900&#8243; icon_color=&#8221;#0065b3&#8243; icon_placement=&#8221;left&#8221; _builder_version=&#8221;4.25.1&#8243; _module_preset=&#8221;default&#8221; header_text_color=&#8221;#0065b3&#8243; header_font_size=&#8221;16px&#8221; header_line_height=&#8221;2.2em&#8221; custom_margin=&#8221;||12px|||&#8221; link_option_url=&#8221;https:\/\/scholar.google.hr\/citations?user=Emr6bBkAAAAJ&#038;hl=hr&#038;oi=ao&#8221; custom_css_blurb_content=&#8221;padding-left: 11px !important;&#8221; global_colors_info=&#8221;{}&#8221;][\/et_pb_blurb][et_pb_text _builder_version=&#8221;4.25.1&#8243; _module_preset=&#8221;default&#8221; text_font_size=&#8221;16px&#8221; text_line_height=&#8221;1.8em&#8221; header_3_font=&#8221;|700|||||||&#8221; header_3_text_color=&#8221;#0065b3&#8243; header_3_font_size=&#8221;34px&#8221; custom_margin=&#8221;||19px|||&#8221; global_colors_info=&#8221;{}&#8221;]<\/p>\n<h3>Courses<\/h3>\n<p>[\/et_pb_text][et_pb_blurb title=&#8221;Economics and Business Analysis&#8221; use_icon=&#8221;on&#8221; font_icon=&#8221;&#x69;||divi||400&#8243; icon_color=&#8221;#0065b3&#8243; icon_placement=&#8221;left&#8221; _builder_version=&#8221;4.25.1&#8243; _module_preset=&#8221;default&#8221; header_text_color=&#8221;#333333&#8243; header_font_size=&#8221;16px&#8221; header_line_height=&#8221;1.5em&#8221; custom_margin=&#8221;||12px|||&#8221; link_option_url=&#8221;https:\/\/effectus.com.hr\/wp-content\/uploads\/2025\/04\/Economics-and-Business-Analysis.pdf&#8221; custom_css_blurb_content=&#8221;padding-left: 11px !important;&#8221; global_colors_info=&#8221;{}&#8221;][\/et_pb_blurb][et_pb_blurb title=&#8221;Behavioral public policies&#8221; use_icon=&#8221;on&#8221; font_icon=&#8221;&#x69;||divi||400&#8243; icon_color=&#8221;#0065b3&#8243; icon_placement=&#8221;left&#8221; _builder_version=&#8221;4.25.1&#8243; _module_preset=&#8221;default&#8221; header_text_color=&#8221;#333333&#8243; header_font_size=&#8221;16px&#8221; header_line_height=&#8221;1.5em&#8221; custom_margin=&#8221;||12px|||&#8221; link_option_url=&#8221;https:\/\/effectus.com.hr\/wp-content\/uploads\/2025\/04\/Behavioral-public-policies.pdf&#8221; custom_css_blurb_content=&#8221;padding-left: 11px !important;&#8221; global_colors_info=&#8221;{}&#8221;][\/et_pb_blurb][et_pb_blurb title=&#8221;Behavioral economics&#8221; use_icon=&#8221;on&#8221; font_icon=&#8221;&#x69;||divi||400&#8243; icon_color=&#8221;#0065b3&#8243; icon_placement=&#8221;left&#8221; _builder_version=&#8221;4.25.1&#8243; _module_preset=&#8221;default&#8221; header_text_color=&#8221;#333333&#8243; header_font_size=&#8221;16px&#8221; header_line_height=&#8221;1.5em&#8221; custom_margin=&#8221;||12px|||&#8221; link_option_url=&#8221;https:\/\/effectus.com.hr\/wp-content\/uploads\/2025\/04\/Behavioral-economics.pdf&#8221; custom_css_blurb_content=&#8221;padding-left: 11px !important;&#8221; global_colors_info=&#8221;{}&#8221;][\/et_pb_blurb][et_pb_blurb title=&#8221;Entrepreneurship and Innovation&#8221; use_icon=&#8221;on&#8221; font_icon=&#8221;&#x69;||divi||400&#8243; icon_color=&#8221;#0065b3&#8243; icon_placement=&#8221;left&#8221; _builder_version=&#8221;4.25.1&#8243; _module_preset=&#8221;default&#8221; header_text_color=&#8221;#333333&#8243; header_font_size=&#8221;16px&#8221; header_line_height=&#8221;1.5em&#8221; custom_margin=&#8221;||12px|||&#8221; link_option_url=&#8221;https:\/\/effectus.com.hr\/wp-content\/uploads\/2025\/02\/Entrepreneurship-and-Innovation-1.pdf&#8221; custom_css_blurb_content=&#8221;padding-left: 11px !important;&#8221; global_colors_info=&#8221;{}&#8221;][\/et_pb_blurb][et_pb_blurb title=&#8221;Entrepreneurship and Innovation&#8221; use_icon=&#8221;on&#8221; font_icon=&#8221;&#x69;||divi||400&#8243; icon_color=&#8221;#0065b3&#8243; icon_placement=&#8221;left&#8221; _builder_version=&#8221;4.25.1&#8243; _module_preset=&#8221;default&#8221; header_text_color=&#8221;#333333&#8243; header_font_size=&#8221;16px&#8221; header_line_height=&#8221;1.5em&#8221; custom_margin=&#8221;||12px|||&#8221; link_option_url=&#8221;https:\/\/effectus.com.hr\/wp-content\/uploads\/2025\/04\/Entrepreneurship-and-Innovation.pdf&#8221; custom_css_blurb_content=&#8221;padding-left: 11px !important;&#8221; global_colors_info=&#8221;{}&#8221;][\/et_pb_blurb][et_pb_blurb title=&#8221;Ethics in Business and Management &#8221; use_icon=&#8221;on&#8221; font_icon=&#8221;&#x69;||divi||400&#8243; icon_color=&#8221;#0065b3&#8243; icon_placement=&#8221;left&#8221; _builder_version=&#8221;4.25.1&#8243; _module_preset=&#8221;default&#8221; header_text_color=&#8221;#333333&#8243; header_font_size=&#8221;16px&#8221; header_line_height=&#8221;1.5em&#8221; custom_margin=&#8221;||12px|||&#8221; hover_enabled=&#8221;0&#8243; custom_css_blurb_content=&#8221;padding-left: 11px !important;&#8221; global_colors_info=&#8221;{}&#8221; sticky_enabled=&#8221;0&#8243;][\/et_pb_blurb][\/et_pb_column][et_pb_column type=&#8221;1_3&#8243; _builder_version=&#8221;4.16&#8243; _module_preset=&#8221;default&#8221; global_colors_info=&#8221;{}&#8221;][et_pb_text _builder_version=&#8221;4.25.1&#8243; _module_preset=&#8221;default&#8221; text_font_size=&#8221;16px&#8221; text_line_height=&#8221;1.8em&#8221; header_3_font=&#8221;|700|||||||&#8221; header_3_text_color=&#8221;#0065b3&#8243; header_3_font_size=&#8221;34px&#8221; header_4_font=&#8221;|700|||||||&#8221; header_4_text_color=&#8221;#0065b3&#8243; header_4_font_size=&#8221;25px&#8221; custom_margin=&#8221;||2px|||&#8221; global_colors_info=&#8221;{}&#8221;]<\/p>\n<div class=\"gdlr-core-pbf-element\">\n<div class=\"gdlr-core-title-item gdlr-core-item-pdb clearfix  gdlr-core-left-align gdlr-core-title-item-caption-bottom gdlr-core-item-pdlr\">\n<div class=\"gdlr-core-title-item-title-wrap clearfix\">\n<h4 class=\"gdlr-core-title-item-title gdlr-core-skin-title \">Ratka Jurkovi\u0107, Univ. Mag. Oec.<\/h4>\n<\/div>\n<\/div>\n<\/div>\n<p>[\/et_pb_text][et_pb_text _builder_version=&#8221;4.25.1&#8243; _module_preset=&#8221;default&#8221; text_font=&#8221;||on||||||&#8221; text_font_size=&#8221;16px&#8221; text_line_height=&#8221;1.6em&#8221; custom_margin=&#8221;|-387px|-2px|||&#8221; custom_padding=&#8221;|0px||||&#8221; global_colors_info=&#8221;{}&#8221;]<\/p>\n<p>Senior Lecturer<\/p>\n<p class=\"\" data-start=\"23\" data-end=\"141\">She graduated from the <em data-start=\"46\" data-end=\"78\">Faculty of Economics in Zagreb<\/em> and completed a master&#8217;s degree in <em data-start=\"114\" data-end=\"122\">Norway<\/em> and at <em data-start=\"130\" data-end=\"138\">Oxford<\/em>.<\/p>\n<p class=\"\" data-start=\"143\" data-end=\"627\">With over 20 years of experience in entrepreneurship, she began acquiring her first entrepreneurial skills as a teenager in the family business, which later led to the establishment of her own consulting business. She has extensive consulting experience in the field of <em data-start=\"413\" data-end=\"439\">\u201csoft\u201d managerial skills<\/em> (decision-making techniques in organizations, meeting management, business leadership, employee motivation, teamwork, and group dynamics) for Croatian companies and public institutions.<\/p>\n<p class=\"\" data-start=\"629\" data-end=\"818\">In addition to consulting, she works on <em data-start=\"669\" data-end=\"706\">international and domestic projects<\/em>, conducts <em data-start=\"717\" data-end=\"739\">&#8220;train the trainers&#8221;<\/em> programs, and provides <em data-start=\"763\" data-end=\"784\">individual coaching<\/em> for managers and entrepreneurs.<\/p>\n<p class=\"\" data-start=\"820\" data-end=\"1064\">She is a <em data-start=\"829\" data-end=\"845\">guest lecturer<\/em> at <em data-start=\"849\" data-end=\"884\">Croatian and foreign universities<\/em> and business schools (<em data-start=\"907\" data-end=\"958\">Norway, Belgium, the Netherlands, Germany, Latvia<\/em>), where she teaches <em data-start=\"979\" data-end=\"1061\">business ethics, economics, business leadership, and multicultural communication<\/em>.<\/p>\n<p class=\"\" data-start=\"1066\" data-end=\"1373\">She is the <em data-start=\"1077\" data-end=\"1099\">author and co-author<\/em> of several books and manuals in the fields of <em data-start=\"1146\" data-end=\"1219\">entrepreneurship, management, decision-making, and communication skills<\/em>. Her <em data-start=\"1225\" data-end=\"1248\">professional articles<\/em> are published in leading Croatian business magazines such as <em data-start=\"1310\" data-end=\"1372\">Poslovni savjetnik, Lider, Poslovni dnevnik, and Business.hr<\/em>.<\/p>\n<p>[\/et_pb_text][\/et_pb_column][et_pb_column type=&#8221;1_3&#8243; _builder_version=&#8221;4.16&#8243; _module_preset=&#8221;default&#8221; global_colors_info=&#8221;{}&#8221;][\/et_pb_column][\/et_pb_row][\/et_pb_section]<\/p>\n","protected":false},"excerpt":{"rendered":"<p>Lecturers Ratka Jurkovi\u0107 Courses Ratka Jurkovi\u0107, Univ. Mag. Oec. Senior Lecturer She graduated from the Faculty of Economics in Zagreb and completed a master&#8217;s degree in Norway and at Oxford. With over 20 years of experience in entrepreneurship, she began acquiring her first entrepreneurial skills as a teenager in the family business, which later led [&hellip;]<\/p>\n","protected":false},"author":12,"featured_media":0,"parent":0,"menu_order":0,"comment_status":"closed","ping_status":"closed","template":"","meta":{"_et_pb_use_builder":"on","_et_pb_old_content":"","_et_gb_content_width":"","footnotes":""},"yoast_head":"<!-- This site is optimized with the Yoast SEO plugin v22.7 - https:\/\/yoast.com\/wordpress\/plugins\/seo\/ -->\n<title>Ratka Jurkovi\u0107 - EFFECTUS veleu\u010dili\u0161te<\/title>\n<meta name=\"robots\" content=\"index, follow, max-snippet:-1, max-image-preview:large, max-video-preview:-1\" \/>\n<link rel=\"canonical\" href=\"https:\/\/effectus.com.hr\/en\/ratka-jurkovic\/\" \/>\n<meta property=\"og:locale\" content=\"en_US\" \/>\n<meta property=\"og:type\" content=\"article\" \/>\n<meta property=\"og:title\" content=\"Ratka Jurkovi\u0107 - EFFECTUS veleu\u010dili\u0161te\" \/>\n<meta property=\"og:description\" content=\"Lecturers Ratka Jurkovi\u0107 Courses Ratka Jurkovi\u0107, Univ. Mag. Oec. Senior Lecturer She graduated from the Faculty of Economics in Zagreb and completed a master&#039;s degree in Norway and at Oxford. With over 20 years of experience in entrepreneurship, she began acquiring her first entrepreneurial skills as a teenager in the family business, which later led [&hellip;]\" \/>\n<meta property=\"og:url\" content=\"https:\/\/effectus.com.hr\/en\/ratka-jurkovic\/\" \/>\n<meta property=\"og:site_name\" content=\"EFFECTUS veleu\u010dili\u0161te\" \/>\n<meta property=\"article:modified_time\" content=\"2025-09-25T12:35:27+00:00\" \/>\n<meta name=\"twitter:card\" content=\"summary_large_image\" \/>\n<meta name=\"twitter:label1\" content=\"Est. reading time\" \/>\n\t<meta name=\"twitter:data1\" content=\"2 minutes\" \/>\n<script type=\"application\/ld+json\" class=\"yoast-schema-graph\">{\"@context\":\"https:\/\/schema.org\",\"@graph\":[{\"@type\":\"WebPage\",\"@id\":\"https:\/\/effectus.com.hr\/en\/ratka-jurkovic\/\",\"url\":\"https:\/\/effectus.com.hr\/en\/ratka-jurkovic\/\",\"name\":\"Ratka Jurkovi\u0107 - EFFECTUS veleu\u010dili\u0161te\",\"isPartOf\":{\"@id\":\"https:\/\/effectus.com.hr\/#website\"},\"datePublished\":\"2021-09-01T11:10:49+00:00\",\"dateModified\":\"2025-09-25T12:35:27+00:00\",\"breadcrumb\":{\"@id\":\"https:\/\/effectus.com.hr\/en\/ratka-jurkovic\/#breadcrumb\"},\"inLanguage\":\"en-US\",\"potentialAction\":[{\"@type\":\"ReadAction\",\"target\":[\"https:\/\/effectus.com.hr\/en\/ratka-jurkovic\/\"]}]},{\"@type\":\"BreadcrumbList\",\"@id\":\"https:\/\/effectus.com.hr\/en\/ratka-jurkovic\/#breadcrumb\",\"itemListElement\":[{\"@type\":\"ListItem\",\"position\":1,\"name\":\"Po\u010detna\",\"item\":\"https:\/\/effectus.com.hr\/en\/\"},{\"@type\":\"ListItem\",\"position\":2,\"name\":\"Ratka Jurkovi\u0107\"}]},{\"@type\":\"WebSite\",\"@id\":\"https:\/\/effectus.com.hr\/#website\",\"url\":\"https:\/\/effectus.com.hr\/\",\"name\":\"EFFECTUS veleu\u010dili\u0161te\",\"description\":\"\",\"potentialAction\":[{\"@type\":\"SearchAction\",\"target\":{\"@type\":\"EntryPoint\",\"urlTemplate\":\"https:\/\/effectus.com.hr\/?s={search_term_string}\"},\"query-input\":\"required name=search_term_string\"}],\"inLanguage\":\"en-US\"}]}<\/script>\n<!-- \/ Yoast SEO plugin. -->","yoast_head_json":{"title":"Ratka Jurkovi\u0107 - EFFECTUS veleu\u010dili\u0161te","robots":{"index":"index","follow":"follow","max-snippet":"max-snippet:-1","max-image-preview":"max-image-preview:large","max-video-preview":"max-video-preview:-1"},"canonical":"https:\/\/effectus.com.hr\/en\/ratka-jurkovic\/","og_locale":"en_US","og_type":"article","og_title":"Ratka Jurkovi\u0107 - EFFECTUS veleu\u010dili\u0161te","og_description":"Lecturers Ratka Jurkovi\u0107 Courses Ratka Jurkovi\u0107, Univ. Mag. Oec. Senior Lecturer She graduated from the Faculty of Economics in Zagreb and completed a master's degree in Norway and at Oxford. With over 20 years of experience in entrepreneurship, she began acquiring her first entrepreneurial skills as a teenager in the family business, which later led [&hellip;]","og_url":"https:\/\/effectus.com.hr\/en\/ratka-jurkovic\/","og_site_name":"EFFECTUS veleu\u010dili\u0161te","article_modified_time":"2025-09-25T12:35:27+00:00","twitter_card":"summary_large_image","twitter_misc":{"Est. reading time":"2 minutes"},"schema":{"@context":"https:\/\/schema.org","@graph":[{"@type":"WebPage","@id":"https:\/\/effectus.com.hr\/en\/ratka-jurkovic\/","url":"https:\/\/effectus.com.hr\/en\/ratka-jurkovic\/","name":"Ratka Jurkovi\u0107 - EFFECTUS veleu\u010dili\u0161te","isPartOf":{"@id":"https:\/\/effectus.com.hr\/#website"},"datePublished":"2021-09-01T11:10:49+00:00","dateModified":"2025-09-25T12:35:27+00:00","breadcrumb":{"@id":"https:\/\/effectus.com.hr\/en\/ratka-jurkovic\/#breadcrumb"},"inLanguage":"en-US","potentialAction":[{"@type":"ReadAction","target":["https:\/\/effectus.com.hr\/en\/ratka-jurkovic\/"]}]},{"@type":"BreadcrumbList","@id":"https:\/\/effectus.com.hr\/en\/ratka-jurkovic\/#breadcrumb","itemListElement":[{"@type":"ListItem","position":1,"name":"Po\u010detna","item":"https:\/\/effectus.com.hr\/en\/"},{"@type":"ListItem","position":2,"name":"Ratka Jurkovi\u0107"}]},{"@type":"WebSite","@id":"https:\/\/effectus.com.hr\/#website","url":"https:\/\/effectus.com.hr\/","name":"EFFECTUS veleu\u010dili\u0161te","description":"","potentialAction":[{"@type":"SearchAction","target":{"@type":"EntryPoint","urlTemplate":"https:\/\/effectus.com.hr\/?s={search_term_string}"},"query-input":"required name=search_term_string"}],"inLanguage":"en-US"}]}},"_links":{"self":[{"href":"https:\/\/effectus.com.hr\/en\/wp-json\/wp\/v2\/pages\/241628"}],"collection":[{"href":"https:\/\/effectus.com.hr\/en\/wp-json\/wp\/v2\/pages"}],"about":[{"href":"https:\/\/effectus.com.hr\/en\/wp-json\/wp\/v2\/types\/page"}],"author":[{"embeddable":true,"href":"https:\/\/effectus.com.hr\/en\/wp-json\/wp\/v2\/users\/12"}],"replies":[{"embeddable":true,"href":"https:\/\/effectus.com.hr\/en\/wp-json\/wp\/v2\/comments?post=241628"}],"version-history":[{"count":11,"href":"https:\/\/effectus.com.hr\/en\/wp-json\/wp\/v2\/pages\/241628\/revisions"}],"predecessor-version":[{"id":262602,"href":"https:\/\/effectus.com.hr\/en\/wp-json\/wp\/v2\/pages\/241628\/revisions\/262602"}],"wp:attachment":[{"href":"https:\/\/effectus.com.hr\/en\/wp-json\/wp\/v2\/media?parent=241628"}],"curies":[{"name":"wp","href":"https:\/\/api.w.org\/{rel}","templated":true}]}}