{"id":241630,"date":"2022-03-01T10:30:16","date_gmt":"2022-03-01T09:30:16","guid":{"rendered":"https:\/\/effectus.com.hr\/hrvoje-patajac\/"},"modified":"2025-03-28T16:46:23","modified_gmt":"2025-03-28T15:46:23","slug":"hrvoje-patajac","status":"publish","type":"page","link":"https:\/\/effectus.com.hr\/en\/hrvoje-patajac\/","title":{"rendered":"Hrvoje Patajac"},"content":{"rendered":"<p>[et_pb_section fb_built=&#8221;1&#8243; disabled_on=&#8221;off|off|off&#8221; module_class=&#8221;eff-nastavnici-naslov&#8221; _builder_version=&#8221;4.16&#8243; _module_preset=&#8221;default&#8221; background_color=&#8221;#777a7e&#8221; background_image=&#8221;https:\/\/effectus.com.hr\/wp-content\/uploads\/2015\/12\/novosti-.head_stock-photo-visual-contents-concept-social-networking-service-streaming-video-global-communication-network-1896527446.jpg&#8221; custom_padding=&#8221;20px||20px||true|false&#8221; saved_tabs=&#8221;all&#8221; global_colors_info=&#8221;{}&#8221;][et_pb_row _builder_version=&#8221;4.16&#8243; _module_preset=&#8221;default&#8221; max_width=&#8221;1170px&#8221; global_colors_info=&#8221;{}&#8221;][et_pb_column type=&#8221;4_4&#8243; _builder_version=&#8221;4.16&#8243; _module_preset=&#8221;default&#8221; global_colors_info=&#8221;{}&#8221;][et_pb_text admin_label=&#8221;Novosti&#8221; _builder_version=&#8221;4.25.1&#8243; _module_preset=&#8221;default&#8221; text_text_color=&#8221;#FFFFFF&#8221; text_font_size=&#8221;43px&#8221; header_text_color=&#8221;#FFFFFF&#8221; header_font_size=&#8221;52px&#8221; header_4_text_color=&#8221;#FFFFFF&#8221; header_4_font_size=&#8221;23px&#8221; global_colors_info=&#8221;{}&#8221;]<\/p>\n<h1>Lecturers<\/h1>\n<p>[\/et_pb_text][\/et_pb_column][\/et_pb_row][\/et_pb_section][et_pb_section fb_built=&#8221;1&#8243; module_class=&#8221;eff-nastavnici&#8221; _builder_version=&#8221;4.16&#8243; global_colors_info=&#8221;{}&#8221;][et_pb_row column_structure=&#8221;2_5,3_5&#8243; _builder_version=&#8221;4.16&#8243; _module_preset=&#8221;default&#8221; max_width=&#8221;1170px&#8221; global_colors_info=&#8221;{}&#8221;][et_pb_column type=&#8221;2_5&#8243; _builder_version=&#8221;4.16&#8243; _module_preset=&#8221;default&#8221; global_colors_info=&#8221;{}&#8221;][et_pb_image title_text=&#8221;Aljo\u0161a-\u0160estanovi\u0107&#8221; _builder_version=&#8221;4.16&#8243; _module_preset=&#8221;default&#8221; width=&#8221;100%&#8221; global_colors_info=&#8221;{}&#8221;][\/et_pb_image][et_pb_text disabled_on=&#8221;on|on|on&#8221; _builder_version=&#8221;4.25.1&#8243; _module_preset=&#8221;default&#8221; text_font_size=&#8221;16px&#8221; text_line_height=&#8221;1.8em&#8221; header_3_font=&#8221;|700|||||||&#8221; header_3_text_color=&#8221;#0065b3&#8243; header_3_font_size=&#8221;34px&#8221; custom_margin=&#8221;||19px|||&#8221; disabled=&#8221;on&#8221; global_colors_info=&#8221;{}&#8221;]<\/p>\n<div class=\"gdlr-core-pbf-element\">\n<div class=\"gdlr-core-title-item gdlr-core-item-pdb clearfix gdlr-core-left-align gdlr-core-title-item-caption-bottom gdlr-core-item-pdlr\">\n<div class=\"gdlr-core-title-item-title-wrap clearfix\">\n<h3 class=\"gdlr-core-personnel-info-item-title\">Hrvoje Patajac<\/h3>\n<\/div>\n<\/div>\n<\/div>\n<p>[\/et_pb_text][et_pb_blurb title=&#8221;hrvoje.patajac@adris.hr&#8221; use_icon=&#8221;on&#8221; font_icon=&#8221;&#xe076;||divi||400&#8243; icon_color=&#8221;#0065b3&#8243; icon_placement=&#8221;left&#8221; _builder_version=&#8221;4.16&#8243; _module_preset=&#8221;default&#8221; header_text_color=&#8221;#0065b3&#8243; header_font_size=&#8221;16px&#8221; header_line_height=&#8221;2.2em&#8221; custom_margin=&#8221;||12px|||&#8221; link_option_url=&#8221;mailto:asestan@effectus.com.hr&#8221; custom_css_blurb_content=&#8221;padding-left: 11px !important;&#8221; global_colors_info=&#8221;{}&#8221;][\/et_pb_blurb][et_pb_blurb title=&#8221;CroRIS ID&#8221; use_icon=&#8221;on&#8221; font_icon=&#8221;&#xf47f;||fa||900&#8243; icon_color=&#8221;#0065b3&#8243; icon_placement=&#8221;left&#8221; _builder_version=&#8221;4.25.1&#8243; _module_preset=&#8221;default&#8221; header_text_color=&#8221;#0065b3&#8243; header_font_size=&#8221;16px&#8221; header_line_height=&#8221;2.2em&#8221; custom_margin=&#8221;||12px|||&#8221; link_option_url=&#8221;https:\/\/www.croris.hr\/osobe\/profil\/46249&#8243; custom_css_blurb_content=&#8221;padding-left: 11px !important;&#8221; global_colors_info=&#8221;{}&#8221;][\/et_pb_blurb][et_pb_divider show_divider=&#8221;off&#8221; _builder_version=&#8221;4.16&#8243; _module_preset=&#8221;default&#8221; global_colors_info=&#8221;{}&#8221;][\/et_pb_divider][et_pb_text _builder_version=&#8221;4.25.1&#8243; _module_preset=&#8221;default&#8221; text_font_size=&#8221;16px&#8221; text_line_height=&#8221;1.8em&#8221; header_3_font=&#8221;|700|||||||&#8221; header_3_text_color=&#8221;#0065b3&#8243; header_3_font_size=&#8221;34px&#8221; custom_margin=&#8221;||19px|||&#8221; global_colors_info=&#8221;{}&#8221;]<\/p>\n<h3>Courses<\/h3>\n<p>[\/et_pb_text][et_pb_blurb title=&#8221;Kontroling&#8221; use_icon=&#8221;on&#8221; font_icon=&#8221;&#x69;||divi||400&#8243; icon_color=&#8221;#0065b3&#8243; icon_placement=&#8221;left&#8221; _builder_version=&#8221;4.16&#8243; _module_preset=&#8221;default&#8221; header_text_color=&#8221;#333333&#8243; header_font_size=&#8221;16px&#8221; header_line_height=&#8221;1.5em&#8221; custom_margin=&#8221;||12px|||&#8221; link_option_url=&#8221;https:\/\/effectus.com.hr\/menadzment-financija\/kontroling\/&#8221; custom_css_blurb_content=&#8221;padding-left: 11px !important;&#8221; global_colors_info=&#8221;{}&#8221;][\/et_pb_blurb][et_pb_blurb title=&#8221;Strategijski menad\u017ement&#8221; use_icon=&#8221;on&#8221; font_icon=&#8221;&#x69;||divi||400&#8243; icon_color=&#8221;#0065b3&#8243; icon_placement=&#8221;left&#8221; _builder_version=&#8221;4.16&#8243; _module_preset=&#8221;default&#8221; header_text_color=&#8221;#333333&#8243; header_font_size=&#8221;16px&#8221; header_line_height=&#8221;1.5em&#8221; custom_margin=&#8221;||12px|||&#8221; link_option_url=&#8221;https:\/\/effectus.com.hr\/menadzment-financija\/strategijski-menadzment\/&#8221; custom_css_blurb_content=&#8221;padding-left: 11px !important;&#8221; global_colors_info=&#8221;{}&#8221;][\/et_pb_blurb][et_pb_blurb title=&#8221;Krizni menad\u017ement&#8221; use_icon=&#8221;on&#8221; font_icon=&#8221;&#x69;||divi||400&#8243; icon_color=&#8221;#0065b3&#8243; icon_placement=&#8221;left&#8221; _builder_version=&#8221;4.25.1&#8243; _module_preset=&#8221;default&#8221; header_text_color=&#8221;#333333&#8243; header_font_size=&#8221;16px&#8221; header_line_height=&#8221;1.5em&#8221; custom_margin=&#8221;||12px|||&#8221; custom_css_blurb_content=&#8221;padding-left: 11px !important;&#8221; global_colors_info=&#8221;{}&#8221;][\/et_pb_blurb][et_pb_blurb title=&#8221;Izrada investicijskog projekta &#8211; praktikum&#8221; use_icon=&#8221;on&#8221; font_icon=&#8221;&#x69;||divi||400&#8243; icon_color=&#8221;#0065b3&#8243; icon_placement=&#8221;left&#8221; _builder_version=&#8221;4.25.1&#8243; _module_preset=&#8221;default&#8221; header_text_color=&#8221;#333333&#8243; header_font_size=&#8221;16px&#8221; header_line_height=&#8221;1.5em&#8221; custom_margin=&#8221;||12px|||&#8221; custom_css_blurb_content=&#8221;padding-left: 11px !important;&#8221; global_colors_info=&#8221;{}&#8221;][\/et_pb_blurb][\/et_pb_column][et_pb_column type=&#8221;3_5&#8243; _builder_version=&#8221;4.16&#8243; _module_preset=&#8221;default&#8221; global_colors_info=&#8221;{}&#8221;][et_pb_text _builder_version=&#8221;4.25.1&#8243; _module_preset=&#8221;default&#8221; text_font_size=&#8221;16px&#8221; text_line_height=&#8221;1.8em&#8221; header_3_font=&#8221;|700|||||||&#8221; header_3_text_color=&#8221;#0065b3&#8243; header_3_font_size=&#8221;34px&#8221; header_4_font=&#8221;|700|||||||&#8221; header_4_text_color=&#8221;#0065b3&#8243; header_4_font_size=&#8221;25px&#8221; custom_margin=&#8221;||2px|||&#8221; global_colors_info=&#8221;{}&#8221;]<\/p>\n<div class=\"gdlr-core-pbf-element\">\n<div class=\"gdlr-core-title-item gdlr-core-item-pdb clearfix gdlr-core-left-align gdlr-core-title-item-caption-bottom gdlr-core-item-pdlr\">\n<div class=\"gdlr-core-title-item-title-wrap clearfix\">\n<h3 class=\"gdlr-core-personnel-info-item-title\">Hrvoje Patajac, M.Sc.<\/h3>\n<\/div>\n<\/div>\n<\/div>\n<p>[\/et_pb_text][et_pb_text _builder_version=&#8221;4.25.1&#8243; _module_preset=&#8221;default&#8221; hover_enabled=&#8221;0&#8243; sticky_enabled=&#8221;0&#8243;]<\/p>\n<p><em>Lecturer<\/em><\/p>\n<p>[\/et_pb_text][et_pb_text _builder_version=&#8221;4.25.1&#8243; _module_preset=&#8221;default&#8221; text_font_size=&#8221;16px&#8221; text_line_height=&#8221;1.8em&#8221; header_3_font=&#8221;|700|||||||&#8221; header_3_text_color=&#8221;#0065b3&#8243; header_3_font_size=&#8221;34px&#8221; hover_enabled=&#8221;0&#8243; global_colors_info=&#8221;{}&#8221; sticky_enabled=&#8221;0&#8243;]<\/p>\n<p class=\"\" data-start=\"30\" data-end=\"299\"><strong data-start=\"30\" data-end=\"51\">Graduated in 1995<\/strong> from the <strong data-start=\"61\" data-end=\"112\">Faculty of Electrical Engineering and Computing<\/strong>. Completed the <strong data-start=\"128\" data-end=\"159\">Diploma Study in Management<\/strong> program at the same faculty. <strong data-start=\"189\" data-end=\"217\">Earned a Master&#8217;s degree<\/strong> in <strong data-start=\"221\" data-end=\"242\">Corporate Finance<\/strong> in <strong data-start=\"246\" data-end=\"254\">2002<\/strong> from the <strong data-start=\"264\" data-end=\"298\">Faculty of Economics in Zagreb<\/strong>.<\/p>\n<p class=\"\" data-start=\"301\" data-end=\"762\">He furthered his education in <strong data-start=\"331\" data-end=\"352\">business strategy<\/strong> and <strong data-start=\"357\" data-end=\"378\">corporate finance<\/strong> at <strong data-start=\"382\" data-end=\"392\">INSEAD<\/strong> in <strong data-start=\"396\" data-end=\"405\">Paris<\/strong>. He has undergone various training programs in Croatia, both external and internal, in areas such as <strong data-start=\"507\" data-end=\"528\">business strategy<\/strong>, <strong data-start=\"530\" data-end=\"545\">controlling<\/strong>, <strong data-start=\"547\" data-end=\"554\">ESG<\/strong>, and <strong data-start=\"560\" data-end=\"605\">using artificial intelligence in business<\/strong>. Additionally, he regularly attends webinars organized by the global consulting firm <strong data-start=\"691\" data-end=\"703\">McKinsey<\/strong>, focusing on <strong data-start=\"717\" data-end=\"738\">growth strategies<\/strong> and <strong data-start=\"743\" data-end=\"761\">value creation<\/strong>.<\/p>\n<p class=\"\" data-start=\"764\" data-end=\"1365\">His first work experience was in the <strong data-start=\"801\" data-end=\"814\">IT sector<\/strong> with the company <strong data-start=\"832\" data-end=\"840\">MIPS<\/strong>, where he worked on numerous development projects. Later, he worked in <strong data-start=\"912\" data-end=\"926\">Nexe Group<\/strong> in <strong data-start=\"930\" data-end=\"936\">IT<\/strong> and <strong data-start=\"941\" data-end=\"956\">controlling<\/strong>, followed by a role at <strong data-start=\"980\" data-end=\"1000\">Farmacija Zagreb<\/strong> as the <strong data-start=\"1008\" data-end=\"1031\">controlling manager<\/strong>. He is currently the <strong data-start=\"1053\" data-end=\"1080\">Director of Controlling<\/strong> at <strong data-start=\"1084\" data-end=\"1099\">Adris Group<\/strong>. He joined the Adris team in <strong data-start=\"1129\" data-end=\"1137\">2003<\/strong>. His main task is the implementation of controlling at the Group level, providing support for <strong data-start=\"1232\" data-end=\"1274\">tactical and strategic decision-making<\/strong>. He has participated in numerous development and transformation projects within the Group.<\/p>\n<p class=\"\" data-start=\"1367\" data-end=\"1546\">He is a member of the <strong data-start=\"1389\" data-end=\"1410\">Supervisory Board<\/strong> of several companies: <strong data-start=\"1433\" data-end=\"1453\">Adris Grupa d.d.<\/strong>, <strong data-start=\"1455\" data-end=\"1472\">Cromaris d.d.<\/strong>, <strong data-start=\"1474\" data-end=\"1490\">Maistra d.d.<\/strong>, <strong data-start=\"1492\" data-end=\"1511\">HUP-Zagreb d.d.<\/strong>, and <strong data-start=\"1517\" data-end=\"1544\">Croatia Osiguranje d.d.<\/strong>.<\/p>\n<p class=\"\" data-start=\"1548\" data-end=\"1663\">He is a member of the <strong data-start=\"1570\" data-end=\"1619\">Board of the Croatian Controllers Association<\/strong> at the <strong data-start=\"1627\" data-end=\"1661\">Faculty of Economics in Rijeka<\/strong>.<\/p>\n<p class=\"\" data-start=\"1665\" data-end=\"1962\">He has published about <strong data-start=\"1688\" data-end=\"1733\">twenty scientific and professional papers<\/strong> in the fields of <strong data-start=\"1751\" data-end=\"1766\">controlling<\/strong> and <strong data-start=\"1771\" data-end=\"1792\">business strategy<\/strong>. He has participated as a speaker at <strong data-start=\"1830\" data-end=\"1858\">professional conferences<\/strong> and <strong data-start=\"1863\" data-end=\"1876\">workshops<\/strong> on <strong data-start=\"1880\" data-end=\"1895\">controlling<\/strong> and <strong data-start=\"1900\" data-end=\"1921\">business strategy<\/strong>, both domestically and internationally.<\/p>\n<p class=\"\" data-start=\"1964\" data-end=\"2281\">He is a guest lecturer in the <strong data-start=\"1994\" data-end=\"2044\">postgraduate specialist study of &#8220;Controlling&#8221;<\/strong> at the <strong data-start=\"2052\" data-end=\"2086\">Faculty of Economics in Rijeka<\/strong>. Occasionally, he teaches at <strong data-start=\"2116\" data-end=\"2124\">Z\u0160EM<\/strong>, the <strong data-start=\"2130\" data-end=\"2164\">Faculty of Economics in Zagreb<\/strong>, the <strong data-start=\"2170\" data-end=\"2233\">Faculty of Management in Tourism and Hospitality in Opatija<\/strong>, and at the <strong data-start=\"2246\" data-end=\"2279\">Luxembourg School of Business<\/strong>.<\/p>\n<p class=\"\" data-start=\"2283\" data-end=\"2542\">Since <strong data-start=\"2289\" data-end=\"2297\">2019<\/strong>, he has worked as an <strong data-start=\"2319\" data-end=\"2354\">external associate and lecturer<\/strong> at <strong data-start=\"2358\" data-end=\"2401\">Effectus University of Applied Sciences<\/strong>, teaching courses such as <strong data-start=\"2428\" data-end=\"2443\">Controlling<\/strong>, <strong data-start=\"2445\" data-end=\"2466\">Crisis Management<\/strong>, <strong data-start=\"2468\" data-end=\"2492\">Strategic Management<\/strong>, and <strong data-start=\"2498\" data-end=\"2541\">Investment Project Creation \u2013 Practicum<\/strong>.<\/p>\n<p>&nbsp;<\/p>\n<p>&nbsp;<\/p>\n<p>[\/et_pb_text][\/et_pb_column][\/et_pb_row][\/et_pb_section]<\/p>\n","protected":false},"excerpt":{"rendered":"<p>Lecturers Hrvoje Patajac Courses Hrvoje Patajac, M.Sc. LecturerGraduated in 1995 from the Faculty of Electrical Engineering and Computing. Completed the Diploma Study in Management program at the same faculty. Earned a Master&#8217;s degree in Corporate Finance in 2002 from the Faculty of Economics in Zagreb. He furthered his education in business strategy and corporate finance [&hellip;]<\/p>\n","protected":false},"author":11,"featured_media":0,"parent":0,"menu_order":0,"comment_status":"closed","ping_status":"closed","template":"","meta":{"_et_pb_use_builder":"on","_et_pb_old_content":"","_et_gb_content_width":"","footnotes":""},"yoast_head":"<!-- This site is optimized with the Yoast SEO plugin v22.7 - https:\/\/yoast.com\/wordpress\/plugins\/seo\/ -->\n<title>Hrvoje Patajac - EFFECTUS veleu\u010dili\u0161te<\/title>\n<meta name=\"robots\" content=\"index, follow, max-snippet:-1, max-image-preview:large, max-video-preview:-1\" \/>\n<link rel=\"canonical\" href=\"https:\/\/effectus.com.hr\/en\/hrvoje-patajac\/\" \/>\n<meta property=\"og:locale\" content=\"en_US\" \/>\n<meta property=\"og:type\" content=\"article\" \/>\n<meta property=\"og:title\" content=\"Hrvoje Patajac - EFFECTUS veleu\u010dili\u0161te\" \/>\n<meta property=\"og:description\" content=\"Lecturers Hrvoje Patajac Courses Hrvoje Patajac, M.Sc. LecturerGraduated in 1995 from the Faculty of Electrical Engineering and Computing. Completed the Diploma Study in Management program at the same faculty. Earned a Master&#039;s degree in Corporate Finance in 2002 from the Faculty of Economics in Zagreb. He furthered his education in business strategy and corporate finance [&hellip;]\" \/>\n<meta property=\"og:url\" content=\"https:\/\/effectus.com.hr\/en\/hrvoje-patajac\/\" \/>\n<meta property=\"og:site_name\" content=\"EFFECTUS veleu\u010dili\u0161te\" \/>\n<meta property=\"article:modified_time\" content=\"2025-03-28T15:46:23+00:00\" \/>\n<meta name=\"twitter:card\" content=\"summary_large_image\" \/>\n<meta name=\"twitter:label1\" content=\"Est. reading time\" \/>\n\t<meta name=\"twitter:data1\" content=\"3 minutes\" \/>\n<script type=\"application\/ld+json\" class=\"yoast-schema-graph\">{\"@context\":\"https:\/\/schema.org\",\"@graph\":[{\"@type\":\"WebPage\",\"@id\":\"https:\/\/effectus.com.hr\/en\/hrvoje-patajac\/\",\"url\":\"https:\/\/effectus.com.hr\/en\/hrvoje-patajac\/\",\"name\":\"Hrvoje Patajac - EFFECTUS veleu\u010dili\u0161te\",\"isPartOf\":{\"@id\":\"https:\/\/effectus.com.hr\/#website\"},\"datePublished\":\"2022-03-01T09:30:16+00:00\",\"dateModified\":\"2025-03-28T15:46:23+00:00\",\"breadcrumb\":{\"@id\":\"https:\/\/effectus.com.hr\/en\/hrvoje-patajac\/#breadcrumb\"},\"inLanguage\":\"en-US\",\"potentialAction\":[{\"@type\":\"ReadAction\",\"target\":[\"https:\/\/effectus.com.hr\/en\/hrvoje-patajac\/\"]}]},{\"@type\":\"BreadcrumbList\",\"@id\":\"https:\/\/effectus.com.hr\/en\/hrvoje-patajac\/#breadcrumb\",\"itemListElement\":[{\"@type\":\"ListItem\",\"position\":1,\"name\":\"Po\u010detna\",\"item\":\"https:\/\/effectus.com.hr\/en\/\"},{\"@type\":\"ListItem\",\"position\":2,\"name\":\"Hrvoje Patajac\"}]},{\"@type\":\"WebSite\",\"@id\":\"https:\/\/effectus.com.hr\/#website\",\"url\":\"https:\/\/effectus.com.hr\/\",\"name\":\"EFFECTUS veleu\u010dili\u0161te\",\"description\":\"\",\"potentialAction\":[{\"@type\":\"SearchAction\",\"target\":{\"@type\":\"EntryPoint\",\"urlTemplate\":\"https:\/\/effectus.com.hr\/?s={search_term_string}\"},\"query-input\":\"required name=search_term_string\"}],\"inLanguage\":\"en-US\"}]}<\/script>\n<!-- \/ Yoast SEO plugin. -->","yoast_head_json":{"title":"Hrvoje Patajac - EFFECTUS veleu\u010dili\u0161te","robots":{"index":"index","follow":"follow","max-snippet":"max-snippet:-1","max-image-preview":"max-image-preview:large","max-video-preview":"max-video-preview:-1"},"canonical":"https:\/\/effectus.com.hr\/en\/hrvoje-patajac\/","og_locale":"en_US","og_type":"article","og_title":"Hrvoje Patajac - EFFECTUS veleu\u010dili\u0161te","og_description":"Lecturers Hrvoje Patajac Courses Hrvoje Patajac, M.Sc. LecturerGraduated in 1995 from the Faculty of Electrical Engineering and Computing. Completed the Diploma Study in Management program at the same faculty. Earned a Master's degree in Corporate Finance in 2002 from the Faculty of Economics in Zagreb. He furthered his education in business strategy and corporate finance [&hellip;]","og_url":"https:\/\/effectus.com.hr\/en\/hrvoje-patajac\/","og_site_name":"EFFECTUS veleu\u010dili\u0161te","article_modified_time":"2025-03-28T15:46:23+00:00","twitter_card":"summary_large_image","twitter_misc":{"Est. reading time":"3 minutes"},"schema":{"@context":"https:\/\/schema.org","@graph":[{"@type":"WebPage","@id":"https:\/\/effectus.com.hr\/en\/hrvoje-patajac\/","url":"https:\/\/effectus.com.hr\/en\/hrvoje-patajac\/","name":"Hrvoje Patajac - EFFECTUS veleu\u010dili\u0161te","isPartOf":{"@id":"https:\/\/effectus.com.hr\/#website"},"datePublished":"2022-03-01T09:30:16+00:00","dateModified":"2025-03-28T15:46:23+00:00","breadcrumb":{"@id":"https:\/\/effectus.com.hr\/en\/hrvoje-patajac\/#breadcrumb"},"inLanguage":"en-US","potentialAction":[{"@type":"ReadAction","target":["https:\/\/effectus.com.hr\/en\/hrvoje-patajac\/"]}]},{"@type":"BreadcrumbList","@id":"https:\/\/effectus.com.hr\/en\/hrvoje-patajac\/#breadcrumb","itemListElement":[{"@type":"ListItem","position":1,"name":"Po\u010detna","item":"https:\/\/effectus.com.hr\/en\/"},{"@type":"ListItem","position":2,"name":"Hrvoje Patajac"}]},{"@type":"WebSite","@id":"https:\/\/effectus.com.hr\/#website","url":"https:\/\/effectus.com.hr\/","name":"EFFECTUS veleu\u010dili\u0161te","description":"","potentialAction":[{"@type":"SearchAction","target":{"@type":"EntryPoint","urlTemplate":"https:\/\/effectus.com.hr\/?s={search_term_string}"},"query-input":"required name=search_term_string"}],"inLanguage":"en-US"}]}},"_links":{"self":[{"href":"https:\/\/effectus.com.hr\/en\/wp-json\/wp\/v2\/pages\/241630"}],"collection":[{"href":"https:\/\/effectus.com.hr\/en\/wp-json\/wp\/v2\/pages"}],"about":[{"href":"https:\/\/effectus.com.hr\/en\/wp-json\/wp\/v2\/types\/page"}],"author":[{"embeddable":true,"href":"https:\/\/effectus.com.hr\/en\/wp-json\/wp\/v2\/users\/11"}],"replies":[{"embeddable":true,"href":"https:\/\/effectus.com.hr\/en\/wp-json\/wp\/v2\/comments?post=241630"}],"version-history":[{"count":6,"href":"https:\/\/effectus.com.hr\/en\/wp-json\/wp\/v2\/pages\/241630\/revisions"}],"predecessor-version":[{"id":259683,"href":"https:\/\/effectus.com.hr\/en\/wp-json\/wp\/v2\/pages\/241630\/revisions\/259683"}],"wp:attachment":[{"href":"https:\/\/effectus.com.hr\/en\/wp-json\/wp\/v2\/media?parent=241630"}],"curies":[{"name":"wp","href":"https:\/\/api.w.org\/{rel}","templated":true}]}}