{"id":241657,"date":"2021-08-31T09:04:42","date_gmt":"2021-08-31T08:04:42","guid":{"rendered":"https:\/\/effectus.com.hr\/blazenka-deanovic\/"},"modified":"2025-04-09T15:05:56","modified_gmt":"2025-04-09T14:05:56","slug":"blazenka-deanovic","status":"publish","type":"page","link":"https:\/\/effectus.com.hr\/en\/blazenka-deanovic\/","title":{"rendered":"Bla\u017eenka Deanovi\u0107"},"content":{"rendered":"<p>[et_pb_section fb_built=&#8221;1&#8243; disabled_on=&#8221;off|off|off&#8221; module_class=&#8221;eff-nastavnici-naslov&#8221; _builder_version=&#8221;4.16&#8243; _module_preset=&#8221;default&#8221; background_color=&#8221;#777a7e&#8221; background_image=&#8221;https:\/\/effectus.com.hr\/wp-content\/uploads\/2015\/12\/novosti-.head_stock-photo-visual-contents-concept-social-networking-service-streaming-video-global-communication-network-1896527446.jpg&#8221; custom_padding=&#8221;20px||20px||true|false&#8221; saved_tabs=&#8221;all&#8221; global_colors_info=&#8221;{}&#8221;][et_pb_row _builder_version=&#8221;4.16&#8243; _module_preset=&#8221;default&#8221; max_width=&#8221;1170px&#8221; global_colors_info=&#8221;{}&#8221;][et_pb_column type=&#8221;4_4&#8243; _builder_version=&#8221;4.16&#8243; _module_preset=&#8221;default&#8221; global_colors_info=&#8221;{}&#8221;][et_pb_text admin_label=&#8221;Novosti&#8221; _builder_version=&#8221;4.25.1&#8243; _module_preset=&#8221;default&#8221; text_text_color=&#8221;#FFFFFF&#8221; text_font_size=&#8221;43px&#8221; header_text_color=&#8221;#FFFFFF&#8221; header_font_size=&#8221;52px&#8221; header_4_text_color=&#8221;#FFFFFF&#8221; header_4_font_size=&#8221;23px&#8221; global_colors_info=&#8221;{}&#8221;]<\/p>\n<h1>Lecturers<\/h1>\n<p>[\/et_pb_text][\/et_pb_column][\/et_pb_row][\/et_pb_section][et_pb_section fb_built=&#8221;1&#8243; module_class=&#8221;eff-nastavnici&#8221; _builder_version=&#8221;4.16&#8243; global_colors_info=&#8221;{}&#8221;][et_pb_row column_structure=&#8221;2_5,3_5&#8243; _builder_version=&#8221;4.16&#8243; _module_preset=&#8221;default&#8221; max_width=&#8221;1170px&#8221; global_colors_info=&#8221;{}&#8221;][et_pb_column type=&#8221;2_5&#8243; _builder_version=&#8221;4.16&#8243; _module_preset=&#8221;default&#8221; global_colors_info=&#8221;{}&#8221;][et_pb_image src=&#8221;https:\/\/effectus.com.hr\/wp-content\/uploads\/2021\/08\/deanovic.jpg&#8221; title_text=&#8221;deanovi\u0107&#8221; _builder_version=&#8221;4.16&#8243; _module_preset=&#8221;default&#8221; width=&#8221;100%&#8221; global_colors_info=&#8221;{}&#8221;][\/et_pb_image][et_pb_text disabled_on=&#8221;on|on|on&#8221; _builder_version=&#8221;4.16&#8243; _module_preset=&#8221;default&#8221; text_font_size=&#8221;16px&#8221; text_line_height=&#8221;1.8em&#8221; header_3_font=&#8221;|700|||||||&#8221; header_3_text_color=&#8221;#0065b3&#8243; header_3_font_size=&#8221;34px&#8221; custom_margin=&#8221;||19px|||&#8221; disabled=&#8221;on&#8221; global_colors_info=&#8221;{}&#8221;]<\/p>\n<div class=\"gdlr-core-pbf-element\">\n<div class=\"gdlr-core-title-item gdlr-core-item-pdb clearfix gdlr-core-left-align gdlr-core-title-item-caption-bottom gdlr-core-item-pdlr\">\n<div class=\"gdlr-core-title-item-title-wrap clearfix\">\n<h3 class=\"gdlr-core-personnel-list-title\"><a href=\"https:\/\/effectus.com.hr\/visoko\/nastavnici\/blazenka-deanovic\/\">Bla\u017eenka Deanovi\u0107<\/a><\/h3>\n<\/div>\n<\/div>\n<\/div>\n<p>[\/et_pb_text][et_pb_blurb title=&#8221;bdeanovic@effectus.com.hr&#8221; use_icon=&#8221;on&#8221; font_icon=&#8221;&#xe076;||divi||400&#8243; icon_color=&#8221;#0065b3&#8243; icon_placement=&#8221;left&#8221; _builder_version=&#8221;4.16&#8243; _module_preset=&#8221;default&#8221; header_text_color=&#8221;#0065b3&#8243; header_font_size=&#8221;16px&#8221; header_line_height=&#8221;2.2em&#8221; custom_margin=&#8221;||12px|||&#8221; link_option_url=&#8221;mailto:bdeanovic@effectus.com.hr&#8221; custom_css_blurb_content=&#8221;padding-left: 11px !important;&#8221; global_colors_info=&#8221;{}&#8221;][\/et_pb_blurb][et_pb_blurb title=&#8221;CroRIS ID&#8221; use_icon=&#8221;on&#8221; font_icon=&#8221;&#xf47f;||fa||900&#8243; icon_color=&#8221;#0065b3&#8243; icon_placement=&#8221;left&#8221; _builder_version=&#8221;4.25.1&#8243; _module_preset=&#8221;default&#8221; header_text_color=&#8221;#0065b3&#8243; header_font_size=&#8221;16px&#8221; header_line_height=&#8221;2.2em&#8221; custom_margin=&#8221;||12px|||&#8221; link_option_url=&#8221;https:\/\/www.croris.hr\/osobe\/profil\/47656%20&#8243; custom_css_blurb_content=&#8221;padding-left: 11px !important;&#8221; global_colors_info=&#8221;{}&#8221;][\/et_pb_blurb][et_pb_blurb title=&#8221;Google Scholar&#8221; use_icon=&#8221;on&#8221; font_icon=&#8221;&#xf501;||fa||900&#8243; icon_color=&#8221;#0065b3&#8243; icon_placement=&#8221;left&#8221; _builder_version=&#8221;4.25.1&#8243; _module_preset=&#8221;default&#8221; header_text_color=&#8221;#0065b3&#8243; header_font_size=&#8221;16px&#8221; header_line_height=&#8221;2.2em&#8221; custom_margin=&#8221;||12px|||&#8221; link_option_url=&#8221;https:\/\/scholar.google.hr\/citations?hl=hr&#038;user=l_7M9JMAAAAJ&#8221; custom_css_blurb_content=&#8221;padding-left: 11px !important;&#8221; global_colors_info=&#8221;{}&#8221;][\/et_pb_blurb][et_pb_divider show_divider=&#8221;off&#8221; _builder_version=&#8221;4.16&#8243; _module_preset=&#8221;default&#8221; global_colors_info=&#8221;{}&#8221;][\/et_pb_divider][et_pb_text _builder_version=&#8221;4.25.1&#8243; _module_preset=&#8221;default&#8221; text_font_size=&#8221;16px&#8221; text_line_height=&#8221;1.8em&#8221; header_3_font=&#8221;|700|||||||&#8221; header_3_text_color=&#8221;#0065b3&#8243; header_3_font_size=&#8221;34px&#8221; custom_margin=&#8221;||19px|||&#8221; global_colors_info=&#8221;{}&#8221;]<\/p>\n<h3>Courses<\/h3>\n<p>[\/et_pb_text][et_pb_blurb title=&#8221;Student Internship&#8221; use_icon=&#8221;on&#8221; font_icon=&#8221;&#x69;||divi||400&#8243; icon_color=&#8221;#0065b3&#8243; icon_placement=&#8221;left&#8221; _builder_version=&#8221;4.25.1&#8243; _module_preset=&#8221;default&#8221; header_text_color=&#8221;#333333&#8243; header_font_size=&#8221;16px&#8221; header_line_height=&#8221;1.5em&#8221; custom_margin=&#8221;||12px|||&#8221; link_option_url=&#8221;https:\/\/effectus.com.hr\/wp-content\/uploads\/2025\/02\/Student-Internship.pdf&#8221; custom_css_blurb_content=&#8221;padding-left: 11px !important;&#8221; global_colors_info=&#8221;{}&#8221;][\/et_pb_blurb][et_pb_blurb title=&#8221;Student Internship&#8221; use_icon=&#8221;on&#8221; font_icon=&#8221;&#x69;||divi||400&#8243; icon_color=&#8221;#0065b3&#8243; icon_placement=&#8221;left&#8221; _builder_version=&#8221;4.25.1&#8243; _module_preset=&#8221;default&#8221; header_text_color=&#8221;#333333&#8243; header_font_size=&#8221;16px&#8221; header_line_height=&#8221;1.5em&#8221; custom_margin=&#8221;||12px|||&#8221; link_option_url=&#8221;https:\/\/effectus.com.hr\/wp-content\/uploads\/2025\/04\/Student-internship.pdf&#8221; hover_enabled=&#8221;0&#8243; custom_css_blurb_content=&#8221;padding-left: 11px !important;&#8221; global_colors_info=&#8221;{}&#8221; sticky_enabled=&#8221;0&#8243;][\/et_pb_blurb][\/et_pb_column][et_pb_column type=&#8221;3_5&#8243; _builder_version=&#8221;4.16&#8243; _module_preset=&#8221;default&#8221; global_colors_info=&#8221;{}&#8221;][et_pb_text _builder_version=&#8221;4.25.1&#8243; _module_preset=&#8221;default&#8221; text_font_size=&#8221;16px&#8221; text_line_height=&#8221;1.8em&#8221; header_3_font=&#8221;|700|||||||&#8221; header_3_text_color=&#8221;#0065b3&#8243; header_3_font_size=&#8221;34px&#8221; header_4_font=&#8221;|700|||||||&#8221; header_4_text_color=&#8221;#0065b3&#8243; header_4_font_size=&#8221;25px&#8221; custom_margin=&#8221;||2px|||&#8221; global_colors_info=&#8221;{}&#8221;]<\/p>\n<div class=\"gdlr-core-pbf-element\">\n<div class=\"gdlr-core-title-item gdlr-core-item-pdb clearfix gdlr-core-left-align gdlr-core-title-item-caption-bottom gdlr-core-item-pdlr\">\n<div class=\"gdlr-core-title-item-title-wrap clearfix\">\n<h3 class=\"gdlr-core-personnel-list-title\"><a href=\"https:\/\/effectus.com.hr\/en\/blazenka-deanovic\/\">Bla\u017eenka Deanovi\u0107, M.Sc. Oec.<\/a><\/h3>\n<\/div>\n<\/div>\n<\/div>\n<p>[\/et_pb_text][et_pb_text _builder_version=&#8221;4.25.1&#8243; _module_preset=&#8221;default&#8221; text_font=&#8221;||on||||||&#8221; text_font_size=&#8221;16px&#8221; text_line_height=&#8221;1.6em&#8221; custom_margin=&#8221;||-2px|||&#8221; global_colors_info=&#8221;{}&#8221;]<\/p>\n<p>Lecturer<\/p>\n<p>[\/et_pb_text][et_pb_text _builder_version=&#8221;4.25.1&#8243; _module_preset=&#8221;default&#8221; text_font_size=&#8221;16px&#8221; text_line_height=&#8221;1.8em&#8221; header_3_font=&#8221;|700|||||||&#8221; header_3_text_color=&#8221;#0065b3&#8243; header_3_font_size=&#8221;34px&#8221; global_colors_info=&#8221;{}&#8221;]<\/p>\n<p>Bla\u017eenka Deanovi\u0107 was born on April 18, 1989, in Zagreb. She completed her general gymnasium education in 2008. She graduated from the Finance and Law undergraduate program at the Effectus College for Finance and Law in 2013. In the same year, she enrolled in the specialized graduate program in Finance Management at Effectus College, completing it in September 2015. Her master&#8217;s thesis was titled &#8220;Overview of non-contentious procedures in the legal system of the Republic of Croatia with a special focus on enforcement.&#8221;<\/p>\n<p>Throughout her entire studies, she actively engaged in projects and promotion of the Student Council. In 2015, she was employed as an assistant at the Effectus College, where she conducted exercises and seminar classes in the subjects of Foundations of Civil Law, Law on Obligations, and Property Law. After meeting the requirements in 2019, she was appointed as a lecturer in the field of law. In the last few years at Effectus College, she has served as the Head of the Career Center and Assistant Head of the Finance Department.<\/p>\n<p>[\/et_pb_text][\/et_pb_column][\/et_pb_row][\/et_pb_section]<\/p>\n","protected":false},"excerpt":{"rendered":"<p>Lecturers Bla\u017eenka Deanovi\u0107 Courses Bla\u017eenka Deanovi\u0107, M.Sc. Oec. LecturerBla\u017eenka Deanovi\u0107 was born on April 18, 1989, in Zagreb. She completed her general gymnasium education in 2008. She graduated from the Finance and Law undergraduate program at the Effectus College for Finance and Law in 2013. In the same year, she enrolled in the specialized graduate [&hellip;]<\/p>\n","protected":false},"author":12,"featured_media":0,"parent":0,"menu_order":0,"comment_status":"closed","ping_status":"closed","template":"","meta":{"_et_pb_use_builder":"on","_et_pb_old_content":"","_et_gb_content_width":"","footnotes":""},"yoast_head":"<!-- This site is optimized with the Yoast SEO plugin v22.7 - https:\/\/yoast.com\/wordpress\/plugins\/seo\/ -->\n<title>Bla\u017eenka Deanovi\u0107 - EFFECTUS veleu\u010dili\u0161te<\/title>\n<meta name=\"robots\" content=\"index, follow, max-snippet:-1, max-image-preview:large, max-video-preview:-1\" \/>\n<link rel=\"canonical\" href=\"https:\/\/effectus.com.hr\/en\/blazenka-deanovic\/\" \/>\n<meta property=\"og:locale\" content=\"en_US\" \/>\n<meta property=\"og:type\" content=\"article\" \/>\n<meta property=\"og:title\" content=\"Bla\u017eenka Deanovi\u0107 - EFFECTUS veleu\u010dili\u0161te\" \/>\n<meta property=\"og:description\" content=\"Lecturers Bla\u017eenka Deanovi\u0107 Courses Bla\u017eenka Deanovi\u0107, M.Sc. Oec. LecturerBla\u017eenka Deanovi\u0107 was born on April 18, 1989, in Zagreb. She completed her general gymnasium education in 2008. She graduated from the Finance and Law undergraduate program at the Effectus College for Finance and Law in 2013. In the same year, she enrolled in the specialized graduate [&hellip;]\" \/>\n<meta property=\"og:url\" content=\"https:\/\/effectus.com.hr\/en\/blazenka-deanovic\/\" \/>\n<meta property=\"og:site_name\" content=\"EFFECTUS veleu\u010dili\u0161te\" \/>\n<meta property=\"article:modified_time\" content=\"2025-04-09T14:05:56+00:00\" \/>\n<meta name=\"twitter:card\" content=\"summary_large_image\" \/>\n<meta name=\"twitter:label1\" content=\"Est. reading time\" \/>\n\t<meta name=\"twitter:data1\" content=\"2 minutes\" \/>\n<script type=\"application\/ld+json\" class=\"yoast-schema-graph\">{\"@context\":\"https:\/\/schema.org\",\"@graph\":[{\"@type\":\"WebPage\",\"@id\":\"https:\/\/effectus.com.hr\/en\/blazenka-deanovic\/\",\"url\":\"https:\/\/effectus.com.hr\/en\/blazenka-deanovic\/\",\"name\":\"Bla\u017eenka Deanovi\u0107 - EFFECTUS veleu\u010dili\u0161te\",\"isPartOf\":{\"@id\":\"https:\/\/effectus.com.hr\/#website\"},\"datePublished\":\"2021-08-31T08:04:42+00:00\",\"dateModified\":\"2025-04-09T14:05:56+00:00\",\"breadcrumb\":{\"@id\":\"https:\/\/effectus.com.hr\/en\/blazenka-deanovic\/#breadcrumb\"},\"inLanguage\":\"en-US\",\"potentialAction\":[{\"@type\":\"ReadAction\",\"target\":[\"https:\/\/effectus.com.hr\/en\/blazenka-deanovic\/\"]}]},{\"@type\":\"BreadcrumbList\",\"@id\":\"https:\/\/effectus.com.hr\/en\/blazenka-deanovic\/#breadcrumb\",\"itemListElement\":[{\"@type\":\"ListItem\",\"position\":1,\"name\":\"Po\u010detna\",\"item\":\"https:\/\/effectus.com.hr\/en\/\"},{\"@type\":\"ListItem\",\"position\":2,\"name\":\"Bla\u017eenka Deanovi\u0107\"}]},{\"@type\":\"WebSite\",\"@id\":\"https:\/\/effectus.com.hr\/#website\",\"url\":\"https:\/\/effectus.com.hr\/\",\"name\":\"EFFECTUS veleu\u010dili\u0161te\",\"description\":\"\",\"potentialAction\":[{\"@type\":\"SearchAction\",\"target\":{\"@type\":\"EntryPoint\",\"urlTemplate\":\"https:\/\/effectus.com.hr\/?s={search_term_string}\"},\"query-input\":\"required name=search_term_string\"}],\"inLanguage\":\"en-US\"}]}<\/script>\n<!-- \/ Yoast SEO plugin. -->","yoast_head_json":{"title":"Bla\u017eenka Deanovi\u0107 - EFFECTUS veleu\u010dili\u0161te","robots":{"index":"index","follow":"follow","max-snippet":"max-snippet:-1","max-image-preview":"max-image-preview:large","max-video-preview":"max-video-preview:-1"},"canonical":"https:\/\/effectus.com.hr\/en\/blazenka-deanovic\/","og_locale":"en_US","og_type":"article","og_title":"Bla\u017eenka Deanovi\u0107 - EFFECTUS veleu\u010dili\u0161te","og_description":"Lecturers Bla\u017eenka Deanovi\u0107 Courses Bla\u017eenka Deanovi\u0107, M.Sc. Oec. LecturerBla\u017eenka Deanovi\u0107 was born on April 18, 1989, in Zagreb. She completed her general gymnasium education in 2008. She graduated from the Finance and Law undergraduate program at the Effectus College for Finance and Law in 2013. In the same year, she enrolled in the specialized graduate [&hellip;]","og_url":"https:\/\/effectus.com.hr\/en\/blazenka-deanovic\/","og_site_name":"EFFECTUS veleu\u010dili\u0161te","article_modified_time":"2025-04-09T14:05:56+00:00","twitter_card":"summary_large_image","twitter_misc":{"Est. reading time":"2 minutes"},"schema":{"@context":"https:\/\/schema.org","@graph":[{"@type":"WebPage","@id":"https:\/\/effectus.com.hr\/en\/blazenka-deanovic\/","url":"https:\/\/effectus.com.hr\/en\/blazenka-deanovic\/","name":"Bla\u017eenka Deanovi\u0107 - EFFECTUS veleu\u010dili\u0161te","isPartOf":{"@id":"https:\/\/effectus.com.hr\/#website"},"datePublished":"2021-08-31T08:04:42+00:00","dateModified":"2025-04-09T14:05:56+00:00","breadcrumb":{"@id":"https:\/\/effectus.com.hr\/en\/blazenka-deanovic\/#breadcrumb"},"inLanguage":"en-US","potentialAction":[{"@type":"ReadAction","target":["https:\/\/effectus.com.hr\/en\/blazenka-deanovic\/"]}]},{"@type":"BreadcrumbList","@id":"https:\/\/effectus.com.hr\/en\/blazenka-deanovic\/#breadcrumb","itemListElement":[{"@type":"ListItem","position":1,"name":"Po\u010detna","item":"https:\/\/effectus.com.hr\/en\/"},{"@type":"ListItem","position":2,"name":"Bla\u017eenka Deanovi\u0107"}]},{"@type":"WebSite","@id":"https:\/\/effectus.com.hr\/#website","url":"https:\/\/effectus.com.hr\/","name":"EFFECTUS veleu\u010dili\u0161te","description":"","potentialAction":[{"@type":"SearchAction","target":{"@type":"EntryPoint","urlTemplate":"https:\/\/effectus.com.hr\/?s={search_term_string}"},"query-input":"required name=search_term_string"}],"inLanguage":"en-US"}]}},"_links":{"self":[{"href":"https:\/\/effectus.com.hr\/en\/wp-json\/wp\/v2\/pages\/241657"}],"collection":[{"href":"https:\/\/effectus.com.hr\/en\/wp-json\/wp\/v2\/pages"}],"about":[{"href":"https:\/\/effectus.com.hr\/en\/wp-json\/wp\/v2\/types\/page"}],"author":[{"embeddable":true,"href":"https:\/\/effectus.com.hr\/en\/wp-json\/wp\/v2\/users\/12"}],"replies":[{"embeddable":true,"href":"https:\/\/effectus.com.hr\/en\/wp-json\/wp\/v2\/comments?post=241657"}],"version-history":[{"count":9,"href":"https:\/\/effectus.com.hr\/en\/wp-json\/wp\/v2\/pages\/241657\/revisions"}],"predecessor-version":[{"id":260480,"href":"https:\/\/effectus.com.hr\/en\/wp-json\/wp\/v2\/pages\/241657\/revisions\/260480"}],"wp:attachment":[{"href":"https:\/\/effectus.com.hr\/en\/wp-json\/wp\/v2\/media?parent=241657"}],"curies":[{"name":"wp","href":"https:\/\/api.w.org\/{rel}","templated":true}]}}