{"id":241658,"date":"2021-08-31T08:43:09","date_gmt":"2021-08-31T07:43:09","guid":{"rendered":"https:\/\/effectus.com.hr\/ivan-bozajic\/"},"modified":"2024-02-07T13:07:59","modified_gmt":"2024-02-07T12:07:59","slug":"ivan-bozajic","status":"publish","type":"page","link":"https:\/\/effectus.com.hr\/en\/ivan-bozajic\/","title":{"rendered":"Ivan Bo\u017eaji\u0107"},"content":{"rendered":"<p>[et_pb_section fb_built=&#8221;1&#8243; disabled_on=&#8221;off|off|off&#8221; module_class=&#8221;eff-nastavnici-naslov&#8221; _builder_version=&#8221;4.16&#8243; _module_preset=&#8221;default&#8221; background_color=&#8221;#777a7e&#8221; background_image=&#8221;https:\/\/effectus.com.hr\/wp-content\/uploads\/2015\/12\/novosti-.head_stock-photo-visual-contents-concept-social-networking-service-streaming-video-global-communication-network-1896527446.jpg&#8221; custom_padding=&#8221;20px||20px||true|false&#8221; saved_tabs=&#8221;all&#8221; global_colors_info=&#8221;{}&#8221;][et_pb_row _builder_version=&#8221;4.16&#8243; _module_preset=&#8221;default&#8221; max_width=&#8221;1170px&#8221; global_colors_info=&#8221;{}&#8221;][et_pb_column type=&#8221;4_4&#8243; _builder_version=&#8221;4.16&#8243; _module_preset=&#8221;default&#8221; global_colors_info=&#8221;{}&#8221;][et_pb_text admin_label=&#8221;Novosti&#8221; _builder_version=&#8221;4.16&#8243; _module_preset=&#8221;default&#8221; text_text_color=&#8221;#FFFFFF&#8221; text_font_size=&#8221;43px&#8221; header_text_color=&#8221;#FFFFFF&#8221; header_font_size=&#8221;52px&#8221; header_4_text_color=&#8221;#FFFFFF&#8221; header_4_font_size=&#8221;23px&#8221; global_colors_info=&#8221;{}&#8221;]<\/p>\n<h1>Nastavnici<\/h1>\n<p>[\/et_pb_text][\/et_pb_column][\/et_pb_row][\/et_pb_section][et_pb_section fb_built=&#8221;1&#8243; module_class=&#8221;eff-nastavnici&#8221; _builder_version=&#8221;4.16&#8243; global_colors_info=&#8221;{}&#8221;][et_pb_row column_structure=&#8221;2_5,3_5&#8243; _builder_version=&#8221;4.16&#8243; _module_preset=&#8221;default&#8221; max_width=&#8221;1170px&#8221; global_colors_info=&#8221;{}&#8221;][et_pb_column type=&#8221;2_5&#8243; _builder_version=&#8221;4.16&#8243; _module_preset=&#8221;default&#8221; global_colors_info=&#8221;{}&#8221;][et_pb_image src=&#8221;https:\/\/effectus.com.hr\/wp-content\/uploads\/2021\/08\/Ivan-Bozajic.jpg&#8221; title_text=&#8221;Ivan-Bo\u017eaji\u0107&#8221; _builder_version=&#8221;4.16&#8243; _module_preset=&#8221;default&#8221; width=&#8221;100%&#8221; global_colors_info=&#8221;{}&#8221;][\/et_pb_image][et_pb_text disabled_on=&#8221;on|on|on&#8221; _builder_version=&#8221;4.16&#8243; _module_preset=&#8221;default&#8221; text_font_size=&#8221;16px&#8221; text_line_height=&#8221;1.8em&#8221; header_3_font=&#8221;|700|||||||&#8221; header_3_text_color=&#8221;#0065b3&#8243; header_3_font_size=&#8221;34px&#8221; custom_margin=&#8221;||19px|||&#8221; disabled=&#8221;on&#8221; global_colors_info=&#8221;{}&#8221;]<\/p>\n<div class=\"gdlr-core-pbf-element\">\n<div class=\"gdlr-core-title-item gdlr-core-item-pdb clearfix gdlr-core-left-align gdlr-core-title-item-caption-bottom gdlr-core-item-pdlr\">\n<div class=\"gdlr-core-title-item-title-wrap clearfix\">\n<h3 class=\"gdlr-core-personnel-info-item-title\">Ivan Bo\u017eaji\u0107<\/h3>\n<\/div>\n<\/div>\n<\/div>\n<p>[\/et_pb_text][et_pb_blurb title=&#8221;ibozajic@effectus.com.hr&#8221; use_icon=&#8221;on&#8221; font_icon=&#8221;&#xe076;||divi||400&#8243; icon_color=&#8221;#0065b3&#8243; icon_placement=&#8221;left&#8221; _builder_version=&#8221;4.16&#8243; _module_preset=&#8221;default&#8221; header_text_color=&#8221;#0065b3&#8243; header_font_size=&#8221;16px&#8221; header_line_height=&#8221;2.2em&#8221; custom_margin=&#8221;||12px|||&#8221; link_option_url=&#8221;ibozajic@effectus.com.hr&#8221; custom_css_blurb_content=&#8221;padding-left: 11px !important;&#8221; global_colors_info=&#8221;{}&#8221;][\/et_pb_blurb][et_pb_text _builder_version=&#8221;4.16&#8243; _module_preset=&#8221;default&#8221; text_font_size=&#8221;16px&#8221; text_line_height=&#8221;1.8em&#8221; header_3_font=&#8221;|700|||||||&#8221; header_3_text_color=&#8221;#0065b3&#8243; header_3_font_size=&#8221;34px&#8221; custom_margin=&#8221;||19px|||&#8221; global_colors_info=&#8221;{}&#8221;]<\/p>\n<h3>Predmeti<\/h3>\n<p>[\/et_pb_text][et_pb_blurb title=&#8221;Osnove informatike&#8221; use_icon=&#8221;on&#8221; font_icon=&#8221;&#x69;||divi||400&#8243; icon_color=&#8221;#0065b3&#8243; icon_placement=&#8221;left&#8221; _builder_version=&#8221;4.16&#8243; _module_preset=&#8221;default&#8221; header_text_color=&#8221;#333333&#8243; header_font_size=&#8221;16px&#8221; header_line_height=&#8221;1.5em&#8221; custom_margin=&#8221;||12px|||&#8221; link_option_url=&#8221;https:\/\/effectus.com.hr\/en\/finance-and-business-law\/fundamentals-of-informatics\/&#8221; custom_css_blurb_content=&#8221;padding-left: 11px !important;&#8221; global_colors_info=&#8221;{}&#8221;][\/et_pb_blurb][et_pb_blurb title=&#8221;Kreativnost u digitalnom dobu&#8221; use_icon=&#8221;on&#8221; font_icon=&#8221;&#x69;||divi||400&#8243; icon_color=&#8221;#0065b3&#8243; icon_placement=&#8221;left&#8221; _builder_version=&#8221;4.16&#8243; _module_preset=&#8221;default&#8221; header_text_color=&#8221;#333333&#8243; header_font_size=&#8221;16px&#8221; header_line_height=&#8221;1.5em&#8221; custom_margin=&#8221;||12px|||&#8221; link_option_url=&#8221;https:\/\/effectus.com.hr\/kreativnost-inovativnost-i-analiticki-menadzment\/kreativnost-u-digitalnom-dobu\/&#8221; custom_css_blurb_content=&#8221;padding-left: 11px !important;&#8221; global_colors_info=&#8221;{}&#8221;][\/et_pb_blurb][et_pb_blurb title=&#8221;Digitalna ekonomija i poduzetni\u0161tvo&#8221; use_icon=&#8221;on&#8221; font_icon=&#8221;&#x69;||divi||400&#8243; icon_color=&#8221;#0065b3&#8243; icon_placement=&#8221;left&#8221; _builder_version=&#8221;4.19.4&#8243; _module_preset=&#8221;default&#8221; header_text_color=&#8221;#333333&#8243; header_font_size=&#8221;16px&#8221; header_line_height=&#8221;1.5em&#8221; custom_margin=&#8221;||12px|||&#8221; link_option_url=&#8221;https:\/\/effectus.com.hr\/en\/digital-economy\/&#8221; custom_css_blurb_content=&#8221;padding-left: 11px !important;&#8221; global_colors_info=&#8221;{}&#8221;][\/et_pb_blurb][\/et_pb_column][et_pb_column type=&#8221;3_5&#8243; _builder_version=&#8221;4.16&#8243; _module_preset=&#8221;default&#8221; global_colors_info=&#8221;{}&#8221;][et_pb_text _builder_version=&#8221;4.24.0&#8243; _module_preset=&#8221;default&#8221; text_font_size=&#8221;16px&#8221; text_line_height=&#8221;1.8em&#8221; header_3_font=&#8221;|700|||||||&#8221; header_3_text_color=&#8221;#0065b3&#8243; header_3_font_size=&#8221;34px&#8221; header_4_font=&#8221;|700|||||||&#8221; header_4_text_color=&#8221;#0065b3&#8243; header_4_font_size=&#8221;25px&#8221; custom_margin=&#8221;||2px|||&#8221; hover_enabled=&#8221;0&#8243; global_colors_info=&#8221;{}&#8221; sticky_enabled=&#8221;0&#8243;]<\/p>\n<div class=\"gdlr-core-pbf-element\">\n<div class=\"gdlr-core-title-item gdlr-core-item-pdb clearfix  gdlr-core-left-align gdlr-core-title-item-caption-bottom gdlr-core-item-pdlr\">\n<div class=\"gdlr-core-title-item-title-wrap clearfix\">\n<h3 class=\"gdlr-core-personnel-info-item-title\">Ivan Bo\u017eaji\u0107, mag.ing.comp.<\/h3>\n<\/div>\n<\/div>\n<\/div>\n<p>[\/et_pb_text][et_pb_text _builder_version=&#8221;4.16&#8243; _module_preset=&#8221;default&#8221; text_font=&#8221;||on||||||&#8221; text_font_size=&#8221;16px&#8221; text_line_height=&#8221;1.6em&#8221; custom_margin=&#8221;||-2px|||&#8221; global_colors_info=&#8221;{}&#8221;]<\/p>\n<p>Vi\u0161i predava\u010d<\/p>\n<p>[\/et_pb_text][et_pb_text _builder_version=&#8221;4.16&#8243; _module_preset=&#8221;default&#8221; text_font_size=&#8221;16px&#8221; text_line_height=&#8221;1.8em&#8221; header_3_font=&#8221;|700|||||||&#8221; header_3_text_color=&#8221;#0065b3&#8243; header_3_font_size=&#8221;34px&#8221; global_colors_info=&#8221;{}&#8221;]<\/p>\n<p style=\"text-align: justify;\">Ivan Bo\u017eaji\u0107 ro\u0111en 13. listopada 1983. god. u Zadru gdje je zavr\u0161io osnovnu \u0161kolu i Gimnaziju Franje<br \/>Petri\u0107a (MIOC). Visoku \u0161kolu za sigurnost u Zagrebu upisuje 2007. god., a 2009. god. zavr\u0161ava stru\u010dni preddiplomski studij sigurnosti, smjer za\u0161tita na radu. Specijalisti\u010dki diplomski stru\u010dni studij, smjer za\u0161tita okoli\u0161a zavr\u0161io je 2012. god. od 2005. god. honorarno radi u Iskon Internetu kao helpdesk agent nakon \u010dega se zapo\u0161ljava i u Centru za informacijske sustave kao programer web aplikacija. Od 2006.god. radi honorarno, a od 2008. god. za stalno po\u010dinje raditi na Visokoj \u0161koli za sigurnost u Zagrebu kao programer i stru\u010dni suradnik u informacijskog referadi gdje je kreirao sustav za vo\u0111enje Visoke \u0161kole koji se konstantno nadogra\u0111uje i odr\u017eava. Postaje asistent na kolegiju \u201eInformatika\u201c, a od 2011. god. se zapo\u0161ljava kao predava\u010d na Pu\u010dkom otvorenom u\u010dili\u0161tu Algebra. Predaje u sklopu programa obrazovanja Programer Internet aplikacija \u2013 PHP i MySQL. Sudjeluje i u pisanju nastavnog plana i programa te u izradi nastavnih materijala za spomenuti program obrazovanja. Od 2015. do 2017. sura\u0111ivao je s Veleu\u010dili\u0161tem Velika Gorica kao nastavnik nositelj na kolegijima Baze podataka u Internetskom okru\u017eenju i Programiranje baze podataka.<\/p>\n<p>Sa Effectusom sura\u0111uje od samih po\u010detaka studija kroz uvo\u0111enje i nadogradnju informacijskog<br \/>sustava, a 2015. se stalno zapo\u0161ljava na visokom u\u010dili\u0161tu kao predava\u010d na kolegijima Osnove<br \/>informatike i Osnove statistike s posebnim du\u017enostima vezanim za informati\u010dku infrastrukturu<br \/>u\u010dili\u0161ta koja uklju\u010duje odr\u017eavanje i nadogradnju informacijskog sustava, serverska infrastruktura,<br \/>klijentska ra\u010dunala i e-mail poslu\u017eitelj.<\/p>\n<p>Sudjelovao je na mnogo stru\u010dnih projekata. Poha\u0111ao je razne radionice i seminare vezane uz<br \/>programiranje, CISCO, PHP, MySQL, andragogija i drugo za \u0161to posjeduje certifikate. Napredno koristi ra\u010dunalo, a ra\u010dunalni jezik i tehnologije koje koristi su: PHP, SQL, JavaScript\/jQuery, HTML, CSS, Python, C\/C++, Objective-C\/Swift\/iPhone\/iPad. Aktivno kori\u0161tenje engleskog jezika u govoru i pismu.<\/p>\n<p>[\/et_pb_text][\/et_pb_column][\/et_pb_row][\/et_pb_section]<\/p>\n","protected":false},"excerpt":{"rendered":"<p>Nastavnici Ivan Bo\u017eaji\u0107 Predmeti Ivan Bo\u017eaji\u0107, mag.ing.comp. Vi\u0161i predava\u010dIvan Bo\u017eaji\u0107 ro\u0111en 13. listopada 1983. god. u Zadru gdje je zavr\u0161io osnovnu \u0161kolu i Gimnaziju FranjePetri\u0107a (MIOC). Visoku \u0161kolu za sigurnost u Zagrebu upisuje 2007. god., a 2009. god. zavr\u0161ava stru\u010dni preddiplomski studij sigurnosti, smjer za\u0161tita na radu. Specijalisti\u010dki diplomski stru\u010dni studij, smjer za\u0161tita okoli\u0161a zavr\u0161io [&hellip;]<\/p>\n","protected":false},"author":12,"featured_media":0,"parent":0,"menu_order":0,"comment_status":"closed","ping_status":"closed","template":"","meta":{"_et_pb_use_builder":"on","_et_pb_old_content":"","_et_gb_content_width":"","footnotes":""},"yoast_head":"<!-- This site is optimized with the Yoast SEO plugin v22.7 - https:\/\/yoast.com\/wordpress\/plugins\/seo\/ -->\n<title>Ivan Bo\u017eaji\u0107 - EFFECTUS veleu\u010dili\u0161te<\/title>\n<meta name=\"robots\" content=\"index, follow, max-snippet:-1, max-image-preview:large, max-video-preview:-1\" \/>\n<link rel=\"canonical\" href=\"https:\/\/effectus.com.hr\/en\/ivan-bozajic\/\" \/>\n<meta property=\"og:locale\" content=\"en_US\" \/>\n<meta property=\"og:type\" content=\"article\" \/>\n<meta property=\"og:title\" content=\"Ivan Bo\u017eaji\u0107 - EFFECTUS veleu\u010dili\u0161te\" \/>\n<meta property=\"og:description\" content=\"Nastavnici Ivan Bo\u017eaji\u0107 Predmeti Ivan Bo\u017eaji\u0107, mag.ing.comp. Vi\u0161i predava\u010dIvan Bo\u017eaji\u0107 ro\u0111en 13. listopada 1983. god. u Zadru gdje je zavr\u0161io osnovnu \u0161kolu i Gimnaziju FranjePetri\u0107a (MIOC). Visoku \u0161kolu za sigurnost u Zagrebu upisuje 2007. god., a 2009. god. zavr\u0161ava stru\u010dni preddiplomski studij sigurnosti, smjer za\u0161tita na radu. Specijalisti\u010dki diplomski stru\u010dni studij, smjer za\u0161tita okoli\u0161a zavr\u0161io [&hellip;]\" \/>\n<meta property=\"og:url\" content=\"https:\/\/effectus.com.hr\/en\/ivan-bozajic\/\" \/>\n<meta property=\"og:site_name\" content=\"EFFECTUS veleu\u010dili\u0161te\" \/>\n<meta property=\"article:modified_time\" content=\"2024-02-07T12:07:59+00:00\" \/>\n<meta name=\"twitter:card\" content=\"summary_large_image\" \/>\n<meta name=\"twitter:label1\" content=\"Est. reading time\" \/>\n\t<meta name=\"twitter:data1\" content=\"3 minutes\" \/>\n<script type=\"application\/ld+json\" class=\"yoast-schema-graph\">{\"@context\":\"https:\/\/schema.org\",\"@graph\":[{\"@type\":\"WebPage\",\"@id\":\"https:\/\/effectus.com.hr\/en\/ivan-bozajic\/\",\"url\":\"https:\/\/effectus.com.hr\/en\/ivan-bozajic\/\",\"name\":\"Ivan Bo\u017eaji\u0107 - EFFECTUS veleu\u010dili\u0161te\",\"isPartOf\":{\"@id\":\"https:\/\/effectus.com.hr\/#website\"},\"datePublished\":\"2021-08-31T07:43:09+00:00\",\"dateModified\":\"2024-02-07T12:07:59+00:00\",\"breadcrumb\":{\"@id\":\"https:\/\/effectus.com.hr\/en\/ivan-bozajic\/#breadcrumb\"},\"inLanguage\":\"en-US\",\"potentialAction\":[{\"@type\":\"ReadAction\",\"target\":[\"https:\/\/effectus.com.hr\/en\/ivan-bozajic\/\"]}]},{\"@type\":\"BreadcrumbList\",\"@id\":\"https:\/\/effectus.com.hr\/en\/ivan-bozajic\/#breadcrumb\",\"itemListElement\":[{\"@type\":\"ListItem\",\"position\":1,\"name\":\"Po\u010detna\",\"item\":\"https:\/\/effectus.com.hr\/en\/\"},{\"@type\":\"ListItem\",\"position\":2,\"name\":\"Ivan Bo\u017eaji\u0107\"}]},{\"@type\":\"WebSite\",\"@id\":\"https:\/\/effectus.com.hr\/#website\",\"url\":\"https:\/\/effectus.com.hr\/\",\"name\":\"EFFECTUS veleu\u010dili\u0161te\",\"description\":\"\",\"potentialAction\":[{\"@type\":\"SearchAction\",\"target\":{\"@type\":\"EntryPoint\",\"urlTemplate\":\"https:\/\/effectus.com.hr\/?s={search_term_string}\"},\"query-input\":\"required name=search_term_string\"}],\"inLanguage\":\"en-US\"}]}<\/script>\n<!-- \/ Yoast SEO plugin. -->","yoast_head_json":{"title":"Ivan Bo\u017eaji\u0107 - EFFECTUS veleu\u010dili\u0161te","robots":{"index":"index","follow":"follow","max-snippet":"max-snippet:-1","max-image-preview":"max-image-preview:large","max-video-preview":"max-video-preview:-1"},"canonical":"https:\/\/effectus.com.hr\/en\/ivan-bozajic\/","og_locale":"en_US","og_type":"article","og_title":"Ivan Bo\u017eaji\u0107 - EFFECTUS veleu\u010dili\u0161te","og_description":"Nastavnici Ivan Bo\u017eaji\u0107 Predmeti Ivan Bo\u017eaji\u0107, mag.ing.comp. Vi\u0161i predava\u010dIvan Bo\u017eaji\u0107 ro\u0111en 13. listopada 1983. god. u Zadru gdje je zavr\u0161io osnovnu \u0161kolu i Gimnaziju FranjePetri\u0107a (MIOC). Visoku \u0161kolu za sigurnost u Zagrebu upisuje 2007. god., a 2009. god. zavr\u0161ava stru\u010dni preddiplomski studij sigurnosti, smjer za\u0161tita na radu. Specijalisti\u010dki diplomski stru\u010dni studij, smjer za\u0161tita okoli\u0161a zavr\u0161io [&hellip;]","og_url":"https:\/\/effectus.com.hr\/en\/ivan-bozajic\/","og_site_name":"EFFECTUS veleu\u010dili\u0161te","article_modified_time":"2024-02-07T12:07:59+00:00","twitter_card":"summary_large_image","twitter_misc":{"Est. reading time":"3 minutes"},"schema":{"@context":"https:\/\/schema.org","@graph":[{"@type":"WebPage","@id":"https:\/\/effectus.com.hr\/en\/ivan-bozajic\/","url":"https:\/\/effectus.com.hr\/en\/ivan-bozajic\/","name":"Ivan Bo\u017eaji\u0107 - EFFECTUS veleu\u010dili\u0161te","isPartOf":{"@id":"https:\/\/effectus.com.hr\/#website"},"datePublished":"2021-08-31T07:43:09+00:00","dateModified":"2024-02-07T12:07:59+00:00","breadcrumb":{"@id":"https:\/\/effectus.com.hr\/en\/ivan-bozajic\/#breadcrumb"},"inLanguage":"en-US","potentialAction":[{"@type":"ReadAction","target":["https:\/\/effectus.com.hr\/en\/ivan-bozajic\/"]}]},{"@type":"BreadcrumbList","@id":"https:\/\/effectus.com.hr\/en\/ivan-bozajic\/#breadcrumb","itemListElement":[{"@type":"ListItem","position":1,"name":"Po\u010detna","item":"https:\/\/effectus.com.hr\/en\/"},{"@type":"ListItem","position":2,"name":"Ivan Bo\u017eaji\u0107"}]},{"@type":"WebSite","@id":"https:\/\/effectus.com.hr\/#website","url":"https:\/\/effectus.com.hr\/","name":"EFFECTUS veleu\u010dili\u0161te","description":"","potentialAction":[{"@type":"SearchAction","target":{"@type":"EntryPoint","urlTemplate":"https:\/\/effectus.com.hr\/?s={search_term_string}"},"query-input":"required name=search_term_string"}],"inLanguage":"en-US"}]}},"_links":{"self":[{"href":"https:\/\/effectus.com.hr\/en\/wp-json\/wp\/v2\/pages\/241658"}],"collection":[{"href":"https:\/\/effectus.com.hr\/en\/wp-json\/wp\/v2\/pages"}],"about":[{"href":"https:\/\/effectus.com.hr\/en\/wp-json\/wp\/v2\/types\/page"}],"author":[{"embeddable":true,"href":"https:\/\/effectus.com.hr\/en\/wp-json\/wp\/v2\/users\/12"}],"replies":[{"embeddable":true,"href":"https:\/\/effectus.com.hr\/en\/wp-json\/wp\/v2\/comments?post=241658"}],"version-history":[{"count":5,"href":"https:\/\/effectus.com.hr\/en\/wp-json\/wp\/v2\/pages\/241658\/revisions"}],"predecessor-version":[{"id":250631,"href":"https:\/\/effectus.com.hr\/en\/wp-json\/wp\/v2\/pages\/241658\/revisions\/250631"}],"wp:attachment":[{"href":"https:\/\/effectus.com.hr\/en\/wp-json\/wp\/v2\/media?parent=241658"}],"curies":[{"name":"wp","href":"https:\/\/api.w.org\/{rel}","templated":true}]}}