{"id":241811,"date":"2021-08-31T10:09:02","date_gmt":"2021-08-31T09:09:02","guid":{"rendered":"https:\/\/effectus.com.hr\/jasna-kropf\/"},"modified":"2025-04-10T12:42:13","modified_gmt":"2025-04-10T11:42:13","slug":"jasna-kropf","status":"publish","type":"page","link":"https:\/\/effectus.com.hr\/en\/jasna-kropf\/","title":{"rendered":"Jasna Kropf"},"content":{"rendered":"<p>[et_pb_section fb_built=&#8221;1&#8243; disabled_on=&#8221;off|off|off&#8221; module_class=&#8221;eff-nastavnici-naslov&#8221; _builder_version=&#8221;4.16&#8243; _module_preset=&#8221;default&#8221; background_color=&#8221;#777a7e&#8221; background_image=&#8221;https:\/\/effectus.com.hr\/wp-content\/uploads\/2015\/12\/novosti-.head_stock-photo-visual-contents-concept-social-networking-service-streaming-video-global-communication-network-1896527446.jpg&#8221; custom_padding=&#8221;20px||20px||true|false&#8221; saved_tabs=&#8221;all&#8221; global_colors_info=&#8221;{}&#8221;][et_pb_row _builder_version=&#8221;4.16&#8243; _module_preset=&#8221;default&#8221; max_width=&#8221;1170px&#8221; global_colors_info=&#8221;{}&#8221;][et_pb_column type=&#8221;4_4&#8243; _builder_version=&#8221;4.16&#8243; _module_preset=&#8221;default&#8221; global_colors_info=&#8221;{}&#8221;][et_pb_text admin_label=&#8221;Novosti&#8221; _builder_version=&#8221;4.25.1&#8243; _module_preset=&#8221;default&#8221; text_text_color=&#8221;#FFFFFF&#8221; text_font_size=&#8221;43px&#8221; header_text_color=&#8221;#FFFFFF&#8221; header_font_size=&#8221;52px&#8221; header_4_text_color=&#8221;#FFFFFF&#8221; header_4_font_size=&#8221;23px&#8221; global_colors_info=&#8221;{}&#8221;]<\/p>\n<h1>Lecturers<\/h1>\n<p>[\/et_pb_text][\/et_pb_column][\/et_pb_row][\/et_pb_section][et_pb_section fb_built=&#8221;1&#8243; module_class=&#8221;eff-nastavnici&#8221; _builder_version=&#8221;4.16&#8243; global_colors_info=&#8221;{}&#8221;][et_pb_row column_structure=&#8221;2_5,3_5&#8243; _builder_version=&#8221;4.16&#8243; _module_preset=&#8221;default&#8221; max_width=&#8221;1170px&#8221; global_colors_info=&#8221;{}&#8221;][et_pb_column type=&#8221;2_5&#8243; _builder_version=&#8221;4.16&#8243; _module_preset=&#8221;default&#8221; global_colors_info=&#8221;{}&#8221;][et_pb_image src=&#8221;https:\/\/effectus.com.hr\/wp-content\/uploads\/2021\/08\/Jasna-Kropf.jpg&#8221; title_text=&#8221;Jasna-Kropf&#8221; _builder_version=&#8221;4.16&#8243; _module_preset=&#8221;default&#8221; width=&#8221;100%&#8221; global_colors_info=&#8221;{}&#8221;][\/et_pb_image][et_pb_text disabled_on=&#8221;on|on|on&#8221; _builder_version=&#8221;4.16&#8243; _module_preset=&#8221;default&#8221; text_font_size=&#8221;16px&#8221; text_line_height=&#8221;1.8em&#8221; header_3_font=&#8221;|700|||||||&#8221; header_3_text_color=&#8221;#0065b3&#8243; header_3_font_size=&#8221;34px&#8221; custom_margin=&#8221;||19px|||&#8221; disabled=&#8221;on&#8221; global_colors_info=&#8221;{}&#8221;]<\/p>\n<p>Jasna Kropf<\/p>\n<p>[\/et_pb_text][et_pb_blurb title=&#8221;jasna.kropf@porezno-savjetovanje.com.hr&#8221; use_icon=&#8221;on&#8221; font_icon=&#8221;&#xe076;||divi||400&#8243; icon_color=&#8221;#0065b3&#8243; icon_placement=&#8221;left&#8221; _builder_version=&#8221;4.16&#8243; _module_preset=&#8221;default&#8221; header_text_color=&#8221;#0065b3&#8243; header_font_size=&#8221;16px&#8221; header_line_height=&#8221;2.2em&#8221; custom_margin=&#8221;||12px|||&#8221; link_option_url=&#8221;mailto:jasna.kropf@porezno-savjetovanje.com.hr&#8221; custom_css_blurb_content=&#8221;padding-left: 11px !important;&#8221; global_colors_info=&#8221;{}&#8221;][\/et_pb_blurb][et_pb_blurb title=&#8221;CroRIS ID&#8221; use_icon=&#8221;on&#8221; font_icon=&#8221;&#xf47f;||fa||900&#8243; icon_color=&#8221;#0065b3&#8243; icon_placement=&#8221;left&#8221; _builder_version=&#8221;4.25.1&#8243; _module_preset=&#8221;default&#8221; header_text_color=&#8221;#0065b3&#8243; header_font_size=&#8221;16px&#8221; header_line_height=&#8221;2.2em&#8221; custom_margin=&#8221;||12px|||&#8221; link_option_url=&#8221;https:\/\/www.croris.hr\/osobe\/profil\/48600&#8243; custom_css_blurb_content=&#8221;padding-left: 11px !important;&#8221; global_colors_info=&#8221;{}&#8221;][\/et_pb_blurb][et_pb_text _builder_version=&#8221;4.25.1&#8243; _module_preset=&#8221;default&#8221; text_font_size=&#8221;16px&#8221; text_line_height=&#8221;1.8em&#8221; header_3_font=&#8221;|700|||||||&#8221; header_3_text_color=&#8221;#0065b3&#8243; header_3_font_size=&#8221;34px&#8221; custom_margin=&#8221;||19px|||&#8221; global_colors_info=&#8221;{}&#8221;]<\/p>\n<h3>Courses<\/h3>\n<p>[\/et_pb_text][et_pb_blurb title=&#8221;Tax Law and Tax Procedures&#8221; use_icon=&#8221;on&#8221; font_icon=&#8221;&#x69;||divi||400&#8243; icon_color=&#8221;#0065b3&#8243; icon_placement=&#8221;left&#8221; _builder_version=&#8221;4.25.1&#8243; _module_preset=&#8221;default&#8221; header_text_color=&#8221;#333333&#8243; header_font_size=&#8221;16px&#8221; header_line_height=&#8221;1.5em&#8221; custom_margin=&#8221;||12px|||&#8221; link_option_url=&#8221;https:\/\/effectus.com.hr\/wp-content\/uploads\/2025\/04\/Tax-Law-and-Tax-Procedures.pdf&#8221; hover_enabled=&#8221;0&#8243; custom_css_blurb_content=&#8221;padding-left: 11px !important;&#8221; global_colors_info=&#8221;{}&#8221; sticky_enabled=&#8221;0&#8243;][\/et_pb_blurb][\/et_pb_column][et_pb_column type=&#8221;3_5&#8243; _builder_version=&#8221;4.16&#8243; _module_preset=&#8221;default&#8221; global_colors_info=&#8221;{}&#8221;][et_pb_text _builder_version=&#8221;4.25.1&#8243; _module_preset=&#8221;default&#8221; text_font_size=&#8221;16px&#8221; text_line_height=&#8221;1.8em&#8221; header_3_font=&#8221;|700|||||||&#8221; header_3_text_color=&#8221;#0065b3&#8243; header_3_font_size=&#8221;34px&#8221; header_4_font=&#8221;|700|||||||&#8221; header_4_text_color=&#8221;#0065b3&#8243; header_4_font_size=&#8221;25px&#8221; custom_margin=&#8221;||2px|||&#8221; global_colors_info=&#8221;{}&#8221;]<\/p>\n<h3>Jasna Kropf, LL.B.<\/h3>\n<p>[\/et_pb_text][et_pb_text _builder_version=&#8221;4.25.1&#8243; _module_preset=&#8221;default&#8221; text_font=&#8221;||on||||||&#8221; text_font_size=&#8221;16px&#8221; text_line_height=&#8221;1.6em&#8221; custom_margin=&#8221;||-2px|||&#8221; global_colors_info=&#8221;{}&#8221;]<\/p>\n<p>Senior Lecturer<\/p>\n<p>[\/et_pb_text][et_pb_text _builder_version=&#8221;4.25.1&#8243; _module_preset=&#8221;default&#8221; text_font_size=&#8221;16px&#8221; text_line_height=&#8221;1.8em&#8221; header_3_font=&#8221;|700|||||||&#8221; header_3_text_color=&#8221;#0065b3&#8243; header_3_font_size=&#8221;34px&#8221; global_colors_info=&#8221;{}&#8221;]<\/p>\n<p class=\"\" data-start=\"52\" data-end=\"72\">Work Experience:<\/p>\n<p class=\"\" data-start=\"76\" data-end=\"158\">From December 1, 1986, to April 7, 2016 \u2013 Ministry of Finance \u2013 Tax Administration<\/p>\n<p class=\"\" data-start=\"161\" data-end=\"230\">From April 8, 2016 \u2013 Javorovi\u0107, Id\u017eojti\u0107 &amp; Partners \u2013 Tax Consultancy<\/p>\n<p class=\"\" data-start=\"232\" data-end=\"465\">In the Tax Administration from 1986 to 1994 \u2013 Administrative Advisor. After organizing the Tax Administration within the Ministry of Finance, he became the Head of the Zabok Branch Office, Krapina Regional Office (from 1994 to 2000).<\/p>\n<p class=\"\" data-start=\"467\" data-end=\"714\">Central Office of the Tax Administration, Department for Normative Affairs \u2013 Senior Administrative Advisor from 2000 to 2002. Tax Administration, Krapina Regional Office \u2013 Head of the Tax and Contribution Assessment Department (from 2002 to 2011).<\/p>\n<p class=\"\" data-start=\"716\" data-end=\"1182\">Tax Administration, Krapina Regional Office \u2013 Head of the Tax and Contribution Assessment Department (from 2011 to 2014); Appointed to the working group for organizing the enforcement of tax collections, established with the goal of adapting Croatian regulations to European Union regulations in the area of enforcement, and President of the commission for the application of the law on the restructuring of tax debt for both legal and physical persons and citizens.<\/p>\n<p class=\"\" data-start=\"1184\" data-end=\"1277\">Tax Administration \u2013 Zagreb Regional Office \u2013 Head (from January 1, 2015, to March 25, 2015).<\/p>\n<p class=\"\" data-start=\"1279\" data-end=\"1596\">Ministry of Finance \u2013 Tax Administration \u2013 Appointed Assistant Minister of Finance and Director of the Tax Administration (from March 26, 2015, to April 7, 2016); By decision of the Minister, appointed to the Committee for Professional Training and Development of Ministry of Finance and Tax Administration officials.<\/p>\n<p class=\"\" data-start=\"1598\" data-end=\"1979\">Attended several seminars and workshops, including a workshop conducted by tax law experts from the United States and workshops on the preparation of new regulations (drafting the Law on Contributions and the Law on Real Estate Transfer Tax). In the course of his work, he regularly prepared and held training sessions for officials (related to the application of tax regulations).<\/p>\n<p class=\"\" data-start=\"1981\" data-end=\"2082\">Lecturer at several seminars held at the request of the Chamber of Crafts or the Chamber of Commerce.<\/p>\n<p>[\/et_pb_text][\/et_pb_column][\/et_pb_row][\/et_pb_section]<\/p>\n","protected":false},"excerpt":{"rendered":"<p>LecturersJasna KropfCoursesJasna Kropf, LL.B.Senior LecturerWork Experience: From December 1, 1986, to April 7, 2016 \u2013 Ministry of Finance \u2013 Tax Administration From April 8, 2016 \u2013 Javorovi\u0107, Id\u017eojti\u0107 &amp; Partners \u2013 Tax Consultancy In the Tax Administration from 1986 to 1994 \u2013 Administrative Advisor. After organizing the Tax Administration within the Ministry of Finance, he [&hellip;]<\/p>\n","protected":false},"author":12,"featured_media":0,"parent":0,"menu_order":0,"comment_status":"closed","ping_status":"closed","template":"","meta":{"_et_pb_use_builder":"on","_et_pb_old_content":"","_et_gb_content_width":"","footnotes":""},"yoast_head":"<!-- This site is optimized with the Yoast SEO plugin v22.7 - https:\/\/yoast.com\/wordpress\/plugins\/seo\/ -->\n<title>Jasna Kropf - EFFECTUS veleu\u010dili\u0161te<\/title>\n<meta name=\"robots\" content=\"index, follow, max-snippet:-1, max-image-preview:large, max-video-preview:-1\" \/>\n<link rel=\"canonical\" href=\"https:\/\/effectus.com.hr\/en\/jasna-kropf\/\" \/>\n<meta property=\"og:locale\" content=\"en_US\" \/>\n<meta property=\"og:type\" content=\"article\" \/>\n<meta property=\"og:title\" content=\"Jasna Kropf - EFFECTUS veleu\u010dili\u0161te\" \/>\n<meta property=\"og:description\" content=\"LecturersJasna KropfCoursesJasna Kropf, LL.B.Senior LecturerWork Experience: From December 1, 1986, to April 7, 2016 \u2013 Ministry of Finance \u2013 Tax Administration From April 8, 2016 \u2013 Javorovi\u0107, Id\u017eojti\u0107 &amp; Partners \u2013 Tax Consultancy In the Tax Administration from 1986 to 1994 \u2013 Administrative Advisor. After organizing the Tax Administration within the Ministry of Finance, he [&hellip;]\" \/>\n<meta property=\"og:url\" content=\"https:\/\/effectus.com.hr\/en\/jasna-kropf\/\" \/>\n<meta property=\"og:site_name\" content=\"EFFECTUS veleu\u010dili\u0161te\" \/>\n<meta property=\"article:modified_time\" content=\"2025-04-10T11:42:13+00:00\" \/>\n<meta name=\"twitter:card\" content=\"summary_large_image\" \/>\n<meta name=\"twitter:label1\" content=\"Est. reading time\" \/>\n\t<meta name=\"twitter:data1\" content=\"2 minutes\" \/>\n<script type=\"application\/ld+json\" class=\"yoast-schema-graph\">{\"@context\":\"https:\/\/schema.org\",\"@graph\":[{\"@type\":\"WebPage\",\"@id\":\"https:\/\/effectus.com.hr\/en\/jasna-kropf\/\",\"url\":\"https:\/\/effectus.com.hr\/en\/jasna-kropf\/\",\"name\":\"Jasna Kropf - EFFECTUS veleu\u010dili\u0161te\",\"isPartOf\":{\"@id\":\"https:\/\/effectus.com.hr\/#website\"},\"datePublished\":\"2021-08-31T09:09:02+00:00\",\"dateModified\":\"2025-04-10T11:42:13+00:00\",\"breadcrumb\":{\"@id\":\"https:\/\/effectus.com.hr\/en\/jasna-kropf\/#breadcrumb\"},\"inLanguage\":\"en-US\",\"potentialAction\":[{\"@type\":\"ReadAction\",\"target\":[\"https:\/\/effectus.com.hr\/en\/jasna-kropf\/\"]}]},{\"@type\":\"BreadcrumbList\",\"@id\":\"https:\/\/effectus.com.hr\/en\/jasna-kropf\/#breadcrumb\",\"itemListElement\":[{\"@type\":\"ListItem\",\"position\":1,\"name\":\"Po\u010detna\",\"item\":\"https:\/\/effectus.com.hr\/en\/\"},{\"@type\":\"ListItem\",\"position\":2,\"name\":\"Jasna Kropf\"}]},{\"@type\":\"WebSite\",\"@id\":\"https:\/\/effectus.com.hr\/#website\",\"url\":\"https:\/\/effectus.com.hr\/\",\"name\":\"EFFECTUS veleu\u010dili\u0161te\",\"description\":\"\",\"potentialAction\":[{\"@type\":\"SearchAction\",\"target\":{\"@type\":\"EntryPoint\",\"urlTemplate\":\"https:\/\/effectus.com.hr\/?s={search_term_string}\"},\"query-input\":\"required name=search_term_string\"}],\"inLanguage\":\"en-US\"}]}<\/script>\n<!-- \/ Yoast SEO plugin. -->","yoast_head_json":{"title":"Jasna Kropf - EFFECTUS veleu\u010dili\u0161te","robots":{"index":"index","follow":"follow","max-snippet":"max-snippet:-1","max-image-preview":"max-image-preview:large","max-video-preview":"max-video-preview:-1"},"canonical":"https:\/\/effectus.com.hr\/en\/jasna-kropf\/","og_locale":"en_US","og_type":"article","og_title":"Jasna Kropf - EFFECTUS veleu\u010dili\u0161te","og_description":"LecturersJasna KropfCoursesJasna Kropf, LL.B.Senior LecturerWork Experience: From December 1, 1986, to April 7, 2016 \u2013 Ministry of Finance \u2013 Tax Administration From April 8, 2016 \u2013 Javorovi\u0107, Id\u017eojti\u0107 &amp; Partners \u2013 Tax Consultancy In the Tax Administration from 1986 to 1994 \u2013 Administrative Advisor. After organizing the Tax Administration within the Ministry of Finance, he [&hellip;]","og_url":"https:\/\/effectus.com.hr\/en\/jasna-kropf\/","og_site_name":"EFFECTUS veleu\u010dili\u0161te","article_modified_time":"2025-04-10T11:42:13+00:00","twitter_card":"summary_large_image","twitter_misc":{"Est. reading time":"2 minutes"},"schema":{"@context":"https:\/\/schema.org","@graph":[{"@type":"WebPage","@id":"https:\/\/effectus.com.hr\/en\/jasna-kropf\/","url":"https:\/\/effectus.com.hr\/en\/jasna-kropf\/","name":"Jasna Kropf - EFFECTUS veleu\u010dili\u0161te","isPartOf":{"@id":"https:\/\/effectus.com.hr\/#website"},"datePublished":"2021-08-31T09:09:02+00:00","dateModified":"2025-04-10T11:42:13+00:00","breadcrumb":{"@id":"https:\/\/effectus.com.hr\/en\/jasna-kropf\/#breadcrumb"},"inLanguage":"en-US","potentialAction":[{"@type":"ReadAction","target":["https:\/\/effectus.com.hr\/en\/jasna-kropf\/"]}]},{"@type":"BreadcrumbList","@id":"https:\/\/effectus.com.hr\/en\/jasna-kropf\/#breadcrumb","itemListElement":[{"@type":"ListItem","position":1,"name":"Po\u010detna","item":"https:\/\/effectus.com.hr\/en\/"},{"@type":"ListItem","position":2,"name":"Jasna Kropf"}]},{"@type":"WebSite","@id":"https:\/\/effectus.com.hr\/#website","url":"https:\/\/effectus.com.hr\/","name":"EFFECTUS veleu\u010dili\u0161te","description":"","potentialAction":[{"@type":"SearchAction","target":{"@type":"EntryPoint","urlTemplate":"https:\/\/effectus.com.hr\/?s={search_term_string}"},"query-input":"required name=search_term_string"}],"inLanguage":"en-US"}]}},"_links":{"self":[{"href":"https:\/\/effectus.com.hr\/en\/wp-json\/wp\/v2\/pages\/241811"}],"collection":[{"href":"https:\/\/effectus.com.hr\/en\/wp-json\/wp\/v2\/pages"}],"about":[{"href":"https:\/\/effectus.com.hr\/en\/wp-json\/wp\/v2\/types\/page"}],"author":[{"embeddable":true,"href":"https:\/\/effectus.com.hr\/en\/wp-json\/wp\/v2\/users\/12"}],"replies":[{"embeddable":true,"href":"https:\/\/effectus.com.hr\/en\/wp-json\/wp\/v2\/comments?post=241811"}],"version-history":[{"count":5,"href":"https:\/\/effectus.com.hr\/en\/wp-json\/wp\/v2\/pages\/241811\/revisions"}],"predecessor-version":[{"id":260809,"href":"https:\/\/effectus.com.hr\/en\/wp-json\/wp\/v2\/pages\/241811\/revisions\/260809"}],"wp:attachment":[{"href":"https:\/\/effectus.com.hr\/en\/wp-json\/wp\/v2\/media?parent=241811"}],"curies":[{"name":"wp","href":"https:\/\/api.w.org\/{rel}","templated":true}]}}