{"id":241819,"date":"2021-08-31T10:46:33","date_gmt":"2021-08-31T09:46:33","guid":{"rendered":"https:\/\/effectus.com.hr\/milan-stipic\/"},"modified":"2025-04-09T15:20:00","modified_gmt":"2025-04-09T14:20:00","slug":"milan-stipic","status":"publish","type":"page","link":"https:\/\/effectus.com.hr\/en\/milan-stipic\/","title":{"rendered":"Milan Stipi\u0107"},"content":{"rendered":"<p>[et_pb_section fb_built=&#8221;1&#8243; disabled_on=&#8221;off|off|off&#8221; module_class=&#8221;eff-nastavnici-naslov&#8221; _builder_version=&#8221;4.16&#8243; _module_preset=&#8221;default&#8221; background_color=&#8221;#777a7e&#8221; background_image=&#8221;https:\/\/effectus.com.hr\/wp-content\/uploads\/2015\/12\/novosti-.head_stock-photo-visual-contents-concept-social-networking-service-streaming-video-global-communication-network-1896527446.jpg&#8221; custom_padding=&#8221;20px||20px||true|false&#8221; saved_tabs=&#8221;all&#8221; global_colors_info=&#8221;{}&#8221;][et_pb_row _builder_version=&#8221;4.16&#8243; _module_preset=&#8221;default&#8221; max_width=&#8221;1170px&#8221; global_colors_info=&#8221;{}&#8221;][et_pb_column type=&#8221;4_4&#8243; _builder_version=&#8221;4.16&#8243; _module_preset=&#8221;default&#8221; global_colors_info=&#8221;{}&#8221;][et_pb_text admin_label=&#8221;Novosti&#8221; _builder_version=&#8221;4.25.1&#8243; _module_preset=&#8221;default&#8221; text_text_color=&#8221;#FFFFFF&#8221; text_font_size=&#8221;43px&#8221; header_text_color=&#8221;#FFFFFF&#8221; header_font_size=&#8221;52px&#8221; header_4_text_color=&#8221;#FFFFFF&#8221; header_4_font_size=&#8221;23px&#8221; global_colors_info=&#8221;{}&#8221;]<\/p>\n<h1>Lecturers<\/h1>\n<p>[\/et_pb_text][\/et_pb_column][\/et_pb_row][\/et_pb_section][et_pb_section fb_built=&#8221;1&#8243; module_class=&#8221;eff-nastavnici&#8221; _builder_version=&#8221;4.16&#8243; global_colors_info=&#8221;{}&#8221;][et_pb_row column_structure=&#8221;2_5,3_5&#8243; _builder_version=&#8221;4.16&#8243; _module_preset=&#8221;default&#8221; max_width=&#8221;1170px&#8221; global_colors_info=&#8221;{}&#8221;][et_pb_column type=&#8221;2_5&#8243; _builder_version=&#8221;4.16&#8243; _module_preset=&#8221;default&#8221; global_colors_info=&#8221;{}&#8221;][et_pb_image src=&#8221;https:\/\/effectus.com.hr\/wp-content\/uploads\/2021\/08\/Milan-Stipic.jpg&#8221; title_text=&#8221;Milan-Stipi\u0107&#8221; _builder_version=&#8221;4.16&#8243; _module_preset=&#8221;default&#8221; width=&#8221;100%&#8221; global_colors_info=&#8221;{}&#8221;][\/et_pb_image][et_pb_text disabled_on=&#8221;on|on|on&#8221; _builder_version=&#8221;4.16&#8243; _module_preset=&#8221;default&#8221; text_font_size=&#8221;16px&#8221; text_line_height=&#8221;1.8em&#8221; header_3_font=&#8221;|700|||||||&#8221; header_3_text_color=&#8221;#0065b3&#8243; header_3_font_size=&#8221;34px&#8221; custom_margin=&#8221;||19px|||&#8221; disabled=&#8221;on&#8221; global_colors_info=&#8221;{}&#8221;]<\/p>\n<div class=\"gdlr-core-pbf-element\">\n<div class=\"gdlr-core-title-item gdlr-core-item-pdb clearfix gdlr-core-left-align gdlr-core-title-item-caption-bottom gdlr-core-item-pdlr\">\n<div class=\"gdlr-core-title-item-title-wrap clearfix\">\n<h3 class=\"gdlr-core-personnel-info-item-title\">Milan Stipi\u0107<\/h3>\n<\/div>\n<\/div>\n<\/div>\n<p>[\/et_pb_text][et_pb_blurb title=&#8221;mistipic@gmail.com&#8221; use_icon=&#8221;on&#8221; font_icon=&#8221;&#xe076;||divi||400&#8243; icon_color=&#8221;#0065b3&#8243; icon_placement=&#8221;left&#8221; _builder_version=&#8221;4.16&#8243; _module_preset=&#8221;default&#8221; header_text_color=&#8221;#0065b3&#8243; header_font_size=&#8221;16px&#8221; header_line_height=&#8221;2.2em&#8221; custom_margin=&#8221;||12px|||&#8221; link_option_url=&#8221;mailto:mistipic@gmail.com&#8221; custom_css_blurb_content=&#8221;padding-left: 11px !important;&#8221; global_colors_info=&#8221;{}&#8221;][\/et_pb_blurb][et_pb_blurb title=&#8221;CroRIS ID&#8221; use_icon=&#8221;on&#8221; font_icon=&#8221;&#xf47f;||fa||900&#8243; icon_color=&#8221;#0065b3&#8243; icon_placement=&#8221;left&#8221; _builder_version=&#8221;4.25.1&#8243; _module_preset=&#8221;default&#8221; header_text_color=&#8221;#0065b3&#8243; header_font_size=&#8221;16px&#8221; header_line_height=&#8221;2.2em&#8221; custom_margin=&#8221;||12px|||&#8221; link_option_url=&#8221;https:\/\/www.croris.hr\/osobe\/profil\/46972&#8243; custom_css_blurb_content=&#8221;padding-left: 11px !important;&#8221; global_colors_info=&#8221;{}&#8221;][\/et_pb_blurb][et_pb_text _builder_version=&#8221;4.25.1&#8243; _module_preset=&#8221;default&#8221; text_font_size=&#8221;16px&#8221; text_line_height=&#8221;1.8em&#8221; header_3_font=&#8221;|700|||||||&#8221; header_3_text_color=&#8221;#0065b3&#8243; header_3_font_size=&#8221;34px&#8221; custom_margin=&#8221;||19px|||&#8221; global_colors_info=&#8221;{}&#8221;]<\/p>\n<h3>Courses<\/h3>\n<p>[\/et_pb_text][et_pb_blurb title=&#8221;Administrative Procedure and Administrative Dispute&#8221; use_icon=&#8221;on&#8221; font_icon=&#8221;&#x69;||divi||400&#8243; icon_color=&#8221;#0065b3&#8243; icon_placement=&#8221;left&#8221; _builder_version=&#8221;4.25.1&#8243; _module_preset=&#8221;default&#8221; header_text_color=&#8221;#333333&#8243; header_font_size=&#8221;16px&#8221; header_line_height=&#8221;1.5em&#8221; custom_margin=&#8221;||12px|||&#8221; link_option_url=&#8221;https:\/\/effectus.com.hr\/wp-content\/uploads\/2025\/04\/Administrative-Procedure-and-Administrative-Dispute.pdf&#8221; hover_enabled=&#8221;0&#8243; custom_css_blurb_content=&#8221;padding-left: 11px !important;&#8221; global_colors_info=&#8221;{}&#8221; sticky_enabled=&#8221;0&#8243;][\/et_pb_blurb][\/et_pb_column][et_pb_column type=&#8221;3_5&#8243; _builder_version=&#8221;4.16&#8243; _module_preset=&#8221;default&#8221; global_colors_info=&#8221;{}&#8221;][et_pb_text _builder_version=&#8221;4.25.1&#8243; _module_preset=&#8221;default&#8221; text_font_size=&#8221;16px&#8221; text_line_height=&#8221;1.8em&#8221; header_3_font=&#8221;|700|||||||&#8221; header_3_text_color=&#8221;#0065b3&#8243; header_3_font_size=&#8221;34px&#8221; header_4_font=&#8221;|700|||||||&#8221; header_4_text_color=&#8221;#0065b3&#8243; header_4_font_size=&#8221;25px&#8221; custom_margin=&#8221;||2px|||&#8221; global_colors_info=&#8221;{}&#8221;]<\/p>\n<div class=\"gdlr-core-pbf-element\">\n<div class=\"gdlr-core-title-item gdlr-core-item-pdb clearfix gdlr-core-left-align gdlr-core-title-item-caption-bottom gdlr-core-item-pdlr\">\n<div class=\"gdlr-core-title-item-title-wrap clearfix\">\n<h3 class=\"gdlr-core-personnel-info-item-title\"><a href=\"https:\/\/effectus.com.hr\/en\/milan-stipic\/\">Milan Stipi\u0107, LL.B.<\/a><\/h3>\n<\/div>\n<\/div>\n<\/div>\n<p>[\/et_pb_text][et_pb_text _builder_version=&#8221;4.25.1&#8243; _module_preset=&#8221;default&#8221; text_font=&#8221;||on||||||&#8221; text_font_size=&#8221;16px&#8221; text_line_height=&#8221;1.6em&#8221; custom_margin=&#8221;||-2px|||&#8221; global_colors_info=&#8221;{}&#8221;]<\/p>\n<p>Senior Lecturer<\/p>\n<p>[\/et_pb_text][et_pb_text _builder_version=&#8221;4.25.1&#8243; _module_preset=&#8221;default&#8221; text_font_size=&#8221;16px&#8221; text_line_height=&#8221;1.8em&#8221; header_3_font=&#8221;|700|||||||&#8221; header_3_text_color=&#8221;#0065b3&#8243; header_3_font_size=&#8221;34px&#8221; global_colors_info=&#8221;{}&#8221;]<\/p>\n<p data-start=\"21\" data-end=\"1603\">\n<p class=\"\" data-start=\"21\" data-end=\"1603\">Graduated from the Faculty of Law at the University of Zagreb. He has published dozens of professional papers in the areas of civil, administrative, misdemeanor, and inspection law, including eight books. He has been a member of several working groups for drafting legislative proposals and a member of working groups for developing strategies for development, a consultant, and a member of working groups for the transformation of social enterprises. He was also a member of the Committee for functional re-examination and assistance in restructuring state administration bodies and their auxiliary agencies in Croatia, a member of the Examination Commission for the special and general parts (state) professional exam (property and inspection administrative area and administrative procedure), president of the Appeals Committee of the State Inspectorate, a representative before the administrative court, a member of the Civil Service Court and a member of the Higher Civil Service Court for three mandates, a lecturer at seminars for the training of civil servants (Government of the Republic of Croatia program), a member of the Government of the Republic of Croatia Commission for resolving disputes over the rights of municipalities, cities, and counties. He was elected to the academic title of lecturer in the field of social sciences, law, administrative law, and administration (2011) at Effectus College, School of Finance and Law, Zagreb, and in 2016, he was promoted to senior lecturer. He received an award for valuable scientific work in the academic year 2023\/2024.<\/p>\n<p class=\"\" data-start=\"1605\" data-end=\"1653\"><strong>List of published papers in the last five years:<\/strong><\/p>\n<ol>\n<li data-start=\"1605\" data-end=\"1653\">&#8220;Disputed Issues Regarding Legal Protection Against Individual Acts of Inspection Bodies&#8221;: Croatian Legal Review 7-8\/2020, ISSN 2670 \u2013 9791, Engineering Bureau d.d. Zagreb, pp. 23-33.<\/li>\n<li data-start=\"1605\" data-end=\"1653\">&#8220;Amendment to the General Administrative Procedure Act&#8221;: FIP \u2013 Scientific Journal of Effectus College for Law and Finance with International Peer Review, EFFECTUS University, Zagreb, ISSN 1849-241X, Volume 9, 2021, Number 2, pp. 7-26.<\/li>\n<li data-start=\"1605\" data-end=\"1653\">&#8220;Legal Regulation and Features of Protection Against the Actions of Public Service Providers \u2013 Examples from Case Law&#8221;: Scientific Journal of Effectus College for Law and Finance with International Peer Review, EFFESTUS \u2013 University Zagreb, ISSN 1849-241X (print), ISSN 1849-4803 (online), 10\/2022\/Number 1 (2022), pp. 7-16.<\/li>\n<li data-start=\"1605\" data-end=\"1653\">&#8220;Recording Every Important Action Taken by Drafting Minutes&#8221;: Scientific Journal of Effectus College for Law and Finance with International Peer Review, EFFESTUS \u2013 University Zagreb, ISSN 1849-241X (print), ISSN 1849-4803 (online), Vol. 1, 2023\/Number 1, 2023, pp. 9-30.<\/li>\n<li data-start=\"1605\" data-end=\"1653\">Stipi\u0107, T. Ratkovi\u0107 \u2013 &#8220;Legal Sources and Normative Regulation of the Supervision of the Sports System According to the Powers of the Sports Inspectorate (Administrative Measures and Misdemeanor Responsibility)&#8221; \u2013 online edition. FiP \u2013 Finance and Law, EFFECTUS University Zagreb, Vol. 11, 2023\/Number 2, pp. 45-91.<\/li>\n<li data-start=\"1605\" data-end=\"1653\">&#8220;Fines for Acts Decided in Administrative Procedure&#8221; \u2013 online edition: FiP \u2013 Finance and Law, EFFECTUS University Zagreb, Vol. 12, 2024\/Number 3, pp. 1-18.<\/li>\n<li data-start=\"1605\" data-end=\"1653\">Stipi\u0107, Z. Jagi\u0107 \u2013 &#8220;Administrative Procedure, Administrative Disputes, and Key Features of Misdemeanors&#8221; \u2013 Revised and Expanded Edition, Textbook.<\/li>\n<\/ol>\n<p>[\/et_pb_text][\/et_pb_column][\/et_pb_row][\/et_pb_section]<\/p>\n","protected":false},"excerpt":{"rendered":"<p>Lecturers Milan Stipi\u0107 Courses Milan Stipi\u0107, LL.B. Senior Lecturer Graduated from the Faculty of Law at the University of Zagreb. He has published dozens of professional papers in the areas of civil, administrative, misdemeanor, and inspection law, including eight books. He has been a member of several working groups for drafting legislative proposals and a [&hellip;]<\/p>\n","protected":false},"author":12,"featured_media":0,"parent":0,"menu_order":0,"comment_status":"closed","ping_status":"closed","template":"","meta":{"_et_pb_use_builder":"on","_et_pb_old_content":"","_et_gb_content_width":"","footnotes":""},"yoast_head":"<!-- This site is optimized with the Yoast SEO plugin v22.7 - https:\/\/yoast.com\/wordpress\/plugins\/seo\/ -->\n<title>Milan Stipi\u0107 - EFFECTUS veleu\u010dili\u0161te<\/title>\n<meta name=\"robots\" content=\"index, follow, max-snippet:-1, max-image-preview:large, max-video-preview:-1\" \/>\n<link rel=\"canonical\" href=\"https:\/\/effectus.com.hr\/en\/milan-stipic\/\" \/>\n<meta property=\"og:locale\" content=\"en_US\" \/>\n<meta property=\"og:type\" content=\"article\" \/>\n<meta property=\"og:title\" content=\"Milan Stipi\u0107 - EFFECTUS veleu\u010dili\u0161te\" \/>\n<meta property=\"og:description\" content=\"Lecturers Milan Stipi\u0107 Courses Milan Stipi\u0107, LL.B. Senior Lecturer Graduated from the Faculty of Law at the University of Zagreb. He has published dozens of professional papers in the areas of civil, administrative, misdemeanor, and inspection law, including eight books. He has been a member of several working groups for drafting legislative proposals and a [&hellip;]\" \/>\n<meta property=\"og:url\" content=\"https:\/\/effectus.com.hr\/en\/milan-stipic\/\" \/>\n<meta property=\"og:site_name\" content=\"EFFECTUS veleu\u010dili\u0161te\" \/>\n<meta property=\"article:modified_time\" content=\"2025-04-09T14:20:00+00:00\" \/>\n<meta name=\"twitter:card\" content=\"summary_large_image\" \/>\n<meta name=\"twitter:label1\" content=\"Est. reading time\" \/>\n\t<meta name=\"twitter:data1\" content=\"3 minutes\" \/>\n<script type=\"application\/ld+json\" class=\"yoast-schema-graph\">{\"@context\":\"https:\/\/schema.org\",\"@graph\":[{\"@type\":\"WebPage\",\"@id\":\"https:\/\/effectus.com.hr\/en\/milan-stipic\/\",\"url\":\"https:\/\/effectus.com.hr\/en\/milan-stipic\/\",\"name\":\"Milan Stipi\u0107 - EFFECTUS veleu\u010dili\u0161te\",\"isPartOf\":{\"@id\":\"https:\/\/effectus.com.hr\/#website\"},\"datePublished\":\"2021-08-31T09:46:33+00:00\",\"dateModified\":\"2025-04-09T14:20:00+00:00\",\"breadcrumb\":{\"@id\":\"https:\/\/effectus.com.hr\/en\/milan-stipic\/#breadcrumb\"},\"inLanguage\":\"en-US\",\"potentialAction\":[{\"@type\":\"ReadAction\",\"target\":[\"https:\/\/effectus.com.hr\/en\/milan-stipic\/\"]}]},{\"@type\":\"BreadcrumbList\",\"@id\":\"https:\/\/effectus.com.hr\/en\/milan-stipic\/#breadcrumb\",\"itemListElement\":[{\"@type\":\"ListItem\",\"position\":1,\"name\":\"Po\u010detna\",\"item\":\"https:\/\/effectus.com.hr\/en\/\"},{\"@type\":\"ListItem\",\"position\":2,\"name\":\"Milan Stipi\u0107\"}]},{\"@type\":\"WebSite\",\"@id\":\"https:\/\/effectus.com.hr\/#website\",\"url\":\"https:\/\/effectus.com.hr\/\",\"name\":\"EFFECTUS veleu\u010dili\u0161te\",\"description\":\"\",\"potentialAction\":[{\"@type\":\"SearchAction\",\"target\":{\"@type\":\"EntryPoint\",\"urlTemplate\":\"https:\/\/effectus.com.hr\/?s={search_term_string}\"},\"query-input\":\"required name=search_term_string\"}],\"inLanguage\":\"en-US\"}]}<\/script>\n<!-- \/ Yoast SEO plugin. -->","yoast_head_json":{"title":"Milan Stipi\u0107 - EFFECTUS veleu\u010dili\u0161te","robots":{"index":"index","follow":"follow","max-snippet":"max-snippet:-1","max-image-preview":"max-image-preview:large","max-video-preview":"max-video-preview:-1"},"canonical":"https:\/\/effectus.com.hr\/en\/milan-stipic\/","og_locale":"en_US","og_type":"article","og_title":"Milan Stipi\u0107 - EFFECTUS veleu\u010dili\u0161te","og_description":"Lecturers Milan Stipi\u0107 Courses Milan Stipi\u0107, LL.B. Senior Lecturer Graduated from the Faculty of Law at the University of Zagreb. He has published dozens of professional papers in the areas of civil, administrative, misdemeanor, and inspection law, including eight books. He has been a member of several working groups for drafting legislative proposals and a [&hellip;]","og_url":"https:\/\/effectus.com.hr\/en\/milan-stipic\/","og_site_name":"EFFECTUS veleu\u010dili\u0161te","article_modified_time":"2025-04-09T14:20:00+00:00","twitter_card":"summary_large_image","twitter_misc":{"Est. reading time":"3 minutes"},"schema":{"@context":"https:\/\/schema.org","@graph":[{"@type":"WebPage","@id":"https:\/\/effectus.com.hr\/en\/milan-stipic\/","url":"https:\/\/effectus.com.hr\/en\/milan-stipic\/","name":"Milan Stipi\u0107 - EFFECTUS veleu\u010dili\u0161te","isPartOf":{"@id":"https:\/\/effectus.com.hr\/#website"},"datePublished":"2021-08-31T09:46:33+00:00","dateModified":"2025-04-09T14:20:00+00:00","breadcrumb":{"@id":"https:\/\/effectus.com.hr\/en\/milan-stipic\/#breadcrumb"},"inLanguage":"en-US","potentialAction":[{"@type":"ReadAction","target":["https:\/\/effectus.com.hr\/en\/milan-stipic\/"]}]},{"@type":"BreadcrumbList","@id":"https:\/\/effectus.com.hr\/en\/milan-stipic\/#breadcrumb","itemListElement":[{"@type":"ListItem","position":1,"name":"Po\u010detna","item":"https:\/\/effectus.com.hr\/en\/"},{"@type":"ListItem","position":2,"name":"Milan Stipi\u0107"}]},{"@type":"WebSite","@id":"https:\/\/effectus.com.hr\/#website","url":"https:\/\/effectus.com.hr\/","name":"EFFECTUS veleu\u010dili\u0161te","description":"","potentialAction":[{"@type":"SearchAction","target":{"@type":"EntryPoint","urlTemplate":"https:\/\/effectus.com.hr\/?s={search_term_string}"},"query-input":"required name=search_term_string"}],"inLanguage":"en-US"}]}},"_links":{"self":[{"href":"https:\/\/effectus.com.hr\/en\/wp-json\/wp\/v2\/pages\/241819"}],"collection":[{"href":"https:\/\/effectus.com.hr\/en\/wp-json\/wp\/v2\/pages"}],"about":[{"href":"https:\/\/effectus.com.hr\/en\/wp-json\/wp\/v2\/types\/page"}],"author":[{"embeddable":true,"href":"https:\/\/effectus.com.hr\/en\/wp-json\/wp\/v2\/users\/12"}],"replies":[{"embeddable":true,"href":"https:\/\/effectus.com.hr\/en\/wp-json\/wp\/v2\/comments?post=241819"}],"version-history":[{"count":7,"href":"https:\/\/effectus.com.hr\/en\/wp-json\/wp\/v2\/pages\/241819\/revisions"}],"predecessor-version":[{"id":260487,"href":"https:\/\/effectus.com.hr\/en\/wp-json\/wp\/v2\/pages\/241819\/revisions\/260487"}],"wp:attachment":[{"href":"https:\/\/effectus.com.hr\/en\/wp-json\/wp\/v2\/media?parent=241819"}],"curies":[{"name":"wp","href":"https:\/\/api.w.org\/{rel}","templated":true}]}}