{"id":243617,"date":"2022-09-27T09:56:52","date_gmt":"2022-09-27T08:56:52","guid":{"rendered":"https:\/\/effectus.com.hr\/?page_id=243617"},"modified":"2023-08-25T07:59:38","modified_gmt":"2023-08-25T06:59:38","slug":"effectus-erasmus-coordinator","status":"publish","type":"page","link":"https:\/\/effectus.com.hr\/en\/effectus-erasmus-coordinator\/","title":{"rendered":"EFFECTUS ERASMUS COORDINATOR I ERASMUS KOD"},"content":{"rendered":"<p>[et_pb_section fb_built=&#8221;1&#8243; custom_padding_last_edited=&#8221;on|phone&#8221; _builder_version=&#8221;4.16&#8243; background_color=&#8221;rgba(4,29,52,0.45)&#8221; use_background_color_gradient=&#8221;on&#8221; background_color_gradient_stops=&#8221;#062d73 0%|rgba(0,0,0,0.37) 100%&#8221; background_color_gradient_overlays_image=&#8221;on&#8221; background_color_gradient_start=&#8221;#062d73&#8243; background_color_gradient_end=&#8221;rgba(0,0,0,0.37)&#8221; background_image=&#8221;https:\/\/effectus.com.hr\/wp-content\/uploads\/2021\/08\/studenti.jpg&#8221; background_enable_video_mp4=&#8221;off&#8221; background_video_width=&#8221;100%&#8221; position_origin_a=&#8221;top_center&#8221; width=&#8221;100%&#8221; custom_margin=&#8221;-120px||||false|false&#8221; custom_padding=&#8221;120px||90px||false|false&#8221; custom_padding_tablet=&#8221;&#8221; custom_padding_phone=&#8221;120px||0px||false|false&#8221; custom_css_before=&#8221;content:%22%22;|| display: block;|| position: absolute;|| top: 0;|| left: 0;|| width: 100%;|| height: 100%;|| background-color: rgba(4,29,52,0.45);|| background-blend-mode: darken;|| z-index: 9;&#8221; custom_css_main_element=&#8221;top: -106px !important;&#8221; global_colors_info=&#8221;{}&#8221;][et_pb_row use_custom_gutter=&#8221;on&#8221; gutter_width=&#8221;2&#8243; make_equal=&#8221;on&#8221; custom_padding_last_edited=&#8221;on|phone&#8221; _builder_version=&#8221;4.16&#8243; z_index=&#8221;10&#8243; width_tablet=&#8221;90%&#8221; width_phone=&#8221;90%&#8221; width_last_edited=&#8221;on|tablet&#8221; max_width=&#8221;1170px&#8221; max_width_tablet=&#8221;90%&#8221; max_width_phone=&#8221;90%&#8221; max_width_last_edited=&#8221;on|phone&#8221; custom_padding=&#8221;209px||2px||false|&#8221; custom_padding_tablet=&#8221;&#8221; custom_padding_phone=&#8221;100px||2px||false|false&#8221; global_colors_info=&#8221;{}&#8221;][et_pb_column type=&#8221;4_4&#8243; _builder_version=&#8221;4.16&#8243; global_colors_info=&#8221;{}&#8221;][et_pb_text admin_label=&#8221;Text&#8221; _builder_version=&#8221;4.16&#8243; header_font=&#8221;||||||||&#8221; header_text_align=&#8221;left&#8221; header_text_color=&#8221;#ffffff&#8221; header_font_size=&#8221;40px&#8221; header_letter_spacing=&#8221;-1px&#8221; header_line_height=&#8221;1.3em&#8221; max_width=&#8221;600px&#8221; module_alignment=&#8221;left&#8221; custom_margin=&#8221;||52px||false|false&#8221; custom_margin_tablet=&#8221;-10px||||false|false&#8221; custom_margin_phone=&#8221;-10px||||false|false&#8221; custom_margin_last_edited=&#8221;on|phone&#8221; animation_style=&#8221;slide&#8221; animation_direction=&#8221;bottom&#8221; animation_delay=&#8221;200ms&#8221; header_font_size_tablet=&#8221;45px&#8221; header_font_size_phone=&#8221;40px&#8221; header_font_size_last_edited=&#8221;on|phone&#8221; global_colors_info=&#8221;{}&#8221;]<\/p>\n<h1><strong>EFFECTUS ERASMUS COORDINATOR<\/strong><\/h1>\n<p>[\/et_pb_text][et_pb_text admin_label=&#8221;Text&#8221; _builder_version=&#8221;4.19.4&#8243; _module_preset=&#8221;default&#8221; text_text_color=&#8221;#FFFFFF&#8221; text_font_size=&#8221;19px&#8221; text_line_height=&#8221;1.6em&#8221; link_text_color=&#8221;#FFFFFF&#8221; max_width=&#8221;700px&#8221; custom_margin=&#8221;||33px|||&#8221; global_colors_info=&#8221;{}&#8221;]<\/p>\n<p><strong>EFFECTUS ERASMUS COORDINATOR is \u017deljka Zavi\u0161i\u0107.<br \/><\/strong><\/p>\n<p>ERASMUS and ECTS Coordinator is a person who is at your service for:<\/p>\n<p>1. coordinatination of academic cooperation among EFFECTUS and foreign academic institutions<br \/>2. ensures right application and evaluation of the ECTS system<br \/>3. interacts between the students and the host university<br \/>4. assists outgoing and incoming students regarding required documents for international collaboration<br \/>5. organizes and coordinates international exchange programmes of the teaching stuff<br \/>6. assists students during their whole ERASMUS experience, especially before leaving<\/p>\n<p>ERASMUS Coordinator contact:<br \/>Contact number: 01 6117 777<br \/>e-mail: erasmus@effectus.com.hr<br \/>Open consultation hour (in person or via zoom\/skype):<br \/>Tuesday 09:00 &#8211; 11:00 hour \/ Wednesday 14:00 &#8211; 16:00 hour<br \/>If you are busy at the working hours please schedule an appointment by e-mail:<br \/>erasmus@effectus.com.hr<\/p>\n<p>In case you have any questions and doubts, EFFECTUS ERASMUS Coordinator is at your service anytime and would gladly help you to choose the best university option for you.<br \/>However, even though the EFFECTUS ERASMUS COORDINATOR can provide you with detailed information, we advise that you do your own detailed research about the host University upon your personal and educational preferences.<\/p>\n<p>[\/et_pb_text][et_pb_text admin_label=&#8221;Text&#8221; _builder_version=&#8221;4.19.4&#8243; header_font=&#8221;||||||||&#8221; header_text_align=&#8221;left&#8221; header_text_color=&#8221;#ffffff&#8221; header_font_size=&#8221;40px&#8221; header_letter_spacing=&#8221;-1px&#8221; header_line_height=&#8221;1.3em&#8221; max_width=&#8221;600px&#8221; module_alignment=&#8221;left&#8221; custom_margin=&#8221;||52px||false|false&#8221; custom_margin_tablet=&#8221;-10px||||false|false&#8221; custom_margin_phone=&#8221;-10px||||false|false&#8221; custom_margin_last_edited=&#8221;on|phone&#8221; animation_style=&#8221;slide&#8221; animation_direction=&#8221;bottom&#8221; animation_delay=&#8221;200ms&#8221; hover_enabled=&#8221;0&#8243; header_font_size_tablet=&#8221;45px&#8221; header_font_size_phone=&#8221;40px&#8221; header_font_size_last_edited=&#8221;on|phone&#8221; global_colors_info=&#8221;{}&#8221; sticky_enabled=&#8221;0&#8243;]<\/p>\n<h1><strong>EFFECTUS ERASMUS KOD<\/strong><\/h1>\n<p>[\/et_pb_text][et_pb_text admin_label=&#8221;Text&#8221; _builder_version=&#8221;4.19.4&#8243; _module_preset=&#8221;default&#8221; text_text_color=&#8221;#FFFFFF&#8221; text_font_size=&#8221;19px&#8221; text_line_height=&#8221;1.6em&#8221; link_text_color=&#8221;#FFFFFF&#8221; max_width=&#8221;700px&#8221; custom_margin=&#8221;||33px|||&#8221; hover_enabled=&#8221;0&#8243; global_colors_info=&#8221;{}&#8221; sticky_enabled=&#8221;0&#8243;]<\/p>\n<p><strong>EFFECTUS ERASMUS KOD &#8211; HR ZAGREB12<br \/><\/strong><\/p>\n<p>&nbsp;<\/p>\n<p>[\/et_pb_text][\/et_pb_column][\/et_pb_row][\/et_pb_section][et_pb_section fb_built=&#8221;1&#8243; custom_padding_last_edited=&#8221;on|phone&#8221; _builder_version=&#8221;4.16&#8243; _module_preset=&#8221;default&#8221; background_enable_color=&#8221;off&#8221; custom_padding=&#8221;49px||1px||false|false&#8221; custom_padding_tablet=&#8221;&#8221; custom_padding_phone=&#8221;49px||32px||false|false&#8221; saved_tabs=&#8221;all&#8221; global_colors_info=&#8221;{}&#8221;][\/et_pb_section]<\/p>\n","protected":false},"excerpt":{"rendered":"<p>EFFECTUS ERASMUS COORDINATOREFFECTUS ERASMUS COORDINATOR is \u017deljka Zavi\u0161i\u0107. ERASMUS and ECTS Coordinator is a person who is at your service for: 1. coordinatination of academic cooperation among EFFECTUS and foreign academic institutions2. ensures right application and evaluation of the ECTS system3. interacts between the students and the host university4. assists outgoing and incoming students regarding [&hellip;]<\/p>\n","protected":false},"author":11,"featured_media":0,"parent":0,"menu_order":0,"comment_status":"closed","ping_status":"closed","template":"","meta":{"_et_pb_use_builder":"on","_et_pb_old_content":"","_et_gb_content_width":"","footnotes":""},"yoast_head":"<!-- This site is optimized with the Yoast SEO plugin v22.7 - https:\/\/yoast.com\/wordpress\/plugins\/seo\/ -->\n<title>EFFECTUS ERASMUS COORDINATOR I ERASMUS KOD - EFFECTUS veleu\u010dili\u0161te<\/title>\n<meta name=\"robots\" content=\"index, follow, max-snippet:-1, max-image-preview:large, max-video-preview:-1\" \/>\n<link rel=\"canonical\" href=\"https:\/\/effectus.com.hr\/en\/effectus-erasmus-coordinator\/\" \/>\n<meta property=\"og:locale\" content=\"en_US\" \/>\n<meta property=\"og:type\" content=\"article\" \/>\n<meta property=\"og:title\" content=\"EFFECTUS ERASMUS COORDINATOR I ERASMUS KOD - EFFECTUS veleu\u010dili\u0161te\" \/>\n<meta property=\"og:description\" content=\"EFFECTUS ERASMUS COORDINATOREFFECTUS ERASMUS COORDINATOR is \u017deljka Zavi\u0161i\u0107. ERASMUS and ECTS Coordinator is a person who is at your service for: 1. coordinatination of academic cooperation among EFFECTUS and foreign academic institutions2. ensures right application and evaluation of the ECTS system3. interacts between the students and the host university4. assists outgoing and incoming students regarding [&hellip;]\" \/>\n<meta property=\"og:url\" content=\"https:\/\/effectus.com.hr\/en\/effectus-erasmus-coordinator\/\" \/>\n<meta property=\"og:site_name\" content=\"EFFECTUS veleu\u010dili\u0161te\" \/>\n<meta property=\"article:modified_time\" content=\"2023-08-25T06:59:38+00:00\" \/>\n<meta name=\"twitter:card\" content=\"summary_large_image\" \/>\n<meta name=\"twitter:label1\" content=\"Est. reading time\" \/>\n\t<meta name=\"twitter:data1\" content=\"2 minutes\" \/>\n<script type=\"application\/ld+json\" class=\"yoast-schema-graph\">{\"@context\":\"https:\/\/schema.org\",\"@graph\":[{\"@type\":\"WebPage\",\"@id\":\"https:\/\/effectus.com.hr\/en\/effectus-erasmus-coordinator\/\",\"url\":\"https:\/\/effectus.com.hr\/en\/effectus-erasmus-coordinator\/\",\"name\":\"EFFECTUS ERASMUS COORDINATOR I ERASMUS KOD - EFFECTUS veleu\u010dili\u0161te\",\"isPartOf\":{\"@id\":\"https:\/\/effectus.com.hr\/#website\"},\"datePublished\":\"2022-09-27T08:56:52+00:00\",\"dateModified\":\"2023-08-25T06:59:38+00:00\",\"breadcrumb\":{\"@id\":\"https:\/\/effectus.com.hr\/en\/effectus-erasmus-coordinator\/#breadcrumb\"},\"inLanguage\":\"en-US\",\"potentialAction\":[{\"@type\":\"ReadAction\",\"target\":[\"https:\/\/effectus.com.hr\/en\/effectus-erasmus-coordinator\/\"]}]},{\"@type\":\"BreadcrumbList\",\"@id\":\"https:\/\/effectus.com.hr\/en\/effectus-erasmus-coordinator\/#breadcrumb\",\"itemListElement\":[{\"@type\":\"ListItem\",\"position\":1,\"name\":\"Po\u010detna\",\"item\":\"https:\/\/effectus.com.hr\/en\/\"},{\"@type\":\"ListItem\",\"position\":2,\"name\":\"EFFECTUS ERASMUS COORDINATOR I ERASMUS KOD\"}]},{\"@type\":\"WebSite\",\"@id\":\"https:\/\/effectus.com.hr\/#website\",\"url\":\"https:\/\/effectus.com.hr\/\",\"name\":\"EFFECTUS veleu\u010dili\u0161te\",\"description\":\"\",\"potentialAction\":[{\"@type\":\"SearchAction\",\"target\":{\"@type\":\"EntryPoint\",\"urlTemplate\":\"https:\/\/effectus.com.hr\/?s={search_term_string}\"},\"query-input\":\"required name=search_term_string\"}],\"inLanguage\":\"en-US\"}]}<\/script>\n<!-- \/ Yoast SEO plugin. -->","yoast_head_json":{"title":"EFFECTUS ERASMUS COORDINATOR I ERASMUS KOD - EFFECTUS veleu\u010dili\u0161te","robots":{"index":"index","follow":"follow","max-snippet":"max-snippet:-1","max-image-preview":"max-image-preview:large","max-video-preview":"max-video-preview:-1"},"canonical":"https:\/\/effectus.com.hr\/en\/effectus-erasmus-coordinator\/","og_locale":"en_US","og_type":"article","og_title":"EFFECTUS ERASMUS COORDINATOR I ERASMUS KOD - EFFECTUS veleu\u010dili\u0161te","og_description":"EFFECTUS ERASMUS COORDINATOREFFECTUS ERASMUS COORDINATOR is \u017deljka Zavi\u0161i\u0107. ERASMUS and ECTS Coordinator is a person who is at your service for: 1. coordinatination of academic cooperation among EFFECTUS and foreign academic institutions2. ensures right application and evaluation of the ECTS system3. interacts between the students and the host university4. assists outgoing and incoming students regarding [&hellip;]","og_url":"https:\/\/effectus.com.hr\/en\/effectus-erasmus-coordinator\/","og_site_name":"EFFECTUS veleu\u010dili\u0161te","article_modified_time":"2023-08-25T06:59:38+00:00","twitter_card":"summary_large_image","twitter_misc":{"Est. reading time":"2 minutes"},"schema":{"@context":"https:\/\/schema.org","@graph":[{"@type":"WebPage","@id":"https:\/\/effectus.com.hr\/en\/effectus-erasmus-coordinator\/","url":"https:\/\/effectus.com.hr\/en\/effectus-erasmus-coordinator\/","name":"EFFECTUS ERASMUS COORDINATOR I ERASMUS KOD - EFFECTUS veleu\u010dili\u0161te","isPartOf":{"@id":"https:\/\/effectus.com.hr\/#website"},"datePublished":"2022-09-27T08:56:52+00:00","dateModified":"2023-08-25T06:59:38+00:00","breadcrumb":{"@id":"https:\/\/effectus.com.hr\/en\/effectus-erasmus-coordinator\/#breadcrumb"},"inLanguage":"en-US","potentialAction":[{"@type":"ReadAction","target":["https:\/\/effectus.com.hr\/en\/effectus-erasmus-coordinator\/"]}]},{"@type":"BreadcrumbList","@id":"https:\/\/effectus.com.hr\/en\/effectus-erasmus-coordinator\/#breadcrumb","itemListElement":[{"@type":"ListItem","position":1,"name":"Po\u010detna","item":"https:\/\/effectus.com.hr\/en\/"},{"@type":"ListItem","position":2,"name":"EFFECTUS ERASMUS COORDINATOR I ERASMUS KOD"}]},{"@type":"WebSite","@id":"https:\/\/effectus.com.hr\/#website","url":"https:\/\/effectus.com.hr\/","name":"EFFECTUS veleu\u010dili\u0161te","description":"","potentialAction":[{"@type":"SearchAction","target":{"@type":"EntryPoint","urlTemplate":"https:\/\/effectus.com.hr\/?s={search_term_string}"},"query-input":"required name=search_term_string"}],"inLanguage":"en-US"}]}},"_links":{"self":[{"href":"https:\/\/effectus.com.hr\/en\/wp-json\/wp\/v2\/pages\/243617"}],"collection":[{"href":"https:\/\/effectus.com.hr\/en\/wp-json\/wp\/v2\/pages"}],"about":[{"href":"https:\/\/effectus.com.hr\/en\/wp-json\/wp\/v2\/types\/page"}],"author":[{"embeddable":true,"href":"https:\/\/effectus.com.hr\/en\/wp-json\/wp\/v2\/users\/11"}],"replies":[{"embeddable":true,"href":"https:\/\/effectus.com.hr\/en\/wp-json\/wp\/v2\/comments?post=243617"}],"version-history":[{"count":6,"href":"https:\/\/effectus.com.hr\/en\/wp-json\/wp\/v2\/pages\/243617\/revisions"}],"predecessor-version":[{"id":248444,"href":"https:\/\/effectus.com.hr\/en\/wp-json\/wp\/v2\/pages\/243617\/revisions\/248444"}],"wp:attachment":[{"href":"https:\/\/effectus.com.hr\/en\/wp-json\/wp\/v2\/media?parent=243617"}],"curies":[{"name":"wp","href":"https:\/\/api.w.org\/{rel}","templated":true}]}}