{"id":250551,"date":"2024-02-01T12:09:56","date_gmt":"2024-02-01T11:09:56","guid":{"rendered":"https:\/\/effectus.com.hr\/?page_id=250551"},"modified":"2024-05-09T11:47:27","modified_gmt":"2024-05-09T10:47:27","slug":"conference-2024","status":"publish","type":"page","link":"https:\/\/effectus.com.hr\/en\/conference-2024\/","title":{"rendered":"CONFERENCE 2024."},"content":{"rendered":"<p>[et_pb_section fb_built=&#8221;1&#8243; _builder_version=&#8221;4.24.0&#8243; _module_preset=&#8221;default&#8221; background_enable_image=&#8221;off&#8221; background_video_mp4=&#8221;https:\/\/effectus.com.hr\/wp-content\/uploads\/2024\/02\/video_eng_verzija.mp4&#8243; background_enable_video_webm=&#8221;off&#8221; min_height=&#8221;882px&#8221; custom_padding=&#8221;||668px|||&#8221; animation_style=&#8221;flip&#8221; global_colors_info=&#8221;{}&#8221;][\/et_pb_section][et_pb_section fb_built=&#8221;1&#8243; _builder_version=&#8221;4.24.0&#8243; _module_preset=&#8221;default&#8221; global_colors_info=&#8221;{}&#8221;][et_pb_row _builder_version=&#8221;4.24.0&#8243; _module_preset=&#8221;default&#8221; global_colors_info=&#8221;{}&#8221;][et_pb_column type=&#8221;4_4&#8243; _builder_version=&#8221;4.24.0&#8243; _module_preset=&#8221;default&#8221; global_colors_info=&#8221;{}&#8221;][et_pb_text _builder_version=&#8221;4.24.0&#8243; _module_preset=&#8221;default&#8221; global_colors_info=&#8221;{}&#8221;]<\/p>\n<h1 class=\"tw-data-text tw-text-large tw-ta\" dir=\"ltr\" style=\"text-align: center;\" data-placeholder=\"Prijevod\" aria-label=\"Prevedeni tekst\" data-ved=\"2ahUKEwijpsT_rbWFAxXF_7sIHdFiAl8Q3ewLegQIDxAT\"><strong><span class=\"Y2IQFc\" lang=\"en\">PROSTHETICS, ORTHOTICS, ROBOTICS U<\/span><\/strong><\/h1>\n<h1 class=\"tw-data-text tw-text-large tw-ta\" dir=\"ltr\" style=\"text-align: center;\" data-placeholder=\"Prijevod\" aria-label=\"Prevedeni tekst\" data-ved=\"2ahUKEwijpsT_rbWFAxXF_7sIHdFiAl8Q3ewLegQIDxAT\"><strong><span class=\"Y2IQFc\" lang=\"en\">PHYSIOTHERAPY AND HEALTHCARE<\/p>\n<p><\/span><\/strong><\/h1>\n<p>&nbsp;<\/p>\n<div id=\"tw-target-text-container\" class=\"tw-ta-container F0azHf tw-nfl\" style=\"text-align: center;\" tabindex=\"0\">\n<h3 id=\"tw-target-text\" class=\"tw-data-text tw-text-large tw-ta\" dir=\"ltr\" data-placeholder=\"Prijevod\" aria-label=\"Prevedeni tekst\" data-ved=\"2ahUKEwijpsT_rbWFAxXF_7sIHdFiAl8Q3ewLegQIDxAT\"><span class=\"Y2IQFc\" lang=\"en\">SECOND INTERNATIONAL SCIENTIFIC-PROFESSIONAL ASSEMBLY<\/span><\/h3>\n<\/div>\n<div id=\"tw-target-rmn-container\" class=\"tw-target-rmn tw-ta-container F0azHf tw-nfl\">\n<pre id=\"tw-target-rmn\" class=\"tw-data-placeholder tw-text-small tw-ta\" dir=\"ltr\" data-placeholder=\"\">\u00a0<\/pre>\n<\/div>\n<pre id=\"tw-target-text\" class=\"tw-data-text tw-text-large tw-ta\" dir=\"ltr\" data-placeholder=\"Prijevod\" aria-label=\"Prevedeni tekst\" data-ved=\"2ahUKEwijpsT_rbWFAxXF_7sIHdFiAl8Q3ewLegQIDxAT\"><strong><span class=\"Y2IQFc\" lang=\"en\">\u00a0<\/span><\/strong><\/pre>\n<p>[\/et_pb_text][\/et_pb_column][\/et_pb_row][\/et_pb_section][et_pb_section fb_built=&#8221;1&#8243; _builder_version=&#8221;4.24.0&#8243; _module_preset=&#8221;default&#8221; background_color=&#8221;#315DA6&#8243; background_enable_mask_style=&#8221;on&#8221; background_mask_style=&#8221;triangles&#8221; min_height=&#8221;73.6px&#8221; global_colors_info=&#8221;{}&#8221;][et_pb_row _builder_version=&#8221;4.24.0&#8243; _module_preset=&#8221;default&#8221; background_color=&#8221;#315DA6&#8243; background_enable_mask_style=&#8221;on&#8221; background_mask_style=&#8221;triangles&#8221; width=&#8221;96%&#8221; max_width=&#8221;1371px&#8221; min_height=&#8221;498.9px&#8221; height=&#8221;354px&#8221; global_colors_info=&#8221;{}&#8221;][et_pb_column type=&#8221;4_4&#8243; _builder_version=&#8221;4.24.0&#8243; _module_preset=&#8221;default&#8221; global_colors_info=&#8221;{}&#8221;][et_pb_tabs active_tab_background_color=&#8221;#f2f2f2&#8243; _builder_version=&#8221;4.25.0&#8243; _module_preset=&#8221;default&#8221; body_font=&#8221;||||||||&#8221; body_text_color=&#8221;#315DA6&#8243; body_font_size=&#8221;19px&#8221; tab_font=&#8221;|700|||||||&#8221; tab_font_size=&#8221;20px&#8221; width=&#8221;100%&#8221; min_height=&#8221;380.6px&#8221; custom_margin=&#8221;||140px|||&#8221; hover_enabled=&#8221;0&#8243; border_width_all=&#8221;3px&#8221; border_color_all=&#8221;#FFFFFF&#8221; box_shadow_style=&#8221;preset1&#8243; global_colors_info=&#8221;{}&#8221; sticky_enabled=&#8221;0&#8243;][et_pb_tab title=&#8221;Significant Dates&#8221; _builder_version=&#8221;4.24.0&#8243; _module_preset=&#8221;default&#8221; global_colors_info=&#8221;{}&#8221;]<\/p>\n<blockquote>\n<p>Abstract Submission Deadline: <strong>March 31, 2024<\/strong><\/p>\n<p>&nbsp;<\/p>\n<p>Notification of Abstract Acceptance\/Rejection: <strong>by April 20, 2024<\/strong><\/p>\n<p>&nbsp;<\/p>\n<p>Full Paper Submission Deadline: <strong>June 30, 2024<\/strong><\/p>\n<p>&nbsp;<\/p>\n<p>Notification of Paper Acceptance\/Rejection: <strong>by October 1, 2024<\/strong><\/p>\n<p>&nbsp;<\/p>\n<p>Proceedings Printing: <strong>until the conference date<\/strong><\/p>\n<p>&nbsp;<\/p>\n<p>Official languages:<strong> Croatian and English<\/strong><\/p>\n<p>&nbsp;<\/p>\n<p><strong>Date of the International Scientific and Professional Conference: November 22, 2024, at Effectus University, both in-person and hybrid.<\/strong><\/p>\n<\/blockquote>\n<p>[\/et_pb_tab][et_pb_tab title=&#8221;Thematic Areas&#8221; _builder_version=&#8221;4.24.0&#8243; _module_preset=&#8221;default&#8221; global_colors_info=&#8221;{}&#8221;]<\/p>\n<div class=\"flex flex-grow flex-col max-w-full\">\n<div class=\"min-h-[20px] text-message flex flex-col items-start gap-3 whitespace-pre-wrap break-words [.text-message+&amp;]:mt-5 overflow-x-auto\" data-message-author-role=\"assistant\" data-message-id=\"2de91c06-3bf8-494c-85cf-341f64c978ec\">\n<div class=\"markdown prose w-full break-words dark:prose-invert light\">\n<ul>\n<li><strong>Physiotherapeutic Approaches in Prosthetics, Orthotics, and Robotics<\/strong><\/li>\n<li><strong>Psychosocial Aspects and Multidisciplinary Approach in Palliative Care<\/strong><\/li>\n<li><strong>Bioethics and Socio-Humanistic Aspects in Physiotherapy and Nursing<\/strong><\/li>\n<li><strong>Evidence-Based Nursing<\/strong><\/li>\n<li><strong>Professional Challenges in Nursing in Crisis and Post-Crisis Times<\/strong><\/li>\n<li><strong>Healthcare Management<\/strong><\/li>\n<li><strong>Contemporary Economic and Legal Aspects in Medicine<\/strong><\/li>\n<\/ul>\n<\/div>\n<\/div>\n<\/div>\n<p>&nbsp;<\/p>\n<p>[\/et_pb_tab][et_pb_tab title=&#8221;Committees&#8221; _builder_version=&#8221;4.25.0&#8243; _module_preset=&#8221;default&#8221; hover_enabled=&#8221;0&#8243; global_colors_info=&#8221;{}&#8221; sticky_enabled=&#8221;0&#8243;]<\/p>\n<p><strong>PROGRAM COMMITTEE<\/strong><\/p>\n<ul>\n<li>izv. prof. dr. sc. Robert Kopal, Effectus university of Applied Sciences, Croatia,\u00a0Program Committee President<\/li>\n<li>dr. sc. \u017deljka Zavi\u0161i\u0107, Effectus University of Applied Sciences, Croatia<\/li>\n<li>prof.dr. sc. \u0110uro Horvat, prof.stru\u010d.stud,\u00a0Effectus university of Applied Sciences, Croatia<\/li>\n<li>prof. dr. sc. Dragan Mirkov, Faculty of Sports and Physical Education, University of Belgrad, Serbia<\/li>\n<li>prof. dr. sc. Osman Sinanovi\u0107, Sarajevo Medical School, University of Sarajevo School of Science and Technology, Bosnia and Herzegovina<\/li>\n<li>prof. dr. sc. Hrvoje Juri\u0107, University of Zagreb, Faculty of Philosophy, Croatia<\/li>\n<li>prof. dr. sc. Livia Puljak, Universitas Studiorun Catholica Croatica, Croatia<\/li>\n<li>prof. dr. sc. \u017deljko Kalu\u0111erovi\u0107, University of Novi Sad, Department of Philosophy, Serbia<\/li>\n<li>prof. dr. sc. Carlos de la Torre Domingo, Study of physiotherapy, University Alfonso X el Sabio, Spain<\/li>\n<li>doc. dr. sc. Mile Marin\u010di\u0107, University of Applied Sciences Ivani\u0107-Grad, Croatia<\/li>\n<li>izv. prof. dr. sc. Tatjana Tro\u0161t Bobi\u0107, Faculty of Kinesiology, University of Zagreb, Croatia<\/li>\n<li>doc. dr. sc. Ivona Ljevak, Faculty of Health Studies, University of Mostar, Bosnia and Herzegovina<\/li>\n<li>doc. dr. sc. \u017delimir Berti\u0107, Croatian Public Health Institutes, Bjelovar-Bilogora County, Croatia<\/li>\n<li>doc. dr. sc. Adriano Friganovi\u0107, University Hospital Centre Zagreb, Croatia<\/li>\n<li>Mirzo Selimi\u0107, University College \u201cCEPS \u2013 Center for Business Studies\u201d, Bosnia and Herzegovina<\/li>\n<li>dr. sc. Milan Po\u010du\u010da, Faculty of Law for Commerce and Judiciary, University Business Academy, Serbia<\/li>\n<li>dr. sc. Nikola Abramovic, Faculty of Business Economics and Law of Bar, Crna Gora<\/li>\n<li>dr.sc. Ljubo Runji\u0107, prof. stru\u010d. stud., \u0160ibenik University of Applied Sciences, Croatia<\/li>\n<li>Vesna Jurin Bakoti\u0107, univ. spec. med. iur., \u0160ibenik University of Applied Sciences, Croatia<\/li>\n<li>Tatiana Staro\u0144, University iz Akademie Nauk Stosowanych Collegium Balticum, Poland<\/li>\n<li>Laura Thurnheer, Okanagan School of Business, Canada<\/li>\n<li>Emiliano Gallaga, Universidad de Ciencias y Artes de Chiapas, Mexico<\/li>\n<li>Elenica Pjero, University &#8220;Ismail Qemali&#8217;, Vlore, Albania<\/li>\n<li>Samir S. Patel, Royal Thimphu College, Bhutan<\/li>\n<li>Laura Ancona Lee, PhD., S\u00e3o Paulo, Brazil<\/li>\n<\/ul>\n<p><strong>ORGANIZING COMMITTEE<\/strong><\/p>\n<ul>\n<li>doc. dr. sc. Ivana Rukavina, Organisation Committee President<\/li>\n<li>prof. dr. sc. \u0110uro Horvat<\/li>\n<li>doc. dr. sc. Mile Marin\u010di\u0107<\/li>\n<li>dr.sc. Goran Bobi\u0107, prof. fiz. kult.<\/li>\n<li>dr. sc. Mirjana Berkovi\u0107-\u0160ubi\u0107<\/li>\n<li>dr. sc. Jelena Uzelac<\/li>\n<li>Alen Bre\u010dek, mag. med. techn., pred.<\/li>\n<li>Marina Kova\u010d, dr. med.<\/li>\n<li>Mark Tomaj, mag. physioth<\/li>\n<li>Valentina \u0160ipu\u0161,\u00a0dipl. kat., spec. soc. pol.<\/li>\n<li>Ivana Krakan, mag. oec.<\/li>\n<li>Ivana Radman Livaja, mag. oec.<\/li>\n<li>Klara Dumbovi\u0107, mag. oec.<\/li>\n<li>Darija Korkut, mag. anlg.<\/li>\n<li>Vesna Bu\u0161ac univ.mag.med.techn<\/li>\n<li>Ana \u017depina Puzi\u0107 mag.med.techn<\/li>\n<li>Andrea Vuk\u0161a univ.mag.med.techn<\/li>\n<li>Nevena \u0160imuni\u0107 univ.mag.med.techn<\/li>\n<\/ul>\n<p><strong>REVIEW COMMITTEE<\/strong><\/p>\n<ul>\n<li>prof. dr. sc. Osman Sinanovi\u0107<\/li>\n<li>prof. dr.sc. Hrvoje Juri\u0107<\/li>\n<li>prof. dr. sc. \u017deljko Kalu\u0111erovi\u0107<\/li>\n<li>prof. dr. sc. \u0110uro Horvat<\/li>\n<li>izv. prof. dr. sc. Robert Kopal<\/li>\n<li>izv. prof. dr. sc. Tatjana Tro\u0161t Bobi\u0107<\/li>\n<li>doc. dr. sc. Ivana Rukavina<\/li>\n<li>doc.dr.sc. Ivona Ljevak<\/li>\n<li>doc. dr. sc. Mile Marin\u010di\u0107<\/li>\n<li>doc. dr. sc. Mirna \u017dulec<\/li>\n<li>dr. sc. Jelena Uzelac<\/li>\n<li>dr. sc. Sanja Guti\u0107 Martin\u010di\u0107<\/li>\n<li>dr. sc. Biljana Stojakovi\u0107<\/li>\n<li>dr. sc. Valerije Vr\u010dek<\/li>\n<li>Vesna Bu\u0161ac, univ.mag.med.techn.<\/li>\n<li>Ana \u017depina Puzi\u0107, mag.med.techn.<\/li>\n<li>Andrea Vuk\u0161a, univ.mag.med.techn.<\/li>\n<\/ul>\n<p>&nbsp;<\/p>\n<p>&nbsp;<\/p>\n<p>&nbsp;<\/p>\n<p>&nbsp;<\/p>\n<p>[\/et_pb_tab][et_pb_tab title=&#8221;Author Guidelines&#8221; _builder_version=&#8221;4.24.0&#8243; _module_preset=&#8221;default&#8221; global_colors_info=&#8221;{}&#8221;]<\/p>\n<p><strong>Basic instructions for paper submission:<\/strong><\/p>\n<ul>\n<li>Abstracts and papers must be submitted in the prescribed format exclusively via email to: <a target=\"_new\" rel=\"noopener\">konferencija@effectus.com.hr<\/a><\/li>\n<li>Abstracts and keywords must be written in both Croatian and English. The paper (including abstract, tables, figures, and bibliography) should be between 3,000 and 5,000 words and written in the third person singular.<\/li>\n<li>All papers will undergo a review process.<\/li>\n<li>Accepted papers will be published in the Proceedings.<\/li>\n<\/ul>\n<p><strong><br \/>Other important instructions for authors:<br \/><\/strong><\/p>\n<ul>\n<li>There is no need for chapter and page numbering in the paper.<\/li>\n<li>The paper should be formatted on A4 paper \u2013 portrait orientation \u2013 with the following margins: left, right, top, bottom: 2.5 cm; text spacing should be 1.5, justified alignment, recommended font is Times New Roman, size 12.<\/li>\n<li>Metric units used in the paper should be in accordance with the International System of Units (SI). Abbreviations used in the text should be fully spelled out the first time they are mentioned.<\/li>\n<li>Abstracts should be in both Croatian and English, while final papers should be in either Croatian or English.<\/li>\n<\/ul>\n<p>&nbsp;<\/p>\n<p>Please use the following<strong> <a href=\"https:\/\/effectus.com.hr\/wp-content\/uploads\/2024\/02\/SAMPLE_eng.doc\" rel=\"attachment wp-att-250815\">template<\/a>\u00a0<\/strong>for formatting your papers.<\/p>\n<p>&nbsp;<\/p>\n<p>[\/et_pb_tab][et_pb_tab title=&#8221;Registration Fee and Accommodation&#8221; _builder_version=&#8221;4.24.0&#8243; _module_preset=&#8221;default&#8221; global_colors_info=&#8221;{}&#8221;]<\/p>\n<div class=\"flex flex-grow flex-col max-w-full\">\n<div class=\"min-h-[20px] text-message flex flex-col items-start gap-3 whitespace-pre-wrap break-words [.text-message+&amp;]:mt-5 overflow-x-auto\" data-message-author-role=\"assistant\" data-message-id=\"37e3e448-7432-4279-b9b2-d2575f86a0f2\">\n<div class=\"markdown prose w-full break-words dark:prose-invert light\">\n<p><strong>Registration Fee:<\/strong><\/p>\n<blockquote>\n<p>Active Participation:<\/p>\n<p>Regular payment by October 31, 2024 \u2013 registration fee per paper is 200.00 EUR<\/p>\n<p>Early payment by October 15, 2024 \u2013 registration fee per paper is 150.00 EUR<\/p>\n<\/blockquote>\n<p>&nbsp;<\/p>\n<blockquote>\n<p>Passive Participation:<\/p>\n<p>The registration fee for passive participation is 70.00 EUR<\/p>\n<p>Scoring of passive participation by the Croatian Chamber of Physiotherapists and the Croatian Chamber of Nurses will be announced later.<\/p>\n<\/blockquote>\n<p>&nbsp;<\/p>\n<p><strong>Payment Information:<\/strong><\/p>\n<blockquote>\n<p><em><strong>Erste Bank Account: IBAN 5124020061100936306<\/strong><\/em><\/p>\n<p><em><strong>SWIFT: ESBCHR22<\/strong><\/em><\/p>\n<p><em><strong>Reference number: Tax identification number (OIB) of the payer<\/strong><\/em><\/p>\n<p><em><strong>Payment description: First Name Last Name, conference participation fee<\/strong><\/em><\/p>\n<\/blockquote>\n<p>&nbsp;<\/p>\n<p>Confirmation of payment of the registration fee must be sent by November 4, 2024, to the email <a target=\"_new\" rel=\"noopener\">conference@effectus.com.hr<\/a><\/p>\n<\/div>\n<\/div>\n<\/div>\n<p>&nbsp;<\/p>\n<p><strong>Accommodation:<\/strong><\/p>\n<blockquote>\n<p><em><strong>Madison Luxury Apartments &amp; Rooms<\/strong><\/em><\/p>\n<p>Pokornoga ulica 1a, 10000 Zagreb<\/p>\n<p><a href=\"https:\/\/www.madison-apartments.hr\/\" target=\"_new\" rel=\"noopener\">https:\/\/www.madison-apartments.hr\/<\/a><\/p>\n<p>+385 1 23-00-856<\/p>\n<\/blockquote>\n<p>&nbsp;<\/p>\n<blockquote>\n<p><em><strong>Hotel Dubrovnik<\/strong><\/em><\/p>\n<p>Ljudevita Gaja 1, 10000 Zagreb<\/p>\n<p><a href=\"https:\/\/www.hotel-dubrovnik.hr\/hr\/privacy-notice\/\" target=\"_new\" rel=\"noopener\">https:\/\/www.hotel-dubrovnik.hr\/hr\/privacy-notice\/<\/a><\/p>\n<p>+385 1 48-63-512<\/p>\n<\/blockquote>\n<p>&nbsp;<\/p>\n<blockquote>\n<p><em><strong>For accommodation information, you can visit the Zagreb Tourist Board link:<\/strong><\/em><\/p>\n<p><a href=\"https:\/\/www.tzgz.hr\/\" target=\"_new\" rel=\"noopener\">https:\/\/www.tzgz.hr\/<\/a><\/p>\n<p><a target=\"_new\" rel=\"noopener\">turistickiuredtzgz@infozagreb.hr<\/a><\/p>\n<p>+385 1 48-98-555<\/p>\n<\/blockquote>\n<p>&nbsp;<\/p>\n<p>[\/et_pb_tab][et_pb_tab title=&#8221;Proceedings&#8221; _builder_version=&#8221;4.24.0&#8243; _module_preset=&#8221;default&#8221; link_option_url=&#8221;https:\/\/vsig.hr\/konferencija2022\/zbornik.pdf&#8221; global_colors_info=&#8221;{}&#8221;]<\/p>\n<p><strong>Proceedings\u00a02022.<\/strong><\/p>\n<p>[\/et_pb_tab][\/et_pb_tabs][\/et_pb_column][\/et_pb_row][\/et_pb_section][et_pb_section fb_built=&#8221;1&#8243; _builder_version=&#8221;4.24.0&#8243; _module_preset=&#8221;default&#8221; global_colors_info=&#8221;{}&#8221;][et_pb_row column_structure=&#8221;1_4,1_4,1_4,1_4&#8243; _builder_version=&#8221;4.24.0&#8243; _module_preset=&#8221;default&#8221; max_width=&#8221;80%&#8221; global_colors_info=&#8221;{}&#8221;][et_pb_column type=&#8221;1_4&#8243; _builder_version=&#8221;4.16&#8243; _module_preset=&#8221;default&#8221; global_colors_info=&#8221;{}&#8221;][et_pb_blurb title=&#8221;Telephone&#8221; use_icon=&#8221;on&#8221; font_icon=&#8221;&#xe090;||divi||400&#8243; icon_color=&#8221;#315da6&#8243; image_icon_width=&#8221;62px&#8221; _builder_version=&#8221;4.24.0&#8243; _module_preset=&#8221;default&#8221; header_font=&#8221;|700|||||||&#8221; header_text_align=&#8221;center&#8221; header_text_color=&#8221;#315da6&#8243; header_font_size=&#8221;20px&#8221; body_text_align=&#8221;center&#8221; body_text_color=&#8221;#0C71C3&#8243; body_font_size=&#8221;16px&#8221; icon_font_size=&#8221;62px&#8221; global_colors_info=&#8221;{}&#8221;]<\/p>\n<p>+385 (1) 611 77 77<\/p>\n<p>[\/et_pb_blurb][\/et_pb_column][et_pb_column type=&#8221;1_4&#8243; _builder_version=&#8221;4.16&#8243; _module_preset=&#8221;default&#8221; global_colors_info=&#8221;{}&#8221;][et_pb_blurb title=&#8221;Email&#8221; use_icon=&#8221;on&#8221; font_icon=&#8221;&#xe0fa;||divi||400&#8243; icon_color=&#8221;#315da6&#8243; image_icon_width=&#8221;62px&#8221; _builder_version=&#8221;4.24.0&#8243; _module_preset=&#8221;default&#8221; header_font=&#8221;|700|||||||&#8221; header_text_align=&#8221;center&#8221; header_text_color=&#8221;#315da6&#8243; header_font_size=&#8221;20px&#8221; body_text_align=&#8221;center&#8221; body_text_color=&#8221;#0C71C3&#8243; body_font_size=&#8221;16px&#8221; icon_font_size=&#8221;62px&#8221; global_colors_info=&#8221;{}&#8221;]<\/p>\n<p>konferencija@effectus.com.hr<\/p>\n<p>[\/et_pb_blurb][\/et_pb_column][et_pb_column type=&#8221;1_4&#8243; _builder_version=&#8221;4.16&#8243; _module_preset=&#8221;default&#8221; global_colors_info=&#8221;{}&#8221;][et_pb_blurb title=&#8221;Location&#8221; use_icon=&#8221;on&#8221; font_icon=&#8221;&#xe01d;||divi||400&#8243; icon_color=&#8221;#315da6&#8243; image_icon_width=&#8221;62px&#8221; _builder_version=&#8221;4.24.0&#8243; _module_preset=&#8221;default&#8221; header_font=&#8221;|700|||||||&#8221; header_text_align=&#8221;center&#8221; header_text_color=&#8221;#315da6&#8243; header_font_size=&#8221;20px&#8221; body_text_align=&#8221;center&#8221; body_text_color=&#8221;#0C71C3&#8243; body_font_size=&#8221;16px&#8221; body_line_height=&#8221;1.6em&#8221; icon_font_size=&#8221;62px&#8221; global_colors_info=&#8221;{}&#8221;]<\/p>\n<p>Trg J. F. Kennedyja 2,<br \/>10000 Zagreb<\/p>\n<p>[\/et_pb_blurb][\/et_pb_column][et_pb_column type=&#8221;1_4&#8243; _builder_version=&#8221;4.16&#8243; _module_preset=&#8221;default&#8221; global_colors_info=&#8221;{}&#8221;][et_pb_blurb title=&#8221;Conference date&#8221; use_icon=&#8221;on&#8221; font_icon=&#8221;&#xf783;||fa||900&#8243; icon_color=&#8221;#315da6&#8243; image_icon_width=&#8221;62px&#8221; _builder_version=&#8221;4.24.0&#8243; _module_preset=&#8221;default&#8221; header_font=&#8221;|700|||||||&#8221; header_text_align=&#8221;center&#8221; header_text_color=&#8221;#315da6&#8243; header_font_size=&#8221;20px&#8221; header_line_height=&#8221;1.4em&#8221; body_text_align=&#8221;center&#8221; body_text_color=&#8221;#0C71C3&#8243; body_font_size=&#8221;16px&#8221; body_line_height=&#8221;1.6em&#8221; icon_font_size=&#8221;62px&#8221; global_colors_info=&#8221;{}&#8221;]<\/p>\n<p>November 22, 2024<\/p>\n<p>[\/et_pb_blurb][\/et_pb_column][\/et_pb_row][\/et_pb_section][et_pb_section fb_built=&#8221;1&#8243; fullwidth=&#8221;on&#8221; _builder_version=&#8221;4.24.0&#8243; _module_preset=&#8221;default&#8221; global_colors_info=&#8221;{}&#8221;][et_pb_fullwidth_code _builder_version=&#8221;4.16&#8243; _module_preset=&#8221;default&#8221; global_colors_info=&#8221;{}&#8221;]<iframe src=\"https:\/\/www.google.com\/maps\/embed?pb=!1m14!1m8!1m3!1d5561.57180719008!2d16.009053!3d45.815546!3m2!1i1024!2i768!4f13.1!3m3!1m2!1s0x4765d7b691cdbc79%3A0x8daad71a640a2e0b!2sTrg%20John%20F.%20Kennedy%202%2C%2010000%2C%20Zagreb!5e0!3m2!1shr!2shr!4v1630495476155!5m2!1shr!2shr\" width=\"2500\" height=\"450\" style=\"border:0;\" allowfullscreen=\"\" loading=\"lazy\"><\/iframe>[\/et_pb_fullwidth_code][\/et_pb_section]<\/p>\n","protected":false},"excerpt":{"rendered":"<p>PROSTHETICS, ORTHOTICS, ROBOTICS U PHYSIOTHERAPY AND HEALTHCARE &nbsp; SECOND INTERNATIONAL SCIENTIFIC-PROFESSIONAL ASSEMBLY \u00a0 \u00a0 Abstract Submission Deadline: March 31, 2024 &nbsp; Notification of Abstract Acceptance\/Rejection: by April 20, 2024 &nbsp; Full Paper Submission Deadline: June 30, 2024 &nbsp; Notification of Paper Acceptance\/Rejection: by October 1, 2024 &nbsp; Proceedings Printing: until the conference date &nbsp; Official [&hellip;]<\/p>\n","protected":false},"author":14,"featured_media":0,"parent":0,"menu_order":0,"comment_status":"closed","ping_status":"closed","template":"","meta":{"_et_pb_use_builder":"on","_et_pb_old_content":"","_et_gb_content_width":"","footnotes":""},"yoast_head":"<!-- This site is optimized with the Yoast SEO plugin v22.7 - https:\/\/yoast.com\/wordpress\/plugins\/seo\/ -->\n<title>CONFERENCE 2024. - EFFECTUS veleu\u010dili\u0161te<\/title>\n<meta name=\"robots\" content=\"index, follow, max-snippet:-1, max-image-preview:large, max-video-preview:-1\" \/>\n<link rel=\"canonical\" href=\"https:\/\/effectus.com.hr\/en\/conference-2024\/\" \/>\n<meta property=\"og:locale\" content=\"en_US\" \/>\n<meta property=\"og:type\" content=\"article\" \/>\n<meta property=\"og:title\" content=\"CONFERENCE 2024. - EFFECTUS veleu\u010dili\u0161te\" \/>\n<meta property=\"og:description\" content=\"PROSTHETICS, ORTHOTICS, ROBOTICS U PHYSIOTHERAPY AND HEALTHCARE &nbsp; SECOND INTERNATIONAL SCIENTIFIC-PROFESSIONAL ASSEMBLY \u00a0 \u00a0 Abstract Submission Deadline: March 31, 2024 &nbsp; Notification of Abstract Acceptance\/Rejection: by April 20, 2024 &nbsp; Full Paper Submission Deadline: June 30, 2024 &nbsp; Notification of Paper Acceptance\/Rejection: by October 1, 2024 &nbsp; Proceedings Printing: until the conference date &nbsp; Official [&hellip;]\" \/>\n<meta property=\"og:url\" content=\"https:\/\/effectus.com.hr\/en\/conference-2024\/\" \/>\n<meta property=\"og:site_name\" content=\"EFFECTUS veleu\u010dili\u0161te\" \/>\n<meta property=\"article:modified_time\" content=\"2024-05-09T10:47:27+00:00\" \/>\n<meta name=\"twitter:card\" content=\"summary_large_image\" \/>\n<meta name=\"twitter:label1\" content=\"Est. reading time\" \/>\n\t<meta name=\"twitter:data1\" content=\"5 minutes\" \/>\n<script type=\"application\/ld+json\" class=\"yoast-schema-graph\">{\"@context\":\"https:\/\/schema.org\",\"@graph\":[{\"@type\":\"WebPage\",\"@id\":\"https:\/\/effectus.com.hr\/en\/conference-2024\/\",\"url\":\"https:\/\/effectus.com.hr\/en\/conference-2024\/\",\"name\":\"CONFERENCE 2024. - EFFECTUS veleu\u010dili\u0161te\",\"isPartOf\":{\"@id\":\"https:\/\/effectus.com.hr\/#website\"},\"datePublished\":\"2024-02-01T11:09:56+00:00\",\"dateModified\":\"2024-05-09T10:47:27+00:00\",\"breadcrumb\":{\"@id\":\"https:\/\/effectus.com.hr\/en\/conference-2024\/#breadcrumb\"},\"inLanguage\":\"en-US\",\"potentialAction\":[{\"@type\":\"ReadAction\",\"target\":[\"https:\/\/effectus.com.hr\/en\/conference-2024\/\"]}]},{\"@type\":\"BreadcrumbList\",\"@id\":\"https:\/\/effectus.com.hr\/en\/conference-2024\/#breadcrumb\",\"itemListElement\":[{\"@type\":\"ListItem\",\"position\":1,\"name\":\"Po\u010detna\",\"item\":\"https:\/\/effectus.com.hr\/en\/\"},{\"@type\":\"ListItem\",\"position\":2,\"name\":\"CONFERENCE 2024.\"}]},{\"@type\":\"WebSite\",\"@id\":\"https:\/\/effectus.com.hr\/#website\",\"url\":\"https:\/\/effectus.com.hr\/\",\"name\":\"EFFECTUS veleu\u010dili\u0161te\",\"description\":\"\",\"potentialAction\":[{\"@type\":\"SearchAction\",\"target\":{\"@type\":\"EntryPoint\",\"urlTemplate\":\"https:\/\/effectus.com.hr\/?s={search_term_string}\"},\"query-input\":\"required name=search_term_string\"}],\"inLanguage\":\"en-US\"}]}<\/script>\n<!-- \/ Yoast SEO plugin. -->","yoast_head_json":{"title":"CONFERENCE 2024. - EFFECTUS veleu\u010dili\u0161te","robots":{"index":"index","follow":"follow","max-snippet":"max-snippet:-1","max-image-preview":"max-image-preview:large","max-video-preview":"max-video-preview:-1"},"canonical":"https:\/\/effectus.com.hr\/en\/conference-2024\/","og_locale":"en_US","og_type":"article","og_title":"CONFERENCE 2024. - EFFECTUS veleu\u010dili\u0161te","og_description":"PROSTHETICS, ORTHOTICS, ROBOTICS U PHYSIOTHERAPY AND HEALTHCARE &nbsp; SECOND INTERNATIONAL SCIENTIFIC-PROFESSIONAL ASSEMBLY \u00a0 \u00a0 Abstract Submission Deadline: March 31, 2024 &nbsp; Notification of Abstract Acceptance\/Rejection: by April 20, 2024 &nbsp; Full Paper Submission Deadline: June 30, 2024 &nbsp; Notification of Paper Acceptance\/Rejection: by October 1, 2024 &nbsp; Proceedings Printing: until the conference date &nbsp; Official [&hellip;]","og_url":"https:\/\/effectus.com.hr\/en\/conference-2024\/","og_site_name":"EFFECTUS veleu\u010dili\u0161te","article_modified_time":"2024-05-09T10:47:27+00:00","twitter_card":"summary_large_image","twitter_misc":{"Est. reading time":"5 minutes"},"schema":{"@context":"https:\/\/schema.org","@graph":[{"@type":"WebPage","@id":"https:\/\/effectus.com.hr\/en\/conference-2024\/","url":"https:\/\/effectus.com.hr\/en\/conference-2024\/","name":"CONFERENCE 2024. - EFFECTUS veleu\u010dili\u0161te","isPartOf":{"@id":"https:\/\/effectus.com.hr\/#website"},"datePublished":"2024-02-01T11:09:56+00:00","dateModified":"2024-05-09T10:47:27+00:00","breadcrumb":{"@id":"https:\/\/effectus.com.hr\/en\/conference-2024\/#breadcrumb"},"inLanguage":"en-US","potentialAction":[{"@type":"ReadAction","target":["https:\/\/effectus.com.hr\/en\/conference-2024\/"]}]},{"@type":"BreadcrumbList","@id":"https:\/\/effectus.com.hr\/en\/conference-2024\/#breadcrumb","itemListElement":[{"@type":"ListItem","position":1,"name":"Po\u010detna","item":"https:\/\/effectus.com.hr\/en\/"},{"@type":"ListItem","position":2,"name":"CONFERENCE 2024."}]},{"@type":"WebSite","@id":"https:\/\/effectus.com.hr\/#website","url":"https:\/\/effectus.com.hr\/","name":"EFFECTUS veleu\u010dili\u0161te","description":"","potentialAction":[{"@type":"SearchAction","target":{"@type":"EntryPoint","urlTemplate":"https:\/\/effectus.com.hr\/?s={search_term_string}"},"query-input":"required name=search_term_string"}],"inLanguage":"en-US"}]}},"_links":{"self":[{"href":"https:\/\/effectus.com.hr\/en\/wp-json\/wp\/v2\/pages\/250551"}],"collection":[{"href":"https:\/\/effectus.com.hr\/en\/wp-json\/wp\/v2\/pages"}],"about":[{"href":"https:\/\/effectus.com.hr\/en\/wp-json\/wp\/v2\/types\/page"}],"author":[{"embeddable":true,"href":"https:\/\/effectus.com.hr\/en\/wp-json\/wp\/v2\/users\/14"}],"replies":[{"embeddable":true,"href":"https:\/\/effectus.com.hr\/en\/wp-json\/wp\/v2\/comments?post=250551"}],"version-history":[{"count":18,"href":"https:\/\/effectus.com.hr\/en\/wp-json\/wp\/v2\/pages\/250551\/revisions"}],"predecessor-version":[{"id":252132,"href":"https:\/\/effectus.com.hr\/en\/wp-json\/wp\/v2\/pages\/250551\/revisions\/252132"}],"wp:attachment":[{"href":"https:\/\/effectus.com.hr\/en\/wp-json\/wp\/v2\/media?parent=250551"}],"curies":[{"name":"wp","href":"https:\/\/api.w.org\/{rel}","templated":true}]}}