{"id":257624,"date":"2025-02-18T13:36:55","date_gmt":"2025-02-18T12:36:55","guid":{"rendered":"https:\/\/effectus.com.hr\/ishodi-ucenja-studijskog-programa\/"},"modified":"2025-03-17T17:56:59","modified_gmt":"2025-03-17T16:56:59","slug":"ishodi-ucenja-studijskog-programa","status":"publish","type":"page","link":"https:\/\/effectus.com.hr\/en\/ishodi-ucenja-studijskog-programa\/","title":{"rendered":"Ishodi u\u010denja studijskog programa"},"content":{"rendered":"<p>[et_pb_section fb_built=&#8221;1&#8243; custom_padding_last_edited=&#8221;on|phone&#8221; _builder_version=&#8221;4.16&#8243; background_color=&#8221;rgba(4,29,52,0.45)&#8221; use_background_color_gradient=&#8221;on&#8221; background_color_gradient_stops=&#8221;#062d73 0%|rgba(0,0,0,0.37) 100%&#8221; background_color_gradient_overlays_image=&#8221;on&#8221; background_color_gradient_start=&#8221;#062d73&#8243; background_color_gradient_end=&#8221;rgba(0,0,0,0.37)&#8221; background_image=&#8221;https:\/\/effectus.com.hr\/wp-content\/uploads\/2022\/01\/3_shutterstock_683548888-scaled.jpg&#8221; background_enable_video_mp4=&#8221;off&#8221; background_video_width=&#8221;100%&#8221; position_origin_a=&#8221;top_center&#8221; min_height=&#8221;599.9px&#8221; custom_margin=&#8221;-120px||-28px||false|false&#8221; custom_padding=&#8221;120px||15px||false|false&#8221; custom_padding_tablet=&#8221;&#8221; custom_padding_phone=&#8221;120px||0px||false|false&#8221; custom_css_before=&#8221;content:%22%22;|| display: block;|| position: absolute;|| top: 0;|| left: 0;|| width: 100%;|| height: 100%;|| background-color: rgba(4,29,52,0.45);|| background-blend-mode: darken;|| z-index: 9;&#8221; custom_css_main_element=&#8221;top: -106px !important;&#8221; global_colors_info=&#8221;{}&#8221;][et_pb_row use_custom_gutter=&#8221;on&#8221; gutter_width=&#8221;2&#8243; make_equal=&#8221;on&#8221; custom_padding_last_edited=&#8221;on|phone&#8221; _builder_version=&#8221;4.16&#8243; z_index=&#8221;10&#8243; width_tablet=&#8221;90%&#8221; width_phone=&#8221;90%&#8221; width_last_edited=&#8221;on|tablet&#8221; max_width=&#8221;1170px&#8221; max_width_tablet=&#8221;90%&#8221; max_width_phone=&#8221;90%&#8221; max_width_last_edited=&#8221;on|phone&#8221; custom_padding=&#8221;209px||2px||false|&#8221; custom_padding_tablet=&#8221;&#8221; custom_padding_phone=&#8221;100px||2px||false|false&#8221; global_colors_info=&#8221;{}&#8221;][et_pb_column type=&#8221;4_4&#8243; _builder_version=&#8221;4.16&#8243; global_colors_info=&#8221;{}&#8221;][et_pb_text _builder_version=&#8221;4.25.1&#8243; header_font=&#8221;||||||||&#8221; header_text_align=&#8221;left&#8221; header_text_color=&#8221;#ffffff&#8221; header_font_size=&#8221;60px&#8221; header_letter_spacing=&#8221;-1px&#8221; header_line_height=&#8221;1.3em&#8221; max_width=&#8221;600px&#8221; module_alignment=&#8221;left&#8221; custom_margin=&#8221;||||false|false&#8221; custom_margin_tablet=&#8221;-10px||||false|false&#8221; custom_margin_phone=&#8221;-10px||||false|false&#8221; custom_margin_last_edited=&#8221;on|phone&#8221; animation_style=&#8221;slide&#8221; animation_direction=&#8221;bottom&#8221; animation_delay=&#8221;200ms&#8221; header_font_size_tablet=&#8221;45px&#8221; header_font_size_phone=&#8221;40px&#8221; header_font_size_last_edited=&#8221;on|phone&#8221; global_colors_info=&#8221;{}&#8221;]<\/p>\n<h1 class=\"kingster-page-title\">Learning Outcomes of the Study Program<\/h1>\n<p>[\/et_pb_text][et_pb_text admin_label=&#8221;Text&#8221; _builder_version=&#8221;4.25.1&#8243; _module_preset=&#8221;default&#8221; text_text_color=&#8221;#FFFFFF&#8221; text_font_size=&#8221;24px&#8221; text_line_height=&#8221;1.6em&#8221; link_text_color=&#8221;#FFFFFF&#8221; text_orientation=&#8221;left&#8221; max_width=&#8221;700px&#8221; custom_margin=&#8221;|-104px|33px|||&#8221; custom_padding=&#8221;|0px||||&#8221; global_colors_info=&#8221;{}&#8221;][\/et_pb_text][\/et_pb_column][\/et_pb_row][\/et_pb_section][et_pb_section fb_built=&#8221;1&#8243; _builder_version=&#8221;4.25.1&#8243; _module_preset=&#8221;default&#8221; custom_margin=&#8221;-124px|||||&#8221; custom_padding=&#8221;||0px|||&#8221; global_colors_info=&#8221;{}&#8221;][et_pb_row _builder_version=&#8221;4.25.1&#8243; _module_preset=&#8221;default&#8221; global_colors_info=&#8221;{}&#8221;][et_pb_column type=&#8221;4_4&#8243; _builder_version=&#8221;4.25.1&#8243; _module_preset=&#8221;default&#8221; global_colors_info=&#8221;{}&#8221;][et_pb_text _builder_version=&#8221;4.25.1&#8243; _module_preset=&#8221;default&#8221; global_colors_info=&#8221;{}&#8221;]<\/p>\n<h1><strong>ENTREPRENEURSHIP STUDIES<\/strong><\/h1>\n<p>&nbsp;<\/p>\n<p>&nbsp;<\/p>\n<h4><strong>Learning Outcomes \u2013 Legend<\/strong><\/h4>\n<p>[\/et_pb_text][\/et_pb_column][\/et_pb_row][\/et_pb_section][et_pb_section fb_built=&#8221;1&#8243; module_class=&#8221;eff-novosti&#8221; _builder_version=&#8221;4.16&#8243; custom_padding=&#8221;0px|||||&#8221; global_colors_info=&#8221;{}&#8221;][et_pb_row _builder_version=&#8221;4.25.1&#8243; _module_preset=&#8221;default&#8221; global_colors_info=&#8221;{}&#8221;][et_pb_column type=&#8221;4_4&#8243; _builder_version=&#8221;4.25.1&#8243; _module_preset=&#8221;default&#8221; global_colors_info=&#8221;{}&#8221;][et_pb_text _builder_version=&#8221;4.25.1&#8243; _module_preset=&#8221;default&#8221; hover_enabled=&#8221;0&#8243; global_colors_info=&#8221;{}&#8221; sticky_enabled=&#8221;0&#8243;]<\/p>\n<table style=\"width: 99.5646%;\">\n<thead data-start=\"114\" data-end=\"155\">\n<tr data-start=\"114\" data-end=\"155\">\n<th style=\"text-align: left; width: 4.04794%;\" data-start=\"114\" data-end=\"121\">Code<\/th>\n<th style=\"text-align: left; width: 207.474%;\" data-start=\"121\" data-end=\"155\">Learning Outcome Description<\/th>\n<\/tr>\n<\/thead>\n<\/table>\n<div style=\"text-align: left;\">\n<table style=\"width: 100%;\">\n<tbody>\n<tr data-start=\"199\" data-end=\"325\">\n<td style=\"width: 6.77364%;\"><strong data-start=\"201\" data-end=\"208\">LO1<\/strong><\/td>\n<td style=\"width: 91.9787%;\">Identify and seize opportunities for value creation by exploring the social, cultural, and economic landscape.<\/td>\n<\/tr>\n<\/tbody>\n<\/table>\n<\/div>\n<div style=\"text-align: left;\">\n<table style=\"width: 100%;\">\n<tbody>\n<tr data-start=\"326\" data-end=\"460\">\n<td style=\"width: 6.77362%;\"><strong data-start=\"328\" data-end=\"335\">LO2<\/strong><\/td>\n<td style=\"width: 91.9786%;\">Develop ideas and opportunities for value creation, including improved solutions for existing and emerging challenges.<\/td>\n<\/tr>\n<\/tbody>\n<\/table>\n<\/div>\n<div style=\"text-align: left;\">\n<table style=\"width: 69.114%;\">\n<tbody>\n<tr data-start=\"461\" data-end=\"530\">\n<td style=\"width: 9.81912%;\"><strong data-start=\"463\" data-end=\"470\">LO3<\/strong><\/td>\n<td style=\"width: 88.3721%;\">Create new and innovative entrepreneurial approaches.<\/td>\n<\/tr>\n<\/tbody>\n<\/table>\n<\/div>\n<div style=\"text-align: left;\">\n<table style=\"width: 100%;\">\n<tbody>\n<tr data-start=\"531\" data-end=\"660\">\n<td style=\"width: 6.59537%;\"><strong data-start=\"533\" data-end=\"540\">LO4<\/strong><\/td>\n<td style=\"width: 92.1569%;\">Identify the potential of an entrepreneurial idea for value creation and appropriate ways to maximize its impact.<\/td>\n<\/tr>\n<\/tbody>\n<\/table>\n<\/div>\n<div style=\"text-align: left;\">\n<table style=\"width: 100%;\">\n<tbody>\n<tr data-start=\"661\" data-end=\"826\">\n<td style=\"width: 6.59537%;\"><strong data-start=\"663\" data-end=\"670\">LO5<\/strong><\/td>\n<td style=\"width: 92.1569%;\">Assess the consequences of value-creating ideas and the impact of entrepreneurial activity on the target community, market, society, and environment.<\/td>\n<\/tr>\n<\/tbody>\n<\/table>\n<\/div>\n<div style=\"text-align: left;\">\n<table style=\"width: 100%;\">\n<tbody>\n<tr data-start=\"827\" data-end=\"954\">\n<td style=\"width: 6.59537%;\"><strong data-start=\"829\" data-end=\"836\">LO6<\/strong><\/td>\n<td style=\"width: 92.1569%;\">Organize the management of material, intangible, and digital resources necessary for turning ideas into action.<\/td>\n<\/tr>\n<\/tbody>\n<\/table>\n<\/div>\n<div style=\"text-align: left;\">\n<table style=\"width: 100%;\">\n<tbody>\n<tr data-start=\"955\" data-end=\"1110\">\n<td style=\"width: 6.59537%;\"><strong data-start=\"957\" data-end=\"964\">LO7<\/strong><\/td>\n<td style=\"width: 92.1569%;\">Manage competencies required at any stage of an entrepreneurial venture, including technical, legal, tax-related, and digital competencies.<\/td>\n<\/tr>\n<\/tbody>\n<\/table>\n<\/div>\n<div style=\"text-align: left;\">\n<table style=\"width: 100%;\">\n<tbody>\n<tr data-start=\"1111\" data-end=\"1259\">\n<td style=\"width: 6.59537%;\"><strong data-start=\"1113\" data-end=\"1120\">LO8<\/strong><\/td>\n<td style=\"width: 92.1569%;\">Calculate the cost of transforming an idea into a value-creating activity and manage financing to ensure long-term value generation.<\/td>\n<\/tr>\n<\/tbody>\n<\/table>\n<\/div>\n<div style=\"text-align: left;\">\n<table style=\"width: 83.8666%;\">\n<tbody>\n<tr data-start=\"1260\" data-end=\"1346\">\n<td style=\"width: 8.05085%;\"><strong data-start=\"1262\" data-end=\"1269\">LO9<\/strong><\/td>\n<td style=\"width: 90.2542%;\">Develop a plan, formulate, and evaluate financial decisions over time.<\/td>\n<\/tr>\n<\/tbody>\n<\/table>\n<\/div>\n<div style=\"text-align: left;\">\n<table style=\"width: 100%;\">\n<tbody>\n<tr data-start=\"1347\" data-end=\"1462\">\n<td style=\"width: 4.09982%;\"><strong data-start=\"1349\" data-end=\"1357\">LO10<\/strong><\/td>\n<td style=\"width: 94.6525%;\">Establish long-term, medium-term, and short-term goals and categorize priorities and action plans.<\/td>\n<\/tr>\n<\/tbody>\n<\/table>\n<\/div>\n<div>\n<table>\n<tbody>\n<tr data-start=\"1463\" data-end=\"1625\" data-is-last-node=\"\">\n<td style=\"text-align: left;\"><strong data-start=\"1465\" data-end=\"1473\">LO11<\/strong><\/td>\n<td style=\"text-align: left;\">Make decisions in situations of uncertainty, when available information is partial or ambiguous, or when there is a risk of undesirable outcomes.<\/td>\n<\/tr>\n<\/tbody>\n<\/table>\n<\/div>\n<p>&nbsp;<\/p>\n<p>[\/et_pb_text][\/et_pb_column][\/et_pb_row][\/et_pb_section]<\/p>\n","protected":false},"excerpt":{"rendered":"<p>Learning Outcomes of the Study ProgramENTREPRENEURSHIP STUDIES &nbsp; &nbsp; Learning Outcomes \u2013 Legend Code Learning Outcome Description LO1 Identify and seize opportunities for value creation by exploring the social, cultural, and economic landscape. LO2 Develop ideas and opportunities for value creation, including improved solutions for existing and emerging challenges. LO3 Create new and innovative entrepreneurial [&hellip;]<\/p>\n","protected":false},"author":14,"featured_media":0,"parent":0,"menu_order":0,"comment_status":"closed","ping_status":"closed","template":"","meta":{"_et_pb_use_builder":"on","_et_pb_old_content":"","_et_gb_content_width":"","footnotes":""},"yoast_head":"<!-- This site is optimized with the Yoast SEO plugin v22.7 - https:\/\/yoast.com\/wordpress\/plugins\/seo\/ -->\n<title>Ishodi u\u010denja studijskog programa - EFFECTUS veleu\u010dili\u0161te<\/title>\n<meta name=\"robots\" content=\"index, follow, max-snippet:-1, max-image-preview:large, max-video-preview:-1\" \/>\n<link rel=\"canonical\" href=\"https:\/\/effectus.com.hr\/en\/ishodi-ucenja-studijskog-programa\/\" \/>\n<meta property=\"og:locale\" content=\"en_US\" \/>\n<meta property=\"og:type\" content=\"article\" \/>\n<meta property=\"og:title\" content=\"Ishodi u\u010denja studijskog programa - EFFECTUS veleu\u010dili\u0161te\" \/>\n<meta property=\"og:description\" content=\"Learning Outcomes of the Study ProgramENTREPRENEURSHIP STUDIES &nbsp; &nbsp; Learning Outcomes \u2013 Legend Code Learning Outcome Description LO1 Identify and seize opportunities for value creation by exploring the social, cultural, and economic landscape. LO2 Develop ideas and opportunities for value creation, including improved solutions for existing and emerging challenges. LO3 Create new and innovative entrepreneurial [&hellip;]\" \/>\n<meta property=\"og:url\" content=\"https:\/\/effectus.com.hr\/en\/ishodi-ucenja-studijskog-programa\/\" \/>\n<meta property=\"og:site_name\" content=\"EFFECTUS veleu\u010dili\u0161te\" \/>\n<meta property=\"article:modified_time\" content=\"2025-03-17T16:56:59+00:00\" \/>\n<meta name=\"twitter:card\" content=\"summary_large_image\" \/>\n<meta name=\"twitter:label1\" content=\"Est. reading time\" \/>\n\t<meta name=\"twitter:data1\" content=\"2 minutes\" \/>\n<script type=\"application\/ld+json\" class=\"yoast-schema-graph\">{\"@context\":\"https:\/\/schema.org\",\"@graph\":[{\"@type\":\"WebPage\",\"@id\":\"https:\/\/effectus.com.hr\/en\/ishodi-ucenja-studijskog-programa\/\",\"url\":\"https:\/\/effectus.com.hr\/en\/ishodi-ucenja-studijskog-programa\/\",\"name\":\"Ishodi u\u010denja studijskog programa - EFFECTUS veleu\u010dili\u0161te\",\"isPartOf\":{\"@id\":\"https:\/\/effectus.com.hr\/#website\"},\"datePublished\":\"2025-02-18T12:36:55+00:00\",\"dateModified\":\"2025-03-17T16:56:59+00:00\",\"breadcrumb\":{\"@id\":\"https:\/\/effectus.com.hr\/en\/ishodi-ucenja-studijskog-programa\/#breadcrumb\"},\"inLanguage\":\"en-US\",\"potentialAction\":[{\"@type\":\"ReadAction\",\"target\":[\"https:\/\/effectus.com.hr\/en\/ishodi-ucenja-studijskog-programa\/\"]}]},{\"@type\":\"BreadcrumbList\",\"@id\":\"https:\/\/effectus.com.hr\/en\/ishodi-ucenja-studijskog-programa\/#breadcrumb\",\"itemListElement\":[{\"@type\":\"ListItem\",\"position\":1,\"name\":\"Po\u010detna\",\"item\":\"https:\/\/effectus.com.hr\/en\/\"},{\"@type\":\"ListItem\",\"position\":2,\"name\":\"Ishodi u\u010denja studijskog programa\"}]},{\"@type\":\"WebSite\",\"@id\":\"https:\/\/effectus.com.hr\/#website\",\"url\":\"https:\/\/effectus.com.hr\/\",\"name\":\"EFFECTUS veleu\u010dili\u0161te\",\"description\":\"\",\"potentialAction\":[{\"@type\":\"SearchAction\",\"target\":{\"@type\":\"EntryPoint\",\"urlTemplate\":\"https:\/\/effectus.com.hr\/?s={search_term_string}\"},\"query-input\":\"required name=search_term_string\"}],\"inLanguage\":\"en-US\"}]}<\/script>\n<!-- \/ Yoast SEO plugin. -->","yoast_head_json":{"title":"Ishodi u\u010denja studijskog programa - EFFECTUS veleu\u010dili\u0161te","robots":{"index":"index","follow":"follow","max-snippet":"max-snippet:-1","max-image-preview":"max-image-preview:large","max-video-preview":"max-video-preview:-1"},"canonical":"https:\/\/effectus.com.hr\/en\/ishodi-ucenja-studijskog-programa\/","og_locale":"en_US","og_type":"article","og_title":"Ishodi u\u010denja studijskog programa - EFFECTUS veleu\u010dili\u0161te","og_description":"Learning Outcomes of the Study ProgramENTREPRENEURSHIP STUDIES &nbsp; &nbsp; Learning Outcomes \u2013 Legend Code Learning Outcome Description LO1 Identify and seize opportunities for value creation by exploring the social, cultural, and economic landscape. LO2 Develop ideas and opportunities for value creation, including improved solutions for existing and emerging challenges. LO3 Create new and innovative entrepreneurial [&hellip;]","og_url":"https:\/\/effectus.com.hr\/en\/ishodi-ucenja-studijskog-programa\/","og_site_name":"EFFECTUS veleu\u010dili\u0161te","article_modified_time":"2025-03-17T16:56:59+00:00","twitter_card":"summary_large_image","twitter_misc":{"Est. reading time":"2 minutes"},"schema":{"@context":"https:\/\/schema.org","@graph":[{"@type":"WebPage","@id":"https:\/\/effectus.com.hr\/en\/ishodi-ucenja-studijskog-programa\/","url":"https:\/\/effectus.com.hr\/en\/ishodi-ucenja-studijskog-programa\/","name":"Ishodi u\u010denja studijskog programa - EFFECTUS veleu\u010dili\u0161te","isPartOf":{"@id":"https:\/\/effectus.com.hr\/#website"},"datePublished":"2025-02-18T12:36:55+00:00","dateModified":"2025-03-17T16:56:59+00:00","breadcrumb":{"@id":"https:\/\/effectus.com.hr\/en\/ishodi-ucenja-studijskog-programa\/#breadcrumb"},"inLanguage":"en-US","potentialAction":[{"@type":"ReadAction","target":["https:\/\/effectus.com.hr\/en\/ishodi-ucenja-studijskog-programa\/"]}]},{"@type":"BreadcrumbList","@id":"https:\/\/effectus.com.hr\/en\/ishodi-ucenja-studijskog-programa\/#breadcrumb","itemListElement":[{"@type":"ListItem","position":1,"name":"Po\u010detna","item":"https:\/\/effectus.com.hr\/en\/"},{"@type":"ListItem","position":2,"name":"Ishodi u\u010denja studijskog programa"}]},{"@type":"WebSite","@id":"https:\/\/effectus.com.hr\/#website","url":"https:\/\/effectus.com.hr\/","name":"EFFECTUS veleu\u010dili\u0161te","description":"","potentialAction":[{"@type":"SearchAction","target":{"@type":"EntryPoint","urlTemplate":"https:\/\/effectus.com.hr\/?s={search_term_string}"},"query-input":"required name=search_term_string"}],"inLanguage":"en-US"}]}},"_links":{"self":[{"href":"https:\/\/effectus.com.hr\/en\/wp-json\/wp\/v2\/pages\/257624"}],"collection":[{"href":"https:\/\/effectus.com.hr\/en\/wp-json\/wp\/v2\/pages"}],"about":[{"href":"https:\/\/effectus.com.hr\/en\/wp-json\/wp\/v2\/types\/page"}],"author":[{"embeddable":true,"href":"https:\/\/effectus.com.hr\/en\/wp-json\/wp\/v2\/users\/14"}],"replies":[{"embeddable":true,"href":"https:\/\/effectus.com.hr\/en\/wp-json\/wp\/v2\/comments?post=257624"}],"version-history":[{"count":4,"href":"https:\/\/effectus.com.hr\/en\/wp-json\/wp\/v2\/pages\/257624\/revisions"}],"predecessor-version":[{"id":257659,"href":"https:\/\/effectus.com.hr\/en\/wp-json\/wp\/v2\/pages\/257624\/revisions\/257659"}],"wp:attachment":[{"href":"https:\/\/effectus.com.hr\/en\/wp-json\/wp\/v2\/media?parent=257624"}],"curies":[{"name":"wp","href":"https:\/\/api.w.org\/{rel}","templated":true}]}}