{"id":257645,"date":"2025-02-18T14:34:23","date_gmt":"2025-02-18T13:34:23","guid":{"rendered":"https:\/\/effectus.com.hr\/ishodi-ucenja-studijskog-programa-2\/"},"modified":"2025-03-17T17:55:38","modified_gmt":"2025-03-17T16:55:38","slug":"ishodi-ucenja-studijskog-programa-2","status":"publish","type":"page","link":"https:\/\/effectus.com.hr\/en\/ishodi-ucenja-studijskog-programa-2\/","title":{"rendered":"Ishodi u\u010denja studijskog programa"},"content":{"rendered":"<p>[et_pb_section fb_built=&#8221;1&#8243; custom_padding_last_edited=&#8221;on|phone&#8221; _builder_version=&#8221;4.16&#8243; background_color=&#8221;rgba(4,29,52,0.45)&#8221; use_background_color_gradient=&#8221;on&#8221; background_color_gradient_stops=&#8221;#062d73 0%|rgba(0,0,0,0.37) 100%&#8221; background_color_gradient_overlays_image=&#8221;on&#8221; background_color_gradient_start=&#8221;#062d73&#8243; background_color_gradient_end=&#8221;rgba(0,0,0,0.37)&#8221; background_image=&#8221;https:\/\/effectus.com.hr\/wp-content\/uploads\/2022\/01\/3_shutterstock_683548888-scaled.jpg&#8221; background_enable_video_mp4=&#8221;off&#8221; background_video_width=&#8221;100%&#8221; position_origin_a=&#8221;top_center&#8221; min_height=&#8221;599.9px&#8221; custom_margin=&#8221;-120px||-28px||false|false&#8221; custom_padding=&#8221;120px||15px||false|false&#8221; custom_padding_tablet=&#8221;&#8221; custom_padding_phone=&#8221;120px||0px||false|false&#8221; custom_css_before=&#8221;content:%22%22;|| display: block;|| position: absolute;|| top: 0;|| left: 0;|| width: 100%;|| height: 100%;|| background-color: rgba(4,29,52,0.45);|| background-blend-mode: darken;|| z-index: 9;&#8221; custom_css_main_element=&#8221;top: -106px !important;&#8221; global_colors_info=&#8221;{}&#8221;][et_pb_row use_custom_gutter=&#8221;on&#8221; gutter_width=&#8221;2&#8243; make_equal=&#8221;on&#8221; custom_padding_last_edited=&#8221;on|phone&#8221; _builder_version=&#8221;4.16&#8243; z_index=&#8221;10&#8243; width_tablet=&#8221;90%&#8221; width_phone=&#8221;90%&#8221; width_last_edited=&#8221;on|tablet&#8221; max_width=&#8221;1170px&#8221; max_width_tablet=&#8221;90%&#8221; max_width_phone=&#8221;90%&#8221; max_width_last_edited=&#8221;on|phone&#8221; custom_padding=&#8221;209px||2px||false|&#8221; custom_padding_tablet=&#8221;&#8221; custom_padding_phone=&#8221;100px||2px||false|false&#8221; global_colors_info=&#8221;{}&#8221;][et_pb_column type=&#8221;4_4&#8243; _builder_version=&#8221;4.16&#8243; global_colors_info=&#8221;{}&#8221;][et_pb_text _builder_version=&#8221;4.25.1&#8243; header_font=&#8221;||||||||&#8221; header_text_align=&#8221;left&#8221; header_text_color=&#8221;#ffffff&#8221; header_font_size=&#8221;60px&#8221; header_letter_spacing=&#8221;-1px&#8221; header_line_height=&#8221;1.3em&#8221; max_width=&#8221;600px&#8221; module_alignment=&#8221;left&#8221; custom_margin=&#8221;||||false|false&#8221; custom_margin_tablet=&#8221;-10px||||false|false&#8221; custom_margin_phone=&#8221;-10px||||false|false&#8221; custom_margin_last_edited=&#8221;on|phone&#8221; animation_style=&#8221;slide&#8221; animation_direction=&#8221;bottom&#8221; animation_delay=&#8221;200ms&#8221; header_font_size_tablet=&#8221;45px&#8221; header_font_size_phone=&#8221;40px&#8221; header_font_size_last_edited=&#8221;on|phone&#8221; global_colors_info=&#8221;{}&#8221;]<\/p>\n<h1 class=\"kingster-page-title\">Learning Outcomes of the Study Program<\/h1>\n<p>[\/et_pb_text][et_pb_text admin_label=&#8221;Text&#8221; _builder_version=&#8221;4.25.1&#8243; _module_preset=&#8221;default&#8221; text_text_color=&#8221;#FFFFFF&#8221; text_font_size=&#8221;24px&#8221; text_line_height=&#8221;1.6em&#8221; link_text_color=&#8221;#FFFFFF&#8221; text_orientation=&#8221;left&#8221; max_width=&#8221;700px&#8221; custom_margin=&#8221;|-104px|33px|||&#8221; custom_padding=&#8221;|0px||||&#8221; global_colors_info=&#8221;{}&#8221;][\/et_pb_text][\/et_pb_column][\/et_pb_row][\/et_pb_section][et_pb_section fb_built=&#8221;1&#8243; _builder_version=&#8221;4.25.1&#8243; _module_preset=&#8221;default&#8221; custom_margin=&#8221;-124px|||||&#8221; custom_padding=&#8221;||0px|||&#8221; global_colors_info=&#8221;{}&#8221;][et_pb_row _builder_version=&#8221;4.25.1&#8243; _module_preset=&#8221;default&#8221; global_colors_info=&#8221;{}&#8221;][et_pb_column type=&#8221;4_4&#8243; _builder_version=&#8221;4.25.1&#8243; _module_preset=&#8221;default&#8221; global_colors_info=&#8221;{}&#8221;][et_pb_text _builder_version=&#8221;4.25.1&#8243; _module_preset=&#8221;default&#8221; global_colors_info=&#8221;{}&#8221;]<\/p>\n<h1><strong>FINANCE AND BUSINESS LAW STUDIES<\/strong><\/h1>\n<p>[\/et_pb_text][\/et_pb_column][\/et_pb_row][\/et_pb_section][et_pb_section fb_built=&#8221;1&#8243; module_class=&#8221;eff-novosti&#8221; _builder_version=&#8221;4.16&#8243; custom_padding=&#8221;0px|||||&#8221; global_colors_info=&#8221;{}&#8221;][et_pb_row _builder_version=&#8221;4.25.1&#8243; _module_preset=&#8221;default&#8221; global_colors_info=&#8221;{}&#8221;][et_pb_column type=&#8221;4_4&#8243; _builder_version=&#8221;4.25.1&#8243; _module_preset=&#8221;default&#8221; global_colors_info=&#8221;{}&#8221;][et_pb_text _builder_version=&#8221;4.25.1&#8243; _module_preset=&#8221;default&#8221; hover_enabled=&#8221;0&#8243; global_colors_info=&#8221;{}&#8221; sticky_enabled=&#8221;0&#8243;]<\/p>\n<table style=\"width: 44.705%;\">\n<thead data-start=\"89\" data-end=\"139\">\n<tr data-start=\"89\" data-end=\"139\">\n<th style=\"width: 7.09258%;\" data-start=\"89\" data-end=\"101\"><strong data-start=\"91\" data-end=\"99\">Code<\/strong><\/th>\n<th style=\"width: 90.1406%;\" data-start=\"101\" data-end=\"139\"><strong data-start=\"103\" data-end=\"135\">Learning Outcome Description<\/strong><\/th>\n<\/tr>\n<\/thead>\n<\/table>\n<div>\n<table style=\"width: 100%;\">\n<tbody>\n<tr data-start=\"191\" data-end=\"310\">\n<td style=\"width: 1.78253%;\"><strong data-start=\"193\" data-end=\"200\">LO1<\/strong><\/td>\n<td style=\"width: 96.9697%;\">Describe the nature, legal and institutional framework, and key elements of the business environment.<\/td>\n<\/tr>\n<\/tbody>\n<\/table>\n<\/div>\n<div>\n<table style=\"width: 100%;\">\n<tbody>\n<tr data-start=\"311\" data-end=\"506\">\n<td style=\"width: 2.49554%;\"><strong data-start=\"313\" data-end=\"320\">LO2<\/strong><\/td>\n<td style=\"width: 96.2567%;\">Make independent, logical, economically rational, and lawful financial decisions while adhering to prescribed procedures, guidelines, and generally accepted economic principles.<\/td>\n<\/tr>\n<\/tbody>\n<\/table>\n<\/div>\n<div>\n<table style=\"width: 100%;\">\n<tbody>\n<tr data-start=\"507\" data-end=\"616\">\n<td style=\"width: 2.6738%;\"><strong data-start=\"509\" data-end=\"516\">LO3<\/strong><\/td>\n<td style=\"width: 96.0784%;\">Collect, organize, and interpret financial and other business-related information and data.<\/td>\n<\/tr>\n<\/tbody>\n<\/table>\n<\/div>\n<div>\n<table style=\"width: 71.0892%;\">\n<tbody>\n<tr data-start=\"617\" data-end=\"692\">\n<td style=\"width: 5.26316%;\"><strong data-start=\"619\" data-end=\"626\">LO4<\/strong><\/td>\n<td style=\"width: 92.7318%;\">Conduct business analyses of a lower level of complexity.<\/td>\n<\/tr>\n<\/tbody>\n<\/table>\n<\/div>\n<div>\n<table style=\"width: 100%;\">\n<tbody>\n<tr data-start=\"693\" data-end=\"876\">\n<td style=\"width: 1.78253%;\"><strong data-start=\"695\" data-end=\"702\">LO5<\/strong><\/td>\n<td style=\"width: 96.9697%;\">Apply fundamental principles, rules, and strategies of accounting, financial management, and financial planning in low-complexity situations based on available data.<\/td>\n<\/tr>\n<\/tbody>\n<\/table>\n<\/div>\n<div>\n<table style=\"width: 80.958%;\">\n<tbody>\n<tr data-start=\"877\" data-end=\"961\">\n<td style=\"width: 4.61538%;\"><strong data-start=\"879\" data-end=\"886\">LO6<\/strong><\/td>\n<td style=\"width: 93.8462%;\">Independently manage the financial resources of a business entity.<\/td>\n<\/tr>\n<\/tbody>\n<\/table>\n<\/div>\n<div>\n<table style=\"width: 88.8173%;\">\n<tbody>\n<tr data-start=\"962\" data-end=\"1054\">\n<td style=\"width: 3.4%;\"><strong data-start=\"964\" data-end=\"971\">LO7<\/strong><\/td>\n<td style=\"width: 95%;\">Assess the social and economic benefits of a business entity&#8217;s operations.<\/td>\n<\/tr>\n<\/tbody>\n<\/table>\n<\/div>\n<div>\n<table style=\"width: 100%;\">\n<tbody>\n<tr data-start=\"1055\" data-end=\"1182\">\n<td style=\"width: 1.78253%;\"><strong data-start=\"1057\" data-end=\"1064\">LO8<\/strong><\/td>\n<td style=\"width: 96.9697%;\">Explain the structure, mechanisms, and governance rules of corporations and other types of business entities.<\/td>\n<\/tr>\n<\/tbody>\n<\/table>\n<\/div>\n<div>\n<table style=\"width: 100%;\">\n<tbody>\n<tr data-start=\"1183\" data-end=\"1392\">\n<td style=\"width: 4.45633%;\"><strong data-start=\"1185\" data-end=\"1192\">LO9<\/strong><\/td>\n<td style=\"width: 94.2959%;\">Analyze facts and draw conclusions in business law situations of lower complexity by using legal sources, case law, textbooks, scientific and professional papers in the field of business law.<\/td>\n<\/tr>\n<\/tbody>\n<\/table>\n<\/div>\n<div>\n<table style=\"width: 100%;\">\n<tbody>\n<tr data-start=\"1393\" data-end=\"1578\">\n<td style=\"width: 3.92157%;\"><strong data-start=\"1395\" data-end=\"1403\">LO10<\/strong><\/td>\n<td style=\"width: 94.8307%;\">Draft decisions, resolutions, contracts, and other types of written legal documents of lower complexity, in Croatian and English, in compliance with legal regulations.<\/td>\n<\/tr>\n<\/tbody>\n<\/table>\n<\/div>\n<div>\n<table>\n<tbody>\n<tr data-start=\"1579\" data-end=\"1741\">\n<td><strong data-start=\"1581\" data-end=\"1589\">LO11<\/strong><\/td>\n<td>Communicate with internal and external stakeholders, orally and\/or in writing, regarding economic, financial, and legal processes and phenomena.<\/td>\n<\/tr>\n<\/tbody>\n<\/table>\n<\/div>\n<div>\n<table style=\"width: 70.6308%;\">\n<tbody>\n<tr data-start=\"1742\" data-end=\"1818\" data-is-last-node=\"\">\n<td style=\"width: 5.68653%;\"><strong data-start=\"1744\" data-end=\"1752\">LO12<\/strong><\/td>\n<td style=\"width: 92.5591%;\">Apply basic analytical skills in business decision-making.<\/td>\n<\/tr>\n<\/tbody>\n<\/table>\n<\/div>\n<p>&nbsp;<\/p>\n<p>[\/et_pb_text][\/et_pb_column][\/et_pb_row][\/et_pb_section]<\/p>\n","protected":false},"excerpt":{"rendered":"<p>Learning Outcomes of the Study ProgramFINANCE AND BUSINESS LAW STUDIES Code Learning Outcome Description LO1 Describe the nature, legal and institutional framework, and key elements of the business environment. LO2 Make independent, logical, economically rational, and lawful financial decisions while adhering to prescribed procedures, guidelines, and generally accepted economic principles. LO3 Collect, organize, and interpret [&hellip;]<\/p>\n","protected":false},"author":14,"featured_media":0,"parent":0,"menu_order":0,"comment_status":"closed","ping_status":"closed","template":"","meta":{"_et_pb_use_builder":"on","_et_pb_old_content":"","_et_gb_content_width":"","footnotes":""},"yoast_head":"<!-- This site is optimized with the Yoast SEO plugin v22.7 - https:\/\/yoast.com\/wordpress\/plugins\/seo\/ -->\n<title>Ishodi u\u010denja studijskog programa - EFFECTUS veleu\u010dili\u0161te<\/title>\n<meta name=\"robots\" content=\"index, follow, max-snippet:-1, max-image-preview:large, max-video-preview:-1\" \/>\n<link rel=\"canonical\" href=\"https:\/\/effectus.com.hr\/en\/ishodi-ucenja-studijskog-programa-2\/\" \/>\n<meta property=\"og:locale\" content=\"en_US\" \/>\n<meta property=\"og:type\" content=\"article\" \/>\n<meta property=\"og:title\" content=\"Ishodi u\u010denja studijskog programa - EFFECTUS veleu\u010dili\u0161te\" \/>\n<meta property=\"og:description\" content=\"Learning Outcomes of the Study ProgramFINANCE AND BUSINESS LAW STUDIES Code Learning Outcome Description LO1 Describe the nature, legal and institutional framework, and key elements of the business environment. LO2 Make independent, logical, economically rational, and lawful financial decisions while adhering to prescribed procedures, guidelines, and generally accepted economic principles. LO3 Collect, organize, and interpret [&hellip;]\" \/>\n<meta property=\"og:url\" content=\"https:\/\/effectus.com.hr\/en\/ishodi-ucenja-studijskog-programa-2\/\" \/>\n<meta property=\"og:site_name\" content=\"EFFECTUS veleu\u010dili\u0161te\" \/>\n<meta property=\"article:modified_time\" content=\"2025-03-17T16:55:38+00:00\" \/>\n<meta name=\"twitter:card\" content=\"summary_large_image\" \/>\n<meta name=\"twitter:label1\" content=\"Est. reading time\" \/>\n\t<meta name=\"twitter:data1\" content=\"2 minutes\" \/>\n<script type=\"application\/ld+json\" class=\"yoast-schema-graph\">{\"@context\":\"https:\/\/schema.org\",\"@graph\":[{\"@type\":\"WebPage\",\"@id\":\"https:\/\/effectus.com.hr\/en\/ishodi-ucenja-studijskog-programa-2\/\",\"url\":\"https:\/\/effectus.com.hr\/en\/ishodi-ucenja-studijskog-programa-2\/\",\"name\":\"Ishodi u\u010denja studijskog programa - EFFECTUS veleu\u010dili\u0161te\",\"isPartOf\":{\"@id\":\"https:\/\/effectus.com.hr\/#website\"},\"datePublished\":\"2025-02-18T13:34:23+00:00\",\"dateModified\":\"2025-03-17T16:55:38+00:00\",\"breadcrumb\":{\"@id\":\"https:\/\/effectus.com.hr\/en\/ishodi-ucenja-studijskog-programa-2\/#breadcrumb\"},\"inLanguage\":\"en-US\",\"potentialAction\":[{\"@type\":\"ReadAction\",\"target\":[\"https:\/\/effectus.com.hr\/en\/ishodi-ucenja-studijskog-programa-2\/\"]}]},{\"@type\":\"BreadcrumbList\",\"@id\":\"https:\/\/effectus.com.hr\/en\/ishodi-ucenja-studijskog-programa-2\/#breadcrumb\",\"itemListElement\":[{\"@type\":\"ListItem\",\"position\":1,\"name\":\"Po\u010detna\",\"item\":\"https:\/\/effectus.com.hr\/en\/\"},{\"@type\":\"ListItem\",\"position\":2,\"name\":\"Ishodi u\u010denja studijskog programa\"}]},{\"@type\":\"WebSite\",\"@id\":\"https:\/\/effectus.com.hr\/#website\",\"url\":\"https:\/\/effectus.com.hr\/\",\"name\":\"EFFECTUS veleu\u010dili\u0161te\",\"description\":\"\",\"potentialAction\":[{\"@type\":\"SearchAction\",\"target\":{\"@type\":\"EntryPoint\",\"urlTemplate\":\"https:\/\/effectus.com.hr\/?s={search_term_string}\"},\"query-input\":\"required name=search_term_string\"}],\"inLanguage\":\"en-US\"}]}<\/script>\n<!-- \/ Yoast SEO plugin. -->","yoast_head_json":{"title":"Ishodi u\u010denja studijskog programa - EFFECTUS veleu\u010dili\u0161te","robots":{"index":"index","follow":"follow","max-snippet":"max-snippet:-1","max-image-preview":"max-image-preview:large","max-video-preview":"max-video-preview:-1"},"canonical":"https:\/\/effectus.com.hr\/en\/ishodi-ucenja-studijskog-programa-2\/","og_locale":"en_US","og_type":"article","og_title":"Ishodi u\u010denja studijskog programa - EFFECTUS veleu\u010dili\u0161te","og_description":"Learning Outcomes of the Study ProgramFINANCE AND BUSINESS LAW STUDIES Code Learning Outcome Description LO1 Describe the nature, legal and institutional framework, and key elements of the business environment. LO2 Make independent, logical, economically rational, and lawful financial decisions while adhering to prescribed procedures, guidelines, and generally accepted economic principles. LO3 Collect, organize, and interpret [&hellip;]","og_url":"https:\/\/effectus.com.hr\/en\/ishodi-ucenja-studijskog-programa-2\/","og_site_name":"EFFECTUS veleu\u010dili\u0161te","article_modified_time":"2025-03-17T16:55:38+00:00","twitter_card":"summary_large_image","twitter_misc":{"Est. reading time":"2 minutes"},"schema":{"@context":"https:\/\/schema.org","@graph":[{"@type":"WebPage","@id":"https:\/\/effectus.com.hr\/en\/ishodi-ucenja-studijskog-programa-2\/","url":"https:\/\/effectus.com.hr\/en\/ishodi-ucenja-studijskog-programa-2\/","name":"Ishodi u\u010denja studijskog programa - EFFECTUS veleu\u010dili\u0161te","isPartOf":{"@id":"https:\/\/effectus.com.hr\/#website"},"datePublished":"2025-02-18T13:34:23+00:00","dateModified":"2025-03-17T16:55:38+00:00","breadcrumb":{"@id":"https:\/\/effectus.com.hr\/en\/ishodi-ucenja-studijskog-programa-2\/#breadcrumb"},"inLanguage":"en-US","potentialAction":[{"@type":"ReadAction","target":["https:\/\/effectus.com.hr\/en\/ishodi-ucenja-studijskog-programa-2\/"]}]},{"@type":"BreadcrumbList","@id":"https:\/\/effectus.com.hr\/en\/ishodi-ucenja-studijskog-programa-2\/#breadcrumb","itemListElement":[{"@type":"ListItem","position":1,"name":"Po\u010detna","item":"https:\/\/effectus.com.hr\/en\/"},{"@type":"ListItem","position":2,"name":"Ishodi u\u010denja studijskog programa"}]},{"@type":"WebSite","@id":"https:\/\/effectus.com.hr\/#website","url":"https:\/\/effectus.com.hr\/","name":"EFFECTUS veleu\u010dili\u0161te","description":"","potentialAction":[{"@type":"SearchAction","target":{"@type":"EntryPoint","urlTemplate":"https:\/\/effectus.com.hr\/?s={search_term_string}"},"query-input":"required name=search_term_string"}],"inLanguage":"en-US"}]}},"_links":{"self":[{"href":"https:\/\/effectus.com.hr\/en\/wp-json\/wp\/v2\/pages\/257645"}],"collection":[{"href":"https:\/\/effectus.com.hr\/en\/wp-json\/wp\/v2\/pages"}],"about":[{"href":"https:\/\/effectus.com.hr\/en\/wp-json\/wp\/v2\/types\/page"}],"author":[{"embeddable":true,"href":"https:\/\/effectus.com.hr\/en\/wp-json\/wp\/v2\/users\/14"}],"replies":[{"embeddable":true,"href":"https:\/\/effectus.com.hr\/en\/wp-json\/wp\/v2\/comments?post=257645"}],"version-history":[{"count":3,"href":"https:\/\/effectus.com.hr\/en\/wp-json\/wp\/v2\/pages\/257645\/revisions"}],"predecessor-version":[{"id":257654,"href":"https:\/\/effectus.com.hr\/en\/wp-json\/wp\/v2\/pages\/257645\/revisions\/257654"}],"wp:attachment":[{"href":"https:\/\/effectus.com.hr\/en\/wp-json\/wp\/v2\/media?parent=257645"}],"curies":[{"name":"wp","href":"https:\/\/api.w.org\/{rel}","templated":true}]}}