{"id":257665,"date":"2025-02-18T14:49:19","date_gmt":"2025-02-18T13:49:19","guid":{"rendered":"https:\/\/effectus.com.hr\/ishodi-ucenja-studijskog-programa-3\/"},"modified":"2025-03-17T18:09:29","modified_gmt":"2025-03-17T17:09:29","slug":"ishodi-ucenja-studijskog-programa-3","status":"publish","type":"page","link":"https:\/\/effectus.com.hr\/en\/ishodi-ucenja-studijskog-programa-3\/","title":{"rendered":"Ishodi u\u010denja studijskog programa"},"content":{"rendered":"<p>[et_pb_section fb_built=&#8221;1&#8243; custom_padding_last_edited=&#8221;on|phone&#8221; _builder_version=&#8221;4.16&#8243; background_color=&#8221;rgba(4,29,52,0.45)&#8221; use_background_color_gradient=&#8221;on&#8221; background_color_gradient_stops=&#8221;#062d73 0%|rgba(0,0,0,0.37) 100%&#8221; background_color_gradient_overlays_image=&#8221;on&#8221; background_color_gradient_start=&#8221;#062d73&#8243; background_color_gradient_end=&#8221;rgba(0,0,0,0.37)&#8221; background_image=&#8221;https:\/\/effectus.com.hr\/wp-content\/uploads\/2022\/01\/3_shutterstock_683548888-scaled.jpg&#8221; background_enable_video_mp4=&#8221;off&#8221; background_video_width=&#8221;100%&#8221; position_origin_a=&#8221;top_center&#8221; min_height=&#8221;599.9px&#8221; custom_margin=&#8221;-120px||-28px||false|false&#8221; custom_padding=&#8221;120px||15px||false|false&#8221; custom_padding_tablet=&#8221;&#8221; custom_padding_phone=&#8221;120px||0px||false|false&#8221; custom_css_before=&#8221;content:%22%22;|| display: block;|| position: absolute;|| top: 0;|| left: 0;|| width: 100%;|| height: 100%;|| background-color: rgba(4,29,52,0.45);|| background-blend-mode: darken;|| z-index: 9;&#8221; custom_css_main_element=&#8221;top: -106px !important;&#8221; global_colors_info=&#8221;{}&#8221;][et_pb_row use_custom_gutter=&#8221;on&#8221; gutter_width=&#8221;2&#8243; make_equal=&#8221;on&#8221; custom_padding_last_edited=&#8221;on|phone&#8221; _builder_version=&#8221;4.16&#8243; z_index=&#8221;10&#8243; width_tablet=&#8221;90%&#8221; width_phone=&#8221;90%&#8221; width_last_edited=&#8221;on|tablet&#8221; max_width=&#8221;1170px&#8221; max_width_tablet=&#8221;90%&#8221; max_width_phone=&#8221;90%&#8221; max_width_last_edited=&#8221;on|phone&#8221; custom_padding=&#8221;209px||2px||false|&#8221; custom_padding_tablet=&#8221;&#8221; custom_padding_phone=&#8221;100px||2px||false|false&#8221; global_colors_info=&#8221;{}&#8221;][et_pb_column type=&#8221;4_4&#8243; _builder_version=&#8221;4.16&#8243; global_colors_info=&#8221;{}&#8221;][et_pb_text _builder_version=&#8221;4.25.1&#8243; header_font=&#8221;||||||||&#8221; header_text_align=&#8221;left&#8221; header_text_color=&#8221;#ffffff&#8221; header_font_size=&#8221;60px&#8221; header_letter_spacing=&#8221;-1px&#8221; header_line_height=&#8221;1.3em&#8221; max_width=&#8221;600px&#8221; module_alignment=&#8221;left&#8221; custom_margin=&#8221;||||false|false&#8221; custom_margin_tablet=&#8221;-10px||||false|false&#8221; custom_margin_phone=&#8221;-10px||||false|false&#8221; custom_margin_last_edited=&#8221;on|phone&#8221; animation_style=&#8221;slide&#8221; animation_direction=&#8221;bottom&#8221; animation_delay=&#8221;200ms&#8221; hover_enabled=&#8221;0&#8243; header_font_size_tablet=&#8221;45px&#8221; header_font_size_phone=&#8221;40px&#8221; header_font_size_last_edited=&#8221;on|phone&#8221; global_colors_info=&#8221;{}&#8221; sticky_enabled=&#8221;0&#8243;]<\/p>\n<h1 class=\"kingster-page-title\">Learning Outcomes of the Study Program<\/h1>\n<p>[\/et_pb_text][et_pb_text admin_label=&#8221;Text&#8221; _builder_version=&#8221;4.25.1&#8243; _module_preset=&#8221;default&#8221; text_text_color=&#8221;#FFFFFF&#8221; text_font_size=&#8221;24px&#8221; text_line_height=&#8221;1.6em&#8221; link_text_color=&#8221;#FFFFFF&#8221; text_orientation=&#8221;left&#8221; max_width=&#8221;700px&#8221; custom_margin=&#8221;|-104px|33px|||&#8221; custom_padding=&#8221;|0px||||&#8221; global_colors_info=&#8221;{}&#8221;][\/et_pb_text][\/et_pb_column][\/et_pb_row][\/et_pb_section][et_pb_section fb_built=&#8221;1&#8243; _builder_version=&#8221;4.25.1&#8243; _module_preset=&#8221;default&#8221; custom_margin=&#8221;-124px|||||&#8221; custom_padding=&#8221;||0px|||&#8221; global_colors_info=&#8221;{}&#8221;][et_pb_row _builder_version=&#8221;4.25.1&#8243; _module_preset=&#8221;default&#8221; global_colors_info=&#8221;{}&#8221;][et_pb_column type=&#8221;4_4&#8243; _builder_version=&#8221;4.25.1&#8243; _module_preset=&#8221;default&#8221; global_colors_info=&#8221;{}&#8221;][et_pb_text _builder_version=&#8221;4.25.1&#8243; _module_preset=&#8221;default&#8221; hover_enabled=&#8221;0&#8243; global_colors_info=&#8221;{}&#8221; sticky_enabled=&#8221;0&#8243;]<\/p>\n<h1><strong>MBA \u2013 BUSINESS MANAGEMENT<\/strong><\/h1>\n<p>[\/et_pb_text][\/et_pb_column][\/et_pb_row][\/et_pb_section][et_pb_section fb_built=&#8221;1&#8243; module_class=&#8221;eff-novosti&#8221; _builder_version=&#8221;4.16&#8243; custom_padding=&#8221;0px|||||&#8221; global_colors_info=&#8221;{}&#8221;][et_pb_row _builder_version=&#8221;4.25.1&#8243; _module_preset=&#8221;default&#8221; global_colors_info=&#8221;{}&#8221;][et_pb_column type=&#8221;4_4&#8243; _builder_version=&#8221;4.25.1&#8243; _module_preset=&#8221;default&#8221; global_colors_info=&#8221;{}&#8221;][et_pb_text _builder_version=&#8221;4.25.1&#8243; _module_preset=&#8221;default&#8221; hover_enabled=&#8221;0&#8243; global_colors_info=&#8221;{}&#8221; sticky_enabled=&#8221;0&#8243;]<\/p>\n<h4 data-start=\"324\" data-end=\"357\"><strong data-start=\"329\" data-end=\"355\">Core Learning Outcomes<\/strong><\/h4>\n<ul data-start=\"359\" data-end=\"1298\">\n<li data-start=\"359\" data-end=\"522\"><strong data-start=\"361\" data-end=\"373\">SIU1 (O)<\/strong> \u2013 Connect the principles of corporate governance with risk management strategies (tax risks, liability risks, investment risks, and market risks).<\/li>\n<li data-start=\"523\" data-end=\"698\"><strong data-start=\"525\" data-end=\"537\">SIU2 (O)<\/strong> \u2013 Make sound managerial, investment, financial, and strategic decisions in uncertain conditions, based on business environment analysis and financial reports.<\/li>\n<li data-start=\"699\" data-end=\"840\"><strong data-start=\"701\" data-end=\"713\">SIU3 (O)<\/strong> \u2013 Analyze business environments and changes to formulate, implement, and oversee business strategies and project activities.<\/li>\n<li data-start=\"841\" data-end=\"968\"><strong data-start=\"843\" data-end=\"855\">SIU4 (O)<\/strong> \u2013 Critically evaluate market positioning and develop marketing strategies based on strategic activity choices.<\/li>\n<li data-start=\"969\" data-end=\"1149\"><strong data-start=\"971\" data-end=\"983\">SIU5 (O)<\/strong> \u2013 Apply modern human resource management principles to select and recruit employees with relevant expertise, ensuring sustainable growth and strategic development.<\/li>\n<li data-start=\"1150\" data-end=\"1298\"><strong data-start=\"1152\" data-end=\"1164\">SIU6 (O)<\/strong> \u2013 Make independent and team-based strategic decisions while adhering to economic principles, guidelines, and regulatory procedures.<\/li>\n<\/ul>\n<p>&nbsp;<\/p>\n<h4 data-start=\"1300\" data-end=\"1353\"><strong data-start=\"1305\" data-end=\"1351\">Finance and Business Law Learning Outcomes<\/strong><\/h4>\n<ul data-start=\"1355\" data-end=\"1847\">\n<li data-start=\"1355\" data-end=\"1437\"><strong data-start=\"1357\" data-end=\"1371\">SIU7 (PPP)<\/strong> \u2013 Integrate legal knowledge into financial business operations.<\/li>\n<li data-start=\"1438\" data-end=\"1574\"><strong data-start=\"1440\" data-end=\"1454\">SIU8 (PPP)<\/strong> \u2013 Interpret legal sources in enforcement law, liability law, and tax law, and analyze enforcement and tax procedures.<\/li>\n<li data-start=\"1575\" data-end=\"1732\"><strong data-start=\"1577\" data-end=\"1591\">SIU9 (PPP)<\/strong> \u2013 Analyze the regulatory framework, roles of financial institutions, and the impact of corporate mergers, acquisitions, and restructuring.<\/li>\n<li data-start=\"1733\" data-end=\"1847\"><strong data-start=\"1735\" data-end=\"1750\">SIU10 (PPP)<\/strong> \u2013 Examine criminal law regulations related to economic crimes, fraud, and business violations.<\/li>\n<\/ul>\n<p>&nbsp;<\/p>\n<h4 data-start=\"1849\" data-end=\"1898\"><strong data-start=\"1854\" data-end=\"1896\">Financial Management Learning Outcomes<\/strong><\/h4>\n<ul data-start=\"1900\" data-end=\"2336\">\n<li data-start=\"1900\" data-end=\"2014\"><strong data-start=\"1902\" data-end=\"1916\">SIU11 (MF)<\/strong> \u2013 Apply advanced financial management instruments to investment and financial policy decisions.<\/li>\n<li data-start=\"2015\" data-end=\"2138\"><strong data-start=\"2017\" data-end=\"2031\">SIU12 (MF)<\/strong> \u2013 Analyze financial institutions&#8217; roles and the impact of monetary-credit policies on economic behavior.<\/li>\n<li data-start=\"2139\" data-end=\"2246\"><strong data-start=\"2141\" data-end=\"2155\">SIU13 (MF)<\/strong> \u2013 Interpret complex financial data for financial control, auditing, and decision-making.<\/li>\n<li data-start=\"2247\" data-end=\"2336\"><strong data-start=\"2249\" data-end=\"2263\">SIU14 (MF)<\/strong> \u2013 Assess tax structures for cost optimization and prepare tax reports.<\/li>\n<\/ul>\n<p>&nbsp;<\/p>\n<h4 data-start=\"2338\" data-end=\"2409\"><strong data-start=\"2343\" data-end=\"2407\">Human Resource and Organizational Behavior Learning Outcomes<\/strong><\/h4>\n<ul data-start=\"2411\" data-end=\"2859\">\n<li data-start=\"2411\" data-end=\"2539\"><strong data-start=\"2413\" data-end=\"2430\">SIU15 (MLJPZ)<\/strong> \u2013 Analyze organizational psychology concepts and their influence on company culture and employee behavior.<\/li>\n<li data-start=\"2540\" data-end=\"2641\"><strong data-start=\"2542\" data-end=\"2559\">SIU16 (MLJPZ)<\/strong> \u2013 Develop hiring policies based on labor market trends and workplace diversity.<\/li>\n<li data-start=\"2642\" data-end=\"2730\"><strong data-start=\"2644\" data-end=\"2661\">SIU17 (MLJPZ)<\/strong> \u2013 Select optimal leadership models and decision-making approaches.<\/li>\n<li data-start=\"2731\" data-end=\"2859\"><strong data-start=\"2733\" data-end=\"2750\">SIU18 (MLJPZ)<\/strong> \u2013 Integrate HR and knowledge management into leadership, organizational change, and innovation strategies.<\/li>\n<\/ul>\n<p>&nbsp;<\/p>\n<h4 data-start=\"2861\" data-end=\"2911\"><strong data-start=\"2866\" data-end=\"2909\">Analytical Management Learning Outcomes<\/strong><\/h4>\n<ul data-start=\"2913\" data-end=\"3312\">\n<li data-start=\"2913\" data-end=\"3008\"><strong data-start=\"2915\" data-end=\"2929\">SIU19 (AM)<\/strong> \u2013 Use behavioral economics and analytical tools for complex decision-making.<\/li>\n<li data-start=\"3009\" data-end=\"3122\"><strong data-start=\"3011\" data-end=\"3025\">SIU20 (AM)<\/strong> \u2013 Examine psychological factors in creativity, innovation, and organizational decision-making.<\/li>\n<li data-start=\"3123\" data-end=\"3213\"><strong data-start=\"3125\" data-end=\"3139\">SIU21 (AM)<\/strong> \u2013 Justify the use of social network analysis and apply network metrics.<\/li>\n<li data-start=\"3214\" data-end=\"3312\"><strong data-start=\"3216\" data-end=\"3230\">SIU22 (AM)<\/strong> \u2013 Evaluate knowledge management, innovation, and change in the digital economy.<\/li>\n<\/ul>\n<p>&nbsp;<\/p>\n<h4 data-start=\"3314\" data-end=\"3363\"><strong data-start=\"3319\" data-end=\"3361\">Behavioral Economics Learning Outcomes<\/strong><\/h4>\n<ul data-start=\"3365\" data-end=\"3787\" data-is-only-node=\"\" data-is-last-node=\"\">\n<li data-start=\"3365\" data-end=\"3460\"><strong data-start=\"3367\" data-end=\"3381\">SIU23 (BE)<\/strong> \u2013 Apply key economic and psychological concepts to business decision-making.<\/li>\n<li data-start=\"3461\" data-end=\"3571\"><strong data-start=\"3463\" data-end=\"3477\">SIU24 (BE)<\/strong> \u2013 Analyze neuroscience theories and their role in economic preferences and decision-making.<\/li>\n<li data-start=\"3572\" data-end=\"3660\"><strong data-start=\"3574\" data-end=\"3588\">SIU25 (BE)<\/strong> \u2013 Critically assess behavioral science applications in public policy.<\/li>\n<li data-start=\"3661\" data-end=\"3787\" data-is-last-node=\"\"><strong data-start=\"3663\" data-end=\"3677\">SIU26 (BE)<\/strong> \u2013 Utilize statistical, econometric, and data science methods to analyze human behavior and decision-making.<\/li>\n<\/ul>\n<p>&nbsp;<\/p>\n<p>[\/et_pb_text][\/et_pb_column][\/et_pb_row][\/et_pb_section]<\/p>\n","protected":false},"excerpt":{"rendered":"<p>Learning Outcomes of the Study ProgramMBA \u2013 BUSINESS MANAGEMENTCore Learning Outcomes SIU1 (O) \u2013 Connect the principles of corporate governance with risk management strategies (tax risks, liability risks, investment risks, and market risks). SIU2 (O) \u2013 Make sound managerial, investment, financial, and strategic decisions in uncertain conditions, based on business environment analysis and financial reports. [&hellip;]<\/p>\n","protected":false},"author":14,"featured_media":0,"parent":0,"menu_order":0,"comment_status":"closed","ping_status":"closed","template":"","meta":{"_et_pb_use_builder":"on","_et_pb_old_content":"","_et_gb_content_width":"","footnotes":""},"yoast_head":"<!-- This site is optimized with the Yoast SEO plugin v22.7 - https:\/\/yoast.com\/wordpress\/plugins\/seo\/ -->\n<title>Ishodi u\u010denja studijskog programa - EFFECTUS veleu\u010dili\u0161te<\/title>\n<meta name=\"robots\" content=\"index, follow, max-snippet:-1, max-image-preview:large, max-video-preview:-1\" \/>\n<link rel=\"canonical\" href=\"https:\/\/effectus.com.hr\/en\/ishodi-ucenja-studijskog-programa-3\/\" \/>\n<meta property=\"og:locale\" content=\"en_US\" \/>\n<meta property=\"og:type\" content=\"article\" \/>\n<meta property=\"og:title\" content=\"Ishodi u\u010denja studijskog programa - EFFECTUS veleu\u010dili\u0161te\" \/>\n<meta property=\"og:description\" content=\"Learning Outcomes of the Study ProgramMBA \u2013 BUSINESS MANAGEMENTCore Learning Outcomes SIU1 (O) \u2013 Connect the principles of corporate governance with risk management strategies (tax risks, liability risks, investment risks, and market risks). SIU2 (O) \u2013 Make sound managerial, investment, financial, and strategic decisions in uncertain conditions, based on business environment analysis and financial reports. [&hellip;]\" \/>\n<meta property=\"og:url\" content=\"https:\/\/effectus.com.hr\/en\/ishodi-ucenja-studijskog-programa-3\/\" \/>\n<meta property=\"og:site_name\" content=\"EFFECTUS veleu\u010dili\u0161te\" \/>\n<meta property=\"article:modified_time\" content=\"2025-03-17T17:09:29+00:00\" \/>\n<meta name=\"twitter:card\" content=\"summary_large_image\" \/>\n<meta name=\"twitter:label1\" content=\"Est. reading time\" \/>\n\t<meta name=\"twitter:data1\" content=\"3 minutes\" \/>\n<script type=\"application\/ld+json\" class=\"yoast-schema-graph\">{\"@context\":\"https:\/\/schema.org\",\"@graph\":[{\"@type\":\"WebPage\",\"@id\":\"https:\/\/effectus.com.hr\/en\/ishodi-ucenja-studijskog-programa-3\/\",\"url\":\"https:\/\/effectus.com.hr\/en\/ishodi-ucenja-studijskog-programa-3\/\",\"name\":\"Ishodi u\u010denja studijskog programa - EFFECTUS veleu\u010dili\u0161te\",\"isPartOf\":{\"@id\":\"https:\/\/effectus.com.hr\/#website\"},\"datePublished\":\"2025-02-18T13:49:19+00:00\",\"dateModified\":\"2025-03-17T17:09:29+00:00\",\"breadcrumb\":{\"@id\":\"https:\/\/effectus.com.hr\/en\/ishodi-ucenja-studijskog-programa-3\/#breadcrumb\"},\"inLanguage\":\"en-US\",\"potentialAction\":[{\"@type\":\"ReadAction\",\"target\":[\"https:\/\/effectus.com.hr\/en\/ishodi-ucenja-studijskog-programa-3\/\"]}]},{\"@type\":\"BreadcrumbList\",\"@id\":\"https:\/\/effectus.com.hr\/en\/ishodi-ucenja-studijskog-programa-3\/#breadcrumb\",\"itemListElement\":[{\"@type\":\"ListItem\",\"position\":1,\"name\":\"Po\u010detna\",\"item\":\"https:\/\/effectus.com.hr\/en\/\"},{\"@type\":\"ListItem\",\"position\":2,\"name\":\"Ishodi u\u010denja studijskog programa\"}]},{\"@type\":\"WebSite\",\"@id\":\"https:\/\/effectus.com.hr\/#website\",\"url\":\"https:\/\/effectus.com.hr\/\",\"name\":\"EFFECTUS veleu\u010dili\u0161te\",\"description\":\"\",\"potentialAction\":[{\"@type\":\"SearchAction\",\"target\":{\"@type\":\"EntryPoint\",\"urlTemplate\":\"https:\/\/effectus.com.hr\/?s={search_term_string}\"},\"query-input\":\"required name=search_term_string\"}],\"inLanguage\":\"en-US\"}]}<\/script>\n<!-- \/ Yoast SEO plugin. -->","yoast_head_json":{"title":"Ishodi u\u010denja studijskog programa - EFFECTUS veleu\u010dili\u0161te","robots":{"index":"index","follow":"follow","max-snippet":"max-snippet:-1","max-image-preview":"max-image-preview:large","max-video-preview":"max-video-preview:-1"},"canonical":"https:\/\/effectus.com.hr\/en\/ishodi-ucenja-studijskog-programa-3\/","og_locale":"en_US","og_type":"article","og_title":"Ishodi u\u010denja studijskog programa - EFFECTUS veleu\u010dili\u0161te","og_description":"Learning Outcomes of the Study ProgramMBA \u2013 BUSINESS MANAGEMENTCore Learning Outcomes SIU1 (O) \u2013 Connect the principles of corporate governance with risk management strategies (tax risks, liability risks, investment risks, and market risks). SIU2 (O) \u2013 Make sound managerial, investment, financial, and strategic decisions in uncertain conditions, based on business environment analysis and financial reports. [&hellip;]","og_url":"https:\/\/effectus.com.hr\/en\/ishodi-ucenja-studijskog-programa-3\/","og_site_name":"EFFECTUS veleu\u010dili\u0161te","article_modified_time":"2025-03-17T17:09:29+00:00","twitter_card":"summary_large_image","twitter_misc":{"Est. reading time":"3 minutes"},"schema":{"@context":"https:\/\/schema.org","@graph":[{"@type":"WebPage","@id":"https:\/\/effectus.com.hr\/en\/ishodi-ucenja-studijskog-programa-3\/","url":"https:\/\/effectus.com.hr\/en\/ishodi-ucenja-studijskog-programa-3\/","name":"Ishodi u\u010denja studijskog programa - EFFECTUS veleu\u010dili\u0161te","isPartOf":{"@id":"https:\/\/effectus.com.hr\/#website"},"datePublished":"2025-02-18T13:49:19+00:00","dateModified":"2025-03-17T17:09:29+00:00","breadcrumb":{"@id":"https:\/\/effectus.com.hr\/en\/ishodi-ucenja-studijskog-programa-3\/#breadcrumb"},"inLanguage":"en-US","potentialAction":[{"@type":"ReadAction","target":["https:\/\/effectus.com.hr\/en\/ishodi-ucenja-studijskog-programa-3\/"]}]},{"@type":"BreadcrumbList","@id":"https:\/\/effectus.com.hr\/en\/ishodi-ucenja-studijskog-programa-3\/#breadcrumb","itemListElement":[{"@type":"ListItem","position":1,"name":"Po\u010detna","item":"https:\/\/effectus.com.hr\/en\/"},{"@type":"ListItem","position":2,"name":"Ishodi u\u010denja studijskog programa"}]},{"@type":"WebSite","@id":"https:\/\/effectus.com.hr\/#website","url":"https:\/\/effectus.com.hr\/","name":"EFFECTUS veleu\u010dili\u0161te","description":"","potentialAction":[{"@type":"SearchAction","target":{"@type":"EntryPoint","urlTemplate":"https:\/\/effectus.com.hr\/?s={search_term_string}"},"query-input":"required name=search_term_string"}],"inLanguage":"en-US"}]}},"_links":{"self":[{"href":"https:\/\/effectus.com.hr\/en\/wp-json\/wp\/v2\/pages\/257665"}],"collection":[{"href":"https:\/\/effectus.com.hr\/en\/wp-json\/wp\/v2\/pages"}],"about":[{"href":"https:\/\/effectus.com.hr\/en\/wp-json\/wp\/v2\/types\/page"}],"author":[{"embeddable":true,"href":"https:\/\/effectus.com.hr\/en\/wp-json\/wp\/v2\/users\/14"}],"replies":[{"embeddable":true,"href":"https:\/\/effectus.com.hr\/en\/wp-json\/wp\/v2\/comments?post=257665"}],"version-history":[{"count":2,"href":"https:\/\/effectus.com.hr\/en\/wp-json\/wp\/v2\/pages\/257665\/revisions"}],"predecessor-version":[{"id":257669,"href":"https:\/\/effectus.com.hr\/en\/wp-json\/wp\/v2\/pages\/257665\/revisions\/257669"}],"wp:attachment":[{"href":"https:\/\/effectus.com.hr\/en\/wp-json\/wp\/v2\/media?parent=257665"}],"curies":[{"name":"wp","href":"https:\/\/api.w.org\/{rel}","templated":true}]}}