{"id":259096,"date":"2024-10-29T10:59:23","date_gmt":"2024-10-29T09:59:23","guid":{"rendered":"https:\/\/effectus.com.hr\/helena-popovic-petrusic\/"},"modified":"2025-04-10T12:26:00","modified_gmt":"2025-04-10T11:26:00","slug":"helena-popovic-petrusic","status":"publish","type":"page","link":"https:\/\/effectus.com.hr\/en\/helena-popovic-petrusic\/","title":{"rendered":"Helena Popovi\u0107 Petru\u0161i\u0107"},"content":{"rendered":"<p>[et_pb_section fb_built=&#8221;1&#8243; disabled_on=&#8221;off|off|off&#8221; module_class=&#8221;eff-nastavnici-naslov&#8221; _builder_version=&#8221;4.16&#8243; _module_preset=&#8221;default&#8221; background_color=&#8221;#777a7e&#8221; background_image=&#8221;https:\/\/effectus.com.hr\/wp-content\/uploads\/2015\/12\/novosti-.head_stock-photo-visual-contents-concept-social-networking-service-streaming-video-global-communication-network-1896527446.jpg&#8221; custom_padding=&#8221;20px||20px||true|false&#8221; saved_tabs=&#8221;all&#8221; global_colors_info=&#8221;{}&#8221;][et_pb_row _builder_version=&#8221;4.16&#8243; _module_preset=&#8221;default&#8221; max_width=&#8221;1170px&#8221; global_colors_info=&#8221;{}&#8221;][et_pb_column type=&#8221;4_4&#8243; _builder_version=&#8221;4.16&#8243; _module_preset=&#8221;default&#8221; global_colors_info=&#8221;{}&#8221;][et_pb_text admin_label=&#8221;Novosti&#8221; _builder_version=&#8221;4.25.1&#8243; _module_preset=&#8221;default&#8221; text_text_color=&#8221;#FFFFFF&#8221; text_font_size=&#8221;43px&#8221; header_text_color=&#8221;#FFFFFF&#8221; header_font_size=&#8221;52px&#8221; header_4_text_color=&#8221;#FFFFFF&#8221; header_4_font_size=&#8221;23px&#8221; global_colors_info=&#8221;{}&#8221;]<\/p>\n<h1>Lecturers<\/h1>\n<p>[\/et_pb_text][\/et_pb_column][\/et_pb_row][\/et_pb_section][et_pb_section fb_built=&#8221;1&#8243; module_class=&#8221;eff-nastavnici&#8221; _builder_version=&#8221;4.16&#8243; global_colors_info=&#8221;{}&#8221;][et_pb_row column_structure=&#8221;2_5,3_5&#8243; _builder_version=&#8221;4.16&#8243; _module_preset=&#8221;default&#8221; max_width=&#8221;1170px&#8221; global_colors_info=&#8221;{}&#8221;][et_pb_column type=&#8221;2_5&#8243; _builder_version=&#8221;4.16&#8243; _module_preset=&#8221;default&#8221; global_colors_info=&#8221;{}&#8221;][et_pb_image src=&#8221;https:\/\/effectus.com.hr\/wp-content\/uploads\/2024\/10\/Helena_Popovic_Petrusic.jpg&#8221; title_text=&#8221;Helena_Popovi\u0107_Petru\u0161i\u0107&#8221; _builder_version=&#8221;4.25.1&#8243; _module_preset=&#8221;default&#8221; width=&#8221;100%&#8221; global_colors_info=&#8221;{}&#8221;][\/et_pb_image][et_pb_text disabled_on=&#8221;on|on|on&#8221; _builder_version=&#8221;4.25.1&#8243; _module_preset=&#8221;default&#8221; text_font_size=&#8221;16px&#8221; text_line_height=&#8221;1.8em&#8221; header_3_font=&#8221;|700|||||||&#8221; header_3_text_color=&#8221;#0065b3&#8243; header_3_font_size=&#8221;34px&#8221; custom_margin=&#8221;||19px|||&#8221; disabled=&#8221;on&#8221; global_colors_info=&#8221;{}&#8221;]<\/p>\n<div class=\"gdlr-core-pbf-element\">\n<div class=\"gdlr-core-title-item gdlr-core-item-pdb clearfix gdlr-core-left-align gdlr-core-title-item-caption-bottom gdlr-core-item-pdlr\">\n<div class=\"gdlr-core-title-item-title-wrap clearfix\">\n<h3 class=\"gdlr-core-title-item-title gdlr-core-skin-title \">Helena Popovi\u0107 Petru\u0161i\u0107<\/h3>\n<\/div>\n<\/div>\n<\/div>\n<p>[\/et_pb_text][et_pb_blurb title=&#8221;hppetrusic@gmail.com&#8221; use_icon=&#8221;on&#8221; font_icon=&#8221;&#xe076;||divi||400&#8243; icon_color=&#8221;#0065b3&#8243; icon_placement=&#8221;left&#8221; _builder_version=&#8221;4.25.1&#8243; _module_preset=&#8221;default&#8221; header_text_color=&#8221;#0065b3&#8243; header_font_size=&#8221;16px&#8221; header_line_height=&#8221;2.2em&#8221; custom_margin=&#8221;||12px|||&#8221; custom_css_blurb_content=&#8221;padding-left: 11px !important;&#8221; global_colors_info=&#8221;{}&#8221;][\/et_pb_blurb][et_pb_blurb title=&#8221;CroRIS ID&#8221; use_icon=&#8221;on&#8221; font_icon=&#8221;&#xf47f;||fa||900&#8243; icon_color=&#8221;#0065b3&#8243; icon_placement=&#8221;left&#8221; _builder_version=&#8221;4.25.1&#8243; _module_preset=&#8221;default&#8221; header_text_color=&#8221;#0065b3&#8243; header_font_size=&#8221;16px&#8221; header_line_height=&#8221;2.2em&#8221; custom_margin=&#8221;||12px|||&#8221; link_option_url=&#8221;https:\/\/www.croris.hr\/osobe\/profil\/49015&#8243; custom_css_blurb_content=&#8221;padding-left: 11px !important;&#8221; global_colors_info=&#8221;{}&#8221;][\/et_pb_blurb][et_pb_blurb title=&#8221;Google Scholar&#8221; use_icon=&#8221;on&#8221; font_icon=&#8221;&#xf501;||fa||900&#8243; icon_color=&#8221;#0065b3&#8243; icon_placement=&#8221;left&#8221; _builder_version=&#8221;4.25.1&#8243; _module_preset=&#8221;default&#8221; header_text_color=&#8221;#0065b3&#8243; header_font_size=&#8221;16px&#8221; header_line_height=&#8221;2.2em&#8221; custom_margin=&#8221;||12px|||&#8221; link_option_url=&#8221;https:\/\/scholar.google.hr\/citations?user=jRdVfhQAAAAJ&#038;hl=hr&#038;oi=ao&#8221; custom_css_blurb_content=&#8221;padding-left: 11px !important;&#8221; global_colors_info=&#8221;{}&#8221;][\/et_pb_blurb][et_pb_text _builder_version=&#8221;4.25.1&#8243; _module_preset=&#8221;default&#8221; text_font_size=&#8221;16px&#8221; text_line_height=&#8221;1.8em&#8221; header_3_font=&#8221;|700|||||||&#8221; header_3_text_color=&#8221;#0065b3&#8243; header_3_font_size=&#8221;34px&#8221; custom_margin=&#8221;||19px|||&#8221; global_colors_info=&#8221;{}&#8221;]<\/p>\n<h3>Courses<\/h3>\n<p>[\/et_pb_text][et_pb_blurb title=&#8221;Entrepreneurship and Innovation&#8221; use_icon=&#8221;on&#8221; font_icon=&#8221;&#x69;||divi||400&#8243; icon_color=&#8221;#0065b3&#8243; icon_placement=&#8221;left&#8221; _builder_version=&#8221;4.25.1&#8243; _module_preset=&#8221;default&#8221; header_text_color=&#8221;#333333&#8243; header_font_size=&#8221;16px&#8221; header_line_height=&#8221;1.5em&#8221; custom_margin=&#8221;||12px|||&#8221; link_option_url=&#8221;https:\/\/effectus.com.hr\/wp-content\/uploads\/2025\/02\/Entrepreneurship-and-Innovation-1.pdf&#8221; hover_enabled=&#8221;0&#8243; custom_css_blurb_content=&#8221;padding-left: 11px !important;&#8221; global_colors_info=&#8221;{}&#8221; sticky_enabled=&#8221;0&#8243;][\/et_pb_blurb][et_pb_blurb title=&#8221;Entrepreneurship and Innovation&#8221; use_icon=&#8221;on&#8221; font_icon=&#8221;&#x69;||divi||400&#8243; icon_color=&#8221;#0065b3&#8243; icon_placement=&#8221;left&#8221; _builder_version=&#8221;4.25.1&#8243; _module_preset=&#8221;default&#8221; header_text_color=&#8221;#333333&#8243; header_font_size=&#8221;16px&#8221; header_line_height=&#8221;1.5em&#8221; custom_margin=&#8221;||12px|||&#8221; link_option_url=&#8221;https:\/\/effectus.com.hr\/wp-content\/uploads\/2025\/04\/Entrepreneurship-and-Innovation.pdf&#8221; hover_enabled=&#8221;0&#8243; custom_css_blurb_content=&#8221;padding-left: 11px !important;&#8221; global_colors_info=&#8221;{}&#8221; sticky_enabled=&#8221;0&#8243;][\/et_pb_blurb][\/et_pb_column][et_pb_column type=&#8221;3_5&#8243; _builder_version=&#8221;4.16&#8243; _module_preset=&#8221;default&#8221; global_colors_info=&#8221;{}&#8221;][et_pb_text _builder_version=&#8221;4.25.1&#8243; _module_preset=&#8221;default&#8221; text_font_size=&#8221;16px&#8221; text_line_height=&#8221;1.8em&#8221; header_3_font=&#8221;|700|||||||&#8221; header_3_text_color=&#8221;#0065b3&#8243; header_3_font_size=&#8221;34px&#8221; header_4_font=&#8221;|700|||||||&#8221; header_4_text_color=&#8221;#0065b3&#8243; header_4_font_size=&#8221;25px&#8221; custom_margin=&#8221;||2px|||&#8221; global_colors_info=&#8221;{}&#8221;]<\/p>\n<div class=\"gdlr-core-pbf-element\">\n<div class=\"gdlr-core-title-item gdlr-core-item-pdb clearfix  gdlr-core-left-align gdlr-core-title-item-caption-bottom gdlr-core-item-pdlr\">\n<div class=\"gdlr-core-title-item-title-wrap clearfix\">\n<h4 class=\"gdlr-core-title-item-title gdlr-core-skin-title \">Helena Popovi\u0107 Petru\u0161i\u0107, M.Sc. Oec., M.A. Int. Rel. &amp; Dipl.<\/h4>\n<\/div>\n<\/div>\n<\/div>\n<p>[\/et_pb_text][et_pb_text _builder_version=&#8221;4.25.1&#8243; _module_preset=&#8221;default&#8221; global_colors_info=&#8221;{}&#8221;]<\/p>\n<p>Lecturer<\/p>\n<p>[\/et_pb_text][et_pb_text _builder_version=&#8221;4.25.1&#8243; _module_preset=&#8221;default&#8221; text_font_size=&#8221;16px&#8221; text_line_height=&#8221;1.8em&#8221; header_3_font=&#8221;|700|||||||&#8221; header_3_text_color=&#8221;#0065b3&#8243; header_3_font_size=&#8221;34px&#8221; global_colors_info=&#8221;{}&#8221;]<\/p>\n<p class=\"\" data-start=\"0\" data-end=\"432\">Born in Prijedor, Bosnia and Herzegovina. After completing high school in economics, she enrolled in the <em data-start=\"109\" data-end=\"141\">Faculty of Economics in Rijeka<\/em>, and during the final year of her studies, she moved to <em data-start=\"198\" data-end=\"206\">Zagreb<\/em>. In Zagreb, she continued her studies at <em data-start=\"248\" data-end=\"289\">Effectus University of Applied Sciences<\/em>, where she graduated in <em data-start=\"314\" data-end=\"336\">Financial Management<\/em>. She then pursued a degree in <em data-start=\"367\" data-end=\"406\" data-is-only-node=\"\">International Relations and Diplomacy<\/em>, completing it in 2017.<\/p>\n<p class=\"\" data-start=\"434\" data-end=\"670\">In 2017, she was appointed as a lecturer and has since participated in delivering courses in lifelong learning programs. She is the <em data-start=\"566\" data-end=\"577\">co-author<\/em> of a one-year program for acquiring the qualification <em data-start=\"632\" data-end=\"667\">Procurement and Logistics Manager<\/em>.<\/p>\n<p class=\"\" data-start=\"672\" data-end=\"721\">She is the <em data-start=\"683\" data-end=\"691\">author<\/em> of two professional papers:<\/p>\n<ul data-start=\"723\" data-end=\"1112\">\n<li class=\"\" data-start=\"723\" data-end=\"840\">\n<p class=\"\" data-start=\"725\" data-end=\"840\"><em data-start=\"725\" data-end=\"791\">Controlling as an Instrument for Successful Inventory Management<\/em> (2017), FIP \u2013 <em data-start=\"806\" data-end=\"823\">Finance and Law<\/em> 5 (1), 107-121<\/p>\n<\/li>\n<li class=\"\" data-start=\"841\" data-end=\"1112\">\n<p class=\"\" data-start=\"843\" data-end=\"1112\"><em data-start=\"843\" data-end=\"965\">The Potential of Digital Transformation in Procurement for Building Cost and Process Efficiency in the Healthcare System<\/em> (2024), 2nd <em data-start=\"978\" data-end=\"1101\">International Scientific and Professional Conference on Prosthetics, Orthotics, Robotics in Physiotherapy, and Healthcare<\/em>, 223-237<\/p>\n<\/li>\n<\/ul>\n<p class=\"\" data-start=\"1114\" data-end=\"1228\">Since 2024, she has been teaching <em data-start=\"1148\" data-end=\"1182\">Entrepreneurship and Innovations<\/em> at Effectus University of Applied Sciences.<\/p>\n<p class=\"\" data-start=\"1230\" data-end=\"1575\">She has 25 years of experience in the real sector, mainly in management positions. She served as the <em data-start=\"1331\" data-end=\"1358\">CEO of Pastor In\u017eenjering<\/em> from 2008 to 2016 and as a <em data-start=\"1386\" data-end=\"1415\">Board Member for Operations<\/em> at <em data-start=\"1419\" data-end=\"1430\">Prostoria<\/em>. She is the owner of <em data-start=\"1452\" data-end=\"1459\">Wogas<\/em>, a company that provides consulting services in the field of <em data-start=\"1521\" data-end=\"1544\">operations management<\/em> and <em data-start=\"1549\" data-end=\"1574\">supply chain management<\/em>.<\/p>\n<p>[\/et_pb_text][\/et_pb_column][\/et_pb_row][\/et_pb_section]<\/p>\n","protected":false},"excerpt":{"rendered":"<p>Lecturers Helena Popovi\u0107 Petru\u0161i\u0107 Courses Helena Popovi\u0107 Petru\u0161i\u0107, M.Sc. Oec., M.A. Int. Rel. &amp; Dipl. LecturerBorn in Prijedor, Bosnia and Herzegovina. After completing high school in economics, she enrolled in the Faculty of Economics in Rijeka, and during the final year of her studies, she moved to Zagreb. In Zagreb, she continued her studies at [&hellip;]<\/p>\n","protected":false},"author":14,"featured_media":0,"parent":0,"menu_order":0,"comment_status":"closed","ping_status":"closed","template":"","meta":{"_et_pb_use_builder":"on","_et_pb_old_content":"","_et_gb_content_width":"","footnotes":""},"yoast_head":"<!-- This site is optimized with the Yoast SEO plugin v22.7 - https:\/\/yoast.com\/wordpress\/plugins\/seo\/ -->\n<title>Helena Popovi\u0107 Petru\u0161i\u0107 - EFFECTUS veleu\u010dili\u0161te<\/title>\n<meta name=\"robots\" content=\"index, follow, max-snippet:-1, max-image-preview:large, max-video-preview:-1\" \/>\n<link rel=\"canonical\" href=\"https:\/\/effectus.com.hr\/en\/helena-popovic-petrusic\/\" \/>\n<meta property=\"og:locale\" content=\"en_US\" \/>\n<meta property=\"og:type\" content=\"article\" \/>\n<meta property=\"og:title\" content=\"Helena Popovi\u0107 Petru\u0161i\u0107 - EFFECTUS veleu\u010dili\u0161te\" \/>\n<meta property=\"og:description\" content=\"Lecturers Helena Popovi\u0107 Petru\u0161i\u0107 Courses Helena Popovi\u0107 Petru\u0161i\u0107, M.Sc. Oec., M.A. Int. Rel. &amp; Dipl. LecturerBorn in Prijedor, Bosnia and Herzegovina. After completing high school in economics, she enrolled in the Faculty of Economics in Rijeka, and during the final year of her studies, she moved to Zagreb. In Zagreb, she continued her studies at [&hellip;]\" \/>\n<meta property=\"og:url\" content=\"https:\/\/effectus.com.hr\/en\/helena-popovic-petrusic\/\" \/>\n<meta property=\"og:site_name\" content=\"EFFECTUS veleu\u010dili\u0161te\" \/>\n<meta property=\"article:modified_time\" content=\"2025-04-10T11:26:00+00:00\" \/>\n<meta name=\"twitter:card\" content=\"summary_large_image\" \/>\n<meta name=\"twitter:label1\" content=\"Est. reading time\" \/>\n\t<meta name=\"twitter:data1\" content=\"2 minutes\" \/>\n<script type=\"application\/ld+json\" class=\"yoast-schema-graph\">{\"@context\":\"https:\/\/schema.org\",\"@graph\":[{\"@type\":\"WebPage\",\"@id\":\"https:\/\/effectus.com.hr\/en\/helena-popovic-petrusic\/\",\"url\":\"https:\/\/effectus.com.hr\/en\/helena-popovic-petrusic\/\",\"name\":\"Helena Popovi\u0107 Petru\u0161i\u0107 - EFFECTUS veleu\u010dili\u0161te\",\"isPartOf\":{\"@id\":\"https:\/\/effectus.com.hr\/#website\"},\"datePublished\":\"2024-10-29T09:59:23+00:00\",\"dateModified\":\"2025-04-10T11:26:00+00:00\",\"breadcrumb\":{\"@id\":\"https:\/\/effectus.com.hr\/en\/helena-popovic-petrusic\/#breadcrumb\"},\"inLanguage\":\"en-US\",\"potentialAction\":[{\"@type\":\"ReadAction\",\"target\":[\"https:\/\/effectus.com.hr\/en\/helena-popovic-petrusic\/\"]}]},{\"@type\":\"BreadcrumbList\",\"@id\":\"https:\/\/effectus.com.hr\/en\/helena-popovic-petrusic\/#breadcrumb\",\"itemListElement\":[{\"@type\":\"ListItem\",\"position\":1,\"name\":\"Po\u010detna\",\"item\":\"https:\/\/effectus.com.hr\/en\/\"},{\"@type\":\"ListItem\",\"position\":2,\"name\":\"Helena Popovi\u0107 Petru\u0161i\u0107\"}]},{\"@type\":\"WebSite\",\"@id\":\"https:\/\/effectus.com.hr\/#website\",\"url\":\"https:\/\/effectus.com.hr\/\",\"name\":\"EFFECTUS veleu\u010dili\u0161te\",\"description\":\"\",\"potentialAction\":[{\"@type\":\"SearchAction\",\"target\":{\"@type\":\"EntryPoint\",\"urlTemplate\":\"https:\/\/effectus.com.hr\/?s={search_term_string}\"},\"query-input\":\"required name=search_term_string\"}],\"inLanguage\":\"en-US\"}]}<\/script>\n<!-- \/ Yoast SEO plugin. -->","yoast_head_json":{"title":"Helena Popovi\u0107 Petru\u0161i\u0107 - EFFECTUS veleu\u010dili\u0161te","robots":{"index":"index","follow":"follow","max-snippet":"max-snippet:-1","max-image-preview":"max-image-preview:large","max-video-preview":"max-video-preview:-1"},"canonical":"https:\/\/effectus.com.hr\/en\/helena-popovic-petrusic\/","og_locale":"en_US","og_type":"article","og_title":"Helena Popovi\u0107 Petru\u0161i\u0107 - EFFECTUS veleu\u010dili\u0161te","og_description":"Lecturers Helena Popovi\u0107 Petru\u0161i\u0107 Courses Helena Popovi\u0107 Petru\u0161i\u0107, M.Sc. Oec., M.A. Int. Rel. &amp; Dipl. LecturerBorn in Prijedor, Bosnia and Herzegovina. After completing high school in economics, she enrolled in the Faculty of Economics in Rijeka, and during the final year of her studies, she moved to Zagreb. In Zagreb, she continued her studies at [&hellip;]","og_url":"https:\/\/effectus.com.hr\/en\/helena-popovic-petrusic\/","og_site_name":"EFFECTUS veleu\u010dili\u0161te","article_modified_time":"2025-04-10T11:26:00+00:00","twitter_card":"summary_large_image","twitter_misc":{"Est. reading time":"2 minutes"},"schema":{"@context":"https:\/\/schema.org","@graph":[{"@type":"WebPage","@id":"https:\/\/effectus.com.hr\/en\/helena-popovic-petrusic\/","url":"https:\/\/effectus.com.hr\/en\/helena-popovic-petrusic\/","name":"Helena Popovi\u0107 Petru\u0161i\u0107 - EFFECTUS veleu\u010dili\u0161te","isPartOf":{"@id":"https:\/\/effectus.com.hr\/#website"},"datePublished":"2024-10-29T09:59:23+00:00","dateModified":"2025-04-10T11:26:00+00:00","breadcrumb":{"@id":"https:\/\/effectus.com.hr\/en\/helena-popovic-petrusic\/#breadcrumb"},"inLanguage":"en-US","potentialAction":[{"@type":"ReadAction","target":["https:\/\/effectus.com.hr\/en\/helena-popovic-petrusic\/"]}]},{"@type":"BreadcrumbList","@id":"https:\/\/effectus.com.hr\/en\/helena-popovic-petrusic\/#breadcrumb","itemListElement":[{"@type":"ListItem","position":1,"name":"Po\u010detna","item":"https:\/\/effectus.com.hr\/en\/"},{"@type":"ListItem","position":2,"name":"Helena Popovi\u0107 Petru\u0161i\u0107"}]},{"@type":"WebSite","@id":"https:\/\/effectus.com.hr\/#website","url":"https:\/\/effectus.com.hr\/","name":"EFFECTUS veleu\u010dili\u0161te","description":"","potentialAction":[{"@type":"SearchAction","target":{"@type":"EntryPoint","urlTemplate":"https:\/\/effectus.com.hr\/?s={search_term_string}"},"query-input":"required name=search_term_string"}],"inLanguage":"en-US"}]}},"_links":{"self":[{"href":"https:\/\/effectus.com.hr\/en\/wp-json\/wp\/v2\/pages\/259096"}],"collection":[{"href":"https:\/\/effectus.com.hr\/en\/wp-json\/wp\/v2\/pages"}],"about":[{"href":"https:\/\/effectus.com.hr\/en\/wp-json\/wp\/v2\/types\/page"}],"author":[{"embeddable":true,"href":"https:\/\/effectus.com.hr\/en\/wp-json\/wp\/v2\/users\/14"}],"replies":[{"embeddable":true,"href":"https:\/\/effectus.com.hr\/en\/wp-json\/wp\/v2\/comments?post=259096"}],"version-history":[{"count":4,"href":"https:\/\/effectus.com.hr\/en\/wp-json\/wp\/v2\/pages\/259096\/revisions"}],"predecessor-version":[{"id":260791,"href":"https:\/\/effectus.com.hr\/en\/wp-json\/wp\/v2\/pages\/259096\/revisions\/260791"}],"wp:attachment":[{"href":"https:\/\/effectus.com.hr\/en\/wp-json\/wp\/v2\/media?parent=259096"}],"curies":[{"name":"wp","href":"https:\/\/api.w.org\/{rel}","templated":true}]}}