{"id":259151,"date":"2025-02-26T13:08:02","date_gmt":"2025-02-26T12:08:02","guid":{"rendered":"https:\/\/effectus.com.hr\/nikolina-bacurin-dipl-oec\/"},"modified":"2025-04-10T12:37:58","modified_gmt":"2025-04-10T11:37:58","slug":"nikolina-bacurin-dipl-oec","status":"publish","type":"page","link":"https:\/\/effectus.com.hr\/en\/nikolina-bacurin-dipl-oec\/","title":{"rendered":"Nikolina Ba\u010durin, dipl. oec."},"content":{"rendered":"<p>[et_pb_section fb_built=&#8221;1&#8243; disabled_on=&#8221;off|off|off&#8221; module_class=&#8221;eff-nastavnici-naslov&#8221; _builder_version=&#8221;4.16&#8243; _module_preset=&#8221;default&#8221; background_color=&#8221;#777a7e&#8221; background_image=&#8221;https:\/\/effectus.com.hr\/wp-content\/uploads\/2015\/12\/novosti-.head_stock-photo-visual-contents-concept-social-networking-service-streaming-video-global-communication-network-1896527446.jpg&#8221; custom_padding=&#8221;20px||20px||true|false&#8221; saved_tabs=&#8221;all&#8221; global_colors_info=&#8221;{}&#8221;][et_pb_row _builder_version=&#8221;4.16&#8243; _module_preset=&#8221;default&#8221; max_width=&#8221;1170px&#8221; global_colors_info=&#8221;{}&#8221;][et_pb_column type=&#8221;4_4&#8243; _builder_version=&#8221;4.16&#8243; _module_preset=&#8221;default&#8221; global_colors_info=&#8221;{}&#8221;][et_pb_text admin_label=&#8221;Novosti&#8221; _builder_version=&#8221;4.25.1&#8243; _module_preset=&#8221;default&#8221; text_text_color=&#8221;#FFFFFF&#8221; text_font_size=&#8221;43px&#8221; header_text_color=&#8221;#FFFFFF&#8221; header_font_size=&#8221;52px&#8221; header_4_text_color=&#8221;#FFFFFF&#8221; header_4_font_size=&#8221;23px&#8221; global_colors_info=&#8221;{}&#8221;]<\/p>\n<h1>Lecturers<\/h1>\n<p>[\/et_pb_text][\/et_pb_column][\/et_pb_row][\/et_pb_section][et_pb_section fb_built=&#8221;1&#8243; module_class=&#8221;eff-nastavnici&#8221; _builder_version=&#8221;4.16&#8243; global_colors_info=&#8221;{}&#8221;][et_pb_row column_structure=&#8221;2_5,3_5&#8243; _builder_version=&#8221;4.16&#8243; _module_preset=&#8221;default&#8221; max_width=&#8221;1170px&#8221; global_colors_info=&#8221;{}&#8221;][et_pb_column type=&#8221;2_5&#8243; _builder_version=&#8221;4.16&#8243; _module_preset=&#8221;default&#8221; global_colors_info=&#8221;{}&#8221;][et_pb_image title_text=&#8221;kopal&#8221; _builder_version=&#8221;4.25.1&#8243; _module_preset=&#8221;default&#8221; width=&#8221;100%&#8221; global_colors_info=&#8221;{}&#8221;][\/et_pb_image][et_pb_text disabled_on=&#8221;on|on|on&#8221; _builder_version=&#8221;4.25.1&#8243; _module_preset=&#8221;default&#8221; text_font_size=&#8221;16px&#8221; text_line_height=&#8221;1.8em&#8221; header_3_font=&#8221;|700|||||||&#8221; header_3_text_color=&#8221;#0065b3&#8243; header_3_font_size=&#8221;34px&#8221; custom_margin=&#8221;||19px|||&#8221; disabled=&#8221;on&#8221; global_colors_info=&#8221;{}&#8221;]<\/p>\n<div class=\"gdlr-core-pbf-element\">\n<div class=\"gdlr-core-title-item gdlr-core-item-pdb clearfix gdlr-core-left-align gdlr-core-title-item-caption-bottom gdlr-core-item-pdlr\">\n<div class=\"gdlr-core-title-item-title-wrap clearfix\">\n<h3 class=\"gdlr-core-title-item-title gdlr-core-skin-title \">Nikolina Ba\u010durin<\/h3>\n<\/div>\n<\/div>\n<\/div>\n<p>[\/et_pb_text][et_pb_blurb title=&#8221;nikolina.bacurin@publictenders.hr&#8221; use_icon=&#8221;on&#8221; font_icon=&#8221;&#xe076;||divi||400&#8243; icon_color=&#8221;#0065b3&#8243; icon_placement=&#8221;left&#8221; _builder_version=&#8221;4.25.1&#8243; _module_preset=&#8221;default&#8221; header_text_color=&#8221;#0065b3&#8243; header_font_size=&#8221;16px&#8221; header_line_height=&#8221;2.2em&#8221; custom_margin=&#8221;||12px|||&#8221; custom_css_blurb_content=&#8221;padding-left: 11px !important;&#8221; global_colors_info=&#8221;{}&#8221;][\/et_pb_blurb][et_pb_blurb title=&#8221;CroRIS ID&#8221; use_icon=&#8221;on&#8221; font_icon=&#8221;&#xf47f;||fa||900&#8243; icon_color=&#8221;#0065b3&#8243; icon_placement=&#8221;left&#8221; _builder_version=&#8221;4.25.1&#8243; _module_preset=&#8221;default&#8221; header_text_color=&#8221;#0065b3&#8243; header_font_size=&#8221;16px&#8221; header_line_height=&#8221;2.2em&#8221; custom_margin=&#8221;||12px|||&#8221; link_option_url=&#8221;https:\/\/www.croris.hr\/osobe\/profil\/48506&#8243; custom_css_blurb_content=&#8221;padding-left: 11px !important;&#8221; global_colors_info=&#8221;{}&#8221;][\/et_pb_blurb][et_pb_text _builder_version=&#8221;4.25.1&#8243; _module_preset=&#8221;default&#8221; global_colors_info=&#8221;{}&#8221;][\/et_pb_text][et_pb_text _builder_version=&#8221;4.25.1&#8243; _module_preset=&#8221;default&#8221; text_font_size=&#8221;16px&#8221; text_line_height=&#8221;1.8em&#8221; header_3_font=&#8221;|700|||||||&#8221; header_3_text_color=&#8221;#0065b3&#8243; header_3_font_size=&#8221;34px&#8221; custom_margin=&#8221;||19px|||&#8221; global_colors_info=&#8221;{}&#8221;]<\/p>\n<h3>Courses<\/h3>\n<p>[\/et_pb_text][et_pb_blurb title=&#8221;Public Procurement&#8221; use_icon=&#8221;on&#8221; font_icon=&#8221;&#x69;||divi||400&#8243; icon_color=&#8221;#0065b3&#8243; icon_placement=&#8221;left&#8221; _builder_version=&#8221;4.25.1&#8243; _module_preset=&#8221;default&#8221; header_text_color=&#8221;#333333&#8243; header_font_size=&#8221;16px&#8221; header_line_height=&#8221;1.5em&#8221; custom_margin=&#8221;||12px|||&#8221; hover_enabled=&#8221;0&#8243; custom_css_blurb_content=&#8221;padding-left: 11px !important;&#8221; global_colors_info=&#8221;{}&#8221; link_option_url=&#8221;https:\/\/effectus.com.hr\/wp-content\/uploads\/2025\/04\/Public-Procurement.pdf&#8221; sticky_enabled=&#8221;0&#8243;][\/et_pb_blurb][\/et_pb_column][et_pb_column type=&#8221;3_5&#8243; _builder_version=&#8221;4.16&#8243; _module_preset=&#8221;default&#8221; global_colors_info=&#8221;{}&#8221;][et_pb_text _builder_version=&#8221;4.25.1&#8243; _module_preset=&#8221;default&#8221; text_font_size=&#8221;16px&#8221; text_line_height=&#8221;1.8em&#8221; header_3_font=&#8221;|700|||||||&#8221; header_3_text_color=&#8221;#0065b3&#8243; header_3_font_size=&#8221;34px&#8221; header_4_font=&#8221;|700|||||||&#8221; header_4_text_color=&#8221;#0065b3&#8243; header_4_font_size=&#8221;25px&#8221; custom_margin=&#8221;||2px|||&#8221; global_colors_info=&#8221;{}&#8221;]<\/p>\n<div class=\"gdlr-core-pbf-element\">\n<div class=\"gdlr-core-title-item gdlr-core-item-pdb clearfix  gdlr-core-left-align gdlr-core-title-item-caption-bottom gdlr-core-item-pdlr\">\n<div class=\"gdlr-core-title-item-title-wrap clearfix\">\n<h4 class=\"gdlr-core-title-item-title gdlr-core-skin-title \">Nikolina Ba\u010durin, B.Sc. Oec.<\/h4>\n<\/div>\n<\/div>\n<\/div>\n<p>[\/et_pb_text][et_pb_text _builder_version=&#8221;4.25.1&#8243; _module_preset=&#8221;default&#8221; text_font=&#8221;||on||||||&#8221; text_font_size=&#8221;16px&#8221; text_line_height=&#8221;1.6em&#8221; custom_margin=&#8221;||-2px|||&#8221; global_colors_info=&#8221;{}&#8221;]<\/p>\n<p><em>Lecturer<\/em><\/p>\n<p>&nbsp;<\/p>\n<p>[\/et_pb_text][et_pb_text _builder_version=&#8221;4.25.1&#8243; _module_preset=&#8221;default&#8221; text_font_size=&#8221;16px&#8221; text_line_height=&#8221;1.8em&#8221; header_3_font=&#8221;|700|||||||&#8221; header_3_text_color=&#8221;#0065b3&#8243; header_3_font_size=&#8221;34px&#8221; global_colors_info=&#8221;{}&#8221;]<\/p>\n<div class=\"gdlr-core-pbf-element\">\n<div class=\"gdlr-core-title-item gdlr-core-item-pdb clearfix  gdlr-core-left-align gdlr-core-title-item-caption-bottom gdlr-core-item-pdlr\">\n<div class=\"gdlr-core-title-item-title-wrap clearfix\">\n<p>Nikolina Ba\u010durin, B.Sc. Oec.,graduated in 2004 from the University of Zagreb, Faculty of Economics, and earned the title of graduate economist.<\/p>\n<p class=\"\" data-start=\"187\" data-end=\"1149\">After completing her master&#8217;s degree, she began working for the City of Velika Gorica, first as a trainee, then as a professional associate for procurement, followed by the position of Head of the Public Procurement Office, and later as Head of the Public Procurement Department. In December 2005, she passed the state professional exam with a specialized part in public procurement. In December 2006, she completed a specialized course organized by World Learning, USAID\u2019s Participan Training Program (PTP), and the Urban Institute in the UK on Public Procurement. Additionally, in 2009, she completed training for a public procurement trainer at the Public Procurement System Directorate, Ministry of Labor and Entrepreneurship, and that same year, after completing a training program at the Ministry of Economy, Labor, and Entrepreneurship, she successfully passed the exam and obtained a certificate confirming her knowledge and skills in public procurement.<\/p>\n<p class=\"\" data-start=\"1151\" data-end=\"1486\">From May 2012 to April 2014, she worked at the Center for Monitoring the Business of the Energy Sector and Investments as an advisor for public procurement. In July 2012, she attended the &#8220;Trainer Training Program in Public Procurement&#8221; organized under the EU project &#8220;Training in Public Procurement in the Western Balkans and Turkey.&#8221;<\/p>\n<p class=\"\" data-start=\"1488\" data-end=\"1833\">In 2014, she began working at the Hydrocarbons Agency as the director of the Legal and General Affairs Sector. In December 2016, she started working at the Croatian Lottery as the Head of the Public Procurement Service, where she remained until July 2017. She then became the director and owner of Public Tenders Ltd., where she currently works.<\/p>\n<p class=\"\" data-start=\"1835\" data-end=\"2008\">She is a speaker at conferences, seminars, and workshops in the field of public procurement and is the author and co-author of several expert articles on public procurement.<\/p>\n<p class=\"\" data-start=\"2010\" data-end=\"2254\">She is a permanent lecturer in public procurement training programs and professional development organized by accredited program providers. Additionally, starting in 2024, she will be a lecturer at Effectus College, teaching Public Procurement.<\/p>\n<p class=\"\" data-start=\"2256\" data-end=\"2289\"><strong data-start=\"2256\" data-end=\"2289\">List of Some Published Works:<\/strong><\/p>\n<ul data-start=\"2290\" data-end=\"3954\">\n<li class=\"\" data-start=\"2290\" data-end=\"2665\">\n<p class=\"\" data-start=\"2292\" data-end=\"2665\">Dra\u017een Ivanu\u0161ec and Nikolina Ba\u010durin; LEGAL PROTECTION IN PUBLIC PROCUREMENT PROCEDURES (institutional framework of the legal protection system in public procurement de lege lata and de lege ferenda); Croatian Association of Legal Professionals in Economy &#8211; Proceedings of the 61st Meeting of Lawyers Opatija &#8217;23, May 2023, UDK:346; UDK:347.7.; ISSN: 2584-3044, pp. 235-256<\/p>\n<\/li>\n<li class=\"\" data-start=\"2666\" data-end=\"2928\">\n<p class=\"\" data-start=\"2668\" data-end=\"2928\">Ba\u010durin, Nikolina; Jelinovi\u0107, Vedran; Loboja, Ante; Pal\u010di\u0107, Ivan; Pranji\u0107, Ivica; Turuk, Zoran Peri\u0107, T., E-PROCUREMENT AND PUBLIC PROCUREMENT CONTRACTS; March 2018; ISBN: 978-953-329-068-3; DYNAMIC PROCUREMENT SYSTEM &#8211; Nikolina Ba\u010durin, Zoran Turuk, pp. 47-59<\/p>\n<\/li>\n<li class=\"\" data-start=\"2929\" data-end=\"3350\">\n<p class=\"\" data-start=\"2931\" data-end=\"3350\">Goran Mate\u0161i\u0107, Ante Loboja, Zoran Vui\u0107, Ivan Pal\u010di\u0107, Zvonimir Juki\u0107, Biljana Lerman, Nikolina Ba\u010durin, and Iva \u0160uler; Overview of the New Public Procurement Law; February 2017; ISBN: 978-953-58899-5-3; Procurement Plan and Contract Registry &#8211; Nikolina Ba\u010durin, pp. 18-26; Dynamic Procurement System \u2013 Nikolina Ba\u010durin, pp. 106-111, Electronic Auction &#8211; Nikolina Ba\u010durin, pp. 112-115, Bid &#8211; Nikolina Ba\u010durin, pp. 201-225<\/p>\n<\/li>\n<li class=\"\" data-start=\"3351\" data-end=\"3635\">\n<p class=\"\" data-start=\"3353\" data-end=\"3635\">Dra\u017een Ivanu\u0161ec, Nikolina Ba\u010durin, Zoran Turuk, Darko Josipovi\u0107, Daria Du\u017edevi\u0107, Ante Loboja, Tijana Novakovi\u0107, Du\u0161anka Marinkovi\u0107 Dra\u010da; Public Procurement in Practice; November 2010; ISBN: 978-953-6290-79-6, Central Public Procurement &#8211; Nikolina Ba\u010durin, Dra\u017een Ivanu\u0161ec, pp. 9-21<\/p>\n<\/li>\n<li class=\"\" data-start=\"3636\" data-end=\"3786\">\n<p class=\"\" data-start=\"3638\" data-end=\"3786\">Nikolina Ba\u010durin, Zoran Turuk, Restricted Public Procurement Procedure; Finance, Law and Taxes, Issue 4\/15, April 2015, ISSN: 1848-6614, pp. 142-151<\/p>\n<\/li>\n<li class=\"\" data-start=\"3787\" data-end=\"3954\">\n<p class=\"\" data-start=\"3789\" data-end=\"3954\">Nikolina Ba\u010durin, Sabina Rebrovi\u0107; Procurement Planning and Preparation of the Procurement Plan for 2015; Tim4pin Magazine, Issue 12\/2014; ISSN: 1848-7610; pp. 67-78<\/p>\n<\/li>\n<\/ul>\n<\/div>\n<\/div>\n<\/div>\n<p>[\/et_pb_text][\/et_pb_column][\/et_pb_row][\/et_pb_section]<\/p>\n","protected":false},"excerpt":{"rendered":"<p>Lecturers Nikolina Ba\u010durin Courses Nikolina Ba\u010durin, B.Sc. Oec. Lecturer &nbsp; Nikolina Ba\u010durin, B.Sc. Oec.,graduated in 2004 from the University of Zagreb, Faculty of Economics, and earned the title of graduate economist. After completing her master&#8217;s degree, she began working for the City of Velika Gorica, first as a trainee, then as a professional associate for [&hellip;]<\/p>\n","protected":false},"author":14,"featured_media":0,"parent":0,"menu_order":0,"comment_status":"closed","ping_status":"closed","template":"","meta":{"_et_pb_use_builder":"on","_et_pb_old_content":"","_et_gb_content_width":"","footnotes":""},"yoast_head":"<!-- This site is optimized with the Yoast SEO plugin v22.7 - https:\/\/yoast.com\/wordpress\/plugins\/seo\/ -->\n<title>Nikolina Ba\u010durin, dipl. oec. - EFFECTUS veleu\u010dili\u0161te<\/title>\n<meta name=\"robots\" content=\"index, follow, max-snippet:-1, max-image-preview:large, max-video-preview:-1\" \/>\n<link rel=\"canonical\" href=\"https:\/\/effectus.com.hr\/en\/nikolina-bacurin-dipl-oec\/\" \/>\n<meta property=\"og:locale\" content=\"en_US\" \/>\n<meta property=\"og:type\" content=\"article\" \/>\n<meta property=\"og:title\" content=\"Nikolina Ba\u010durin, dipl. oec. - EFFECTUS veleu\u010dili\u0161te\" \/>\n<meta property=\"og:description\" content=\"Lecturers Nikolina Ba\u010durin Courses Nikolina Ba\u010durin, B.Sc. Oec. Lecturer &nbsp; Nikolina Ba\u010durin, B.Sc. Oec.,graduated in 2004 from the University of Zagreb, Faculty of Economics, and earned the title of graduate economist. After completing her master&#039;s degree, she began working for the City of Velika Gorica, first as a trainee, then as a professional associate for [&hellip;]\" \/>\n<meta property=\"og:url\" content=\"https:\/\/effectus.com.hr\/en\/nikolina-bacurin-dipl-oec\/\" \/>\n<meta property=\"og:site_name\" content=\"EFFECTUS veleu\u010dili\u0161te\" \/>\n<meta property=\"article:modified_time\" content=\"2025-04-10T11:37:58+00:00\" \/>\n<meta name=\"twitter:card\" content=\"summary_large_image\" \/>\n<meta name=\"twitter:label1\" content=\"Est. reading time\" \/>\n\t<meta name=\"twitter:data1\" content=\"4 minutes\" \/>\n<script type=\"application\/ld+json\" class=\"yoast-schema-graph\">{\"@context\":\"https:\/\/schema.org\",\"@graph\":[{\"@type\":\"WebPage\",\"@id\":\"https:\/\/effectus.com.hr\/en\/nikolina-bacurin-dipl-oec\/\",\"url\":\"https:\/\/effectus.com.hr\/en\/nikolina-bacurin-dipl-oec\/\",\"name\":\"Nikolina Ba\u010durin, dipl. oec. - EFFECTUS veleu\u010dili\u0161te\",\"isPartOf\":{\"@id\":\"https:\/\/effectus.com.hr\/#website\"},\"datePublished\":\"2025-02-26T12:08:02+00:00\",\"dateModified\":\"2025-04-10T11:37:58+00:00\",\"breadcrumb\":{\"@id\":\"https:\/\/effectus.com.hr\/en\/nikolina-bacurin-dipl-oec\/#breadcrumb\"},\"inLanguage\":\"en-US\",\"potentialAction\":[{\"@type\":\"ReadAction\",\"target\":[\"https:\/\/effectus.com.hr\/en\/nikolina-bacurin-dipl-oec\/\"]}]},{\"@type\":\"BreadcrumbList\",\"@id\":\"https:\/\/effectus.com.hr\/en\/nikolina-bacurin-dipl-oec\/#breadcrumb\",\"itemListElement\":[{\"@type\":\"ListItem\",\"position\":1,\"name\":\"Po\u010detna\",\"item\":\"https:\/\/effectus.com.hr\/en\/\"},{\"@type\":\"ListItem\",\"position\":2,\"name\":\"Nikolina Ba\u010durin, dipl. oec.\"}]},{\"@type\":\"WebSite\",\"@id\":\"https:\/\/effectus.com.hr\/#website\",\"url\":\"https:\/\/effectus.com.hr\/\",\"name\":\"EFFECTUS veleu\u010dili\u0161te\",\"description\":\"\",\"potentialAction\":[{\"@type\":\"SearchAction\",\"target\":{\"@type\":\"EntryPoint\",\"urlTemplate\":\"https:\/\/effectus.com.hr\/?s={search_term_string}\"},\"query-input\":\"required name=search_term_string\"}],\"inLanguage\":\"en-US\"}]}<\/script>\n<!-- \/ Yoast SEO plugin. -->","yoast_head_json":{"title":"Nikolina Ba\u010durin, dipl. oec. - EFFECTUS veleu\u010dili\u0161te","robots":{"index":"index","follow":"follow","max-snippet":"max-snippet:-1","max-image-preview":"max-image-preview:large","max-video-preview":"max-video-preview:-1"},"canonical":"https:\/\/effectus.com.hr\/en\/nikolina-bacurin-dipl-oec\/","og_locale":"en_US","og_type":"article","og_title":"Nikolina Ba\u010durin, dipl. oec. - EFFECTUS veleu\u010dili\u0161te","og_description":"Lecturers Nikolina Ba\u010durin Courses Nikolina Ba\u010durin, B.Sc. Oec. Lecturer &nbsp; Nikolina Ba\u010durin, B.Sc. Oec.,graduated in 2004 from the University of Zagreb, Faculty of Economics, and earned the title of graduate economist. After completing her master's degree, she began working for the City of Velika Gorica, first as a trainee, then as a professional associate for [&hellip;]","og_url":"https:\/\/effectus.com.hr\/en\/nikolina-bacurin-dipl-oec\/","og_site_name":"EFFECTUS veleu\u010dili\u0161te","article_modified_time":"2025-04-10T11:37:58+00:00","twitter_card":"summary_large_image","twitter_misc":{"Est. reading time":"4 minutes"},"schema":{"@context":"https:\/\/schema.org","@graph":[{"@type":"WebPage","@id":"https:\/\/effectus.com.hr\/en\/nikolina-bacurin-dipl-oec\/","url":"https:\/\/effectus.com.hr\/en\/nikolina-bacurin-dipl-oec\/","name":"Nikolina Ba\u010durin, dipl. oec. - EFFECTUS veleu\u010dili\u0161te","isPartOf":{"@id":"https:\/\/effectus.com.hr\/#website"},"datePublished":"2025-02-26T12:08:02+00:00","dateModified":"2025-04-10T11:37:58+00:00","breadcrumb":{"@id":"https:\/\/effectus.com.hr\/en\/nikolina-bacurin-dipl-oec\/#breadcrumb"},"inLanguage":"en-US","potentialAction":[{"@type":"ReadAction","target":["https:\/\/effectus.com.hr\/en\/nikolina-bacurin-dipl-oec\/"]}]},{"@type":"BreadcrumbList","@id":"https:\/\/effectus.com.hr\/en\/nikolina-bacurin-dipl-oec\/#breadcrumb","itemListElement":[{"@type":"ListItem","position":1,"name":"Po\u010detna","item":"https:\/\/effectus.com.hr\/en\/"},{"@type":"ListItem","position":2,"name":"Nikolina Ba\u010durin, dipl. oec."}]},{"@type":"WebSite","@id":"https:\/\/effectus.com.hr\/#website","url":"https:\/\/effectus.com.hr\/","name":"EFFECTUS veleu\u010dili\u0161te","description":"","potentialAction":[{"@type":"SearchAction","target":{"@type":"EntryPoint","urlTemplate":"https:\/\/effectus.com.hr\/?s={search_term_string}"},"query-input":"required name=search_term_string"}],"inLanguage":"en-US"}]}},"_links":{"self":[{"href":"https:\/\/effectus.com.hr\/en\/wp-json\/wp\/v2\/pages\/259151"}],"collection":[{"href":"https:\/\/effectus.com.hr\/en\/wp-json\/wp\/v2\/pages"}],"about":[{"href":"https:\/\/effectus.com.hr\/en\/wp-json\/wp\/v2\/types\/page"}],"author":[{"embeddable":true,"href":"https:\/\/effectus.com.hr\/en\/wp-json\/wp\/v2\/users\/14"}],"replies":[{"embeddable":true,"href":"https:\/\/effectus.com.hr\/en\/wp-json\/wp\/v2\/comments?post=259151"}],"version-history":[{"count":4,"href":"https:\/\/effectus.com.hr\/en\/wp-json\/wp\/v2\/pages\/259151\/revisions"}],"predecessor-version":[{"id":260804,"href":"https:\/\/effectus.com.hr\/en\/wp-json\/wp\/v2\/pages\/259151\/revisions\/260804"}],"wp:attachment":[{"href":"https:\/\/effectus.com.hr\/en\/wp-json\/wp\/v2\/media?parent=259151"}],"curies":[{"name":"wp","href":"https:\/\/api.w.org\/{rel}","templated":true}]}}