{"id":260210,"date":"2023-08-30T19:16:43","date_gmt":"2023-08-30T18:16:43","guid":{"rendered":"https:\/\/effectus.com.hr\/studentski-casopis-effect\/"},"modified":"2025-04-07T15:59:31","modified_gmt":"2025-04-07T14:59:31","slug":"studentski-casopis-effect","status":"publish","type":"page","link":"https:\/\/effectus.com.hr\/en\/studentski-casopis-effect\/","title":{"rendered":"Studentski \u010dasopis EFFECT"},"content":{"rendered":"<p>[et_pb_section fb_built=&#8221;1&#8243; disabled_on=&#8221;off|off|off&#8221; admin_label=&#8221;Section&#8221; _builder_version=&#8221;4.16&#8243; _module_preset=&#8221;default&#8221; background_color=&#8221;#777a7e&#8221; background_image=&#8221;https:\/\/effectus.com.hr\/wp-content\/uploads\/2021\/09\/shutterstock_1896527446-Copy.jpg&#8221; background_size=&#8221;initial&#8221; background_position=&#8221;center_left&#8221; custom_margin_tablet=&#8221;&#8221; custom_margin_phone=&#8221;-50px||||false|false&#8221; custom_margin_last_edited=&#8221;on|phone&#8221; custom_padding=&#8221;77px||77px||true|false&#8221; saved_tabs=&#8221;all&#8221; global_colors_info=&#8221;{}&#8221;][et_pb_row _builder_version=&#8221;4.16&#8243; _module_preset=&#8221;default&#8221; max_width=&#8221;1170px&#8221; custom_padding=&#8221;31px|||||&#8221; global_colors_info=&#8221;{}&#8221;][et_pb_column type=&#8221;4_4&#8243; _builder_version=&#8221;4.16&#8243; _module_preset=&#8221;default&#8221; global_colors_info=&#8221;{}&#8221;][et_pb_text _builder_version=&#8221;4.25.1&#8243; _module_preset=&#8221;default&#8221; text_text_color=&#8221;#FFFFFF&#8221; background_layout=&#8221;dark&#8221; global_colors_info=&#8221;{}&#8221;]<\/p>\n<h1><b>\u00a0<\/b><\/h1>\n<p>[\/et_pb_text][\/et_pb_column][\/et_pb_row][\/et_pb_section][et_pb_section fb_built=&#8221;1&#8243; module_class=&#8221;eff-novosti&#8221; _builder_version=&#8221;4.16&#8243; global_colors_info=&#8221;{}&#8221;][et_pb_row _builder_version=&#8221;4.16&#8243; _module_preset=&#8221;default&#8221; max_width=&#8221;1170px&#8221; custom_margin=&#8221;-48px|auto||auto||&#8221; global_colors_info=&#8221;{}&#8221;][et_pb_column type=&#8221;4_4&#8243; _builder_version=&#8221;4.16&#8243; _module_preset=&#8221;default&#8221; global_colors_info=&#8221;{}&#8221;][et_pb_text _builder_version=&#8221;4.25.1&#8243; _module_preset=&#8221;default&#8221; text_text_color=&#8221;#315DA6&#8243; header_font=&#8221;|800|||||||&#8221; header_text_color=&#8221;#2c439e&#8221; header_font_size=&#8221;34px&#8221; hover_enabled=&#8221;0&#8243; global_colors_info=&#8221;{}&#8221; sticky_enabled=&#8221;0&#8243;]<\/p>\n<div class=\"gdlr-core-pbf-element\">\n<div class=\"gdlr-core-text-box-item gdlr-core-item-pdlr gdlr-core-item-pdb gdlr-core-left-align\">\n<div class=\"gdlr-core-text-box-item-content\" style=\"text-transform: none;\">\n<div class=\"gdlr-core-pbf-wrapper-content gdlr-core-js \">\n<div class=\"gdlr-core-pbf-wrapper-container clearfix gdlr-core-container\">\n<div class=\"gdlr-core-pbf-element\">\n<div class=\"gdlr-core-text-box-item gdlr-core-item-pdlr gdlr-core-item-pdb gdlr-core-left-align\">\n<h1 class=\"gdlr-core-text-box-item-content\" style=\"text-transform: none;\"><strong>EFFECTUS Student Journal<\/strong><\/h1>\n<\/div>\n<\/div>\n<\/div>\n<\/div>\n<\/div>\n<\/div>\n<\/div>\n<p>[\/et_pb_text][\/et_pb_column][\/et_pb_row][et_pb_row _builder_version=&#8221;4.25.1&#8243; _module_preset=&#8221;default&#8221; global_colors_info=&#8221;{}&#8221;][et_pb_column type=&#8221;4_4&#8243; _builder_version=&#8221;4.25.1&#8243; _module_preset=&#8221;default&#8221; global_colors_info=&#8221;{}&#8221;][et_pb_text _builder_version=&#8221;4.25.1&#8243; _module_preset=&#8221;default&#8221; global_colors_info=&#8221;{}&#8221;]<\/p>\n<p>&nbsp;<\/p>\n<p>&nbsp;<\/p>\n<p>[\/et_pb_text][\/et_pb_column][\/et_pb_row][et_pb_row column_structure=&#8221;1_3,1_3,1_3&#8243; _builder_version=&#8221;4.16&#8243; _module_preset=&#8221;default&#8221; max_width=&#8221;1170px&#8221; global_colors_info=&#8221;{}&#8221;][et_pb_column type=&#8221;1_3&#8243; _builder_version=&#8221;4.16&#8243; _module_preset=&#8221;default&#8221; global_colors_info=&#8221;{}&#8221;][et_pb_image src=&#8221;https:\/\/effectus.com.hr\/wp-content\/uploads\/2023\/08\/1.-broj.png&#8221; title_text=&#8221;1. broj&#8221; url=&#8221;https:\/\/effectus.com.hr\/wp-content\/uploads\/2023\/08\/1.-broj.pdf&#8221; _builder_version=&#8221;4.19.4&#8243; _module_preset=&#8221;default&#8221; width=&#8221;60%&#8221; module_alignment=&#8221;center&#8221; global_colors_info=&#8221;{}&#8221;][\/et_pb_image][\/et_pb_column][et_pb_column type=&#8221;1_3&#8243; _builder_version=&#8221;4.16&#8243; _module_preset=&#8221;default&#8221; global_colors_info=&#8221;{}&#8221;][et_pb_image src=&#8221;https:\/\/effectus.com.hr\/wp-content\/uploads\/2023\/08\/2.broj_.png&#8221; title_text=&#8221;2.broj&#8221; url=&#8221;https:\/\/effectus.com.hr\/wp-content\/uploads\/2023\/08\/2.-broj.pdf&#8221; _builder_version=&#8221;4.19.4&#8243; _module_preset=&#8221;default&#8221; width=&#8221;60%&#8221; module_alignment=&#8221;center&#8221; global_colors_info=&#8221;{}&#8221;][\/et_pb_image][\/et_pb_column][et_pb_column type=&#8221;1_3&#8243; _builder_version=&#8221;4.16&#8243; _module_preset=&#8221;default&#8221; global_colors_info=&#8221;{}&#8221;][et_pb_image src=&#8221;https:\/\/effectus.com.hr\/wp-content\/uploads\/2023\/08\/3.broj_.png&#8221; title_text=&#8221;3.broj&#8221; url=&#8221;https:\/\/effectus.com.hr\/wp-content\/uploads\/2023\/08\/3.broj_.pdf&#8221; _builder_version=&#8221;4.19.4&#8243; _module_preset=&#8221;default&#8221; width=&#8221;60%&#8221; module_alignment=&#8221;center&#8221; global_colors_info=&#8221;{}&#8221;][\/et_pb_image][\/et_pb_column][\/et_pb_row][et_pb_row column_structure=&#8221;1_3,1_3,1_3&#8243; _builder_version=&#8221;4.16&#8243; _module_preset=&#8221;default&#8221; max_width=&#8221;1170px&#8221; global_colors_info=&#8221;{}&#8221;][et_pb_column type=&#8221;1_3&#8243; _builder_version=&#8221;4.16&#8243; _module_preset=&#8221;default&#8221; global_colors_info=&#8221;{}&#8221;][et_pb_image src=&#8221;https:\/\/effectus.com.hr\/wp-content\/uploads\/2023\/08\/4.broj_.png&#8221; title_text=&#8221;4.broj&#8221; url=&#8221;https:\/\/effectus.com.hr\/wp-content\/uploads\/2023\/08\/4.-broj.pdf&#8221; _builder_version=&#8221;4.19.4&#8243; _module_preset=&#8221;default&#8221; width=&#8221;60%&#8221; module_alignment=&#8221;center&#8221; global_colors_info=&#8221;{}&#8221;][\/et_pb_image][\/et_pb_column][et_pb_column type=&#8221;1_3&#8243; _builder_version=&#8221;4.16&#8243; _module_preset=&#8221;default&#8221; global_colors_info=&#8221;{}&#8221;][et_pb_image src=&#8221;https:\/\/effectus.com.hr\/wp-content\/uploads\/2023\/08\/5.broj_.png&#8221; title_text=&#8221;5.broj&#8221; url=&#8221;https:\/\/effectus.com.hr\/wp-content\/uploads\/2023\/08\/5.-broj-EFFECT.pdf&#8221; _builder_version=&#8221;4.19.4&#8243; _module_preset=&#8221;default&#8221; width=&#8221;60%&#8221; module_alignment=&#8221;center&#8221; global_colors_info=&#8221;{}&#8221;][\/et_pb_image][\/et_pb_column][et_pb_column type=&#8221;1_3&#8243; _builder_version=&#8221;4.16&#8243; _module_preset=&#8221;default&#8221; global_colors_info=&#8221;{}&#8221;][et_pb_image src=&#8221;https:\/\/effectus.com.hr\/wp-content\/uploads\/2023\/08\/6.broj_.png&#8221; title_text=&#8221;6.broj&#8221; url=&#8221;https:\/\/effectus.com.hr\/wp-content\/uploads\/2023\/08\/6.broj_.pdf&#8221; _builder_version=&#8221;4.19.4&#8243; _module_preset=&#8221;default&#8221; width=&#8221;60%&#8221; module_alignment=&#8221;center&#8221; global_colors_info=&#8221;{}&#8221;][\/et_pb_image][\/et_pb_column][\/et_pb_row][et_pb_row column_structure=&#8221;1_3,1_3,1_3&#8243; _builder_version=&#8221;4.16&#8243; _module_preset=&#8221;default&#8221; max_width=&#8221;1170px&#8221; global_colors_info=&#8221;{}&#8221;][et_pb_column type=&#8221;1_3&#8243; _builder_version=&#8221;4.16&#8243; _module_preset=&#8221;default&#8221; global_colors_info=&#8221;{}&#8221;][et_pb_image src=&#8221;https:\/\/effectus.com.hr\/wp-content\/uploads\/2024\/06\/broj_7-2.png&#8221; title_text=&#8221;broj_7&#8243; url=&#8221;https:\/\/effectus.com.hr\/wp-content\/uploads\/2024\/06\/effect-7broj.pdf&#8221; _builder_version=&#8221;4.25.1&#8243; _module_preset=&#8221;default&#8221; width=&#8221;60%&#8221; module_alignment=&#8221;center&#8221; global_colors_info=&#8221;{}&#8221;][\/et_pb_image][\/et_pb_column][et_pb_column type=&#8221;1_3&#8243; _builder_version=&#8221;4.16&#8243; _module_preset=&#8221;default&#8221; global_colors_info=&#8221;{}&#8221;][\/et_pb_column][et_pb_column type=&#8221;1_3&#8243; _builder_version=&#8221;4.16&#8243; _module_preset=&#8221;default&#8221; global_colors_info=&#8221;{}&#8221;][\/et_pb_column][\/et_pb_row][\/et_pb_section]<\/p>\n","protected":false},"excerpt":{"rendered":"<p>\u00a0 EFFECTUS Student Journal &nbsp; &nbsp;<\/p>\n","protected":false},"author":11,"featured_media":0,"parent":0,"menu_order":0,"comment_status":"closed","ping_status":"closed","template":"","meta":{"_et_pb_use_builder":"on","_et_pb_old_content":"","_et_gb_content_width":"","footnotes":""},"yoast_head":"<!-- This site is optimized with the Yoast SEO plugin v22.7 - https:\/\/yoast.com\/wordpress\/plugins\/seo\/ -->\n<title>Studentski \u010dasopis EFFECT - EFFECTUS veleu\u010dili\u0161te<\/title>\n<meta name=\"robots\" content=\"index, follow, max-snippet:-1, max-image-preview:large, max-video-preview:-1\" \/>\n<link rel=\"canonical\" href=\"https:\/\/effectus.com.hr\/en\/studentski-casopis-effect\/\" \/>\n<meta property=\"og:locale\" content=\"en_US\" \/>\n<meta property=\"og:type\" content=\"article\" \/>\n<meta property=\"og:title\" content=\"Studentski \u010dasopis EFFECT - EFFECTUS veleu\u010dili\u0161te\" \/>\n<meta property=\"og:description\" content=\"\u00a0 EFFECTUS Student Journal &nbsp; &nbsp;\" \/>\n<meta property=\"og:url\" content=\"https:\/\/effectus.com.hr\/en\/studentski-casopis-effect\/\" \/>\n<meta property=\"og:site_name\" content=\"EFFECTUS veleu\u010dili\u0161te\" \/>\n<meta property=\"article:modified_time\" content=\"2025-04-07T14:59:31+00:00\" \/>\n<meta name=\"twitter:card\" content=\"summary_large_image\" \/>\n<meta name=\"twitter:label1\" content=\"Est. reading time\" \/>\n\t<meta name=\"twitter:data1\" content=\"2 minutes\" \/>\n<script type=\"application\/ld+json\" class=\"yoast-schema-graph\">{\"@context\":\"https:\/\/schema.org\",\"@graph\":[{\"@type\":\"WebPage\",\"@id\":\"https:\/\/effectus.com.hr\/en\/studentski-casopis-effect\/\",\"url\":\"https:\/\/effectus.com.hr\/en\/studentski-casopis-effect\/\",\"name\":\"Studentski \u010dasopis EFFECT - EFFECTUS veleu\u010dili\u0161te\",\"isPartOf\":{\"@id\":\"https:\/\/effectus.com.hr\/#website\"},\"datePublished\":\"2023-08-30T18:16:43+00:00\",\"dateModified\":\"2025-04-07T14:59:31+00:00\",\"breadcrumb\":{\"@id\":\"https:\/\/effectus.com.hr\/en\/studentski-casopis-effect\/#breadcrumb\"},\"inLanguage\":\"en-US\",\"potentialAction\":[{\"@type\":\"ReadAction\",\"target\":[\"https:\/\/effectus.com.hr\/en\/studentski-casopis-effect\/\"]}]},{\"@type\":\"BreadcrumbList\",\"@id\":\"https:\/\/effectus.com.hr\/en\/studentski-casopis-effect\/#breadcrumb\",\"itemListElement\":[{\"@type\":\"ListItem\",\"position\":1,\"name\":\"Po\u010detna\",\"item\":\"https:\/\/effectus.com.hr\/en\/\"},{\"@type\":\"ListItem\",\"position\":2,\"name\":\"Studentski \u010dasopis EFFECT\"}]},{\"@type\":\"WebSite\",\"@id\":\"https:\/\/effectus.com.hr\/#website\",\"url\":\"https:\/\/effectus.com.hr\/\",\"name\":\"EFFECTUS veleu\u010dili\u0161te\",\"description\":\"\",\"potentialAction\":[{\"@type\":\"SearchAction\",\"target\":{\"@type\":\"EntryPoint\",\"urlTemplate\":\"https:\/\/effectus.com.hr\/?s={search_term_string}\"},\"query-input\":\"required name=search_term_string\"}],\"inLanguage\":\"en-US\"}]}<\/script>\n<!-- \/ Yoast SEO plugin. -->","yoast_head_json":{"title":"Studentski \u010dasopis EFFECT - EFFECTUS veleu\u010dili\u0161te","robots":{"index":"index","follow":"follow","max-snippet":"max-snippet:-1","max-image-preview":"max-image-preview:large","max-video-preview":"max-video-preview:-1"},"canonical":"https:\/\/effectus.com.hr\/en\/studentski-casopis-effect\/","og_locale":"en_US","og_type":"article","og_title":"Studentski \u010dasopis EFFECT - EFFECTUS veleu\u010dili\u0161te","og_description":"\u00a0 EFFECTUS Student Journal &nbsp; &nbsp;","og_url":"https:\/\/effectus.com.hr\/en\/studentski-casopis-effect\/","og_site_name":"EFFECTUS veleu\u010dili\u0161te","article_modified_time":"2025-04-07T14:59:31+00:00","twitter_card":"summary_large_image","twitter_misc":{"Est. reading time":"2 minutes"},"schema":{"@context":"https:\/\/schema.org","@graph":[{"@type":"WebPage","@id":"https:\/\/effectus.com.hr\/en\/studentski-casopis-effect\/","url":"https:\/\/effectus.com.hr\/en\/studentski-casopis-effect\/","name":"Studentski \u010dasopis EFFECT - EFFECTUS veleu\u010dili\u0161te","isPartOf":{"@id":"https:\/\/effectus.com.hr\/#website"},"datePublished":"2023-08-30T18:16:43+00:00","dateModified":"2025-04-07T14:59:31+00:00","breadcrumb":{"@id":"https:\/\/effectus.com.hr\/en\/studentski-casopis-effect\/#breadcrumb"},"inLanguage":"en-US","potentialAction":[{"@type":"ReadAction","target":["https:\/\/effectus.com.hr\/en\/studentski-casopis-effect\/"]}]},{"@type":"BreadcrumbList","@id":"https:\/\/effectus.com.hr\/en\/studentski-casopis-effect\/#breadcrumb","itemListElement":[{"@type":"ListItem","position":1,"name":"Po\u010detna","item":"https:\/\/effectus.com.hr\/en\/"},{"@type":"ListItem","position":2,"name":"Studentski \u010dasopis EFFECT"}]},{"@type":"WebSite","@id":"https:\/\/effectus.com.hr\/#website","url":"https:\/\/effectus.com.hr\/","name":"EFFECTUS veleu\u010dili\u0161te","description":"","potentialAction":[{"@type":"SearchAction","target":{"@type":"EntryPoint","urlTemplate":"https:\/\/effectus.com.hr\/?s={search_term_string}"},"query-input":"required name=search_term_string"}],"inLanguage":"en-US"}]}},"_links":{"self":[{"href":"https:\/\/effectus.com.hr\/en\/wp-json\/wp\/v2\/pages\/260210"}],"collection":[{"href":"https:\/\/effectus.com.hr\/en\/wp-json\/wp\/v2\/pages"}],"about":[{"href":"https:\/\/effectus.com.hr\/en\/wp-json\/wp\/v2\/types\/page"}],"author":[{"embeddable":true,"href":"https:\/\/effectus.com.hr\/en\/wp-json\/wp\/v2\/users\/11"}],"replies":[{"embeddable":true,"href":"https:\/\/effectus.com.hr\/en\/wp-json\/wp\/v2\/comments?post=260210"}],"version-history":[{"count":1,"href":"https:\/\/effectus.com.hr\/en\/wp-json\/wp\/v2\/pages\/260210\/revisions"}],"predecessor-version":[{"id":260211,"href":"https:\/\/effectus.com.hr\/en\/wp-json\/wp\/v2\/pages\/260210\/revisions\/260211"}],"wp:attachment":[{"href":"https:\/\/effectus.com.hr\/en\/wp-json\/wp\/v2\/media?parent=260210"}],"curies":[{"name":"wp","href":"https:\/\/api.w.org\/{rel}","templated":true}]}}